{"id":6922,"date":"2026-04-03T09:12:56","date_gmt":"2026-04-03T09:12:56","guid":{"rendered":"https:\/\/www.pro-vo.at\/?page_id=6922"},"modified":"2026-04-03T15:08:55","modified_gmt":"2026-04-03T15:08:55","slug":"voiceflow-mai-2026","status":"publish","type":"page","link":"https:\/\/www.pro-vo.at\/index.php\/voiceflow-mai-2026\/","title":{"rendered":"VoiceFlow Mai 2026"},"content":{"rendered":"\n<h2 data-wp-context---core-fit-text=\"core\/fit-text::{&quot;fontSize&quot;:&quot;&quot;}\" data-wp-init---core-fit-text=\"core\/fit-text::callbacks.init\" data-wp-interactive data-wp-style--font-size=\"core\/fit-text::context.fontSize\" class=\"wp-block-heading has-fit-text\">VoiceFlow- Stimme erleben!<\/h2>\n\n\n\n<figure class=\"wp-block-image size-large\"><img loading=\"lazy\" decoding=\"async\" width=\"1024\" height=\"683\" src=\"https:\/\/www.pro-vo.at\/wp-content\/uploads\/2026\/04\/Voice-Flow-30.05.2026-1024x683.png\" alt=\"\" class=\"wp-image-6937\" srcset=\"https:\/\/www.pro-vo.at\/wp-content\/uploads\/2026\/04\/Voice-Flow-30.05.2026-1024x683.png 1024w, https:\/\/www.pro-vo.at\/wp-content\/uploads\/2026\/04\/Voice-Flow-30.05.2026-300x200.png 300w, https:\/\/www.pro-vo.at\/wp-content\/uploads\/2026\/04\/Voice-Flow-30.05.2026-150x100.png 150w, https:\/\/www.pro-vo.at\/wp-content\/uploads\/2026\/04\/Voice-Flow-30.05.2026-768x512.png 768w, https:\/\/www.pro-vo.at\/wp-content\/uploads\/2026\/04\/Voice-Flow-30.05.2026-272x182.png 272w, https:\/\/www.pro-vo.at\/wp-content\/uploads\/2026\/04\/Voice-Flow-30.05.2026.png 1536w\" sizes=\"auto, (max-width: 1024px) 100vw, 1024px\" \/><\/figure>\n\n\n\n<p>Entdecke, was deine Stimme alles kann!<br>Nach dem gelungenen Workshop im Februar wird VOICE FLOW im Mai erneut angeboten.<\/p>\n\n\n\n<p>Vier Stunden lang dreht sich alles um unsere Stimme:<br>Atmung, Klang, Resonanz, Rhythmus \u2013 und vor allem ums Ausprobieren.<br>Wir experimentieren mit stimmlichen Kl\u00e4ngen, erzeugen Rhythmus nur mit der Stimme, entdecken Resonanzr\u00e4ume und erfahren, wie Atem und K\u00f6rper unseren Klang beeinflussen.<br>Der Workshop ist interaktiv und humorvoll: Die Teilnehmenden machen aktiv mit, probieren Neues aus und erleben ihre Stimme aus verschiedenen Perspektiven.<\/p>\n\n\n\n<p><strong>Inhalte<\/strong><br>\u2022 Atmung<br>\u2022 Stimme &amp; Stimmpflege<br>\u2022 Gesangsstimme<br>\u2022 Rhythm &amp; Voice<\/p>\n\n\n\n<p>Optional kann \u2013 je nach Gruppengr\u00f6\u00dfe \u2013 auch die pers\u00f6nliche Stimmlage bestimmt werden.<\/p>\n\n\n\n<p>Hier ein paar Einblicke, was Teilnehmende nach dem ersten Workshop gesagt haben:<\/p>\n\n\n\n<blockquote class=\"wp-block-quote is-layout-flow wp-block-quote-is-layout-flow\">\n<p>Ich f\u00fchle mich so leicht und beschwingt und bin unglaublich fr\u00f6hlich!<\/p>\n<\/blockquote>\n\n\n\n<blockquote class=\"wp-block-quote is-layout-flow wp-block-quote-is-layout-flow\">\n<p>Ich bin \u00fcberrascht, was alles mit der Stimme m\u00f6glich ist.<\/p>\n<\/blockquote>\n\n\n\n<blockquote class=\"wp-block-quote is-layout-flow wp-block-quote-is-layout-flow\">\n<p>Es war super interessant zu erfahren, welche Stimmlage ich habe.<\/p>\n<\/blockquote>\n\n\n\n<blockquote class=\"wp-block-quote is-layout-flow wp-block-quote-is-layout-flow\">\n<p>Hat das Spa\u00df gemacht!<\/p>\n<\/blockquote>\n\n\n\n<p>F\u00fcr alle ab etwa 12 Jahren.<br>Musikalische Vorerfahrung ist willkommen, aber nicht zwingend.<br><\/p>\n\n\n\n<p>Termin:<br>Samstag, 30. Mai 2026<br>10:00 \u2013 14:00 Uhr<br><\/p>\n\n\n\n<p>Teilnahmegeb\u00fchr EUR 50,-<\/p>\n\n\n\n<p>Bitte f\u00fclle dieses Formular aus um dich anzumelden:<br><\/p>\n\n\n\t\t\t<div class=\"srfm-form-container srfm-form-container-6839 srfm-form-container-6839-48e1484d srfm-bg-color\">\n\t\t\t<style>\n\t\t\t\t\/* Need to check and remove the input variables related to the Style Tab. *\/\n\t\t\t\t.srfm-form-container-6839-48e1484d {\n\t\t\t\t\t\/* New test variables *\/\n\t\t\t\t\t--srfm-color-scheme-primary: #111C44;\n\t\t\t\t\t--srfm-color-scheme-text-on-primary: #FFFFFF;\n\t\t\t\t\t--srfm-color-scheme-text: #1E1E1E;\n\t\t\t\t\t--srfm-quill-editor-color: #111C44;\n\n\t\t\t\t\t--srfm-color-input-label: #1E1E1E;\n\t\t\t\t\t--srfm-color-input-description: hsl( from #1E1E1E h s l \/ 0.65 );\n\t\t\t\t\t--srfm-color-input-placeholder: hsl( from #1E1E1E h s l \/ 0.5 );\n\t\t\t\t\t--srfm-color-input-text: #1E1E1E;\n\t\t\t\t\t--srfm-color-input-prefix: hsl( from #1E1E1E h s l \/ 0.65 );\n\t\t\t\t\t--srfm-color-input-background: hsl( from #1E1E1E h s l \/ 0.02 );\n\t\t\t\t\t--srfm-color-input-background-hover: hsl( from #1E1E1E h s l \/ 0.05 );\n\t\t\t\t\t--srfm-color-input-background-disabled: hsl( from #1E1E1E h s l \/ 0.07 );\n\t\t\t\t\t--srfm-color-input-border: hsl( from #1E1E1E h s l \/ 0.25 );\n\t\t\t\t\t--srfm-color-input-border-disabled: hsl( from #1E1E1E h s l \/ 0.15 );\n\t\t\t\t\t--srfm-color-multi-choice-svg: hsl( from #1E1E1E h s l \/ 0.7 );\n\t\t\t\t\t--srfm-color-input-border-hover: hsl( from #111C44 h s l \/ 0.65 );\n\t\t\t\t\t--srfm-color-input-border-focus-glow: hsl( from #111C44 h s l \/ 0.15 );\n\t\t\t\t\t--srfm-color-input-selected: hsl( from #111C44 h s l \/ 0.1 );\n\t\t\t\t\t--srfm-btn-color-hover: hsl( from #111C44 h s l \/ 0.9 );\n\t\t\t\t\t--srfm-btn-color-disabled: hsl( from #111C44 h s l \/ 0.25 );\n\n\t\t\t\t\t\/* Dropdown Variables *\/\n\t\t\t\t\t--srfm-dropdown-input-background-hover: hsl( from #1E1E1E h s l \/ 0.05 );\n\t\t\t\t\t--srfm-dropdown-option-background-hover: hsl( from #1E1E1E h s l \/ 0.10 );\n\t\t\t\t\t--srfm-dropdown-option-background-selected: hsl( from #1E1E1E h s l \/ 0.05 );\n\t\t\t\t\t--srfm-dropdown-option-selected-icon: hsl( from #1E1E1E h s l \/ 0.65 );\n\t\t\t\t\t--srfm-dropdown-option-text-color: hsl( from #1E1E1E h s l \/ 0.80 );\n\t\t\t\t\t--srfm-dropdown-option-selected-text: #1E1E1E;\n\t\t\t\t\t--srfm-dropdown-badge-background: hsl( from #1E1E1E h s l \/ 0.05 );\n\t\t\t\t\t--srfm-dropdown-badge-background-hover: hsl( from #1E1E1E h s l \/ 0.10 );\n\t\t\t\t\t--srfm-dropdown-menu-border-color: hsl( from #1E1E1E h s l \/ 0.10 );\n\t\t\t\t\t--srfm-dropdown-placeholder-color: hsl( from #1E1E1E h s l \/ 0.50 );\n\t\t\t\t\t--srfm-dropdown-icon-color: hsl( from #1E1E1E h s l \/ 0.65 );\n\t\t\t\t\t--srfm-dropdown-icon-disabled: hsl( from #1E1E1E h s l \/ 0.25 );\n\n\t\t\t\t\t\/* Background Control Variables *\/\n\t\t\t\t\t--srfm-instant-form-padding-top: 32px;--srfm-instant-form-padding-right: 32px;--srfm-instant-form-padding-bottom: 32px;--srfm-instant-form-padding-left: 32px;--srfm-instant-form-border-radius-top: 12px;--srfm-instant-form-border-radius-right: 12px;--srfm-instant-form-border-radius-bottom: 12px;--srfm-instant-form-border-radius-left: 12px;--srfm-form-padding-top: 0px;--srfm-form-padding-right: 0px;--srfm-form-padding-bottom: 0px;--srfm-form-padding-left: 0px;--srfm-form-border-radius-top: 0px;--srfm-form-border-radius-right: 0px;--srfm-form-border-radius-bottom: 0px;--srfm-form-border-radius-left: 0px;--srfm-bg-color: #ffffff;--srfm-bg-overlay-opacity: 1;\t\t\t\t\t--srfm-row-gap-between-blocks: 18px;--srfm-address-label-font-size: 16px;--srfm-address-label-line-height: 24px;--srfm-address-description-font-size: 14px;--srfm-address-description-line-height: 20px;--srfm-col-gap-between-fields: 16px;--srfm-row-gap-between-fields: 16px;--srfm-gap-below-address-label: 14px;--srfm-dropdown-font-size: 14px;--srfm-dropdown-gap-between-input-menu: 4px;--srfm-dropdown-badge-padding: 2px 6px;--srfm-dropdown-multiselect-font-size: 12px;--srfm-dropdown-multiselect-line-height: 16px;--srfm-dropdown-padding-right: 12px;--srfm-dropdown-padding-right-icon: calc( var( --srfm-dropdown-padding-right ) + 20px );--srfm-dropdown-multiselect-padding: 8px var( --srfm-dropdown-padding-right-icon ) 8px 8px;--srfm-input-height: 44px;--srfm-input-field-padding: 10px 12px;--srfm-input-field-font-size: 16px;--srfm-input-field-line-height: 24px;--srfm-input-field-margin-top: 6px;--srfm-input-field-margin-bottom: 6px;--srfm-checkbox-label-font-size: 16px;--srfm-checkbox-label-line-height: 24px;--srfm-checkbox-description-font-size: 14px;--srfm-checkbox-description-line-height: 20px;--srfm-check-ctn-width: 16px;--srfm-check-ctn-height: 16px;--srfm-check-svg-size: 10px;--srfm-checkbox-margin-top-frontend: 4px;--srfm-checkbox-margin-top-editor: 6px;--srfm-check-gap: 8px;--srfm-checkbox-description-margin-left: 24px;--srfm-flag-section-padding: 10px 0 10px 12px;--srfm-gap-between-icon-text: 8px;--srfm-label-font-size: 16px;--srfm-label-line-height: 24px;--srfm-description-font-size: 14px;--srfm-description-line-height: 20px;--srfm-btn-padding: 10px 14px;--srfm-btn-font-size: 16px;--srfm-btn-line-height: 24px;--srfm-multi-choice-horizontal-padding: 20px;--srfm-multi-choice-vertical-padding: 20px;--srfm-multi-choice-internal-option-gap: 8px;--srfm-multi-choice-vertical-svg-size: 40px;--srfm-multi-choice-horizontal-image-size: 24px;--srfm-multi-choice-vertical-image-size: 120px;--srfm-multi-choice-outer-padding: 2px;\t\t\t\t}\n\t\t\t<\/style>\n\t\t\t\t\t\t\t<form method=\"post\" enctype=\"multipart\/form-data\" id=\"srfm-form-6839\" class=\"srfm-form \"\n\t\t\t\tform-id=\"6839\" after-submission=\"hide form\" message-type=\"same page\" success-url=\"\" ajaxurl=\"https:\/\/www.pro-vo.at\/wp-admin\/admin-ajax.php\" data-submit-token=\"f5c82f88af76d652f2aa4b6af031f77914b2bc956947930cbbb66f50a283d5ac\"\n\t\t\t\t>\n\t\t\t\t\n\t\t\t\t<input type=\"hidden\" value=\"6839\" name=\"form-id\">\n\t\t\t\t<input type=\"hidden\" value=\"\" name=\"srfm-sender-email-field\" id=\"srfm-sender-email\">\n\t\t\t\t<input type=\"hidden\" value=\"\" id=\"srfm-page-break\">\n\t\t\t\t\t\t<p id=\"srfm-error-message\" class=\"srfm-common-error-message srfm-error-message srfm-head-error\" hidden>\t\t<span class=\"srfm-icon\" aria-hidden=\"true\">\n\t\t\t<svg xmlns='http:\/\/www.w3.org\/2000\/svg' width='20' height='20' fill='none'><path d='M9.99935 18.3327C14.6017 18.3327 18.3327 14.6017 18.3327 9.99935C18.3327 5.39698 14.6017 1.66602 9.99935 1.66602C5.39698 1.66602 1.66602 5.39698 1.66602 9.99935C1.66602 14.6017 5.39698 18.3327 9.99935 18.3327Z' stroke='currentColor' stroke-width='1.5' stroke-linecap='round' stroke-linejoin='round' \/><path d='M10 6.66602V9.99935' stroke='currentColor' stroke-width='1.5' stroke-linecap='round' stroke-linejoin='round' \/><path d='M10 13.334H10.0083' stroke='currentColor' stroke-width='1.5' stroke-linecap='round' stroke-linejoin='round' \/><\/svg>\t\t<\/span>\n\t\t<span class=\"srfm-error-content\">Beim Absenden Ihres Formulars ist ein Fehler aufgetreten. Bitte versuchen Sie es erneut.<\/span><\/p>\n\t\t\t\t\t<div data-block-id=\"c499362a\" class=\"srfm-block-single srfm-block srfm-input-block srf-input-c499362a-block  srfm-block-width-100 srfm-slug-vorname 6839\" >\n\t\t\t\t\t\t\t\t<label id=\"srfm-label-c499362a-lbl-Vm9ybmFtZQ\" for=\"srfm-input-c499362a-lbl-Vm9ybmFtZQ\" class=\"srfm-block-label\">\n\t\t\t\t\t\tVorname\t\t\t\t\t\t\t\t\t\t\t\t\t<span class=\"srfm-required\" aria-hidden=\"true\"> *<\/span>\n\t\t\t\t\t\t\t\t\t\t\t<\/label>\n\t\t\t\t\t\t\t\t\t\t\t\t\t<div class=\"srfm-description\" id=\"srfm-description-c499362a\">\n\t\t\t\t\t\tBitte gib deinen Vornamen ein.\t\t\t\t\t<\/div>\n\t\t\t\t\t\t\t\t\t<div class=\"srfm-block-wrap\">\n\t\t\t\t<input class=\"srfm-input-common srfm-input-input\" type=\"text\" name=\"srfm-input-c499362a-lbl-Vm9ybmFtZQ-vorname\" id=\"srfm-input-c499362a-lbl-Vm9ybmFtZQ\"\n\t\t\t\t\taria-describedby='srfm-error-c499362a srfm-description-c499362a'\t\t\t\t\tdata-required=\"true\" aria-required=\"true\" data-unique=\"false\" maxlength=\"100\" value=\"\"  data-srfm-mask=\"none\"   \/>\n\t\t\t\t<\/div>\n\t\t\t\t<div class=\"srfm-error-wrap\">\n\t\t\t\t\t\t\t\t\t\t<div class=\"srfm-error-message\" data-srfm-id=\"srfm-error-c499362a\" data-error-msg=\"Dieses Feld ist erforderlich.\" data-unique-msg=\"Der Wert muss einzigartig sein.\">\n\t\t\t\t\t\tDieses Feld ist erforderlich.\t\t\t\t\t<\/div>\n\t\t\t\t\t\t\t\t\t<\/div>\n\t\t\t<\/div>\n\t\t\n\n\t\t\t<div data-block-id=\"82b20169\" class=\"srfm-block-single srfm-block srfm-input-block srf-input-82b20169-block  srfm-block-width-100 srfm-slug-nachname 6839\" >\n\t\t\t\t\t\t\t\t<label id=\"srfm-label-82b20169-lbl-TmFjaG5hbWU\" for=\"srfm-input-82b20169-lbl-TmFjaG5hbWU\" class=\"srfm-block-label\">\n\t\t\t\t\t\tNachname\t\t\t\t\t\t\t\t\t\t\t\t\t<span class=\"srfm-required\" aria-hidden=\"true\"> *<\/span>\n\t\t\t\t\t\t\t\t\t\t\t<\/label>\n\t\t\t\t\t\t\t\t\t\t\t\t\t<div class=\"srfm-description\" id=\"srfm-description-82b20169\">\n\t\t\t\t\t\tBitte gib deinen Nachnamen ein.\t\t\t\t\t<\/div>\n\t\t\t\t\t\t\t\t\t<div class=\"srfm-block-wrap\">\n\t\t\t\t<input class=\"srfm-input-common srfm-input-input\" type=\"text\" name=\"srfm-input-82b20169-lbl-TmFjaG5hbWU-nachname\" id=\"srfm-input-82b20169-lbl-TmFjaG5hbWU\"\n\t\t\t\t\taria-describedby='srfm-error-82b20169 srfm-description-82b20169'\t\t\t\t\tdata-required=\"true\" aria-required=\"true\" data-unique=\"false\" maxlength=\"100\" value=\"\"  data-srfm-mask=\"none\"   \/>\n\t\t\t\t<\/div>\n\t\t\t\t<div class=\"srfm-error-wrap\">\n\t\t\t\t\t\t\t\t\t\t<div class=\"srfm-error-message\" data-srfm-id=\"srfm-error-82b20169\" data-error-msg=\"Dieses Feld ist erforderlich.\" data-unique-msg=\"Der Wert muss einzigartig sein.\">\n\t\t\t\t\t\tDieses Feld ist erforderlich.\t\t\t\t\t<\/div>\n\t\t\t\t\t\t\t\t\t<\/div>\n\t\t\t<\/div>\n\t\t\n\n\t\t\t<div data-block-id=\"50a2bed0\" class=\"srfm-block-single srfm-block srfm-email-block srf-email-50a2bed0-block  srfm-block-width-100 srfm-slug-e-mail-adresse 6839 srfm-email-block-wrap\">\n\t\t\t\t<div class=\"srfm-email-block srf-email-50a2bed0-block\">\n\t\t\t\t\t\t\t\t\t\t<label id=\"srfm-label-50a2bed0-lbl-RS1NYWlsIEFkcmVzc2U\" for=\"srfm-email-50a2bed0-lbl-RS1NYWlsIEFkcmVzc2U\" class=\"srfm-block-label\">\n\t\t\t\t\t\tE-Mail Adresse\t\t\t\t\t\t\t\t\t\t\t\t\t<span class=\"srfm-required\" aria-hidden=\"true\"> *<\/span>\n\t\t\t\t\t\t\t\t\t\t\t<\/label>\n\t\t\t\t\t\t\t\t\t\t\t\t\t\t\t<div class=\"srfm-description\" id=\"srfm-description-50a2bed0\">\n\t\t\t\t\t\tBitte gib deine g\u00fcltige E-Mail-Adresse ein.\t\t\t\t\t<\/div>\n\t\t\t\t\t\t\t\t\t\t<div class=\"srfm-block-wrap\">\n\t\t\t\t\t\t<input class=\"srfm-input-common srfm-input-email\" type=\"email\" name=\"srfm-email-50a2bed0-lbl-RS1NYWlsIEFkcmVzc2U-e-mail-adresse\" id=\"srfm-email-50a2bed0-lbl-RS1NYWlsIEFkcmVzc2U\"\n\t\t\t\t\t\taria-describedby='srfm-error-50a2bed0 srfm-description-50a2bed0'\t\t\t\t\t\tdata-required=\"true\" aria-required=\"true\" data-unique=\"false\" value=\"\"   \/>\n\t\t\t\t\t<\/div>\n\t\t\t\t\t<div class=\"srfm-error-wrap\">\n\t\t\t\t\t\t\t\t\t\t\t<div class=\"srfm-error-message\" data-srfm-id=\"srfm-error-50a2bed0\" data-error-msg=\"Dieses Feld ist erforderlich.\" data-unique-msg=\"Der Wert muss einzigartig sein.\">\n\t\t\t\t\t\tDieses Feld ist erforderlich.\t\t\t\t\t<\/div>\n\t\t\t\t\t\t\t\t\t\t<\/div>\n\t\t\t\t<\/div>\n\t\t\t\t\t\t\t<\/div>\n\t\t\n\n\t\t<div data-block-id=\"992ee55d\" class=\"srfm-block-single srfm-block srfm-phone-block srf-phone-992ee55d-block srfm-block-width-100 6839\">\n\t\t\t\t\t\t\t\t<label id=\"srfm-label-992ee55d-lbl-VGVsZWZvbm51bW1lcg\" for=\"srfm-phone-992ee55d-lbl-VGVsZWZvbm51bW1lcg\" class=\"srfm-block-label\">\n\t\t\t\t\t\tTelefonnummer\t\t\t\t\t\t\t\t\t\t\t<\/label>\n\t\t\t\t\t\t\t\t\t\t\t\t\t<div class=\"srfm-description\" id=\"srfm-description-992ee55d\">\n\t\t\t\t\t\tOptional: Gib deine Telefonnummer ein.\t\t\t\t\t<\/div>\n\t\t\t\t\t\t\t\t<div class=\"srfm-block-wrap\">\n\t\t\t\t<input type=\"tel\"\n\t\t\t\t\tclass=\"srfm-input-common srfm-input-phone\"\n\t\t\t\t\tname=\"srfm-phone-992ee55d-lbl-VGVsZWZvbm51bW1lcg-telefonnummer\"\n\t\t\t\t\tid=\"srfm-phone-992ee55d-lbl-VGVsZWZvbm51bW1lcg\"\n\t\t\t\t\taria-describedby='srfm-error-992ee55d srfm-description-992ee55d'\t\t\t\t\tdata-required=\"false\"\n\t\t\t\t\taria-required=\"false\"\n\t\t\t\t\tdefault-country=\"us\"\n\t\t\t\t\t\t\t\t\t\tvalue=\"\"\n\t\t\t\t\t\t\t\t\t\tdata-unique=\"false\">\n\t\t\t<\/div>\n\t\t\t<div class=\"srfm-error-wrap\">\n\t\t\t\t\t\t\t\t\t<div class=\"srfm-error-message\" data-srfm-id=\"srfm-error-992ee55d\" data-error-msg=\"Dieses Feld ist erforderlich.\" data-unique-msg=\"Der Wert muss einzigartig sein.\">\n\t\t\t\t\t\tDieses Feld ist erforderlich.\t\t\t\t\t<\/div>\n\t\t\t\t\t\t\t\t<\/div>\n\t\t<\/div>\n\t\t\n\n\t\t<div data-block-id=\"099c75df\" class=\"srfm-block-single srfm-block srfm-textarea-block srf-textarea-099c75df-block  srfm-block-width-100 6839\">\n\t\t\t\t\t\t\t\t<label id=\"srfm-label-099c75df-lbl-QmVtZXJrdW5nZW4-6377\" for=\"srfm-textarea-099c75df-lbl-QmVtZXJrdW5nZW4-6377\" class=\"srfm-block-label\">\n\t\t\t\t\t\tBemerkungen\t\t\t\t\t\t\t\t\t\t\t<\/label>\n\t\t\t\t\t\t\t\t\t\t\t\t\t<div class=\"srfm-description\" id=\"srfm-description-099c75df\">\n\t\t\t\t\t\tHast du besondere Anmerkungen oder W\u00fcnsche?\t\t\t\t\t<\/div>\n\t\t\t\t\t\t\t\t<div class=\"srfm-block-wrap\">\n\t\t\t\t<textarea\n\t\t\t\t\tclass=\"srfm-input-common srfm-input-textarea\"\n\t\t\t\t\tname=\"srfm-textarea-099c75df-lbl-QmVtZXJrdW5nZW4-bemerkungen\"\n\t\t\t\t\tid=\"srfm-textarea-099c75df-lbl-QmVtZXJrdW5nZW4-6377\"\n\t\t\t\t\taria-describedby='srfm-error-099c75df srfm-description-099c75df'\t\t\t\t\tdata-required=\"false\" aria-required=\"false\"  rows=\"4\"  \t\t\t\t\t\t\t\t\t\t\t\t\t\t\t><\/textarea>\n\t\t\t\t\t\t\t<\/div>\n\t\t\t<div class=\"srfm-error-wrap\">\n\t\t\t\t\t\t\t<\/div>\n\t\t<\/div>\n\n\t\t\n\n\t\t\t<div data-block-id=\"70d3fb7d\" class=\"srfm-block-single srfm-block srfm-checkbox-block srf-checkbox-70d3fb7d-block srfm-block-width-100 6839\">\n\t\t\t\t<div class=\"srfm-block-wrap\">\n\t\t\t\t\t<input class=\"srfm-input-common screen-reader-text srfm-input-checkbox\" id=\"srfm-checkbox-1104992454\"\n\t\t\t\t\t\taria-describedby='srfm-error-70d3fb7d'\t\t\t\t\tname=\"srfm-checkbox-70d3fb7d-lbl-SGllcm1pdCBtZWxkZSBpY2ggbWljaCB2ZXJiaW5kbGljaCBmw7xyIGRlbiBXb3Jrc2hvcCBhbSAzMC4gTWFpIDIwMjYgYW4-checkbox\" data-required=\"true\" aria-required=\"true\" type=\"checkbox\" \/>\n\t\t\t\t\t<label class=\"srfm-cbx\" for=\"srfm-checkbox-1104992454\">\n\t\t\t\t\t\t<span class=\"srfm-span-wrap\">\n\t\t\t\t\t\t\t<svg class=\"srfm-check-icon\" width=\"12px\" height=\"10px\" aria-hidden=\"true\">\n\t\t\t\t\t\t\t\t<use xlink:href=\"#srfm-checkbox-70d3fb7d-check\"><\/use>\n\t\t\t\t\t\t\t<\/svg>\n\t\t\t\t\t\t<\/span>\n\t\t\t\t\t\t<span class=\"srfm-span-wrap srfm-block-label\">Hiermit melde ich mich verbindlich f\u00fcr den Workshop am 30. Mai 2026 an\t\t\t\t\t\t\t\t\t\t\t\t\t<span class=\"srfm-required\" aria-hidden=\"true\"> *<\/span>\n\t\t\t\t\t\t\t\t\t\t\t\t<\/span>\n\t\t\t\t\t<\/label>\n\t\t\t\t\t<svg class=\"srfm-inline-svg\" aria-hidden=\"true\">\n\t\t\t\t\t\t<symbol id=\"srfm-checkbox-70d3fb7d-check\" viewbox=\"0 0 12 10\">\n\t\t\t\t\t\t<polyline points=\"1.5 6 4.5 9 10.5 1\"><\/polyline>\n\t\t\t\t\t\t<\/symbol>\n\t\t\t\t\t<\/svg>\n\t\t\t\t<\/div>\n\t\t\t\t\t\t\t\t<div class=\"srfm-error-wrap\">\n\t\t\t\t\t\t\t\t\t\t<div class=\"srfm-error-message\" data-srfm-id=\"srfm-error-70d3fb7d\" data-error-msg=\"Dieses Feld ist erforderlich.\">\n\t\t\t\t\t\tDieses Feld ist erforderlich.\t\t\t\t\t<\/div>\n\t\t\t\t\t\t\t\t\t<\/div>\n\t\t\t<\/div>\n\t\t\t\t\t\t\t\n\t\t\t\t\t\n\t\t\t\t\t<div class=\"srfm-submit-container \" style=\"\">\n\t\t\t\t\t\t<div style=\"width: ; text-align: left\" class=\"wp-block-button\">\n\t\t\t\t\t\t\t\t\t\t\t\t\t\t\t\t\t\t\t<button style=\"\" id=\"srfm-submit-btn\" class=\"srfm-btn-frontend srfm-button srfm-submit-button\"\n\t\t\t\t\t\t\t\t\t\t\t\t\t\t>\n\t\t\t\t\t\t\t\t<div class=\"srfm-submit-wrap\">\n\t\t\t\t\t\t\t\t\tAbschicken\t\t\t\t\t\t\t\t<div class=\"srfm-loader\"><\/div>\n\t\t\t\t\t\t\t\t<\/div>\n\t\t\t\t\t\t\t<\/button>\n\t\t\t\t\t\t\t\t\t\t\t\t\t\t\t\t\t\t<\/div>\n\t\t\t\t\t<\/div>\n\t\t\t\t\t\t\t<p id=\"srfm-error-message\" class=\"srfm-common-error-message srfm-error-message srfm-footer-error\" hidden>\t\t<span class=\"srfm-icon\" aria-hidden=\"true\">\n\t\t\t<svg xmlns='http:\/\/www.w3.org\/2000\/svg' width='20' height='20' fill='none'><path d='M9.99935 18.3327C14.6017 18.3327 18.3327 14.6017 18.3327 9.99935C18.3327 5.39698 14.6017 1.66602 9.99935 1.66602C5.39698 1.66602 1.66602 5.39698 1.66602 9.99935C1.66602 14.6017 5.39698 18.3327 9.99935 18.3327Z' stroke='currentColor' stroke-width='1.5' stroke-linecap='round' stroke-linejoin='round' \/><path d='M10 6.66602V9.99935' stroke='currentColor' stroke-width='1.5' stroke-linecap='round' stroke-linejoin='round' \/><path d='M10 13.334H10.0083' stroke='currentColor' stroke-width='1.5' stroke-linecap='round' stroke-linejoin='round' \/><\/svg>\t\t<\/span>\n\t\t<span class=\"srfm-error-content\">Beim Absenden Ihres Formulars ist ein Fehler aufgetreten. Bitte versuchen Sie es erneut.<\/span><\/p>\n\t\t\t\t\t<\/form>\n\t\t\t<div class=\"srfm-single-form srfm-success-box in-page\">\n\t\t\t\t<div aria-live=\"polite\" aria-atomic=\"true\" role=\"alert\" id=\"srfm-success-message-page-6839\" class=\"srfm-success-box-description\"><\/div>\n\t\t\t<\/div>\n\t\t\t\t\t\t<\/div>\n\t\t\n\n\n<blockquote class=\"wp-block-quote is-layout-flow wp-block-quote-is-layout-flow\">\n<p><\/p>\n<\/blockquote>\n\n\n\n<p><\/p>\n","protected":false},"excerpt":{"rendered":"<p>VoiceFlow- Stimme erleben! Entdecke, was deine Stimme alles kann!Nach dem gelungenen Workshop im Februar wird VOICE FLOW im Mai erneut angeboten. Vier Stunden lang dreht sich alles um unsere Stimme:Atmung, Klang, Resonanz, Rhythmus \u2013 und vor allem ums Ausprobieren.Wir experimentieren mit stimmlichen Kl\u00e4ngen, erzeugen Rhythmus nur mit der Stimme, entdecken Resonanzr\u00e4ume und erfahren, wie Atem &#8230; <a title=\"VoiceFlow Mai 2026\" class=\"read-more\" href=\"https:\/\/www.pro-vo.at\/index.php\/voiceflow-mai-2026\/\" aria-label=\"Mehr Informationen \u00fcber VoiceFlow Mai 2026\">Weiterlesen<\/a><\/p>\n","protected":false},"author":1,"featured_media":0,"parent":0,"menu_order":0,"comment_status":"closed","ping_status":"closed","template":"","meta":{"footnotes":""},"class_list":["post-6922","page","type-page","status-publish"],"_links":{"self":[{"href":"https:\/\/www.pro-vo.at\/index.php\/wp-json\/wp\/v2\/pages\/6922","targetHints":{"allow":["GET"]}}],"collection":[{"href":"https:\/\/www.pro-vo.at\/index.php\/wp-json\/wp\/v2\/pages"}],"about":[{"href":"https:\/\/www.pro-vo.at\/index.php\/wp-json\/wp\/v2\/types\/page"}],"author":[{"embeddable":true,"href":"https:\/\/www.pro-vo.at\/index.php\/wp-json\/wp\/v2\/users\/1"}],"replies":[{"embeddable":true,"href":"https:\/\/www.pro-vo.at\/index.php\/wp-json\/wp\/v2\/comments?post=6922"}],"version-history":[{"count":11,"href":"https:\/\/www.pro-vo.at\/index.php\/wp-json\/wp\/v2\/pages\/6922\/revisions"}],"predecessor-version":[{"id":6942,"href":"https:\/\/www.pro-vo.at\/index.php\/wp-json\/wp\/v2\/pages\/6922\/revisions\/6942"}],"wp:attachment":[{"href":"https:\/\/www.pro-vo.at\/index.php\/wp-json\/wp\/v2\/media?parent=6922"}],"curies":[{"name":"wp","href":"https:\/\/api.w.org\/{rel}","templated":true}]}}