{"id":673,"date":"2017-07-24T10:36:29","date_gmt":"2017-07-24T10:36:29","guid":{"rendered":"http:\/\/www.pro-vo.at\/?page_id=673"},"modified":"2018-10-21T18:51:40","modified_gmt":"2018-10-21T18:51:40","slug":"christian-martinek","status":"publish","type":"page","link":"https:\/\/www.pro-vo.at\/index.php\/lehrer\/christian-martinek\/","title":{"rendered":"christian martinek"},"content":{"rendered":"<h1>Christian Martinek<\/h1>\n<p><a href=\"http:\/\/www.pro-vo.at\/wp-content\/uploads\/2018\/09\/2018-Foto-Christian.jpg\" data-rel=\"lightbox-gallery-oWLOfg9U\" data-rl_title=\"\" data-rl_caption=\"\" title=\"\"><img loading=\"lazy\" decoding=\"async\" class=\"alignnone size-thumbnail wp-image-4316\" src=\"http:\/\/www.pro-vo.at\/wp-content\/uploads\/2018\/09\/2018-Foto-Christian-150x150.jpg\" alt=\"\" width=\"150\" height=\"150\" \/><\/a><\/p>\n<p>Percussion, Klavier<\/p>\n<p>&nbsp;<\/p>\n<p>Studium der venezolanischen Folklore anhand der viersaitigen Cuatro.<br \/>\nJazz Klavier am Prayner Konservatorium<br \/>\nUnterricht bei Perkussionisten<br \/>\naus Venezuela , Kuba und der Dominikanischen Republik<\/p>\n<p><strong>Congas<\/strong><br \/>\n<iframe loading=\"lazy\" src=\"https:\/\/www.youtube.com\/embed\/1WVSR4fyK38\" width=\"560\" height=\"315\" frameborder=\"0\" allowfullscreen=\"allowfullscreen\"><\/iframe><\/p>\n<p><strong>Timbales<\/strong><br \/>\n<iframe loading=\"lazy\" src=\"https:\/\/www.youtube.com\/embed\/V5rsq1zmzbg\" width=\"560\" height=\"315\" frameborder=\"0\" allowfullscreen=\"allowfullscreen\"><\/iframe><\/p>\n<p><strong>Cuatro venezolano<\/strong><br \/>\n<iframe loading=\"lazy\" src=\"https:\/\/www.youtube.com\/embed\/GpyjXy1O670\" width=\"560\" height=\"315\" frameborder=\"0\" allowfullscreen=\"allowfullscreen\"><\/iframe><\/p>\n<p><strong>Bongos<\/strong><\/p>\n<p><strong>Bat\u00e1<\/strong> (in den Sanmera-Videos enthalten)<\/p>\n<p><strong>Bass<\/strong><br \/>\n<a href=\"https:\/\/myspace.com\/quetalraza\">Myspace Bass<\/a><\/p>\n<p><strong>Klavier<\/strong><br \/>\n<iframe loading=\"lazy\" src=\"https:\/\/www.youtube.com\/embed\/ypndK-O-qBk\" width=\"560\" height=\"315\" frameborder=\"0\" allowfullscreen=\"allowfullscreen\"><\/iframe><\/p>\n<p><strong>weitere Instrumente:<\/strong><\/p>\n<ul>\n<li>Tambora dominicana<\/li>\n<li>Tambora de gaita<\/li>\n<li>Maracas<\/li>\n<li>Caj\u00f3n peruano<\/li>\n<li>Caj\u00f3n cubano<\/li>\n<li>Bombo andino<\/li>\n<li>sowie verschiedene lateinamerikanische Small Percussions<\/li>\n<\/ul>\n<p>Rhythmen aus Venezuela, Kolumbien, Kuba, Puerto Rico, Dominikanische Republik, Haiti, Uruguay, Brasilien, Per\u00fa, Argentinien usw&#8230;<\/p>\n<p><strong>Auftritte mit :<\/strong><br \/>\nBrasilianische Musik mit Celia Mara ( Keyboard )<br \/>\nFunk mit Hot pants Road Club ( Percussion )<br \/>\nAfrikanische Musik mit Achille Acakpo [ Benin ] ( Percussion )<\/p>\n<p>Mitglied der afrokubanischen Gruppe &#8222;Amal\u00e1&#8220;, wo auch die Bat\u00e1 &#8211; Trommeln eingesetzt wurden.<\/p>\n<p>Christian Martinek wird oft als Leiter von Workshops engagiert, wo er venezolanische, kubanische und karibische Musikstile erl\u00e4utert.<br \/>\nEinige dieser Workshops haben am Konservatorium der Stadt Wien und der Musikhochschule Wien stattgefunden.<\/p>\n<p>Arrangements (F\u00fcr 2-6 Bl\u00e4ser, Rhythm section, inkl. Reharmonisation) f\u00fcr Salsa-, Merengue- und Latin Jazz Bands.<\/p>\n","protected":false},"excerpt":{"rendered":"<p>Christian Martinek Percussion, Klavier &nbsp; Studium der venezolanischen Folklore anhand der viersaitigen Cuatro. Jazz Klavier am Prayner Konservatorium Unterricht bei Perkussionisten aus Venezuela , Kuba und der Dominikanischen Republik Congas Timbales Cuatro venezolano Bongos Bat\u00e1 (in den Sanmera-Videos enthalten) Bass Myspace Bass Klavier weitere Instrumente: Tambora dominicana Tambora de gaita Maracas Caj\u00f3n peruano Caj\u00f3n cubano &#8230; <a title=\"christian martinek\" class=\"read-more\" href=\"https:\/\/www.pro-vo.at\/index.php\/lehrer\/christian-martinek\/\" aria-label=\"Mehr Informationen \u00fcber christian martinek\">Weiterlesen<\/a><\/p>\n","protected":false},"author":2,"featured_media":0,"parent":26,"menu_order":18,"comment_status":"closed","ping_status":"closed","template":"","meta":{"footnotes":""},"class_list":["post-673","page","type-page","status-publish"],"_links":{"self":[{"href":"https:\/\/www.pro-vo.at\/index.php\/wp-json\/wp\/v2\/pages\/673","targetHints":{"allow":["GET"]}}],"collection":[{"href":"https:\/\/www.pro-vo.at\/index.php\/wp-json\/wp\/v2\/pages"}],"about":[{"href":"https:\/\/www.pro-vo.at\/index.php\/wp-json\/wp\/v2\/types\/page"}],"author":[{"embeddable":true,"href":"https:\/\/www.pro-vo.at\/index.php\/wp-json\/wp\/v2\/users\/2"}],"replies":[{"embeddable":true,"href":"https:\/\/www.pro-vo.at\/index.php\/wp-json\/wp\/v2\/comments?post=673"}],"version-history":[{"count":8,"href":"https:\/\/www.pro-vo.at\/index.php\/wp-json\/wp\/v2\/pages\/673\/revisions"}],"predecessor-version":[{"id":4390,"href":"https:\/\/www.pro-vo.at\/index.php\/wp-json\/wp\/v2\/pages\/673\/revisions\/4390"}],"up":[{"embeddable":true,"href":"https:\/\/www.pro-vo.at\/index.php\/wp-json\/wp\/v2\/pages\/26"}],"wp:attachment":[{"href":"https:\/\/www.pro-vo.at\/index.php\/wp-json\/wp\/v2\/media?parent=673"}],"curies":[{"name":"wp","href":"https:\/\/api.w.org\/{rel}","templated":true}]}}