{"id":650,"date":"2017-07-24T10:30:33","date_gmt":"2017-07-24T10:30:33","guid":{"rendered":"http:\/\/www.pro-vo.at\/?page_id=650"},"modified":"2025-09-20T17:26:23","modified_gmt":"2025-09-20T17:26:23","slug":"severin-chen","status":"publish","type":"page","link":"https:\/\/www.pro-vo.at\/index.php\/lehrer\/severin-chen\/","title":{"rendered":"severin chen"},"content":{"rendered":"<h1>Severin Chen<\/h1>\n<p><img loading=\"lazy\" decoding=\"async\" class=\"alignnone wp-image-4296 size-thumbnail\" src=\"http:\/\/www.pro-vo.at\/wp-content\/uploads\/2018\/09\/2018-Foto-01-Severin-150x150.jpg\" alt=\"\" width=\"150\" height=\"150\" \/><\/p>\n<p>Klavier<\/p>\n<p>&nbsp;<\/p>\n<p>Severin Chen wurde in Steyr geboren.<br \/>\nMit bereits vier Jahren erhielt er den ersten Klavierunterricht bei Maria Fellner.<br \/>\nUnterricht in der Musikschule Steyr bei Pauline Breirather.<\/p>\n<p>Studium IGP (Instumental- und Gesangsp\u00e4dagogik) mit dem<br \/>\nHauptfach Klavier an der Universit\u00e4t f\u00fcr Musik und darstellende Kunst in Wien<br \/>\nbei Ursula Kneihs und Univ. Prof. Adrian Cox.<\/p>\n<p>Abschluss mit Bakkalaureus artium<br \/>\nin Instrumental- und Gesangsp\u00e4dagogik\u00a0 Klavier mit Schwerpunkt Elementarer Musikp\u00e4dagogik.<\/p>\n<p>Seine musikalischen Interessen am Klavier sind breit gef\u00e4chert und reichen von<br \/>\nKlassik bis Pop, von Blues bis Jazz.<\/p>\n<p>Inhalte des Klavierunterrichts:<\/p>\n<p>o Entspanntes Musizieren am Instrument<br \/>\no Erlernen der &#8222;musikalischen Sprache&#8220; (Erkennen von Form, Spannungsaufbau,..)<br \/>\no Abwechslungsreiche Literatur kennlernen<br \/>\n(von Barock \u00fcber die klassische Moderne bis zu Rock und Jazz)<br \/>\no Einbindung der Methoden des elementaren Musizierens in den Klavierunterricht<\/p>\n<p>Univ. Prof. Adrian Cox:<br \/>\nDer Klavierunterricht als ganzheitlicher Lernprozess.<br \/>\nRhythmus und Improvisation werden als Bausteine<br \/>\nf\u00fcr einen lebendigen Klavierunterricht verwendet,<br \/>\nwobei der Sch\u00fcler stets im Vordergrund steht.<\/p>\n<p>&nbsp;<\/p>\n<p><a href=\"http:\/\/www.pro-vo.at\/index.php\/lehrer\/\">Zur\u00fcck zum Team<\/a><\/p>\n<p>&nbsp;<\/p>\n","protected":false},"excerpt":{"rendered":"<p>Severin Chen Klavier &nbsp; Severin Chen wurde in Steyr geboren. Mit bereits vier Jahren erhielt er den ersten Klavierunterricht bei Maria Fellner. Unterricht in der Musikschule Steyr bei Pauline Breirather. Studium IGP (Instumental- und Gesangsp\u00e4dagogik) mit dem Hauptfach Klavier an der Universit\u00e4t f\u00fcr Musik und darstellende Kunst in Wien bei Ursula Kneihs und Univ. Prof. &#8230; <a title=\"severin chen\" class=\"read-more\" href=\"https:\/\/www.pro-vo.at\/index.php\/lehrer\/severin-chen\/\" aria-label=\"Mehr Informationen \u00fcber severin chen\">Weiterlesen<\/a><\/p>\n","protected":false},"author":2,"featured_media":0,"parent":26,"menu_order":7,"comment_status":"closed","ping_status":"closed","template":"","meta":{"footnotes":""},"class_list":["post-650","page","type-page","status-publish"],"_links":{"self":[{"href":"https:\/\/www.pro-vo.at\/index.php\/wp-json\/wp\/v2\/pages\/650","targetHints":{"allow":["GET"]}}],"collection":[{"href":"https:\/\/www.pro-vo.at\/index.php\/wp-json\/wp\/v2\/pages"}],"about":[{"href":"https:\/\/www.pro-vo.at\/index.php\/wp-json\/wp\/v2\/types\/page"}],"author":[{"embeddable":true,"href":"https:\/\/www.pro-vo.at\/index.php\/wp-json\/wp\/v2\/users\/2"}],"replies":[{"embeddable":true,"href":"https:\/\/www.pro-vo.at\/index.php\/wp-json\/wp\/v2\/comments?post=650"}],"version-history":[{"count":10,"href":"https:\/\/www.pro-vo.at\/index.php\/wp-json\/wp\/v2\/pages\/650\/revisions"}],"predecessor-version":[{"id":6677,"href":"https:\/\/www.pro-vo.at\/index.php\/wp-json\/wp\/v2\/pages\/650\/revisions\/6677"}],"up":[{"embeddable":true,"href":"https:\/\/www.pro-vo.at\/index.php\/wp-json\/wp\/v2\/pages\/26"}],"wp:attachment":[{"href":"https:\/\/www.pro-vo.at\/index.php\/wp-json\/wp\/v2\/media?parent=650"}],"curies":[{"name":"wp","href":"https:\/\/api.w.org\/{rel}","templated":true}]}}