{"id":6402,"date":"2025-12-12T18:45:15","date_gmt":"2025-12-12T18:45:15","guid":{"rendered":"http:\/\/www.pro-vo.at\/?page_id=6402"},"modified":"2025-12-16T19:38:07","modified_gmt":"2025-12-16T19:38:07","slug":"adventkonzert-2025","status":"publish","type":"page","link":"https:\/\/www.pro-vo.at\/index.php\/adventkonzert-2025\/","title":{"rendered":"Adventkonzert 2025"},"content":{"rendered":"\n<p>Unser diesj\u00e4hriges Adventkonzert fand am Freitag, dem 12. Dezember um 15:30 Uhr im Ingrid-Leodolter-Haus statt. Es war das erste Konzert des neuen Vereins pro-vo_aktion und dennoch hat alles sehr gut geklappt. Eine Stunde lang durfte unser Publikum verschiedenen Weihnachtsliedern von Ensembles in unterschiedlicher Besetzung lauschen.<\/p>\n\n\n\n<p>Wie auch in den vergangenen Jahren trafen wir uns anschlie\u00dfend im Hof der pro-vo zum Plaudern, Punsch trinken, vorweihnachtliche Schmankerln naschen\u2026.<\/p>\n\n\n\n<div data-wp-interactive=\"core\/file\" class=\"wp-block-file aligncenter\"><object data-wp-bind--hidden=\"!state.hasPdfPreview\" hidden class=\"wp-block-file__embed\" data=\"https:\/\/www.pro-vo.at\/wp-content\/uploads\/2025\/12\/programm-pro-vo-1212-2025-final.pdf\" type=\"application\/pdf\" style=\"width:100%;height:400px\" aria-label=\"Einbettung von programm-pro-vo-1212-2025-final.\"><\/object><a id=\"wp-block-file--media-3facc2e1-d04a-40f3-ae65-edabf13019da\" href=\"https:\/\/www.pro-vo.at\/wp-content\/uploads\/2025\/12\/programm-pro-vo-1212-2025-final.pdf\">programm-pro-vo-1212-2025-final<\/a><a href=\"https:\/\/www.pro-vo.at\/wp-content\/uploads\/2025\/12\/programm-pro-vo-1212-2025-final.pdf\" class=\"wp-block-file__button wp-element-button\" download aria-describedby=\"wp-block-file--media-3facc2e1-d04a-40f3-ae65-edabf13019da\">Herunterladen<\/a><\/div>\n\n\n\n<div class=\"wp-block-columns is-layout-flex wp-container-core-columns-is-layout-9d6595d7 wp-block-columns-is-layout-flex\">\n<div class=\"wp-block-column is-layout-flow wp-block-column-is-layout-flow\" style=\"flex-basis:100%\">\n<figure class=\"wp-block-gallery has-nested-images columns-default is-cropped wp-block-gallery-1 is-layout-flex wp-block-gallery-is-layout-flex\">\n<figure class=\"wp-block-image size-large\"><img loading=\"lazy\" decoding=\"async\" width=\"1024\" height=\"768\" data-id=\"6750\" src=\"https:\/\/www.pro-vo.at\/wp-content\/uploads\/2025\/12\/1Floeten-mit-Gerald-1-1024x768.jpeg\" alt=\"\" class=\"wp-image-6750\" srcset=\"https:\/\/www.pro-vo.at\/wp-content\/uploads\/2025\/12\/1Floeten-mit-Gerald-1-1024x768.jpeg 1024w, https:\/\/www.pro-vo.at\/wp-content\/uploads\/2025\/12\/1Floeten-mit-Gerald-1-300x225.jpeg 300w, https:\/\/www.pro-vo.at\/wp-content\/uploads\/2025\/12\/1Floeten-mit-Gerald-1-150x113.jpeg 150w, https:\/\/www.pro-vo.at\/wp-content\/uploads\/2025\/12\/1Floeten-mit-Gerald-1-768x576.jpeg 768w, https:\/\/www.pro-vo.at\/wp-content\/uploads\/2025\/12\/1Floeten-mit-Gerald-1-1536x1152.jpeg 1536w, https:\/\/www.pro-vo.at\/wp-content\/uploads\/2025\/12\/1Floeten-mit-Gerald-1.jpeg 2040w\" sizes=\"auto, (max-width: 1024px) 100vw, 1024px\" \/><\/figure>\n\n\n\n<figure class=\"wp-block-image size-large\"><img loading=\"lazy\" decoding=\"async\" width=\"1024\" height=\"768\" data-id=\"6751\" src=\"https:\/\/www.pro-vo.at\/wp-content\/uploads\/2025\/12\/2Floeten-1024x768.jpeg\" alt=\"\" class=\"wp-image-6751\" srcset=\"https:\/\/www.pro-vo.at\/wp-content\/uploads\/2025\/12\/2Floeten-1024x768.jpeg 1024w, https:\/\/www.pro-vo.at\/wp-content\/uploads\/2025\/12\/2Floeten-300x225.jpeg 300w, https:\/\/www.pro-vo.at\/wp-content\/uploads\/2025\/12\/2Floeten-150x113.jpeg 150w, https:\/\/www.pro-vo.at\/wp-content\/uploads\/2025\/12\/2Floeten-768x576.jpeg 768w, https:\/\/www.pro-vo.at\/wp-content\/uploads\/2025\/12\/2Floeten-1536x1152.jpeg 1536w, https:\/\/www.pro-vo.at\/wp-content\/uploads\/2025\/12\/2Floeten.jpeg 2040w\" sizes=\"auto, (max-width: 1024px) 100vw, 1024px\" \/><\/figure>\n\n\n\n<figure class=\"wp-block-image size-large\"><img loading=\"lazy\" decoding=\"async\" width=\"1024\" height=\"768\" data-id=\"6752\" src=\"https:\/\/www.pro-vo.at\/wp-content\/uploads\/2025\/12\/3Katarina1-1024x768.jpeg\" alt=\"\" class=\"wp-image-6752\" srcset=\"https:\/\/www.pro-vo.at\/wp-content\/uploads\/2025\/12\/3Katarina1-1024x768.jpeg 1024w, https:\/\/www.pro-vo.at\/wp-content\/uploads\/2025\/12\/3Katarina1-300x225.jpeg 300w, https:\/\/www.pro-vo.at\/wp-content\/uploads\/2025\/12\/3Katarina1-150x113.jpeg 150w, https:\/\/www.pro-vo.at\/wp-content\/uploads\/2025\/12\/3Katarina1-768x576.jpeg 768w, https:\/\/www.pro-vo.at\/wp-content\/uploads\/2025\/12\/3Katarina1-1536x1152.jpeg 1536w, https:\/\/www.pro-vo.at\/wp-content\/uploads\/2025\/12\/3Katarina1.jpeg 2040w\" sizes=\"auto, (max-width: 1024px) 100vw, 1024px\" \/><\/figure>\n\n\n\n<figure class=\"wp-block-image size-large\"><img loading=\"lazy\" decoding=\"async\" width=\"1024\" height=\"768\" data-id=\"6753\" src=\"https:\/\/www.pro-vo.at\/wp-content\/uploads\/2025\/12\/4Katarina2-1024x768.jpeg\" alt=\"\" class=\"wp-image-6753\" srcset=\"https:\/\/www.pro-vo.at\/wp-content\/uploads\/2025\/12\/4Katarina2-1024x768.jpeg 1024w, https:\/\/www.pro-vo.at\/wp-content\/uploads\/2025\/12\/4Katarina2-300x225.jpeg 300w, https:\/\/www.pro-vo.at\/wp-content\/uploads\/2025\/12\/4Katarina2-150x113.jpeg 150w, https:\/\/www.pro-vo.at\/wp-content\/uploads\/2025\/12\/4Katarina2-768x576.jpeg 768w, https:\/\/www.pro-vo.at\/wp-content\/uploads\/2025\/12\/4Katarina2-1536x1152.jpeg 1536w, https:\/\/www.pro-vo.at\/wp-content\/uploads\/2025\/12\/4Katarina2.jpeg 2040w\" sizes=\"auto, (max-width: 1024px) 100vw, 1024px\" \/><\/figure>\n\n\n\n<figure class=\"wp-block-image size-large\"><img loading=\"lazy\" decoding=\"async\" width=\"1024\" height=\"768\" data-id=\"6754\" src=\"https:\/\/www.pro-vo.at\/wp-content\/uploads\/2025\/12\/5Cornelia-Ensemble-1-1024x768.jpeg\" alt=\"\" class=\"wp-image-6754\" srcset=\"https:\/\/www.pro-vo.at\/wp-content\/uploads\/2025\/12\/5Cornelia-Ensemble-1-1024x768.jpeg 1024w, https:\/\/www.pro-vo.at\/wp-content\/uploads\/2025\/12\/5Cornelia-Ensemble-1-300x225.jpeg 300w, https:\/\/www.pro-vo.at\/wp-content\/uploads\/2025\/12\/5Cornelia-Ensemble-1-150x113.jpeg 150w, https:\/\/www.pro-vo.at\/wp-content\/uploads\/2025\/12\/5Cornelia-Ensemble-1-768x576.jpeg 768w, https:\/\/www.pro-vo.at\/wp-content\/uploads\/2025\/12\/5Cornelia-Ensemble-1-1536x1152.jpeg 1536w, https:\/\/www.pro-vo.at\/wp-content\/uploads\/2025\/12\/5Cornelia-Ensemble-1.jpeg 2040w\" sizes=\"auto, (max-width: 1024px) 100vw, 1024px\" \/><\/figure>\n\n\n\n<figure class=\"wp-block-image size-large\"><img loading=\"lazy\" decoding=\"async\" width=\"1024\" height=\"768\" data-id=\"6755\" src=\"https:\/\/www.pro-vo.at\/wp-content\/uploads\/2025\/12\/6Cornelia-Ensemble2-1024x768.jpeg\" alt=\"\" class=\"wp-image-6755\" srcset=\"https:\/\/www.pro-vo.at\/wp-content\/uploads\/2025\/12\/6Cornelia-Ensemble2-1024x768.jpeg 1024w, https:\/\/www.pro-vo.at\/wp-content\/uploads\/2025\/12\/6Cornelia-Ensemble2-300x225.jpeg 300w, https:\/\/www.pro-vo.at\/wp-content\/uploads\/2025\/12\/6Cornelia-Ensemble2-150x113.jpeg 150w, https:\/\/www.pro-vo.at\/wp-content\/uploads\/2025\/12\/6Cornelia-Ensemble2-768x576.jpeg 768w, https:\/\/www.pro-vo.at\/wp-content\/uploads\/2025\/12\/6Cornelia-Ensemble2-1536x1152.jpeg 1536w, https:\/\/www.pro-vo.at\/wp-content\/uploads\/2025\/12\/6Cornelia-Ensemble2.jpeg 2040w\" sizes=\"auto, (max-width: 1024px) 100vw, 1024px\" \/><\/figure>\n\n\n\n<figure class=\"wp-block-image size-large\"><img loading=\"lazy\" decoding=\"async\" width=\"1024\" height=\"768\" data-id=\"6758\" src=\"https:\/\/www.pro-vo.at\/wp-content\/uploads\/2025\/12\/7Cornelia-Ensemble3-1024x768.jpeg\" alt=\"\" class=\"wp-image-6758\" srcset=\"https:\/\/www.pro-vo.at\/wp-content\/uploads\/2025\/12\/7Cornelia-Ensemble3-1024x768.jpeg 1024w, https:\/\/www.pro-vo.at\/wp-content\/uploads\/2025\/12\/7Cornelia-Ensemble3-300x225.jpeg 300w, https:\/\/www.pro-vo.at\/wp-content\/uploads\/2025\/12\/7Cornelia-Ensemble3-150x113.jpeg 150w, https:\/\/www.pro-vo.at\/wp-content\/uploads\/2025\/12\/7Cornelia-Ensemble3-768x576.jpeg 768w, https:\/\/www.pro-vo.at\/wp-content\/uploads\/2025\/12\/7Cornelia-Ensemble3-1536x1152.jpeg 1536w, https:\/\/www.pro-vo.at\/wp-content\/uploads\/2025\/12\/7Cornelia-Ensemble3.jpeg 2040w\" sizes=\"auto, (max-width: 1024px) 100vw, 1024px\" \/><\/figure>\n\n\n\n<figure class=\"wp-block-image size-large\"><img loading=\"lazy\" decoding=\"async\" width=\"1024\" height=\"768\" data-id=\"6763\" src=\"https:\/\/www.pro-vo.at\/wp-content\/uploads\/2025\/12\/8Cornelia-Ensemble4-1024x768.jpeg\" alt=\"\" class=\"wp-image-6763\" srcset=\"https:\/\/www.pro-vo.at\/wp-content\/uploads\/2025\/12\/8Cornelia-Ensemble4-1024x768.jpeg 1024w, https:\/\/www.pro-vo.at\/wp-content\/uploads\/2025\/12\/8Cornelia-Ensemble4-300x225.jpeg 300w, https:\/\/www.pro-vo.at\/wp-content\/uploads\/2025\/12\/8Cornelia-Ensemble4-150x113.jpeg 150w, https:\/\/www.pro-vo.at\/wp-content\/uploads\/2025\/12\/8Cornelia-Ensemble4-768x576.jpeg 768w, https:\/\/www.pro-vo.at\/wp-content\/uploads\/2025\/12\/8Cornelia-Ensemble4-1536x1152.jpeg 1536w, https:\/\/www.pro-vo.at\/wp-content\/uploads\/2025\/12\/8Cornelia-Ensemble4.jpeg 2040w\" sizes=\"auto, (max-width: 1024px) 100vw, 1024px\" \/><\/figure>\n\n\n\n<figure class=\"wp-block-image size-large\"><img loading=\"lazy\" decoding=\"async\" width=\"1024\" height=\"768\" data-id=\"6759\" src=\"https:\/\/www.pro-vo.at\/wp-content\/uploads\/2025\/12\/9Chelotrio-1024x768.jpeg\" alt=\"\" class=\"wp-image-6759\" srcset=\"https:\/\/www.pro-vo.at\/wp-content\/uploads\/2025\/12\/9Chelotrio-1024x768.jpeg 1024w, https:\/\/www.pro-vo.at\/wp-content\/uploads\/2025\/12\/9Chelotrio-300x225.jpeg 300w, https:\/\/www.pro-vo.at\/wp-content\/uploads\/2025\/12\/9Chelotrio-150x113.jpeg 150w, https:\/\/www.pro-vo.at\/wp-content\/uploads\/2025\/12\/9Chelotrio-768x576.jpeg 768w, https:\/\/www.pro-vo.at\/wp-content\/uploads\/2025\/12\/9Chelotrio-1536x1152.jpeg 1536w, https:\/\/www.pro-vo.at\/wp-content\/uploads\/2025\/12\/9Chelotrio.jpeg 2040w\" sizes=\"auto, (max-width: 1024px) 100vw, 1024px\" \/><\/figure>\n\n\n\n<figure class=\"wp-block-image size-large\"><img loading=\"lazy\" decoding=\"async\" width=\"1024\" height=\"768\" data-id=\"6756\" src=\"https:\/\/www.pro-vo.at\/wp-content\/uploads\/2025\/12\/10Chelotrio2-1024x768.jpeg\" alt=\"\" class=\"wp-image-6756\" srcset=\"https:\/\/www.pro-vo.at\/wp-content\/uploads\/2025\/12\/10Chelotrio2-1024x768.jpeg 1024w, https:\/\/www.pro-vo.at\/wp-content\/uploads\/2025\/12\/10Chelotrio2-300x225.jpeg 300w, https:\/\/www.pro-vo.at\/wp-content\/uploads\/2025\/12\/10Chelotrio2-150x113.jpeg 150w, https:\/\/www.pro-vo.at\/wp-content\/uploads\/2025\/12\/10Chelotrio2-768x576.jpeg 768w, https:\/\/www.pro-vo.at\/wp-content\/uploads\/2025\/12\/10Chelotrio2-1536x1152.jpeg 1536w, https:\/\/www.pro-vo.at\/wp-content\/uploads\/2025\/12\/10Chelotrio2.jpeg 2040w\" sizes=\"auto, (max-width: 1024px) 100vw, 1024px\" \/><\/figure>\n\n\n\n<figure class=\"wp-block-image size-large\"><img loading=\"lazy\" decoding=\"async\" width=\"1024\" height=\"768\" data-id=\"6760\" src=\"https:\/\/www.pro-vo.at\/wp-content\/uploads\/2025\/12\/11Cornelia-Ensemble5-1024x768.jpeg\" alt=\"\" class=\"wp-image-6760\" srcset=\"https:\/\/www.pro-vo.at\/wp-content\/uploads\/2025\/12\/11Cornelia-Ensemble5-1024x768.jpeg 1024w, https:\/\/www.pro-vo.at\/wp-content\/uploads\/2025\/12\/11Cornelia-Ensemble5-300x225.jpeg 300w, https:\/\/www.pro-vo.at\/wp-content\/uploads\/2025\/12\/11Cornelia-Ensemble5-150x113.jpeg 150w, https:\/\/www.pro-vo.at\/wp-content\/uploads\/2025\/12\/11Cornelia-Ensemble5-768x576.jpeg 768w, https:\/\/www.pro-vo.at\/wp-content\/uploads\/2025\/12\/11Cornelia-Ensemble5-1536x1152.jpeg 1536w, https:\/\/www.pro-vo.at\/wp-content\/uploads\/2025\/12\/11Cornelia-Ensemble5.jpeg 2040w\" sizes=\"auto, (max-width: 1024px) 100vw, 1024px\" \/><\/figure>\n\n\n\n<figure class=\"wp-block-image size-large\"><img loading=\"lazy\" decoding=\"async\" width=\"1024\" height=\"768\" data-id=\"6762\" src=\"https:\/\/www.pro-vo.at\/wp-content\/uploads\/2025\/12\/12Kaoru1-1024x768.jpeg\" alt=\"\" class=\"wp-image-6762\" srcset=\"https:\/\/www.pro-vo.at\/wp-content\/uploads\/2025\/12\/12Kaoru1-1024x768.jpeg 1024w, https:\/\/www.pro-vo.at\/wp-content\/uploads\/2025\/12\/12Kaoru1-300x225.jpeg 300w, https:\/\/www.pro-vo.at\/wp-content\/uploads\/2025\/12\/12Kaoru1-150x113.jpeg 150w, https:\/\/www.pro-vo.at\/wp-content\/uploads\/2025\/12\/12Kaoru1-768x576.jpeg 768w, https:\/\/www.pro-vo.at\/wp-content\/uploads\/2025\/12\/12Kaoru1-1536x1152.jpeg 1536w, https:\/\/www.pro-vo.at\/wp-content\/uploads\/2025\/12\/12Kaoru1.jpeg 2040w\" sizes=\"auto, (max-width: 1024px) 100vw, 1024px\" \/><\/figure>\n\n\n\n<figure class=\"wp-block-image size-large\"><img loading=\"lazy\" decoding=\"async\" width=\"1024\" height=\"768\" data-id=\"6757\" src=\"https:\/\/www.pro-vo.at\/wp-content\/uploads\/2025\/12\/13Kaoru2-1024x768.jpeg\" alt=\"\" class=\"wp-image-6757\" srcset=\"https:\/\/www.pro-vo.at\/wp-content\/uploads\/2025\/12\/13Kaoru2-1024x768.jpeg 1024w, https:\/\/www.pro-vo.at\/wp-content\/uploads\/2025\/12\/13Kaoru2-300x225.jpeg 300w, https:\/\/www.pro-vo.at\/wp-content\/uploads\/2025\/12\/13Kaoru2-150x113.jpeg 150w, https:\/\/www.pro-vo.at\/wp-content\/uploads\/2025\/12\/13Kaoru2-768x576.jpeg 768w, https:\/\/www.pro-vo.at\/wp-content\/uploads\/2025\/12\/13Kaoru2-1536x1152.jpeg 1536w, https:\/\/www.pro-vo.at\/wp-content\/uploads\/2025\/12\/13Kaoru2.jpeg 2040w\" sizes=\"auto, (max-width: 1024px) 100vw, 1024px\" \/><\/figure>\n\n\n\n<figure class=\"wp-block-image size-large\"><img loading=\"lazy\" decoding=\"async\" width=\"1024\" height=\"768\" data-id=\"6765\" src=\"https:\/\/www.pro-vo.at\/wp-content\/uploads\/2025\/12\/14Gitarren-1024x768.jpeg\" alt=\"\" class=\"wp-image-6765\" srcset=\"https:\/\/www.pro-vo.at\/wp-content\/uploads\/2025\/12\/14Gitarren-1024x768.jpeg 1024w, https:\/\/www.pro-vo.at\/wp-content\/uploads\/2025\/12\/14Gitarren-300x225.jpeg 300w, https:\/\/www.pro-vo.at\/wp-content\/uploads\/2025\/12\/14Gitarren-150x113.jpeg 150w, https:\/\/www.pro-vo.at\/wp-content\/uploads\/2025\/12\/14Gitarren-768x576.jpeg 768w, https:\/\/www.pro-vo.at\/wp-content\/uploads\/2025\/12\/14Gitarren-1536x1152.jpeg 1536w, https:\/\/www.pro-vo.at\/wp-content\/uploads\/2025\/12\/14Gitarren.jpeg 2040w\" sizes=\"auto, (max-width: 1024px) 100vw, 1024px\" \/><\/figure>\n\n\n\n<figure class=\"wp-block-image size-large\"><img loading=\"lazy\" decoding=\"async\" width=\"1024\" height=\"768\" data-id=\"6761\" src=\"https:\/\/www.pro-vo.at\/wp-content\/uploads\/2025\/12\/15Cornelia-Ensemble6-1024x768.jpeg\" alt=\"\" class=\"wp-image-6761\" srcset=\"https:\/\/www.pro-vo.at\/wp-content\/uploads\/2025\/12\/15Cornelia-Ensemble6-1024x768.jpeg 1024w, https:\/\/www.pro-vo.at\/wp-content\/uploads\/2025\/12\/15Cornelia-Ensemble6-300x225.jpeg 300w, https:\/\/www.pro-vo.at\/wp-content\/uploads\/2025\/12\/15Cornelia-Ensemble6-150x113.jpeg 150w, https:\/\/www.pro-vo.at\/wp-content\/uploads\/2025\/12\/15Cornelia-Ensemble6-768x576.jpeg 768w, https:\/\/www.pro-vo.at\/wp-content\/uploads\/2025\/12\/15Cornelia-Ensemble6-1536x1152.jpeg 1536w, https:\/\/www.pro-vo.at\/wp-content\/uploads\/2025\/12\/15Cornelia-Ensemble6.jpeg 2040w\" sizes=\"auto, (max-width: 1024px) 100vw, 1024px\" \/><\/figure>\n<\/figure>\n<\/div>\n<\/div>\n\n\n\n<figure class=\"wp-block-video\"><video height=\"464\" style=\"aspect-ratio: 832 \/ 464;\" width=\"832\" controls src=\"https:\/\/www.pro-vo.at\/wp-content\/uploads\/2025\/12\/SaxQuartettWeihnachtslieder.mp4\"><\/video><\/figure>\n\n\n\n<p>Gleich am n\u00e4chsten Tag traten viele unserer Sch\u00fclerinnen und Sch\u00fcler, sowie Lehrerinnen und Lehrer beim Weihnachtsdorf Rudolfsheim-F\u00fcnfhaus am Kardinal-Rauscher-Platz auf. Auch hier gab es unterschiedliche Ensembles mit Teilnehmern aller Altersstufen.<\/p>\n\n\n\n<figure class=\"wp-block-gallery has-nested-images columns-default is-cropped wp-block-gallery-2 is-layout-flex wp-block-gallery-is-layout-flex\">\n<figure class=\"wp-block-image size-large\"><img loading=\"lazy\" decoding=\"async\" width=\"1024\" height=\"1024\" data-id=\"6777\" src=\"https:\/\/www.pro-vo.at\/wp-content\/uploads\/2025\/12\/Chor-1024x1024.jpeg\" alt=\"\" class=\"wp-image-6777\" srcset=\"https:\/\/www.pro-vo.at\/wp-content\/uploads\/2025\/12\/Chor-1024x1024.jpeg 1024w, https:\/\/www.pro-vo.at\/wp-content\/uploads\/2025\/12\/Chor-300x300.jpeg 300w, https:\/\/www.pro-vo.at\/wp-content\/uploads\/2025\/12\/Chor-150x150.jpeg 150w, https:\/\/www.pro-vo.at\/wp-content\/uploads\/2025\/12\/Chor-768x768.jpeg 768w, https:\/\/www.pro-vo.at\/wp-content\/uploads\/2025\/12\/Chor.jpeg 1512w\" sizes=\"auto, (max-width: 1024px) 100vw, 1024px\" \/><\/figure>\n\n\n\n<figure class=\"wp-block-image size-large\"><img loading=\"lazy\" decoding=\"async\" width=\"1024\" height=\"1024\" data-id=\"6776\" src=\"https:\/\/www.pro-vo.at\/wp-content\/uploads\/2025\/12\/Trio-1024x1024.jpeg\" alt=\"\" class=\"wp-image-6776\" srcset=\"https:\/\/www.pro-vo.at\/wp-content\/uploads\/2025\/12\/Trio-1024x1024.jpeg 1024w, https:\/\/www.pro-vo.at\/wp-content\/uploads\/2025\/12\/Trio-300x300.jpeg 300w, https:\/\/www.pro-vo.at\/wp-content\/uploads\/2025\/12\/Trio-150x150.jpeg 150w, https:\/\/www.pro-vo.at\/wp-content\/uploads\/2025\/12\/Trio-768x768.jpeg 768w, https:\/\/www.pro-vo.at\/wp-content\/uploads\/2025\/12\/Trio.jpeg 1512w\" sizes=\"auto, (max-width: 1024px) 100vw, 1024px\" \/><\/figure>\n\n\n\n<figure class=\"wp-block-image size-large\"><img loading=\"lazy\" decoding=\"async\" width=\"1024\" height=\"473\" data-id=\"6780\" src=\"https:\/\/www.pro-vo.at\/wp-content\/uploads\/2025\/12\/WD-Floeten-1024x473.jpeg\" alt=\"\" class=\"wp-image-6780\" srcset=\"https:\/\/www.pro-vo.at\/wp-content\/uploads\/2025\/12\/WD-Floeten-1024x473.jpeg 1024w, https:\/\/www.pro-vo.at\/wp-content\/uploads\/2025\/12\/WD-Floeten-300x139.jpeg 300w, https:\/\/www.pro-vo.at\/wp-content\/uploads\/2025\/12\/WD-Floeten-150x69.jpeg 150w, https:\/\/www.pro-vo.at\/wp-content\/uploads\/2025\/12\/WD-Floeten-768x355.jpeg 768w, https:\/\/www.pro-vo.at\/wp-content\/uploads\/2025\/12\/WD-Floeten-1536x709.jpeg 1536w, https:\/\/www.pro-vo.at\/wp-content\/uploads\/2025\/12\/WD-Floeten.jpeg 1600w\" sizes=\"auto, (max-width: 1024px) 100vw, 1024px\" \/><\/figure>\n\n\n\n<figure class=\"wp-block-image size-large\"><img loading=\"lazy\" decoding=\"async\" width=\"1024\" height=\"473\" data-id=\"6781\" src=\"https:\/\/www.pro-vo.at\/wp-content\/uploads\/2025\/12\/WD-Saxophone-1024x473.jpeg\" alt=\"\" class=\"wp-image-6781\" srcset=\"https:\/\/www.pro-vo.at\/wp-content\/uploads\/2025\/12\/WD-Saxophone-1024x473.jpeg 1024w, https:\/\/www.pro-vo.at\/wp-content\/uploads\/2025\/12\/WD-Saxophone-300x139.jpeg 300w, https:\/\/www.pro-vo.at\/wp-content\/uploads\/2025\/12\/WD-Saxophone-150x69.jpeg 150w, https:\/\/www.pro-vo.at\/wp-content\/uploads\/2025\/12\/WD-Saxophone-768x355.jpeg 768w, https:\/\/www.pro-vo.at\/wp-content\/uploads\/2025\/12\/WD-Saxophone-1536x709.jpeg 1536w, https:\/\/www.pro-vo.at\/wp-content\/uploads\/2025\/12\/WD-Saxophone.jpeg 1600w\" sizes=\"auto, (max-width: 1024px) 100vw, 1024px\" \/><\/figure>\n\n\n\n<figure class=\"wp-block-image size-large\"><img loading=\"lazy\" decoding=\"async\" width=\"1024\" height=\"473\" data-id=\"6782\" src=\"https:\/\/www.pro-vo.at\/wp-content\/uploads\/2025\/12\/WD-Reindeer-1024x473.jpeg\" alt=\"\" class=\"wp-image-6782\" srcset=\"https:\/\/www.pro-vo.at\/wp-content\/uploads\/2025\/12\/WD-Reindeer-1024x473.jpeg 1024w, https:\/\/www.pro-vo.at\/wp-content\/uploads\/2025\/12\/WD-Reindeer-300x139.jpeg 300w, https:\/\/www.pro-vo.at\/wp-content\/uploads\/2025\/12\/WD-Reindeer-150x69.jpeg 150w, https:\/\/www.pro-vo.at\/wp-content\/uploads\/2025\/12\/WD-Reindeer-768x355.jpeg 768w, https:\/\/www.pro-vo.at\/wp-content\/uploads\/2025\/12\/WD-Reindeer-1536x709.jpeg 1536w, https:\/\/www.pro-vo.at\/wp-content\/uploads\/2025\/12\/WD-Reindeer.jpeg 1600w\" sizes=\"auto, (max-width: 1024px) 100vw, 1024px\" \/><\/figure>\n\n\n\n<figure class=\"wp-block-image size-large\"><img loading=\"lazy\" decoding=\"async\" width=\"1024\" height=\"576\" data-id=\"6784\" src=\"https:\/\/www.pro-vo.at\/wp-content\/uploads\/2025\/12\/WD-eGitarren-1024x576.jpeg\" alt=\"\" class=\"wp-image-6784\" srcset=\"https:\/\/www.pro-vo.at\/wp-content\/uploads\/2025\/12\/WD-eGitarren-1024x576.jpeg 1024w, https:\/\/www.pro-vo.at\/wp-content\/uploads\/2025\/12\/WD-eGitarren-300x169.jpeg 300w, https:\/\/www.pro-vo.at\/wp-content\/uploads\/2025\/12\/WD-eGitarren-150x84.jpeg 150w, https:\/\/www.pro-vo.at\/wp-content\/uploads\/2025\/12\/WD-eGitarren-768x432.jpeg 768w, https:\/\/www.pro-vo.at\/wp-content\/uploads\/2025\/12\/WD-eGitarren-1536x864.jpeg 1536w, https:\/\/www.pro-vo.at\/wp-content\/uploads\/2025\/12\/WD-eGitarren.jpeg 1600w\" sizes=\"auto, (max-width: 1024px) 100vw, 1024px\" \/><\/figure>\n\n\n\n<figure class=\"wp-block-image size-large\"><img loading=\"lazy\" decoding=\"async\" width=\"1024\" height=\"473\" data-id=\"6785\" src=\"https:\/\/www.pro-vo.at\/wp-content\/uploads\/2025\/12\/WD-Klaviertrio-1024x473.jpeg\" alt=\"\" class=\"wp-image-6785\" srcset=\"https:\/\/www.pro-vo.at\/wp-content\/uploads\/2025\/12\/WD-Klaviertrio-1024x473.jpeg 1024w, https:\/\/www.pro-vo.at\/wp-content\/uploads\/2025\/12\/WD-Klaviertrio-300x139.jpeg 300w, https:\/\/www.pro-vo.at\/wp-content\/uploads\/2025\/12\/WD-Klaviertrio-150x69.jpeg 150w, https:\/\/www.pro-vo.at\/wp-content\/uploads\/2025\/12\/WD-Klaviertrio-768x355.jpeg 768w, https:\/\/www.pro-vo.at\/wp-content\/uploads\/2025\/12\/WD-Klaviertrio-1536x709.jpeg 1536w, https:\/\/www.pro-vo.at\/wp-content\/uploads\/2025\/12\/WD-Klaviertrio.jpeg 1600w\" sizes=\"auto, (max-width: 1024px) 100vw, 1024px\" \/><\/figure>\n\n\n\n<figure class=\"wp-block-image size-large\"><img loading=\"lazy\" decoding=\"async\" width=\"1024\" height=\"576\" data-id=\"6786\" src=\"https:\/\/www.pro-vo.at\/wp-content\/uploads\/2025\/12\/WD-Gesangstrio-1024x576.jpeg\" alt=\"\" class=\"wp-image-6786\" srcset=\"https:\/\/www.pro-vo.at\/wp-content\/uploads\/2025\/12\/WD-Gesangstrio-1024x576.jpeg 1024w, https:\/\/www.pro-vo.at\/wp-content\/uploads\/2025\/12\/WD-Gesangstrio-300x169.jpeg 300w, https:\/\/www.pro-vo.at\/wp-content\/uploads\/2025\/12\/WD-Gesangstrio-150x84.jpeg 150w, https:\/\/www.pro-vo.at\/wp-content\/uploads\/2025\/12\/WD-Gesangstrio-768x432.jpeg 768w, https:\/\/www.pro-vo.at\/wp-content\/uploads\/2025\/12\/WD-Gesangstrio-1536x864.jpeg 1536w, https:\/\/www.pro-vo.at\/wp-content\/uploads\/2025\/12\/WD-Gesangstrio.jpeg 1600w\" sizes=\"auto, (max-width: 1024px) 100vw, 1024px\" \/><\/figure>\n<\/figure>\n","protected":false},"excerpt":{"rendered":"<p>Unser diesj\u00e4hriges Adventkonzert fand am Freitag, dem 12. Dezember um 15:30 Uhr im Ingrid-Leodolter-Haus statt. Es war das erste Konzert des neuen Vereins pro-vo_aktion und dennoch hat alles sehr gut geklappt. Eine Stunde lang durfte unser Publikum verschiedenen Weihnachtsliedern von Ensembles in unterschiedlicher Besetzung lauschen. Wie auch in den vergangenen Jahren trafen wir uns anschlie\u00dfend &#8230; <a title=\"Adventkonzert 2025\" class=\"read-more\" href=\"https:\/\/www.pro-vo.at\/index.php\/adventkonzert-2025\/\" aria-label=\"Mehr Informationen \u00fcber Adventkonzert 2025\">Weiterlesen<\/a><\/p>\n","protected":false},"author":1,"featured_media":0,"parent":0,"menu_order":0,"comment_status":"closed","ping_status":"closed","template":"","meta":{"footnotes":""},"class_list":["post-6402","page","type-page","status-publish"],"_links":{"self":[{"href":"https:\/\/www.pro-vo.at\/index.php\/wp-json\/wp\/v2\/pages\/6402","targetHints":{"allow":["GET"]}}],"collection":[{"href":"https:\/\/www.pro-vo.at\/index.php\/wp-json\/wp\/v2\/pages"}],"about":[{"href":"https:\/\/www.pro-vo.at\/index.php\/wp-json\/wp\/v2\/types\/page"}],"author":[{"embeddable":true,"href":"https:\/\/www.pro-vo.at\/index.php\/wp-json\/wp\/v2\/users\/1"}],"replies":[{"embeddable":true,"href":"https:\/\/www.pro-vo.at\/index.php\/wp-json\/wp\/v2\/comments?post=6402"}],"version-history":[{"count":17,"href":"https:\/\/www.pro-vo.at\/index.php\/wp-json\/wp\/v2\/pages\/6402\/revisions"}],"predecessor-version":[{"id":6790,"href":"https:\/\/www.pro-vo.at\/index.php\/wp-json\/wp\/v2\/pages\/6402\/revisions\/6790"}],"wp:attachment":[{"href":"https:\/\/www.pro-vo.at\/index.php\/wp-json\/wp\/v2\/media?parent=6402"}],"curies":[{"name":"wp","href":"https:\/\/api.w.org\/{rel}","templated":true}]}}