{"id":6131,"date":"2024-03-20T11:22:16","date_gmt":"2024-03-20T11:22:16","guid":{"rendered":"http:\/\/www.pro-vo.at\/?page_id=6131"},"modified":"2024-04-18T12:14:38","modified_gmt":"2024-04-18T12:14:38","slug":"gemeinsam-singen","status":"publish","type":"page","link":"https:\/\/www.pro-vo.at\/index.php\/gemeinsam-singen\/","title":{"rendered":"Gemeinsam singen"},"content":{"rendered":"<p class=\"western\" lang=\"de-DE\"><span style=\"color: #355269;\"><span style=\"font-family: Century Gothic, sans-serif;\"><span style=\"font-size: xx-large;\"><b>G<\/b><\/span><\/span><\/span><span style=\"color: #355269;\"><span style=\"font-family: Century Gothic, sans-serif;\"><span style=\"font-size: xx-large;\"><b><span id=\"Rahmen1\" dir=\"ltr\"><\/span>emeinsam singen &#8211; einen Abend lang<br \/>\n<\/b><\/span><\/span><\/span><\/p>\n<p class=\"western\"><span style=\"color: #355269;\"><span style=\"font-family: Century Gothic, sans-serif;\"><span lang=\"de-DE\"><b>Mittwoch, 17. April 2024<br \/>\n18:30 \u2013 20:00<\/b><\/span><\/span><\/span><span style=\"color: #355269;\"><span style=\"font-family: Century Gothic, sans-serif;\"><span lang=\"de-DE\"><br \/>\nVerein pro-vo<br \/>\n<\/span><\/span><\/span><span style=\"color: #355269;\"><span style=\"font-family: Century Gothic, sans-serif;\"><span lang=\"de-DE\">Huglgasse 24, 1150 Wien<br \/>\n<\/span><\/span><\/span><span style=\"color: #355269;\"><span style=\"font-family: Century Gothic, sans-serif;\"><span lang=\"de-DE\">Veranstaltungsraum<br \/>\n<\/span><\/span><\/span><span style=\"color: #355269;\"><span style=\"font-family: Century Gothic, sans-serif;\"><span lang=\"de-DE\">F\u00fcr S\u00e4ngerinnen und S\u00e4nger aller Altersstufen!<\/span><\/span><\/span><\/p>\n<p><span style=\"color: #355269;\"><span lang=\"de-DE\"><br \/>\n<\/span><\/span><span style=\"color: #355269;\"><span style=\"font-family: Century Gothic, sans-serif;\"><span lang=\"de-DE\">Thema:<br \/>\n<\/span><\/span><\/span><span style=\"color: #355269;\"><span style=\"font-family: Incised901 NdIt BT, sans-serif;\"><span style=\"font-size: 150%;\"><span lang=\"de-DE\">Rock me (Amadeus)<br \/>\nMusik der 80er Jahre<br \/>\n<\/span><\/span><\/span><\/span><br \/>\n<span style=\"color: #355269;\"><span style=\"font-family: Century Gothic, sans-serif;\">Leitung:<br \/>\nCornelia Reutner<\/span><\/span><\/p>\n<p>Bei unserem ersten Treffen haben wir aus den 80er folgende Lieder gemeinsam gesungen:<\/p>\n<p>Fata Morgana &#8211; EAV<br \/>\nLive is life &#8211; Opus<br \/>\nMajor Tom &#8211; Peter Schiling<\/p>\n<p>&nbsp;<\/p>\n<p>Teilnahmebeitrag:<br \/>\nEUR 5,&#8211;<\/p>\n<p class=\"western\" lang=\"de-DE\"><span style=\"color: #355269;\"><span style=\"font-family: Century Gothic, sans-serif;\">Was ist mitzubringen?<br \/>\nGute Laune und<br \/>\nFreude am gemeinsamen Singen<br \/>\nPS: Wir sind kein klassischer Chor, wir singen ganz einfach gemeinsam,<br \/>\nmanchmal mehrstimmig, manchmal auch nicht&#8230;.<br \/>\n<\/span><\/span><\/p>\n<p lang=\"de-DE\"><a href=\"http:\/\/www.pro-vo.at\/wp-content\/uploads\/2024\/04\/Foto-1.jpg\" data-rel=\"lightbox-gallery-LDzsJDhh\" data-rl_title=\"Gemeinsam Singen\" data-rl_caption=\"\" title=\"Gemeinsam Singen\"><img loading=\"lazy\" decoding=\"async\" class=\"alignnone wp-image-6145 size-medium\" src=\"http:\/\/www.pro-vo.at\/wp-content\/uploads\/2024\/04\/Foto-1-300x135.jpg\" alt=\"\" width=\"300\" height=\"135\" srcset=\"https:\/\/www.pro-vo.at\/wp-content\/uploads\/2024\/04\/Foto-1-300x135.jpg 300w, https:\/\/www.pro-vo.at\/wp-content\/uploads\/2024\/04\/Foto-1-150x68.jpg 150w, https:\/\/www.pro-vo.at\/wp-content\/uploads\/2024\/04\/Foto-1-768x346.jpg 768w, https:\/\/www.pro-vo.at\/wp-content\/uploads\/2024\/04\/Foto-1-1024x462.jpg 1024w\" sizes=\"auto, (max-width: 300px) 100vw, 300px\" \/><\/a><\/p>\n<p class=\"western\"><span lang=\"de-DE\"><br \/>\n<\/span><span style=\"color: #355269;\"><span style=\"font-family: Century Gothic, sans-serif;\"><span style=\"font-size: medium;\"><span lang=\"de-DE\">Anmeldung:<br \/>\nEinzahlung von EUR 5,&#8211; auf das Konto der pro-vo AT76 2011 1000 0404 3308 und ein kurzes, formloses Mail an<br \/>\n<\/span><\/span><\/span><\/span><a href=\"mailto:info@pro-vo\">info@pro-vo<\/a><span style=\"color: #355269;\"><span style=\"font-family: Century Gothic, sans-serif;\"><span style=\"font-size: medium;\"><span lang=\"de-DE\"> at (&#8230;ich bin beim gemeinsamen Singen dabei\u2026.<\/span><\/span><\/span><\/span><span style=\"color: #355269;\"><span style=\"font-family: Century Gothic, sans-serif;\"><span style=\"font-size: medium;\"><span lang=\"de-DE\">)<\/span><\/span><\/span><\/span><span style=\"color: #355269;\"><span style=\"font-family: Century Gothic, sans-serif;\"><span style=\"font-size: medium;\"><span lang=\"de-DE\"><br \/>\nAnmeldeschluss: 10. April 2024<\/span><\/span><\/span><\/span><\/p>\n<p><span lang=\"de-DE\"><br \/>\n<\/span><a href=\"http:\/\/www.pro-vo.at\/index.php\/news\/\">Zur\u00fcck zu demn\u00e4chst in der pro-vo<\/a><\/p>\n<p>&nbsp;<\/p>\n","protected":false},"excerpt":{"rendered":"<p>Gemeinsam singen &#8211; einen Abend lang Mittwoch, 17. April 2024 18:30 \u2013 20:00 Verein pro-vo Huglgasse 24, 1150 Wien Veranstaltungsraum F\u00fcr S\u00e4ngerinnen und S\u00e4nger aller Altersstufen! Thema: Rock me (Amadeus) Musik der 80er Jahre Leitung: Cornelia Reutner Bei unserem ersten Treffen haben wir aus den 80er folgende Lieder gemeinsam gesungen: Fata Morgana &#8211; EAV Live &#8230; <a title=\"Gemeinsam singen\" class=\"read-more\" href=\"https:\/\/www.pro-vo.at\/index.php\/gemeinsam-singen\/\" aria-label=\"Mehr Informationen \u00fcber Gemeinsam singen\">Weiterlesen<\/a><\/p>\n","protected":false},"author":1,"featured_media":0,"parent":0,"menu_order":0,"comment_status":"closed","ping_status":"closed","template":"","meta":{"footnotes":""},"class_list":["post-6131","page","type-page","status-publish"],"_links":{"self":[{"href":"https:\/\/www.pro-vo.at\/index.php\/wp-json\/wp\/v2\/pages\/6131","targetHints":{"allow":["GET"]}}],"collection":[{"href":"https:\/\/www.pro-vo.at\/index.php\/wp-json\/wp\/v2\/pages"}],"about":[{"href":"https:\/\/www.pro-vo.at\/index.php\/wp-json\/wp\/v2\/types\/page"}],"author":[{"embeddable":true,"href":"https:\/\/www.pro-vo.at\/index.php\/wp-json\/wp\/v2\/users\/1"}],"replies":[{"embeddable":true,"href":"https:\/\/www.pro-vo.at\/index.php\/wp-json\/wp\/v2\/comments?post=6131"}],"version-history":[{"count":7,"href":"https:\/\/www.pro-vo.at\/index.php\/wp-json\/wp\/v2\/pages\/6131\/revisions"}],"predecessor-version":[{"id":6146,"href":"https:\/\/www.pro-vo.at\/index.php\/wp-json\/wp\/v2\/pages\/6131\/revisions\/6146"}],"wp:attachment":[{"href":"https:\/\/www.pro-vo.at\/index.php\/wp-json\/wp\/v2\/media?parent=6131"}],"curies":[{"name":"wp","href":"https:\/\/api.w.org\/{rel}","templated":true}]}}