{"id":5953,"date":"2023-08-21T11:03:44","date_gmt":"2023-08-21T11:03:44","guid":{"rendered":"http:\/\/www.pro-vo.at\/?page_id=5953"},"modified":"2023-08-29T08:34:37","modified_gmt":"2023-08-29T08:34:37","slug":"valerie-buchegger","status":"publish","type":"page","link":"https:\/\/www.pro-vo.at\/index.php\/lehrer\/valerie-buchegger\/","title":{"rendered":"valerie buchegger"},"content":{"rendered":"<h1>Valerie Buchegger<\/h1>\n<p><a href=\"http:\/\/www.pro-vo.at\/wp-content\/uploads\/2023\/08\/Profilbild-SW.jpg\" data-rel=\"lightbox-gallery-3sYi3hBR\" data-rl_title=\"Profilbild SW\" data-rl_caption=\"\" title=\"Profilbild SW\"><img loading=\"lazy\" decoding=\"async\" class=\"alignnone size-full wp-image-5954\" src=\"http:\/\/www.pro-vo.at\/wp-content\/uploads\/2023\/08\/Profilbild-SW.jpg\" alt=\"\" width=\"122\" height=\"186\" srcset=\"https:\/\/www.pro-vo.at\/wp-content\/uploads\/2023\/08\/Profilbild-SW.jpg 122w, https:\/\/www.pro-vo.at\/wp-content\/uploads\/2023\/08\/Profilbild-SW-98x150.jpg 98w\" sizes=\"auto, (max-width: 122px) 100vw, 122px\" \/><\/a><\/p>\n<p>Gesang<\/p>\n<p>Geboren 1997<\/p>\n<p><b>Ausbildung<\/b><br \/>\n2001 \u2013 2017: Geigenunterricht (Johann-Sebastian-Bach-Musikschule)<br \/>\n2003 \u2013 2007: Volksschule Pama, 2422 Pama<br \/>\n2007 \u2013 2015: Bundesrealgymnasium f\u00fcr Studierende der Musik Wien MGW, Neustiftgasse 95-99, 1070 Wien<br \/>\n2012 \u2013 2016: Klavierunterricht (Popakadamie \u2013 Johann-Sebastian-Bach-Musikschule)<br \/>\n2015 \u2013 2017: Lehramtsstudium Mathematik &amp; Biologie und Umweltkunde<br \/>\n(Universit\u00e4t Wien)<br \/>\n2016 \u2013 2017: Gesangsunterricht (Popakadamie \u2013 Johann-Sebastian-Bach-Musikschule)<br \/>\n2017 \u2013 heute: Lehramtsstudium Mathematik und Musikerziehung (Hauptfach<br \/>\nPopulargesang) (Universit\u00e4t Wien, Universit\u00e4t f\u00fcr Musik und darstellende Kunst Wien)<\/p>\n<p><b>Musikalische T\u00e4tigkeit<\/b><br \/>\nSeit 2015: Musikalische Umrahmung von Hochzeiten<br \/>\n2016: Popak goes Mumok: Songwriting Projekt mit Auftritt im Mumok<br \/>\n2017-2021: diverse Solo (und Backing Vocals) Auftritte im Rahmen des Studiums<br \/>\n2019: Musikalische Umrahmung des \u201eSymposiums der Achtsamkeit\u201c<br \/>\n2021: Studio: Einsingen von Backing Vocals f\u00fcr die EP von Sankt Krinzinger<br \/>\nAuftritt im \u201eChelsea\u201c mit der Band Holli (Geige und Backing Vocals)<br \/>\n2022-2023: Auftritte (&gt;40\/Jahr) mit den Bands \u201eExit207\u201c und \u201eSaubartln\u201c in<br \/>\n\u00d6sterreich, Deutschland, Schweiz und Italien<br \/>\n2022: Stimmbildnerische T\u00e4tigkeit f\u00fcr den Chor V.O.I.C.E seit Fr\u00fchjahr 2022<br \/>\n2022: Musikalisches Abendprogramm am Schiff \u201eVantage Splendor \u2013 Dock Wien\u201c<br \/>\n2023: Auftritt mit der Band \u201eWOXX\u201c in Traun (O\u00d6)<\/p>\n<p><b>H\u00f6rbeispiel<\/b><br \/>\nYoutube Kanal: https:\/\/www.youtube.com\/channel\/UC6WSFomgAYX2Je1KaW0i-vg<\/p>\n<p><b>Berufserfahrung<\/b><br \/>\nUnterricht: Tutorin\/\u00dcbungsleiterin in \u201eMathematik \u00dcbungen (LBT)\u201c an der<br \/>\nUniversit\u00e4t f\u00fcr Bodenkultur in Wien<br \/>\nSeit 2015 &#8211; Nachhilfe in den F\u00e4chern Mathematik und Musik<br \/>\nSeit 2019 &#8211; Private Lehrt\u00e4tigkeit in popularmusikalischem Gesang<br \/>\n2022 bis 2023 &#8211; Unterricht in Musikerziehung und Gesang Popularmusik am<br \/>\nGymnasium am Augarten (10 Werteinheiten)<br \/>\nWS 2018\/19 &#8211; Volontariat als Tutorin f\u00fcr Erstsemestrige im in<br \/>\nden F\u00e4chern Mathematik, LA Mathematik und BWL<br \/>\nWS 2020\/21 &#8211; Volontariat als Tutorin f\u00fcr Erstsemestrige s\u00e4mtlicher Studieng\u00e4nge der<br \/>\nUniversit\u00e4t f\u00fcr Musik und darstellende Kunst Wien<br \/>\nVolontariat im Kinderb\u00fcro UniClub &#8211; Arbeit mit Jugendlichen mit Migrationshintergrund<\/p>\n<p><b>Unterrichtssprachen<\/b><br \/>\nDeutsch<br \/>\nEnglisch \u2013 B2\/C1<br \/>\nFranz\u00f6sisch \u2013 B1<\/p>\n<p><b>Private Interessen<\/b><br \/>\nPraktizierende Musik:<br \/>\nGeige, klassischer Gesang und Populargesang, Klavier, Gitarre<br \/>\nSonstige Hobbys:<br \/>\nSongwriting, Kultur (Museen, Konzerte), Reisen, Sport, Lesen<\/p>\n<p><a href=\"http:\/\/www.pro-vo.at\/index.php\/lehrer\/\">zur\u00fcck zum Team<\/a><\/p>\n","protected":false},"excerpt":{"rendered":"<p>Valerie Buchegger Gesang Geboren 1997 Ausbildung 2001 \u2013 2017: Geigenunterricht (Johann-Sebastian-Bach-Musikschule) 2003 \u2013 2007: Volksschule Pama, 2422 Pama 2007 \u2013 2015: Bundesrealgymnasium f\u00fcr Studierende der Musik Wien MGW, Neustiftgasse 95-99, 1070 Wien 2012 \u2013 2016: Klavierunterricht (Popakadamie \u2013 Johann-Sebastian-Bach-Musikschule) 2015 \u2013 2017: Lehramtsstudium Mathematik &amp; Biologie und Umweltkunde (Universit\u00e4t Wien) 2016 \u2013 2017: Gesangsunterricht (Popakadamie &#8230; <a title=\"valerie buchegger\" class=\"read-more\" href=\"https:\/\/www.pro-vo.at\/index.php\/lehrer\/valerie-buchegger\/\" aria-label=\"Mehr Informationen \u00fcber valerie buchegger\">Weiterlesen<\/a><\/p>\n","protected":false},"author":1,"featured_media":0,"parent":26,"menu_order":0,"comment_status":"closed","ping_status":"closed","template":"","meta":{"footnotes":""},"class_list":["post-5953","page","type-page","status-publish"],"_links":{"self":[{"href":"https:\/\/www.pro-vo.at\/index.php\/wp-json\/wp\/v2\/pages\/5953","targetHints":{"allow":["GET"]}}],"collection":[{"href":"https:\/\/www.pro-vo.at\/index.php\/wp-json\/wp\/v2\/pages"}],"about":[{"href":"https:\/\/www.pro-vo.at\/index.php\/wp-json\/wp\/v2\/types\/page"}],"author":[{"embeddable":true,"href":"https:\/\/www.pro-vo.at\/index.php\/wp-json\/wp\/v2\/users\/1"}],"replies":[{"embeddable":true,"href":"https:\/\/www.pro-vo.at\/index.php\/wp-json\/wp\/v2\/comments?post=5953"}],"version-history":[{"count":4,"href":"https:\/\/www.pro-vo.at\/index.php\/wp-json\/wp\/v2\/pages\/5953\/revisions"}],"predecessor-version":[{"id":5964,"href":"https:\/\/www.pro-vo.at\/index.php\/wp-json\/wp\/v2\/pages\/5953\/revisions\/5964"}],"up":[{"embeddable":true,"href":"https:\/\/www.pro-vo.at\/index.php\/wp-json\/wp\/v2\/pages\/26"}],"wp:attachment":[{"href":"https:\/\/www.pro-vo.at\/index.php\/wp-json\/wp\/v2\/media?parent=5953"}],"curies":[{"name":"wp","href":"https:\/\/api.w.org\/{rel}","templated":true}]}}