{"id":592,"date":"2017-07-24T09:36:24","date_gmt":"2017-07-24T09:36:24","guid":{"rendered":"http:\/\/www.pro-vo.at\/?page_id=592"},"modified":"2025-12-18T08:03:46","modified_gmt":"2025-12-18T08:03:46","slug":"musikunterricht-50","status":"publish","type":"page","link":"https:\/\/www.pro-vo.at\/index.php\/kurse\/musikunterricht-50\/","title":{"rendered":"musikunterricht 50+"},"content":{"rendered":"<h1>Musikunterricht 50+<\/h1>\n<p>Die pro-vo bietet speziellen Musikunterricht f\u00fcr Erwachsene und Pensionisten an:<\/p>\n<p>\u00a0<\/p>\n<p>Was sind die Vorteile?<\/p>\n<ul>\n<li>Individuelle Terminvereinbarung der Unterrichtsstunden<\/li>\n<li>Kein Leistungsdruck !!<\/li>\n<li>Spezifische Betreuung durch den Kursleiter\/die Kursleiterin<\/li>\n<li>Eingehen auf pers\u00f6nliche W\u00fcnsche und musikalische Vorlieben<\/li>\n<li>M\u00f6glichkeit zum Doppelunterricht<\/li>\n<li>14-t\u00e4giger Unterricht m\u00f6glich<\/li>\n<li>M\u00f6glicher \u201eNeustart\u201c, wenn schon einmal ein Instrument gelernt wurde<\/li>\n<li>F\u00fcr den Anf\u00e4nger die besten Voraussetzungen<\/li>\n<\/ul>\n<p>\u00a0<\/p>\n<p>50+ bieten wir f\u00fcr folgende Instrumente an:<\/p>\n<ul>\n<li>Gitarre (klassisch und Liedbegleitung)<\/li>\n<li>Ukulele<\/li>\n<li>Klavier, Keyboard<\/li>\n<li>Blockfl\u00f6te, Querfl\u00f6te, Panfl\u00f6te<\/li>\n<li>Gesang<\/li>\n<li>Djembe, Cajon, Schlagzeug, Bodypercussion<\/li>\n<li>Saxophon<\/li>\n<li>Trompete, Fl\u00fcgelhorn<\/li>\n<li>Violine, Cello, E-Cello<\/li>\n<li>Zither<\/li>\n<\/ul>\n<p>\u00a0<\/p>\n<p>Sie k\u00f6nnen eine unverbindliche Schnupperstunde (EUR 20,00) vereinbaren, damit Sie Ihren neuen Lehrer\/Ihre neue Lehrerin kennenlernen k\u00f6nnen.<br \/>Melden Sie sich am Besten mit Ihrer Freundin\/Ihrem Freund<br \/>oder Lebenspartner f\u00fcr diese Kurse an, zu zweit macht es noch viel mehr Spa\u00df.<\/p>\n<p>\u00a0<\/p>\n<p><strong>Anmeldung und weitere Infos:<\/strong><br \/>per Mail an <a href=\"mailto:info@pro-vo.at\">info@pro-vo.at<\/a><\/p>\n\n\n<p><\/p>\n","protected":false},"excerpt":{"rendered":"<p>Musikunterricht 50+ Die pro-vo bietet speziellen Musikunterricht f\u00fcr Erwachsene und Pensionisten an: \u00a0 Was sind die Vorteile? Individuelle Terminvereinbarung der Unterrichtsstunden Kein Leistungsdruck !! Spezifische Betreuung durch den Kursleiter\/die Kursleiterin Eingehen auf pers\u00f6nliche W\u00fcnsche und musikalische Vorlieben M\u00f6glichkeit zum Doppelunterricht 14-t\u00e4giger Unterricht m\u00f6glich M\u00f6glicher \u201eNeustart\u201c, wenn schon einmal ein Instrument gelernt wurde F\u00fcr den Anf\u00e4nger &#8230; <a title=\"musikunterricht 50+\" class=\"read-more\" href=\"https:\/\/www.pro-vo.at\/index.php\/kurse\/musikunterricht-50\/\" aria-label=\"Mehr Informationen \u00fcber musikunterricht 50+\">Weiterlesen<\/a><\/p>\n","protected":false},"author":2,"featured_media":0,"parent":642,"menu_order":8,"comment_status":"closed","ping_status":"closed","template":"","meta":{"footnotes":""},"class_list":["post-592","page","type-page","status-publish"],"_links":{"self":[{"href":"https:\/\/www.pro-vo.at\/index.php\/wp-json\/wp\/v2\/pages\/592","targetHints":{"allow":["GET"]}}],"collection":[{"href":"https:\/\/www.pro-vo.at\/index.php\/wp-json\/wp\/v2\/pages"}],"about":[{"href":"https:\/\/www.pro-vo.at\/index.php\/wp-json\/wp\/v2\/types\/page"}],"author":[{"embeddable":true,"href":"https:\/\/www.pro-vo.at\/index.php\/wp-json\/wp\/v2\/users\/2"}],"replies":[{"embeddable":true,"href":"https:\/\/www.pro-vo.at\/index.php\/wp-json\/wp\/v2\/comments?post=592"}],"version-history":[{"count":10,"href":"https:\/\/www.pro-vo.at\/index.php\/wp-json\/wp\/v2\/pages\/592\/revisions"}],"predecessor-version":[{"id":6793,"href":"https:\/\/www.pro-vo.at\/index.php\/wp-json\/wp\/v2\/pages\/592\/revisions\/6793"}],"up":[{"embeddable":true,"href":"https:\/\/www.pro-vo.at\/index.php\/wp-json\/wp\/v2\/pages\/642"}],"wp:attachment":[{"href":"https:\/\/www.pro-vo.at\/index.php\/wp-json\/wp\/v2\/media?parent=592"}],"curies":[{"name":"wp","href":"https:\/\/api.w.org\/{rel}","templated":true}]}}