{"id":5774,"date":"2023-05-16T07:34:54","date_gmt":"2023-05-16T07:34:54","guid":{"rendered":"http:\/\/www.pro-vo.at\/?page_id=5774"},"modified":"2023-05-27T17:29:16","modified_gmt":"2023-05-27T17:29:16","slug":"gitarrenkonzert-nikolas-goehl","status":"publish","type":"page","link":"https:\/\/www.pro-vo.at\/index.php\/gitarrenkonzert-nikolas-goehl\/","title":{"rendered":"Gitarrenkonzert Nikolas G\u00f6hl"},"content":{"rendered":"<h1 class=\"moz-quote-pre\">Gitarrenkonzert<\/h1>\n<p class=\"moz-quote-pre\">Freitag, 19. Mai 2023<br \/>\n18:15 Veranstaltungsraum<\/p>\n<p><a href=\"http:\/\/www.pro-vo.at\/wp-content\/uploads\/2023\/05\/Foto-Konzert.jpg\" data-rel=\"lightbox-gallery-ldMLMda9\" data-rl_title=\"Foto Konzert\" data-rl_caption=\"\" title=\"Foto Konzert\"><img loading=\"lazy\" decoding=\"async\" class=\"alignleft wp-image-5781 size-thumbnail\" src=\"http:\/\/www.pro-vo.at\/wp-content\/uploads\/2023\/05\/Foto-Konzert-150x103.jpg\" alt=\"\" width=\"150\" height=\"103\" srcset=\"https:\/\/www.pro-vo.at\/wp-content\/uploads\/2023\/05\/Foto-Konzert-150x103.jpg 150w, https:\/\/www.pro-vo.at\/wp-content\/uploads\/2023\/05\/Foto-Konzert-300x205.jpg 300w, https:\/\/www.pro-vo.at\/wp-content\/uploads\/2023\/05\/Foto-Konzert.jpg 631w\" sizes=\"auto, (max-width: 150px) 100vw, 150px\" \/><\/a><\/p>\n<p class=\"moz-quote-pre\"><strong><\/p>\n<p>Nikolas G\u00f6hl <\/strong>spielt Werke von<\/p>\n<p>Johann Sebastian Bach<br \/>\nFernando Sor<br \/>\nJohann Kaspar Mertz<br \/>\nJuli\u00e1n Arcas<\/p>\n<p>Der Eintritt ist frei!<\/p>\n<p>&nbsp;<\/p>\n<p><a href=\"http:\/\/www.pro-vo.at\/index.php\/chronik\/\">Zur\u00fcck zur Chronik<\/a><\/p>\n","protected":false},"excerpt":{"rendered":"<p>Gitarrenkonzert Freitag, 19. Mai 2023 18:15 Veranstaltungsraum Nikolas G\u00f6hl spielt Werke von Johann Sebastian Bach Fernando Sor Johann Kaspar Mertz Juli\u00e1n Arcas Der Eintritt ist frei! &nbsp; Zur\u00fcck zur Chronik<\/p>\n","protected":false},"author":1,"featured_media":0,"parent":0,"menu_order":0,"comment_status":"closed","ping_status":"closed","template":"","meta":{"footnotes":""},"class_list":["post-5774","page","type-page","status-publish"],"_links":{"self":[{"href":"https:\/\/www.pro-vo.at\/index.php\/wp-json\/wp\/v2\/pages\/5774","targetHints":{"allow":["GET"]}}],"collection":[{"href":"https:\/\/www.pro-vo.at\/index.php\/wp-json\/wp\/v2\/pages"}],"about":[{"href":"https:\/\/www.pro-vo.at\/index.php\/wp-json\/wp\/v2\/types\/page"}],"author":[{"embeddable":true,"href":"https:\/\/www.pro-vo.at\/index.php\/wp-json\/wp\/v2\/users\/1"}],"replies":[{"embeddable":true,"href":"https:\/\/www.pro-vo.at\/index.php\/wp-json\/wp\/v2\/comments?post=5774"}],"version-history":[{"count":4,"href":"https:\/\/www.pro-vo.at\/index.php\/wp-json\/wp\/v2\/pages\/5774\/revisions"}],"predecessor-version":[{"id":5783,"href":"https:\/\/www.pro-vo.at\/index.php\/wp-json\/wp\/v2\/pages\/5774\/revisions\/5783"}],"wp:attachment":[{"href":"https:\/\/www.pro-vo.at\/index.php\/wp-json\/wp\/v2\/media?parent=5774"}],"curies":[{"name":"wp","href":"https:\/\/api.w.org\/{rel}","templated":true}]}}