{"id":577,"date":"2017-07-24T09:17:47","date_gmt":"2017-07-24T09:17:47","guid":{"rendered":"http:\/\/www.pro-vo.at\/?page_id=577"},"modified":"2025-12-18T07:53:05","modified_gmt":"2025-12-18T07:53:05","slug":"instrumentalkurs-fuer-kind-und-erwachsene-begleitperson","status":"publish","type":"page","link":"https:\/\/www.pro-vo.at\/index.php\/kurse\/instrumentalkurs-fuer-kind-und-erwachsene-begleitperson\/","title":{"rendered":"instrumentalkurs &#8211; kind + begleitperson"},"content":{"rendered":"<h1>Instrumentalkurs f\u00fcr Kind und erwachsene Begleitperson<\/h1>\n<p>Die pro-vo hat ein besonderes Angebot f\u00fcr Familien:<\/p>\n<p>Sie lernen gemeinsam mit Ihrem Kind ein Instrument.<br \/>\nSie erarbeiten Duette, Spielst\u00fccke, Lieder f\u00fcr besondere Anl\u00e4sse (z.B. Geburtstage, Familienfeiern, Advent, Weihnachten&#8230;) und erlangen dabei auch allgemeine Kenntnisse der Musiktheorie (Notation, ect.), und vor Allem:<br \/>\nSie musizieren gemeinsam mit Ihrem Kind!<\/p>\n<p>Es stehen verschiedene Instrumente und\u00a0 Kombinationsm\u00f6glichkeiten zur Auswahl:<\/p>\n<ul>\n<li>Blockfl\u00f6te &#8211; Blockfl\u00f6te (verschiedene Fl\u00f6ten kombinierbar)<\/li>\n<li>Klavier &#8211; Blockfl\u00f6te<\/li>\n<li>Gitarre &#8211; Gitarre<\/li>\n<li>Klavier &#8211; Klavier<\/li>\n<\/ul>\n<p><strong>Teilnehmer:<\/strong><br \/>\nF\u00fcr Kind und Mutter (oder Vater, Omi, Opa, Tante,&#8230;) !<\/p>\n<p><strong>Termine:<\/strong><br \/>\nDer Unterricht kann w\u00f6chentlich oder vierzehnt\u00e4gig erfolgen.<br \/>\nIndividuelle Terminvereinbarung<\/p>\n<p><strong>Anmeldung:<\/strong><br \/>\nper Mail an <a href=\"mailto:info@pro-vo.at\">info@pro-vo.at<\/a><\/p>\n","protected":false},"excerpt":{"rendered":"<p>Instrumentalkurs f\u00fcr Kind und erwachsene Begleitperson Die pro-vo hat ein besonderes Angebot f\u00fcr Familien: Sie lernen gemeinsam mit Ihrem Kind ein Instrument. Sie erarbeiten Duette, Spielst\u00fccke, Lieder f\u00fcr besondere Anl\u00e4sse (z.B. Geburtstage, Familienfeiern, Advent, Weihnachten&#8230;) und erlangen dabei auch allgemeine Kenntnisse der Musiktheorie (Notation, ect.), und vor Allem: Sie musizieren gemeinsam mit Ihrem Kind! Es &#8230; <a title=\"instrumentalkurs &#8211; kind + begleitperson\" class=\"read-more\" href=\"https:\/\/www.pro-vo.at\/index.php\/kurse\/instrumentalkurs-fuer-kind-und-erwachsene-begleitperson\/\" aria-label=\"Mehr Informationen \u00fcber instrumentalkurs &#8211; kind + begleitperson\">Weiterlesen<\/a><\/p>\n","protected":false},"author":2,"featured_media":0,"parent":642,"menu_order":7,"comment_status":"closed","ping_status":"closed","template":"","meta":{"footnotes":""},"class_list":["post-577","page","type-page","status-publish"],"_links":{"self":[{"href":"https:\/\/www.pro-vo.at\/index.php\/wp-json\/wp\/v2\/pages\/577","targetHints":{"allow":["GET"]}}],"collection":[{"href":"https:\/\/www.pro-vo.at\/index.php\/wp-json\/wp\/v2\/pages"}],"about":[{"href":"https:\/\/www.pro-vo.at\/index.php\/wp-json\/wp\/v2\/types\/page"}],"author":[{"embeddable":true,"href":"https:\/\/www.pro-vo.at\/index.php\/wp-json\/wp\/v2\/users\/2"}],"replies":[{"embeddable":true,"href":"https:\/\/www.pro-vo.at\/index.php\/wp-json\/wp\/v2\/comments?post=577"}],"version-history":[{"count":7,"href":"https:\/\/www.pro-vo.at\/index.php\/wp-json\/wp\/v2\/pages\/577\/revisions"}],"predecessor-version":[{"id":6791,"href":"https:\/\/www.pro-vo.at\/index.php\/wp-json\/wp\/v2\/pages\/577\/revisions\/6791"}],"up":[{"embeddable":true,"href":"https:\/\/www.pro-vo.at\/index.php\/wp-json\/wp\/v2\/pages\/642"}],"wp:attachment":[{"href":"https:\/\/www.pro-vo.at\/index.php\/wp-json\/wp\/v2\/media?parent=577"}],"curies":[{"name":"wp","href":"https:\/\/api.w.org\/{rel}","templated":true}]}}