{"id":5193,"date":"2021-11-03T06:36:20","date_gmt":"2021-11-03T06:36:20","guid":{"rendered":"http:\/\/www.pro-vo.at\/?page_id=5193"},"modified":"2021-11-20T19:17:36","modified_gmt":"2021-11-20T19:17:36","slug":"arthur-zuschin","status":"publish","type":"page","link":"https:\/\/www.pro-vo.at\/index.php\/lehrer\/arthur-zuschin\/","title":{"rendered":"arthur zuschin"},"content":{"rendered":"<h1>Arthur Zuschin<br \/>\n<img loading=\"lazy\" decoding=\"async\" class=\"alignnone wp-image-5238 size-thumbnail\" src=\"http:\/\/www.pro-vo.at\/wp-content\/uploads\/2021\/11\/Arthur-02-103x150.jpg\" alt=\"\" width=\"103\" height=\"150\" srcset=\"https:\/\/www.pro-vo.at\/wp-content\/uploads\/2021\/11\/Arthur-02-103x150.jpg 103w, https:\/\/www.pro-vo.at\/wp-content\/uploads\/2021\/11\/Arthur-02-206x300.jpg 206w, https:\/\/www.pro-vo.at\/wp-content\/uploads\/2021\/11\/Arthur-02.jpg 283w\" sizes=\"auto, (max-width: 103px) 100vw, 103px\" \/><\/h1>\n<p>Gitarre<\/p>\n<p>&nbsp;<\/p>\n<p>Geboren 1997 in Wien<\/p>\n<p>2011-2015<br \/>\nGitarreunterricht am Org der Franziskanerinnen V\u00f6cklabruck bei Hemma Oberleithner<\/p>\n<p>2015<br \/>\nMatura mit Nebenfach Gitarre<\/p>\n<p>2015-2020<br \/>\nStudium der Musikwissenschaft (Bachelor 2020)<\/p>\n<p>2016-2017<br \/>\nUnterricht bei Melitta Heinzmann<\/p>\n<p>Seit 2017<br \/>\nStudium der Instrumental- und Gesangsp\u00e4dagogik klassische Gitarre<br \/>\nan der MDW bei Melitta Heinzmann und Gonzalo Manrique.<\/p>\n<p>Zweitinstrument Populargitarre bei Wolfgang Peidelstein.<\/p>\n<p>Unterrichtskonzept<\/p>\n<p>Beim Unterrichten ber\u00fccksichtige ich die W\u00fcnsche und Bed\u00fcrfnisse der Sch\u00fclerinnen und Sch\u00fcler und schreibe Arrangements in verschiedenen Stilen und Schwierigkeitsstufen.<br \/>\nDas Singen sehe ich als Schl\u00fcssel zum Selbstverst\u00e4ndlichen in der Musik &#8211;<br \/>\naber auch als spielerischer Weg zum Erlernen eines musikalischen Geh\u00f6rs.<\/p>\n<p>Es soll kein Druck entstehen und vor allem Freude an der Musik vermittelt werden.<\/p>\n<p>&nbsp;<\/p>\n<p><a href=\"http:\/\/www.pro-vo.at\/index.php\/lehrer\/\">Zur\u00fcck zum Team<\/a><\/p>\n","protected":false},"excerpt":{"rendered":"<p>Arthur Zuschin Gitarre &nbsp; Geboren 1997 in Wien 2011-2015 Gitarreunterricht am Org der Franziskanerinnen V\u00f6cklabruck bei Hemma Oberleithner 2015 Matura mit Nebenfach Gitarre 2015-2020 Studium der Musikwissenschaft (Bachelor 2020) 2016-2017 Unterricht bei Melitta Heinzmann Seit 2017 Studium der Instrumental- und Gesangsp\u00e4dagogik klassische Gitarre an der MDW bei Melitta Heinzmann und Gonzalo Manrique. Zweitinstrument Populargitarre bei &#8230; <a title=\"arthur zuschin\" class=\"read-more\" href=\"https:\/\/www.pro-vo.at\/index.php\/lehrer\/arthur-zuschin\/\" aria-label=\"Mehr Informationen \u00fcber arthur zuschin\">Weiterlesen<\/a><\/p>\n","protected":false},"author":1,"featured_media":0,"parent":26,"menu_order":0,"comment_status":"closed","ping_status":"closed","template":"","meta":{"footnotes":""},"class_list":["post-5193","page","type-page","status-publish"],"_links":{"self":[{"href":"https:\/\/www.pro-vo.at\/index.php\/wp-json\/wp\/v2\/pages\/5193","targetHints":{"allow":["GET"]}}],"collection":[{"href":"https:\/\/www.pro-vo.at\/index.php\/wp-json\/wp\/v2\/pages"}],"about":[{"href":"https:\/\/www.pro-vo.at\/index.php\/wp-json\/wp\/v2\/types\/page"}],"author":[{"embeddable":true,"href":"https:\/\/www.pro-vo.at\/index.php\/wp-json\/wp\/v2\/users\/1"}],"replies":[{"embeddable":true,"href":"https:\/\/www.pro-vo.at\/index.php\/wp-json\/wp\/v2\/comments?post=5193"}],"version-history":[{"count":11,"href":"https:\/\/www.pro-vo.at\/index.php\/wp-json\/wp\/v2\/pages\/5193\/revisions"}],"predecessor-version":[{"id":5239,"href":"https:\/\/www.pro-vo.at\/index.php\/wp-json\/wp\/v2\/pages\/5193\/revisions\/5239"}],"up":[{"embeddable":true,"href":"https:\/\/www.pro-vo.at\/index.php\/wp-json\/wp\/v2\/pages\/26"}],"wp:attachment":[{"href":"https:\/\/www.pro-vo.at\/index.php\/wp-json\/wp\/v2\/media?parent=5193"}],"curies":[{"name":"wp","href":"https:\/\/api.w.org\/{rel}","templated":true}]}}