{"id":4875,"date":"2020-07-11T15:26:48","date_gmt":"2020-07-11T15:26:48","guid":{"rendered":"http:\/\/www.pro-vo.at\/?page_id=4875"},"modified":"2020-12-22T05:40:09","modified_gmt":"2020-12-22T05:40:09","slug":"sommerfestival-2020-ersatzprogramm","status":"publish","type":"page","link":"https:\/\/www.pro-vo.at\/index.php\/videos\/sommerfestival-2020-ersatzprogramm\/","title":{"rendered":"Sommerfestival 2020 Ersatzprogramm"},"content":{"rendered":"<p>Da im Jahr 2020 coronabedingt kein Sommerfestival in der pro-vo stattfinden konnte,<br \/>\nhaben einige Sch\u00fcler zum Schulschluss Videos aufgenommen.<\/p>\n<p>&nbsp;<\/p>\n<p>Friederike &#8211; Kasi Mambo<iframe loading=\"lazy\" src=\"https:\/\/www.youtube.com\/embed\/x3ZkAhcFP9U\" width=\"1173\" height=\"660\" frameborder=\"0\" allowfullscreen=\"allowfullscreen\"><\/iframe><\/p>\n<p>&nbsp;<\/p>\n<p>Valentina\u00a0<iframe loading=\"lazy\" src=\"https:\/\/www.youtube.com\/embed\/AVWaqsQkXPY\" width=\"1173\" height=\"660\" frameborder=\"0\" allowfullscreen=\"allowfullscreen\"><\/iframe><\/p>\n<p>Stella &#8211; Der T\u00e4nzer<br \/>\n<iframe loading=\"lazy\" src=\"https:\/\/www.youtube.com\/embed\/eKsXmYjYs5Q\" width=\"1173\" height=\"660\" frameborder=\"0\" allowfullscreen=\"allowfullscreen\"><\/iframe><\/p>\n<p>Nikolas &#8211; Gr\u00fcn, gr\u00fcn, gr\u00fcn<br \/>\n<iframe loading=\"lazy\" src=\"https:\/\/www.youtube.com\/embed\/7mzXN9ULP5k\" width=\"1173\" height=\"645\" frameborder=\"0\" allowfullscreen=\"allowfullscreen\"><\/iframe><\/p>\n<p>Lucia &#8211; Romanza<br \/>\n<iframe loading=\"lazy\" src=\"https:\/\/www.youtube.com\/embed\/p0tmCwzfcjk\" width=\"1173\" height=\"660\" frameborder=\"0\" allowfullscreen=\"allowfullscreen\"><\/iframe><\/p>\n<p>&nbsp;<\/p>\n<p>Charlotte &#8211; H\u00e4nsel und Gretel<br \/>\n<iframe loading=\"lazy\" src=\"https:\/\/www.youtube.com\/embed\/bvadCx_Detg\" width=\"1173\" height=\"664\" frameborder=\"0\" allowfullscreen=\"allowfullscreen\"><\/iframe><\/p>\n<p>&nbsp;<\/p>\n<p>Inga und Franzi &#8211; Aramsamsam<br \/>\n<iframe loading=\"lazy\" src=\"https:\/\/www.youtube.com\/embed\/mKDhfsUn8eU\" width=\"1173\" height=\"660\" frameborder=\"0\" allowfullscreen=\"allowfullscreen\"><\/iframe><\/p>\n<p>&nbsp;<\/p>\n<p>Anna &#8211; Vals<br \/>\n<iframe loading=\"lazy\" src=\"https:\/\/www.youtube.com\/embed\/f1wCS9n2ot4\" width=\"1173\" height=\"660\" frameborder=\"0\" allowfullscreen=\"allowfullscreen\"><\/iframe><\/p>\n<p>&nbsp;<\/p>\n<p>Inga und Franzi &#8211; Fuchs, du hast die Gans gestohlen<br \/>\n<iframe loading=\"lazy\" src=\"https:\/\/www.youtube.com\/embed\/ZdbboR5mCfE\" width=\"1173\" height=\"660\" frameborder=\"0\" allowfullscreen=\"allowfullscreen\"><\/iframe><\/p>\n<p>&nbsp;<\/p>\n<p>Lucia &#8211; Aura lee<br \/>\n<iframe loading=\"lazy\" src=\"https:\/\/www.youtube.com\/embed\/2D50rPPez7s\" width=\"1173\" height=\"660\" frameborder=\"0\" allowfullscreen=\"allowfullscreen\"><\/iframe><\/p>\n<p>&nbsp;<\/p>\n<p>Inga und Franzi &#8211; Ich geh mit meiner Laterne<br \/>\n<iframe loading=\"lazy\" src=\"https:\/\/www.youtube.com\/embed\/VNbfIsUtvkY\" width=\"1173\" height=\"660\" frameborder=\"0\" allowfullscreen=\"allowfullscreen\"><\/iframe><\/p>\n<p>Emil und Helfried &#8211; Percussion<\/p>\n<p><iframe loading=\"lazy\" width=\"1200\" height=\"675\" src=\"https:\/\/www.youtube.com\/embed\/a7y2zqyKf_A?feature=oembed\" frameborder=\"0\" allow=\"accelerometer; autoplay; clipboard-write; encrypted-media; gyroscope; picture-in-picture\" allowfullscreen><\/iframe><\/p>\n","protected":false},"excerpt":{"rendered":"<p>Da im Jahr 2020 coronabedingt kein Sommerfestival in der pro-vo stattfinden konnte, haben einige Sch\u00fcler zum Schulschluss Videos aufgenommen. &nbsp; Friederike &#8211; Kasi Mambo &nbsp; Valentina\u00a0 Stella &#8211; Der T\u00e4nzer Nikolas &#8211; Gr\u00fcn, gr\u00fcn, gr\u00fcn Lucia &#8211; Romanza &nbsp; Charlotte &#8211; H\u00e4nsel und Gretel &nbsp; Inga und Franzi &#8211; Aramsamsam &nbsp; Anna &#8211; Vals &nbsp; &#8230; <a title=\"Sommerfestival 2020 Ersatzprogramm\" class=\"read-more\" href=\"https:\/\/www.pro-vo.at\/index.php\/videos\/sommerfestival-2020-ersatzprogramm\/\" aria-label=\"Mehr Informationen \u00fcber Sommerfestival 2020 Ersatzprogramm\">Weiterlesen<\/a><\/p>\n","protected":false},"author":1,"featured_media":0,"parent":24,"menu_order":0,"comment_status":"closed","ping_status":"closed","template":"","meta":{"footnotes":""},"class_list":["post-4875","page","type-page","status-publish"],"_links":{"self":[{"href":"https:\/\/www.pro-vo.at\/index.php\/wp-json\/wp\/v2\/pages\/4875","targetHints":{"allow":["GET"]}}],"collection":[{"href":"https:\/\/www.pro-vo.at\/index.php\/wp-json\/wp\/v2\/pages"}],"about":[{"href":"https:\/\/www.pro-vo.at\/index.php\/wp-json\/wp\/v2\/types\/page"}],"author":[{"embeddable":true,"href":"https:\/\/www.pro-vo.at\/index.php\/wp-json\/wp\/v2\/users\/1"}],"replies":[{"embeddable":true,"href":"https:\/\/www.pro-vo.at\/index.php\/wp-json\/wp\/v2\/comments?post=4875"}],"version-history":[{"count":12,"href":"https:\/\/www.pro-vo.at\/index.php\/wp-json\/wp\/v2\/pages\/4875\/revisions"}],"predecessor-version":[{"id":5037,"href":"https:\/\/www.pro-vo.at\/index.php\/wp-json\/wp\/v2\/pages\/4875\/revisions\/5037"}],"up":[{"embeddable":true,"href":"https:\/\/www.pro-vo.at\/index.php\/wp-json\/wp\/v2\/pages\/24"}],"wp:attachment":[{"href":"https:\/\/www.pro-vo.at\/index.php\/wp-json\/wp\/v2\/media?parent=4875"}],"curies":[{"name":"wp","href":"https:\/\/api.w.org\/{rel}","templated":true}]}}