{"id":4861,"date":"2020-07-07T10:38:50","date_gmt":"2020-07-07T10:38:50","guid":{"rendered":"http:\/\/www.pro-vo.at\/?page_id=4861"},"modified":"2025-09-20T17:27:19","modified_gmt":"2025-09-20T17:27:19","slug":"kaoru-asayama","status":"publish","type":"page","link":"https:\/\/www.pro-vo.at\/index.php\/lehrer\/kaoru-asayama\/","title":{"rendered":"kaoru asayama"},"content":{"rendered":"<h1>Kaoru Asayama<\/h1>\n<p><a href=\"http:\/\/www.pro-vo.at\/wp-content\/uploads\/2020\/08\/2020-Foto-SW-small.jpg\" data-rel=\"lightbox-gallery-HhEw0Pdn\" data-rl_title=\"\" data-rl_caption=\"\" title=\"\"><img loading=\"lazy\" decoding=\"async\" class=\"alignnone wp-image-4897 size-thumbnail\" src=\"http:\/\/www.pro-vo.at\/wp-content\/uploads\/2020\/08\/2020-Foto-SW-small-124x150.jpg\" alt=\"\" width=\"124\" height=\"150\" srcset=\"https:\/\/www.pro-vo.at\/wp-content\/uploads\/2020\/08\/2020-Foto-SW-small-124x150.jpg 124w, https:\/\/www.pro-vo.at\/wp-content\/uploads\/2020\/08\/2020-Foto-SW-small-249x300.jpg 249w, https:\/\/www.pro-vo.at\/wp-content\/uploads\/2020\/08\/2020-Foto-SW-small.jpg 283w\" sizes=\"auto, (max-width: 124px) 100vw, 124px\" \/><\/a><\/p>\n<p>Violine<\/p>\n<p>Geboren in Kumamoto, Japan<\/p>\n<p>Kaoru Asayama studierte an der Toho Music University in Tokio,<br \/>\nam Wiener Konservatorium,<br \/>\nsowie Instrumentalp\u00e4dagogik an der Universit\u00e4t f\u00fcr Musik und darstellende Kunst in Wien.<br \/>\nSie nahm Unterricht bei Prof. T. Tokunaga,<br \/>\nS. Ishii, T. Hornig, A. Winokurov und R. Randacher.<\/p>\n<p>Als Solistin trat sie mit dem Iasi Moldova Philharmonic Orchester in Rum\u00e4nien auf,<br \/>\nweitere Engagements f\u00fchrten sie zu verschiedenen Orchestern und Kammermusik-Ensembles,<br \/>\nwie der Beethoven Philharmonie und der Sommer Oper im Stift Klosterneuburg, \u00d6sterreich.<\/p>\n<p>Als Tango-Geigerin tourt sie mit dem Ensemble Twango durch Europa und Asien<br \/>\nund ist bei der Vienna Tango Music Akademie (ViTa MusicA) als Dozentin t\u00e4tig.<br \/>\nSie ist Mitglied des Austrian Suzuki Institute of Music und<br \/>\nunterrichtet als Geigenlehrerin Sch\u00fclerinnen und Sch\u00fcler aller Altersgruppen.<\/p>\n<p>&nbsp;<\/p>\n<p><a href=\"http:\/\/www.pro-vo.at\/index.php\/lehrer\/\">Zur\u00fcck zum Team<\/a><\/p>\n","protected":false},"excerpt":{"rendered":"<p>Kaoru Asayama Violine Geboren in Kumamoto, Japan Kaoru Asayama studierte an der Toho Music University in Tokio, am Wiener Konservatorium, sowie Instrumentalp\u00e4dagogik an der Universit\u00e4t f\u00fcr Musik und darstellende Kunst in Wien. Sie nahm Unterricht bei Prof. T. Tokunaga, S. Ishii, T. Hornig, A. Winokurov und R. Randacher. Als Solistin trat sie mit dem Iasi &#8230; <a title=\"kaoru asayama\" class=\"read-more\" href=\"https:\/\/www.pro-vo.at\/index.php\/lehrer\/kaoru-asayama\/\" aria-label=\"Mehr Informationen \u00fcber kaoru asayama\">Weiterlesen<\/a><\/p>\n","protected":false},"author":1,"featured_media":0,"parent":26,"menu_order":0,"comment_status":"closed","ping_status":"closed","template":"","meta":{"footnotes":""},"class_list":["post-4861","page","type-page","status-publish"],"_links":{"self":[{"href":"https:\/\/www.pro-vo.at\/index.php\/wp-json\/wp\/v2\/pages\/4861","targetHints":{"allow":["GET"]}}],"collection":[{"href":"https:\/\/www.pro-vo.at\/index.php\/wp-json\/wp\/v2\/pages"}],"about":[{"href":"https:\/\/www.pro-vo.at\/index.php\/wp-json\/wp\/v2\/types\/page"}],"author":[{"embeddable":true,"href":"https:\/\/www.pro-vo.at\/index.php\/wp-json\/wp\/v2\/users\/1"}],"replies":[{"embeddable":true,"href":"https:\/\/www.pro-vo.at\/index.php\/wp-json\/wp\/v2\/comments?post=4861"}],"version-history":[{"count":5,"href":"https:\/\/www.pro-vo.at\/index.php\/wp-json\/wp\/v2\/pages\/4861\/revisions"}],"predecessor-version":[{"id":6678,"href":"https:\/\/www.pro-vo.at\/index.php\/wp-json\/wp\/v2\/pages\/4861\/revisions\/6678"}],"up":[{"embeddable":true,"href":"https:\/\/www.pro-vo.at\/index.php\/wp-json\/wp\/v2\/pages\/26"}],"wp:attachment":[{"href":"https:\/\/www.pro-vo.at\/index.php\/wp-json\/wp\/v2\/media?parent=4861"}],"curies":[{"name":"wp","href":"https:\/\/api.w.org\/{rel}","templated":true}]}}