{"id":4764,"date":"2020-02-29T15:18:49","date_gmt":"2020-02-29T15:18:49","guid":{"rendered":"http:\/\/www.pro-vo.at\/?page_id=4764"},"modified":"2020-03-01T14:39:18","modified_gmt":"2020-03-01T14:39:18","slug":"schuelerkonzert-violine-und-gitarre","status":"publish","type":"page","link":"https:\/\/www.pro-vo.at\/index.php\/schuelerkonzert-violine-und-gitarre\/","title":{"rendered":"Sch\u00fclerkonzert Violine und Gitarre"},"content":{"rendered":"<h1>Sch\u00fclerkonzert Violine und Gitarre<\/h1>\n<p>Konzert der Klassen<br \/>\n<strong>Maria M. Pawlikowska und Nikolas G\u00f6hl<\/strong><br \/>\nSamstag, 29.02.2020<br \/>\n17:00 Uhr<\/p>\n<p><a href=\"http:\/\/www.pro-vo.at\/wp-content\/uploads\/2020\/02\/Foto-04-neu.jpg\" data-rel=\"lightbox-gallery-Xwn4gCw0\" data-rl_title=\"Foto 04 neu\" data-rl_caption=\"\" title=\"Foto 04 neu\"><img loading=\"lazy\" decoding=\"async\" class=\"alignnone size-thumbnail wp-image-4775\" src=\"http:\/\/www.pro-vo.at\/wp-content\/uploads\/2020\/02\/Foto-04-neu-150x72.jpg\" alt=\"\" width=\"150\" height=\"72\" srcset=\"https:\/\/www.pro-vo.at\/wp-content\/uploads\/2020\/02\/Foto-04-neu-150x72.jpg 150w, https:\/\/www.pro-vo.at\/wp-content\/uploads\/2020\/02\/Foto-04-neu-300x144.jpg 300w, https:\/\/www.pro-vo.at\/wp-content\/uploads\/2020\/02\/Foto-04-neu-768x368.jpg 768w, https:\/\/www.pro-vo.at\/wp-content\/uploads\/2020\/02\/Foto-04-neu.jpg 850w\" sizes=\"auto, (max-width: 150px) 100vw, 150px\" \/><\/a><br \/>\n<a href=\"http:\/\/www.pro-vo.at\/wp-content\/uploads\/2020\/02\/Foto-06-neu.jpg\" data-rel=\"lightbox-gallery-Xwn4gCw0\" data-rl_title=\"Foto 06 neu\" data-rl_caption=\"\" title=\"Foto 06 neu\"><img loading=\"lazy\" decoding=\"async\" class=\"alignnone size-thumbnail wp-image-4778\" src=\"http:\/\/www.pro-vo.at\/wp-content\/uploads\/2020\/02\/Foto-06-neu-150x72.jpg\" alt=\"\" width=\"150\" height=\"72\" srcset=\"https:\/\/www.pro-vo.at\/wp-content\/uploads\/2020\/02\/Foto-06-neu-150x72.jpg 150w, https:\/\/www.pro-vo.at\/wp-content\/uploads\/2020\/02\/Foto-06-neu-300x143.jpg 300w, https:\/\/www.pro-vo.at\/wp-content\/uploads\/2020\/02\/Foto-06-neu.jpg 709w\" sizes=\"auto, (max-width: 150px) 100vw, 150px\" \/><\/a><\/p>\n<p>Das Programm:<\/p>\n<p><strong>Hannah<\/strong> &#8211; Der schlafende B\u00e4r\u00a0\u00a0 \u00a0\u00a0\u00a0 D. Ungerank<\/p>\n<p><strong>Sophie<\/strong> &#8211; Treppe steigen\u00a0\u00a0 \u00a0\u00a0 A. Holzer-Rhomberg<br \/>\nJetzt fang ich an \u00a0\u00a0\u00a0 A. Holzer-Rhomberg<\/p>\n<p><strong>Helena<\/strong> &#8211; \u00dcber fernen Bergen\u00a0\u00a0 \u00a0\u00a0 Anonym<br \/>\nAndantino \u00a0\u00a0\u00a0 \u00a0\u00a0\u00a0\u00a0\u00a0\u00a0\u00a0\u00a0\u00a0\u00a0\u00a0\u00a0\u00a0\u00a0\u00a0 M. Carcassi<\/p>\n<p><strong>Emilia<\/strong> &#8211; Rinaldo Ringerlwurm\u00a0\u00a0 A. H. Rhomberg<br \/>\nTrixis Tango\u00a0\u00a0\u00a0\u00a0A. H. Rhomberg<\/p>\n<p><strong>Adi<\/strong> &#8211; Chicago Blues\u00a0\u00a0\u00a0 \u00a0\u00a0 \u00a0\u00a0\u00a0\u00a0\u00a0\u00a0\u00a0 J. Wanders<\/p>\n<p><strong>Mia\u00a0<\/strong> &#8211; Zoolied\u00a0\u00a0\u00a0\u00a0 \u00a0\u00a0\u00a0\u00a0\u00a0\u00a0\u00a0\u00a0\u00a0\u00a0\u00a0\u00a0\u00a0\u00a0\u00a0\u00a0\u00a0\u00a0\u00a0\u00a0\u00a0 S. Suzuki<br \/>\nAllegretto\u00a0\u00a0\u00a0\u00a0 S. Suzuki<\/p>\n<p><strong>Marina<\/strong> &#8211; Andantino mosso\u00a0\u00a0 \u00a0\u00a0\u00a0\u00a0\u00a0\u00a0 M. Carcassi<\/p>\n<p><strong>Julian<\/strong> &#8211; Wenn es Abend wird\u00a0\u00a0 A. H. Rhomberg<br \/>\nWiegenlied\u00a0\u00a0\u00a0 A. H. Rhomberg<\/p>\n<p><strong>Stela<\/strong> &#8211; Bad Guy\u00a0\u00a0\u00a0 \u00a0\u00a0\u00a0\u00a0\u00a0\u00a0\u00a0\u00a0\u00a0\u00a0\u00a0\u00a0\u00a0\u00a0\u00a0\u00a0\u00a0\u00a0\u00a0\u00a0 B. Eilish<\/p>\n<p><strong>Aline<\/strong> &#8211; Valse Amusette\u00a0\u00a0 \u00a0\u00a0\u00a0\u00a0\u00a0\u00a0\u00a0\u00a0\u00a0 T. Thisserand<\/p>\n<p><strong>Nele<\/strong> &#8211; Walzer\u00a0\u00a0\u00a0\u00a0 Johannes Brahms<\/p>\n<p><strong>Albin<\/strong> &#8211; Allegretto \u00a0\u00a0\u00a0\u00a0\u00a0\u00a0\u00a0\u00a0\u00a0\u00a0\u00a0\u00a0\u00a0\u00a0\u00a0\u00a0\u00a0\u00a0\u00a0\u00a0 M. Carcassi<br \/>\nEt\u00fcde Nr. 1 \u00a0\u00a0\u00a0\u00a0\u00a0\u00a0\u00a0\u00a0\u00a0\u00a0\u00a0\u00a0\u00a0\u00a0\u00a0\u00a0\u00a0\u00a0\u00a0\u00a0\u00a0\u00a0 L. Brouwer<\/p>\n<p><strong>Hannah\u00a0<\/strong> &#8211; Siciliano Larghetto \u00a0\u00a0\u00a0\u00a0\u00a0\u00a0 F. Kuechler<br \/>\n*Severin Chen, Klavier Allegro Assai<br \/>\naus dem Violin-Concerto D-Dur, Op.15<\/p>\n<p><strong>Friederike\u00a0<\/strong> &#8211; Allegretto \u00a0\u00a0\u00a0\u00a0\u00a0\u00a0\u00a0\u00a0\u00a0\u00a0\u00a0\u00a0\u00a0\u00a0\u00a0\u00a0\u00a0\u00a0\u00a0\u00a0\u00a0 F. M. Knjze<\/p>\n<p><strong>Hannah<\/strong> &#8211; Sarabande in g-moll\u00a0\u00a0 \u00a0 C. Bohm<br \/>\n*Severin Chen, Klavier<\/p>\n<p><strong>Marina\u00a0<\/strong> &#8211; Das Leben in der kleinen H\u00fctte\u00a0\u00a0\u00a0\u00a0\u00a0 D. Ungerank<br \/>\n<strong>Stela\u00a0\u00a0\u00a0\u00a0\u00a0\u00a0\u00a0\u00a0\u00a0<\/strong><br \/>\n<strong>Aline<\/strong><br \/>\n<strong>Friederike<\/strong><\/p>\n<p>&nbsp;<\/p>\n<p><a href=\"http:\/\/www.pro-vo.at\/index.php\/chronik\/\">Zur\u00fcck zur Chronik<\/a><\/p>\n","protected":false},"excerpt":{"rendered":"<p>Sch\u00fclerkonzert Violine und Gitarre Konzert der Klassen Maria M. Pawlikowska und Nikolas G\u00f6hl Samstag, 29.02.2020 17:00 Uhr Das Programm: Hannah &#8211; Der schlafende B\u00e4r\u00a0\u00a0 \u00a0\u00a0\u00a0 D. Ungerank Sophie &#8211; Treppe steigen\u00a0\u00a0 \u00a0\u00a0 A. Holzer-Rhomberg Jetzt fang ich an \u00a0\u00a0\u00a0 A. Holzer-Rhomberg Helena &#8211; \u00dcber fernen Bergen\u00a0\u00a0 \u00a0\u00a0 Anonym Andantino \u00a0\u00a0\u00a0 \u00a0\u00a0\u00a0\u00a0\u00a0\u00a0\u00a0\u00a0\u00a0\u00a0\u00a0\u00a0\u00a0\u00a0\u00a0 M. Carcassi Emilia &#8211; &#8230; <a title=\"Sch\u00fclerkonzert Violine und Gitarre\" class=\"read-more\" href=\"https:\/\/www.pro-vo.at\/index.php\/schuelerkonzert-violine-und-gitarre\/\" aria-label=\"Mehr Informationen \u00fcber Sch\u00fclerkonzert Violine und Gitarre\">Weiterlesen<\/a><\/p>\n","protected":false},"author":1,"featured_media":0,"parent":0,"menu_order":0,"comment_status":"closed","ping_status":"closed","template":"","meta":{"footnotes":""},"class_list":["post-4764","page","type-page","status-publish"],"_links":{"self":[{"href":"https:\/\/www.pro-vo.at\/index.php\/wp-json\/wp\/v2\/pages\/4764","targetHints":{"allow":["GET"]}}],"collection":[{"href":"https:\/\/www.pro-vo.at\/index.php\/wp-json\/wp\/v2\/pages"}],"about":[{"href":"https:\/\/www.pro-vo.at\/index.php\/wp-json\/wp\/v2\/types\/page"}],"author":[{"embeddable":true,"href":"https:\/\/www.pro-vo.at\/index.php\/wp-json\/wp\/v2\/users\/1"}],"replies":[{"embeddable":true,"href":"https:\/\/www.pro-vo.at\/index.php\/wp-json\/wp\/v2\/comments?post=4764"}],"version-history":[{"count":6,"href":"https:\/\/www.pro-vo.at\/index.php\/wp-json\/wp\/v2\/pages\/4764\/revisions"}],"predecessor-version":[{"id":4779,"href":"https:\/\/www.pro-vo.at\/index.php\/wp-json\/wp\/v2\/pages\/4764\/revisions\/4779"}],"wp:attachment":[{"href":"https:\/\/www.pro-vo.at\/index.php\/wp-json\/wp\/v2\/media?parent=4764"}],"curies":[{"name":"wp","href":"https:\/\/api.w.org\/{rel}","templated":true}]}}