{"id":4636,"date":"2019-11-01T07:54:04","date_gmt":"2019-11-01T07:54:04","guid":{"rendered":"http:\/\/www.pro-vo.at\/?page_id=4636"},"modified":"2019-12-13T18:19:00","modified_gmt":"2019-12-13T18:19:00","slug":"advent-2019","status":"publish","type":"page","link":"https:\/\/www.pro-vo.at\/index.php\/chronik\/advent-2019\/","title":{"rendered":"Advent 2019"},"content":{"rendered":"<h2>Adventfeier 2019<\/h2>\n<p>Unsere Advenfeier findet am Montag, 9. Dezember 2019 um 15:30<br \/>\nim Pflegewohnheim Rudolfsheim-F\u00fcnfhaus, Kardinal Rauscherplatz 2, schr\u00e4g gegen\u00fcber der pro-vo, statt.<\/p>\n<p>Es musizieren Sch\u00fclerinnen und Sch\u00fcler, sowie Lehrerinnen und Lehrer der pro-vo und pr\u00e4sentieren ein vorweihnachtliches, besinnliches, aber auch heiteres Programm.<\/p>\n<p>Im Anschluss treffen wir uns im Hof der pro-vo zu einem gem\u00fctlichen Ausklang bei Punsch und vorweihnachtlichem Buffett.<br \/>\nDer Eintritt ist frei!<\/p>\n<p><a href=\"http:\/\/www.pro-vo.at\/wp-content\/uploads\/2019\/12\/001-1.jpg\" data-rel=\"lightbox-gallery-EoSDUgmZ\" data-rl_title=\"001\" data-rl_caption=\"\" title=\"001\"><img loading=\"lazy\" decoding=\"async\" class=\"alignnone size-thumbnail wp-image-4699\" src=\"http:\/\/www.pro-vo.at\/wp-content\/uploads\/2019\/12\/001-1-150x102.jpg\" alt=\"\" width=\"150\" height=\"102\" srcset=\"https:\/\/www.pro-vo.at\/wp-content\/uploads\/2019\/12\/001-1-150x102.jpg 150w, https:\/\/www.pro-vo.at\/wp-content\/uploads\/2019\/12\/001-1-300x204.jpg 300w, https:\/\/www.pro-vo.at\/wp-content\/uploads\/2019\/12\/001-1.jpg 567w\" sizes=\"auto, (max-width: 150px) 100vw, 150px\" \/><\/a> <a href=\"http:\/\/www.pro-vo.at\/wp-content\/uploads\/2019\/12\/002-1.jpg\" data-rel=\"lightbox-gallery-EoSDUgmZ\" data-rl_title=\"002\" data-rl_caption=\"\" title=\"002\"><img loading=\"lazy\" decoding=\"async\" class=\"alignnone size-thumbnail wp-image-4700\" src=\"http:\/\/www.pro-vo.at\/wp-content\/uploads\/2019\/12\/002-1-150x107.jpg\" alt=\"\" width=\"150\" height=\"107\" srcset=\"https:\/\/www.pro-vo.at\/wp-content\/uploads\/2019\/12\/002-1-150x107.jpg 150w, https:\/\/www.pro-vo.at\/wp-content\/uploads\/2019\/12\/002-1-300x215.jpg 300w, https:\/\/www.pro-vo.at\/wp-content\/uploads\/2019\/12\/002-1.jpg 567w\" sizes=\"auto, (max-width: 150px) 100vw, 150px\" \/><\/a> <a href=\"http:\/\/www.pro-vo.at\/wp-content\/uploads\/2019\/12\/003-1.jpg\" data-rel=\"lightbox-gallery-EoSDUgmZ\" data-rl_title=\"003\" data-rl_caption=\"\" title=\"003\"><img loading=\"lazy\" decoding=\"async\" class=\"alignnone size-thumbnail wp-image-4701\" src=\"http:\/\/www.pro-vo.at\/wp-content\/uploads\/2019\/12\/003-1-150x122.jpg\" alt=\"\" width=\"150\" height=\"122\" srcset=\"https:\/\/www.pro-vo.at\/wp-content\/uploads\/2019\/12\/003-1-150x122.jpg 150w, https:\/\/www.pro-vo.at\/wp-content\/uploads\/2019\/12\/003-1-300x245.jpg 300w, https:\/\/www.pro-vo.at\/wp-content\/uploads\/2019\/12\/003-1.jpg 567w\" sizes=\"auto, (max-width: 150px) 100vw, 150px\" \/><\/a><br \/>\n<a href=\"http:\/\/www.pro-vo.at\/wp-content\/uploads\/2019\/12\/004-1.jpg\" data-rel=\"lightbox-gallery-EoSDUgmZ\" data-rl_title=\"004\" data-rl_caption=\"\" title=\"004\"><img loading=\"lazy\" decoding=\"async\" class=\"alignnone size-thumbnail wp-image-4702\" src=\"http:\/\/www.pro-vo.at\/wp-content\/uploads\/2019\/12\/004-1-150x72.jpg\" alt=\"\" width=\"150\" height=\"72\" srcset=\"https:\/\/www.pro-vo.at\/wp-content\/uploads\/2019\/12\/004-1-150x72.jpg 150w, https:\/\/www.pro-vo.at\/wp-content\/uploads\/2019\/12\/004-1-300x143.jpg 300w, https:\/\/www.pro-vo.at\/wp-content\/uploads\/2019\/12\/004-1.jpg 567w\" sizes=\"auto, (max-width: 150px) 100vw, 150px\" \/><\/a> <a href=\"http:\/\/www.pro-vo.at\/wp-content\/uploads\/2019\/12\/005-1.jpg\" data-rel=\"lightbox-gallery-EoSDUgmZ\" data-rl_title=\"005\" data-rl_caption=\"\" title=\"005\"><img loading=\"lazy\" decoding=\"async\" class=\"alignnone size-thumbnail wp-image-4703\" src=\"http:\/\/www.pro-vo.at\/wp-content\/uploads\/2019\/12\/005-1-150x107.jpg\" alt=\"\" width=\"150\" height=\"107\" srcset=\"https:\/\/www.pro-vo.at\/wp-content\/uploads\/2019\/12\/005-1-150x107.jpg 150w, https:\/\/www.pro-vo.at\/wp-content\/uploads\/2019\/12\/005-1-300x214.jpg 300w, https:\/\/www.pro-vo.at\/wp-content\/uploads\/2019\/12\/005-1.jpg 567w\" sizes=\"auto, (max-width: 150px) 100vw, 150px\" \/><\/a> <a href=\"http:\/\/www.pro-vo.at\/wp-content\/uploads\/2019\/12\/006-1.jpg\" data-rel=\"lightbox-gallery-EoSDUgmZ\" data-rl_title=\"006\" data-rl_caption=\"\" title=\"006\"><img loading=\"lazy\" decoding=\"async\" class=\"alignnone size-thumbnail wp-image-4704\" src=\"http:\/\/www.pro-vo.at\/wp-content\/uploads\/2019\/12\/006-1-150x122.jpg\" alt=\"\" width=\"150\" height=\"122\" srcset=\"https:\/\/www.pro-vo.at\/wp-content\/uploads\/2019\/12\/006-1-150x122.jpg 150w, https:\/\/www.pro-vo.at\/wp-content\/uploads\/2019\/12\/006-1-300x244.jpg 300w, https:\/\/www.pro-vo.at\/wp-content\/uploads\/2019\/12\/006-1.jpg 567w\" sizes=\"auto, (max-width: 150px) 100vw, 150px\" \/><\/a><br \/>\n<a href=\"http:\/\/www.pro-vo.at\/wp-content\/uploads\/2019\/12\/007-1.jpg\" data-rel=\"lightbox-gallery-EoSDUgmZ\" data-rl_title=\"007\" data-rl_caption=\"\" title=\"007\"><img loading=\"lazy\" decoding=\"async\" class=\"alignnone size-thumbnail wp-image-4705\" src=\"http:\/\/www.pro-vo.at\/wp-content\/uploads\/2019\/12\/007-1-150x114.jpg\" alt=\"\" width=\"150\" height=\"114\" srcset=\"https:\/\/www.pro-vo.at\/wp-content\/uploads\/2019\/12\/007-1-150x114.jpg 150w, https:\/\/www.pro-vo.at\/wp-content\/uploads\/2019\/12\/007-1-300x228.jpg 300w, https:\/\/www.pro-vo.at\/wp-content\/uploads\/2019\/12\/007-1.jpg 567w\" sizes=\"auto, (max-width: 150px) 100vw, 150px\" \/><\/a> <a href=\"http:\/\/www.pro-vo.at\/wp-content\/uploads\/2019\/12\/008-1.jpg\" data-rel=\"lightbox-gallery-EoSDUgmZ\" data-rl_title=\"008\" data-rl_caption=\"\" title=\"008\"><img loading=\"lazy\" decoding=\"async\" class=\"alignnone size-thumbnail wp-image-4706\" src=\"http:\/\/www.pro-vo.at\/wp-content\/uploads\/2019\/12\/008-1-150x102.jpg\" alt=\"\" width=\"150\" height=\"102\" srcset=\"https:\/\/www.pro-vo.at\/wp-content\/uploads\/2019\/12\/008-1-150x102.jpg 150w, https:\/\/www.pro-vo.at\/wp-content\/uploads\/2019\/12\/008-1-300x203.jpg 300w, https:\/\/www.pro-vo.at\/wp-content\/uploads\/2019\/12\/008-1.jpg 567w\" sizes=\"auto, (max-width: 150px) 100vw, 150px\" \/><\/a> <a href=\"http:\/\/www.pro-vo.at\/wp-content\/uploads\/2019\/12\/009-1.jpg\" data-rel=\"lightbox-gallery-EoSDUgmZ\" data-rl_title=\"009\" data-rl_caption=\"\" title=\"009\"><img loading=\"lazy\" decoding=\"async\" class=\"alignnone size-thumbnail wp-image-4707\" src=\"http:\/\/www.pro-vo.at\/wp-content\/uploads\/2019\/12\/009-1-150x72.jpg\" alt=\"\" width=\"150\" height=\"72\" srcset=\"https:\/\/www.pro-vo.at\/wp-content\/uploads\/2019\/12\/009-1-150x72.jpg 150w, https:\/\/www.pro-vo.at\/wp-content\/uploads\/2019\/12\/009-1-300x143.jpg 300w, https:\/\/www.pro-vo.at\/wp-content\/uploads\/2019\/12\/009-1.jpg 567w\" sizes=\"auto, (max-width: 150px) 100vw, 150px\" \/><\/a><br \/>\n<a href=\"http:\/\/www.pro-vo.at\/wp-content\/uploads\/2019\/12\/010-1.jpg\" data-rel=\"lightbox-gallery-EoSDUgmZ\" data-rl_title=\"010\" data-rl_caption=\"\" title=\"010\"><img loading=\"lazy\" decoding=\"async\" class=\"alignnone size-thumbnail wp-image-4708\" src=\"http:\/\/www.pro-vo.at\/wp-content\/uploads\/2019\/12\/010-1-150x72.jpg\" alt=\"\" width=\"150\" height=\"72\" srcset=\"https:\/\/www.pro-vo.at\/wp-content\/uploads\/2019\/12\/010-1-150x72.jpg 150w, https:\/\/www.pro-vo.at\/wp-content\/uploads\/2019\/12\/010-1-300x143.jpg 300w, https:\/\/www.pro-vo.at\/wp-content\/uploads\/2019\/12\/010-1.jpg 567w\" sizes=\"auto, (max-width: 150px) 100vw, 150px\" \/><\/a> <a href=\"http:\/\/www.pro-vo.at\/wp-content\/uploads\/2019\/12\/011-1.jpg\" data-rel=\"lightbox-gallery-EoSDUgmZ\" data-rl_title=\"011\" data-rl_caption=\"\" title=\"011\"><img loading=\"lazy\" decoding=\"async\" class=\"alignnone size-thumbnail wp-image-4709\" src=\"http:\/\/www.pro-vo.at\/wp-content\/uploads\/2019\/12\/011-1-150x86.jpg\" alt=\"\" width=\"150\" height=\"86\" srcset=\"https:\/\/www.pro-vo.at\/wp-content\/uploads\/2019\/12\/011-1-150x86.jpg 150w, https:\/\/www.pro-vo.at\/wp-content\/uploads\/2019\/12\/011-1-300x172.jpg 300w, https:\/\/www.pro-vo.at\/wp-content\/uploads\/2019\/12\/011-1.jpg 567w\" sizes=\"auto, (max-width: 150px) 100vw, 150px\" \/><\/a> <a href=\"http:\/\/www.pro-vo.at\/wp-content\/uploads\/2019\/12\/012-1.jpg\" data-rel=\"lightbox-gallery-EoSDUgmZ\" data-rl_title=\"012\" data-rl_caption=\"\" title=\"012\"><img loading=\"lazy\" decoding=\"async\" class=\"alignnone size-thumbnail wp-image-4710\" src=\"http:\/\/www.pro-vo.at\/wp-content\/uploads\/2019\/12\/012-1-150x96.jpg\" alt=\"\" width=\"150\" height=\"96\" srcset=\"https:\/\/www.pro-vo.at\/wp-content\/uploads\/2019\/12\/012-1-150x96.jpg 150w, https:\/\/www.pro-vo.at\/wp-content\/uploads\/2019\/12\/012-1-300x191.jpg 300w, https:\/\/www.pro-vo.at\/wp-content\/uploads\/2019\/12\/012-1.jpg 567w\" sizes=\"auto, (max-width: 150px) 100vw, 150px\" \/><\/a><br \/>\n<a href=\"http:\/\/www.pro-vo.at\/wp-content\/uploads\/2019\/12\/013-1.jpg\" data-rel=\"lightbox-gallery-EoSDUgmZ\" data-rl_title=\"013\" data-rl_caption=\"\" title=\"013\"><img loading=\"lazy\" decoding=\"async\" class=\"alignnone size-thumbnail wp-image-4711\" src=\"http:\/\/www.pro-vo.at\/wp-content\/uploads\/2019\/12\/013-1-150x99.jpg\" alt=\"\" width=\"150\" height=\"99\" srcset=\"https:\/\/www.pro-vo.at\/wp-content\/uploads\/2019\/12\/013-1-150x99.jpg 150w, https:\/\/www.pro-vo.at\/wp-content\/uploads\/2019\/12\/013-1-300x199.jpg 300w, https:\/\/www.pro-vo.at\/wp-content\/uploads\/2019\/12\/013-1-272x182.jpg 272w, https:\/\/www.pro-vo.at\/wp-content\/uploads\/2019\/12\/013-1.jpg 567w\" sizes=\"auto, (max-width: 150px) 100vw, 150px\" \/><\/a> <a href=\"http:\/\/www.pro-vo.at\/wp-content\/uploads\/2019\/12\/014-1.jpg\" data-rel=\"lightbox-gallery-EoSDUgmZ\" data-rl_title=\"014\" data-rl_caption=\"\" title=\"014\"><img loading=\"lazy\" decoding=\"async\" class=\"alignnone size-thumbnail wp-image-4712\" src=\"http:\/\/www.pro-vo.at\/wp-content\/uploads\/2019\/12\/014-1-150x98.jpg\" alt=\"\" width=\"150\" height=\"98\" srcset=\"https:\/\/www.pro-vo.at\/wp-content\/uploads\/2019\/12\/014-1-150x98.jpg 150w, https:\/\/www.pro-vo.at\/wp-content\/uploads\/2019\/12\/014-1-300x196.jpg 300w, https:\/\/www.pro-vo.at\/wp-content\/uploads\/2019\/12\/014-1.jpg 567w\" sizes=\"auto, (max-width: 150px) 100vw, 150px\" \/><\/a> <a href=\"http:\/\/www.pro-vo.at\/wp-content\/uploads\/2019\/12\/015-1.jpg\" data-rel=\"lightbox-gallery-EoSDUgmZ\" data-rl_title=\"015\" data-rl_caption=\"\" title=\"015\"><img loading=\"lazy\" decoding=\"async\" class=\"alignnone size-thumbnail wp-image-4713\" src=\"http:\/\/www.pro-vo.at\/wp-content\/uploads\/2019\/12\/015-1-150x112.jpg\" alt=\"\" width=\"150\" height=\"112\" srcset=\"https:\/\/www.pro-vo.at\/wp-content\/uploads\/2019\/12\/015-1-150x112.jpg 150w, https:\/\/www.pro-vo.at\/wp-content\/uploads\/2019\/12\/015-1-300x224.jpg 300w, https:\/\/www.pro-vo.at\/wp-content\/uploads\/2019\/12\/015-1.jpg 567w\" sizes=\"auto, (max-width: 150px) 100vw, 150px\" \/><\/a><br \/>\n<a href=\"http:\/\/www.pro-vo.at\/wp-content\/uploads\/2019\/12\/016-1.jpg\" data-rel=\"lightbox-gallery-EoSDUgmZ\" data-rl_title=\"016\" data-rl_caption=\"\" title=\"016\"><img loading=\"lazy\" decoding=\"async\" class=\"alignnone size-thumbnail wp-image-4714\" src=\"http:\/\/www.pro-vo.at\/wp-content\/uploads\/2019\/12\/016-1-150x85.jpg\" alt=\"\" width=\"150\" height=\"85\" srcset=\"https:\/\/www.pro-vo.at\/wp-content\/uploads\/2019\/12\/016-1-150x85.jpg 150w, https:\/\/www.pro-vo.at\/wp-content\/uploads\/2019\/12\/016-1-300x170.jpg 300w, https:\/\/www.pro-vo.at\/wp-content\/uploads\/2019\/12\/016-1.jpg 567w\" sizes=\"auto, (max-width: 150px) 100vw, 150px\" \/><\/a> <a href=\"http:\/\/www.pro-vo.at\/wp-content\/uploads\/2019\/12\/017.jpg\" data-rel=\"lightbox-gallery-EoSDUgmZ\" data-rl_title=\"017\" data-rl_caption=\"\" title=\"017\"><img loading=\"lazy\" decoding=\"async\" class=\"alignnone size-thumbnail wp-image-4715\" src=\"http:\/\/www.pro-vo.at\/wp-content\/uploads\/2019\/12\/017-150x126.jpg\" alt=\"\" width=\"150\" height=\"126\" srcset=\"https:\/\/www.pro-vo.at\/wp-content\/uploads\/2019\/12\/017-150x126.jpg 150w, https:\/\/www.pro-vo.at\/wp-content\/uploads\/2019\/12\/017-300x252.jpg 300w, https:\/\/www.pro-vo.at\/wp-content\/uploads\/2019\/12\/017.jpg 567w\" sizes=\"auto, (max-width: 150px) 100vw, 150px\" \/><\/a> <a href=\"http:\/\/www.pro-vo.at\/wp-content\/uploads\/2019\/12\/018.jpg\" data-rel=\"lightbox-gallery-EoSDUgmZ\" data-rl_title=\"018\" data-rl_caption=\"\" title=\"018\"><img loading=\"lazy\" decoding=\"async\" class=\"alignnone size-thumbnail wp-image-4716\" src=\"http:\/\/www.pro-vo.at\/wp-content\/uploads\/2019\/12\/018-150x90.jpg\" alt=\"\" width=\"150\" height=\"90\" srcset=\"https:\/\/www.pro-vo.at\/wp-content\/uploads\/2019\/12\/018-150x90.jpg 150w, https:\/\/www.pro-vo.at\/wp-content\/uploads\/2019\/12\/018-300x179.jpg 300w, https:\/\/www.pro-vo.at\/wp-content\/uploads\/2019\/12\/018.jpg 567w\" sizes=\"auto, (max-width: 150px) 100vw, 150px\" \/><\/a><br \/>\n<a href=\"http:\/\/www.pro-vo.at\/wp-content\/uploads\/2019\/12\/019.jpg\" data-rel=\"lightbox-gallery-EoSDUgmZ\" data-rl_title=\"019\" data-rl_caption=\"\" title=\"019\"><img loading=\"lazy\" decoding=\"async\" class=\"alignnone size-thumbnail wp-image-4717\" src=\"http:\/\/www.pro-vo.at\/wp-content\/uploads\/2019\/12\/019-150x76.jpg\" alt=\"\" width=\"150\" height=\"76\" srcset=\"https:\/\/www.pro-vo.at\/wp-content\/uploads\/2019\/12\/019-150x76.jpg 150w, https:\/\/www.pro-vo.at\/wp-content\/uploads\/2019\/12\/019-300x151.jpg 300w, https:\/\/www.pro-vo.at\/wp-content\/uploads\/2019\/12\/019.jpg 567w\" sizes=\"auto, (max-width: 150px) 100vw, 150px\" \/><\/a> <a href=\"http:\/\/www.pro-vo.at\/wp-content\/uploads\/2019\/12\/020.jpg\" data-rel=\"lightbox-gallery-EoSDUgmZ\" data-rl_title=\"020\" data-rl_caption=\"\" title=\"020\"><img loading=\"lazy\" decoding=\"async\" class=\"alignnone size-thumbnail wp-image-4718\" src=\"http:\/\/www.pro-vo.at\/wp-content\/uploads\/2019\/12\/020-150x74.jpg\" alt=\"\" width=\"150\" height=\"74\" srcset=\"https:\/\/www.pro-vo.at\/wp-content\/uploads\/2019\/12\/020-150x74.jpg 150w, https:\/\/www.pro-vo.at\/wp-content\/uploads\/2019\/12\/020-300x149.jpg 300w, https:\/\/www.pro-vo.at\/wp-content\/uploads\/2019\/12\/020.jpg 709w\" sizes=\"auto, (max-width: 150px) 100vw, 150px\" \/><\/a><\/p>\n<p>Unser Programm:<\/p>\n<p><strong>Chiara<\/strong> (Klavier)\u00a0\u00a0 <strong>Anton <\/strong>(Blockfl\u00f6te)\u00a0\u00a0 <strong>Antonia<\/strong> (Blockfl\u00f6te)<br \/>\n<strong>Karla<\/strong> (Blockfl\u00f6te)\u00a0\u00a0 <strong>Rokas<\/strong> (Blockfl\u00f6te)\u00a0\u00a0 <strong>Julius<\/strong> (Blockfl\u00f6te)<br \/>\nRudolph the red nosed reindeer\u00a0\u00a0\u00a0\u00a0 Johnny Marks<\/p>\n<p><strong>Emilia<\/strong> (Violine)\u00a0 <strong>Konstantin<\/strong> (Violine)\u00a0\u00a0 <strong>Maximilian<\/strong> (Cello)<br \/>\nWe wish you a merry Christmas\u00a0\u00a0\u00a0\u00a0\u00a0\u00a0\u00a0\u00a0 Engl. Weihnachtslied<\/p>\n<p><strong>Stephanie<\/strong> (Saxophon)\u00a0\u00a0 <strong>Elisabeth<\/strong> (Saxophon)\u00a0\u00a0 <strong>Andrea<\/strong> (Saxophon)<br \/>\nEs ist ein Ros entsprungen<br \/>\nKling Gl\u00f6ckchen<\/p>\n<p><strong>Lia<\/strong> (Gesang)\u00a0\u00a0 <em>Mira Perusich (Klavier)<\/em><br \/>\nJingle Bells\u00a0\u00a0\u00a0\u00a0 James Lord Pierpont<\/p>\n<p><strong>Georg<\/strong> (Gitarre)\u00a0\u00a0\u00a0\u00a0\u00a0\u00a0\u00a0\u00a0 \u00a0\u00a0 <em>Chirstiam Jurado (Percussion<\/em>)<br \/>\n<em>Roland Saavedra (Gitarre)<br \/>\n<\/em>Leise rieselt der Schnee Eduard Ebel<\/p>\n<p><strong>Anna<\/strong> (Gitarre)\u00a0\u00a0 <strong>Nicole<\/strong> (Klavier)<br \/>\nGatatumba \u00a0\u00a0\u00a0\u00a0\u00a0Andalusisches Volkslied<\/p>\n<p><strong>Lucia<\/strong> (Gitarre)\u00a0 <em>Chirstiam Jurado (Percussion)<\/em><br \/>\n<em>Roland Saavedra (Gitarre)<br \/>\n<\/em>Nesta rua \u00a0\u00a0\u00a0\u00a0\u00a0aus Brasilien<\/p>\n<p><strong>Ella<\/strong> (Gesang)\u00a0\u00a0 <em>Mira Perusich (Klavier)<\/em><br \/>\nJingle Bell Rock\u00a0\u00a0\u00a0\u00a0\u00a0\u00a0\u00a0\u00a0 J. C. Beal\/ J. R. Boothe<\/p>\n<p><strong>Musa<\/strong> (Gitarre)\u00a0\u00a0 <strong>Stella<\/strong> (Gitarre) \u00a0\u00a0\u00a0\u00a0\u00a0\u00a0\u00a0 \u00a0<strong>Pia<\/strong> (Gitarre)\u00a0\u00a0 <strong>Philipp<\/strong> (Gitarre)<br \/>\n<strong>Aline<\/strong> (Gitarre)\u00a0\u00a0 <em>Magdalena Ley (Gitarre)\u00a0\u00a0 Roland Saavedra (Gitarre)<\/em>Se\u00f1ora do\u00f1a maria \u00a0\u00a0\u00a0\u00a0aus Chile<\/p>\n<p><strong>Daria<\/strong> (Gitarre) <strong>Musa<\/strong> (Gitarre) \u00a0<strong>Lucia<\/strong> (Gitarre)<br \/>\n<em>Magdalena Ley (Gitarre)\u00a0\u00a0 Roland Saavedra (Gitarre)<br \/>\n<\/em>Ni\u00f1o lindo \u00a0\u00a0\u00a0aus Venezuela<\/p>\n<p><strong>Stephanie<\/strong> (Gesang) \u00a0<strong>Simon<\/strong> (Bass) \u00a0\u00a0<strong>Musa<\/strong> (Gitarre)<br \/>\n<em>Harry Hammerer (Percussion)<br \/>\n<\/em>Imagine\u00a0\u00a0 John Lennon<\/p>\n<p><strong>Aline<\/strong> (Gitarre)\u00a0\u00a0 <strong>Marina<\/strong> (Gitarre)\u00a0\u00a0 <strong>Stela<\/strong> (Gitarre)\u00a0\u00a0 <strong>Friederike<\/strong> (Gitarre)<br \/>\nEngel singen Jubellieder \u00a0\u00a0\u00a0\u00a0aus Frankreich<\/p>\n<p><strong>Aline<\/strong> (Gitarre)\u00a0 <strong>Friederike<\/strong> (Gitarre)<br \/>\nHallelujah Leonard Cohen<\/p>\n<p><strong>Stephanie<\/strong> (Gesang)\u00a0\u00a0 <strong>Manuel<\/strong> (Gitarre)\u00a0\u00a0\u00a0 <strong>Simon<\/strong> (Bass)<br \/>\n<em>Roland Saavedra (Gitarre)\u00a0\u00a0 Harry Hammerer (Percussion)<br \/>\n<\/em>Dream a little dream\u00a0\u00a0\u00a0\u00a0\u00a0 G.Kahn, F. Andre\/ W. Schwandt<\/p>\n<p><strong>Karla<\/strong> (Blockfl\u00f6te) \u00a0<strong>Philipp<\/strong> (Gitarre) \u00a0 <strong>Manuel<\/strong> (Gitarre)<br \/>\n<strong>Simon<\/strong> (Bass)\u00a0\u00a0 <strong>Elina<\/strong> (Klavier)\u00a0\u00a0 <em>Monika <\/em>Kami<em> (Blockfl\u00f6te)<br \/>\nChristiam Jurado (Quena)\u00a0\u00a0 Harry Hammerer (Percussion)<br \/>\n<\/em>Ljuuli, ljuuli\u00a0\u00a0 \u00a0Wiegenlied aus Finnland<\/p>\n<p><strong>Abby<\/strong> (Klavier)\u00a0 <strong>Timon<\/strong> (Klavier)<br \/>\nOh du fr\u00f6hliche\u00a0\u00a0\u00a0\u00a0\u00a0\u00a0\u00a0\u00a0 \u00a0\u00a0 Weihnachtslied<\/p>\n<p><strong>All Strings Orchestra<\/strong><br \/>\nHambani kahle \u00a0\u00a0\u00a0\u00a0\u00a0\u00a0\u00a0\u00a0\u00a0\u00a0\u00a0\u00a0\u00a0\u00a0\u00a0\u00a0\u00a0\u00a0\u00a0\u00a0\u00a0\u00a0\u00a0\u00a0\u00a0\u00a0 Friedensruf der Zulu\/S\u00fcdafrika<br \/>\nLasst uns froh und munter sein\u00a0 Adventlied<br \/>\nSchneefl\u00f6ckcken\u00a0\u00a0\u00a0\u00a0\u00a0\u00a0\u00a0\u00a0\u00a0\u00a0\u00a0\u00a0\u00a0\u00a0 \u00a0\u00a0\u00a0\u00a0\u00a0\u00a0\u00a0\u00a0 Hedwig Haberkern<br \/>\nLittle drummer boy\u00a0\u00a0\u00a0\u00a0\u00a0\u00a0\u00a0\u00a0\u00a0\u00a0\u00a0 \u00a0\u00a0\u00a0\u00a0\u00a0\u00a0\u00a0\u00a0 Katherine K. Davis<br \/>\n<strong>Musa<\/strong> &#8211; Gitarre<br \/>\n<strong>Sara <\/strong>&#8211; Violine<br \/>\n<strong>Valentina <\/strong>&#8211; Violine<br \/>\n<strong>Dalia<\/strong> &#8211; Violine, Gast<br \/>\n<strong>Daria<\/strong> &#8211; Gitarre<br \/>\n<strong>Flora<\/strong> &#8211; Violine<br \/>\n<strong>Anna<\/strong> &#8211; Gitarre<br \/>\n<strong>Sophie<\/strong> &#8211; Violine<br \/>\n<strong>Mia<\/strong> &#8211; Violine<br \/>\n<strong>Simeone<\/strong> &#8211; Violine<br \/>\n<strong>Emilia<\/strong> &#8211; Violine<br \/>\n<strong>Konstantin<\/strong> &#8211; Violine<br \/>\n<strong>Maximilian<\/strong> &#8211; Cello<br \/>\n<strong>Emilia<\/strong> &#8211; Violine<br \/>\n<strong>G\u00fclen-Nur<\/strong> &#8211; Violine<br \/>\n<strong>Rohan<\/strong> &#8211; Violine<br \/>\n<strong>Julian<\/strong> &#8211; Violine<\/p>\n<p><a href=\"http:\/\/www.pro-vo.at\/wp-content\/uploads\/2019\/12\/021.jpg\" data-rel=\"lightbox-gallery-EoSDUgmZ\" data-rl_title=\"021\" data-rl_caption=\"\" title=\"021\"><img loading=\"lazy\" decoding=\"async\" class=\"alignnone size-thumbnail wp-image-4720\" src=\"http:\/\/www.pro-vo.at\/wp-content\/uploads\/2019\/12\/021-150x112.jpg\" alt=\"\" width=\"150\" height=\"112\" srcset=\"https:\/\/www.pro-vo.at\/wp-content\/uploads\/2019\/12\/021-150x112.jpg 150w, https:\/\/www.pro-vo.at\/wp-content\/uploads\/2019\/12\/021-300x225.jpg 300w, https:\/\/www.pro-vo.at\/wp-content\/uploads\/2019\/12\/021.jpg 567w\" sizes=\"auto, (max-width: 150px) 100vw, 150px\" \/><\/a> <a href=\"http:\/\/www.pro-vo.at\/wp-content\/uploads\/2019\/12\/022.jpg\" data-rel=\"lightbox-gallery-EoSDUgmZ\" data-rl_title=\"022\" data-rl_caption=\"\" title=\"022\"><img loading=\"lazy\" decoding=\"async\" class=\"alignnone size-thumbnail wp-image-4721\" src=\"http:\/\/www.pro-vo.at\/wp-content\/uploads\/2019\/12\/022-150x112.jpg\" alt=\"\" width=\"150\" height=\"112\" srcset=\"https:\/\/www.pro-vo.at\/wp-content\/uploads\/2019\/12\/022-150x112.jpg 150w, https:\/\/www.pro-vo.at\/wp-content\/uploads\/2019\/12\/022-300x225.jpg 300w, https:\/\/www.pro-vo.at\/wp-content\/uploads\/2019\/12\/022.jpg 567w\" sizes=\"auto, (max-width: 150px) 100vw, 150px\" \/><\/a> <a href=\"http:\/\/www.pro-vo.at\/wp-content\/uploads\/2019\/12\/023.jpg\" data-rel=\"lightbox-gallery-EoSDUgmZ\" data-rl_title=\"023\" data-rl_caption=\"\" title=\"023\"><img loading=\"lazy\" decoding=\"async\" class=\"alignnone size-thumbnail wp-image-4722\" src=\"http:\/\/www.pro-vo.at\/wp-content\/uploads\/2019\/12\/023-150x112.jpg\" alt=\"\" width=\"150\" height=\"112\" srcset=\"https:\/\/www.pro-vo.at\/wp-content\/uploads\/2019\/12\/023-150x112.jpg 150w, https:\/\/www.pro-vo.at\/wp-content\/uploads\/2019\/12\/023-300x225.jpg 300w, https:\/\/www.pro-vo.at\/wp-content\/uploads\/2019\/12\/023.jpg 567w\" sizes=\"auto, (max-width: 150px) 100vw, 150px\" \/><\/a> <a href=\"http:\/\/www.pro-vo.at\/wp-content\/uploads\/2019\/12\/024.jpg\" data-rel=\"lightbox-gallery-EoSDUgmZ\" data-rl_title=\"024\" data-rl_caption=\"\" title=\"024\"><img loading=\"lazy\" decoding=\"async\" class=\"alignnone size-thumbnail wp-image-4723\" src=\"http:\/\/www.pro-vo.at\/wp-content\/uploads\/2019\/12\/024-150x112.jpg\" alt=\"\" width=\"150\" height=\"112\" srcset=\"https:\/\/www.pro-vo.at\/wp-content\/uploads\/2019\/12\/024-150x112.jpg 150w, https:\/\/www.pro-vo.at\/wp-content\/uploads\/2019\/12\/024-300x225.jpg 300w, https:\/\/www.pro-vo.at\/wp-content\/uploads\/2019\/12\/024.jpg 567w\" sizes=\"auto, (max-width: 150px) 100vw, 150px\" \/><\/a><br \/>\nEin herzliches Dankesch\u00f6n auch an Isabella, die uns so wunderbar unterst\u00fctzt hat!<\/p>\n<p>&nbsp;<\/p>\n<p><a href=\"http:\/\/www.pro-vo.at\/index.php\/chronik\/\">Zur\u00fcck zur Chronik<\/a><\/p>\n","protected":false},"excerpt":{"rendered":"<p>Adventfeier 2019 Unsere Advenfeier findet am Montag, 9. Dezember 2019 um 15:30 im Pflegewohnheim Rudolfsheim-F\u00fcnfhaus, Kardinal Rauscherplatz 2, schr\u00e4g gegen\u00fcber der pro-vo, statt. Es musizieren Sch\u00fclerinnen und Sch\u00fcler, sowie Lehrerinnen und Lehrer der pro-vo und pr\u00e4sentieren ein vorweihnachtliches, besinnliches, aber auch heiteres Programm. Im Anschluss treffen wir uns im Hof der pro-vo zu einem gem\u00fctlichen &#8230; <a title=\"Advent 2019\" class=\"read-more\" href=\"https:\/\/www.pro-vo.at\/index.php\/chronik\/advent-2019\/\" aria-label=\"Mehr Informationen \u00fcber Advent 2019\">Weiterlesen<\/a><\/p>\n","protected":false},"author":1,"featured_media":0,"parent":28,"menu_order":0,"comment_status":"closed","ping_status":"closed","template":"","meta":{"footnotes":""},"class_list":["post-4636","page","type-page","status-publish"],"_links":{"self":[{"href":"https:\/\/www.pro-vo.at\/index.php\/wp-json\/wp\/v2\/pages\/4636","targetHints":{"allow":["GET"]}}],"collection":[{"href":"https:\/\/www.pro-vo.at\/index.php\/wp-json\/wp\/v2\/pages"}],"about":[{"href":"https:\/\/www.pro-vo.at\/index.php\/wp-json\/wp\/v2\/types\/page"}],"author":[{"embeddable":true,"href":"https:\/\/www.pro-vo.at\/index.php\/wp-json\/wp\/v2\/users\/1"}],"replies":[{"embeddable":true,"href":"https:\/\/www.pro-vo.at\/index.php\/wp-json\/wp\/v2\/comments?post=4636"}],"version-history":[{"count":17,"href":"https:\/\/www.pro-vo.at\/index.php\/wp-json\/wp\/v2\/pages\/4636\/revisions"}],"predecessor-version":[{"id":4724,"href":"https:\/\/www.pro-vo.at\/index.php\/wp-json\/wp\/v2\/pages\/4636\/revisions\/4724"}],"up":[{"embeddable":true,"href":"https:\/\/www.pro-vo.at\/index.php\/wp-json\/wp\/v2\/pages\/28"}],"wp:attachment":[{"href":"https:\/\/www.pro-vo.at\/index.php\/wp-json\/wp\/v2\/media?parent=4636"}],"curies":[{"name":"wp","href":"https:\/\/api.w.org\/{rel}","templated":true}]}}