{"id":4584,"date":"2019-09-17T13:21:12","date_gmt":"2019-09-17T13:21:12","guid":{"rendered":"http:\/\/www.pro-vo.at\/?page_id=4584"},"modified":"2019-09-17T13:31:37","modified_gmt":"2019-09-17T13:31:37","slug":"sebastian","status":"publish","type":"page","link":"https:\/\/www.pro-vo.at\/index.php\/sebastian\/","title":{"rendered":"Sebastian Sciaraffia"},"content":{"rendered":"<h1>Sebasti\u00e1n Sciara\ufb03a<\/h1>\n<p><a href=\"http:\/\/www.pro-vo.at\/wp-content\/uploads\/2019\/09\/Foto-Sebastia\u0301n.jpg\" data-rel=\"lightbox-gallery-f304iLHq\" data-rl_title=\"\" data-rl_caption=\"\" title=\"\"><img loading=\"lazy\" decoding=\"async\" class=\"alignnone size-thumbnail wp-image-4585\" src=\"http:\/\/www.pro-vo.at\/wp-content\/uploads\/2019\/09\/Foto-Sebastia\u0301n-100x150.jpg\" alt=\"\" width=\"100\" height=\"150\" srcset=\"https:\/\/www.pro-vo.at\/wp-content\/uploads\/2019\/09\/Foto-Sebastia\u0301n-100x150.jpg 100w, https:\/\/www.pro-vo.at\/wp-content\/uploads\/2019\/09\/Foto-Sebastia\u0301n-200x300.jpg 200w, https:\/\/www.pro-vo.at\/wp-content\/uploads\/2019\/09\/Foto-Sebastia\u0301n.jpg 425w\" sizes=\"auto, (max-width: 100px) 100vw, 100px\" \/><\/a><br \/>\ngeboren 1991 in Iquique, Chile.<\/p>\n<p>Er widmet sich der Verbreitung und Erkundung popul\u00e4rer<br \/>\nund aus der Folklore stammenden lateinamerikanischen Musik.<\/p>\n<p>2014\u00a0 Bachelor in Musiktheorie und Musikliteratur<br \/>\nan der Ponti\ufb01cia Universidad Cat\u00f3lica de Chile.<br \/>\nStudium f\u00fcr das Lehramt als Musiklehrer<br \/>\nin der Mittelstufe an der Universidad Andr\u00e9s Bello in Chile.<\/p>\n<p>Musiklehrer an Schulen, in Kulturzentren und Privatlehrer.<\/p>\n<p>Gitarrist und musikalischer Leiter von<br \/>\nverschiedenen musikalischen Projekten in Bezug auf<br \/>\npopul\u00e4re und folkloristische lateinamerikanische Musik<br \/>\n(u.a. \u201eConjunto Sin Fronteras\u201c).<\/p>\n<p>Conjunto Sin Fronteras :<br \/>\nDiese chilenische Gruppe hat sich der Erforschung und<br \/>\nInterpretation kreolischer Musik aus Peru zum Schwerpunkt gemacht.<\/p>\n<p><a href=\"http:\/\/www.pro-vo.at\/index.php\/lehrer\/\">Zur\u00fcck zum pro-vo Team<\/a><\/p>\n","protected":false},"excerpt":{"rendered":"<p>Sebasti\u00e1n Sciara\ufb03a geboren 1991 in Iquique, Chile. Er widmet sich der Verbreitung und Erkundung popul\u00e4rer und aus der Folklore stammenden lateinamerikanischen Musik. 2014\u00a0 Bachelor in Musiktheorie und Musikliteratur an der Ponti\ufb01cia Universidad Cat\u00f3lica de Chile. Studium f\u00fcr das Lehramt als Musiklehrer in der Mittelstufe an der Universidad Andr\u00e9s Bello in Chile. Musiklehrer an Schulen, in &#8230; <a title=\"Sebastian Sciaraffia\" class=\"read-more\" href=\"https:\/\/www.pro-vo.at\/index.php\/sebastian\/\" aria-label=\"Mehr Informationen \u00fcber Sebastian Sciaraffia\">Weiterlesen<\/a><\/p>\n","protected":false},"author":1,"featured_media":0,"parent":0,"menu_order":0,"comment_status":"closed","ping_status":"closed","template":"","meta":{"footnotes":""},"class_list":["post-4584","page","type-page","status-publish"],"_links":{"self":[{"href":"https:\/\/www.pro-vo.at\/index.php\/wp-json\/wp\/v2\/pages\/4584","targetHints":{"allow":["GET"]}}],"collection":[{"href":"https:\/\/www.pro-vo.at\/index.php\/wp-json\/wp\/v2\/pages"}],"about":[{"href":"https:\/\/www.pro-vo.at\/index.php\/wp-json\/wp\/v2\/types\/page"}],"author":[{"embeddable":true,"href":"https:\/\/www.pro-vo.at\/index.php\/wp-json\/wp\/v2\/users\/1"}],"replies":[{"embeddable":true,"href":"https:\/\/www.pro-vo.at\/index.php\/wp-json\/wp\/v2\/comments?post=4584"}],"version-history":[{"count":2,"href":"https:\/\/www.pro-vo.at\/index.php\/wp-json\/wp\/v2\/pages\/4584\/revisions"}],"predecessor-version":[{"id":4595,"href":"https:\/\/www.pro-vo.at\/index.php\/wp-json\/wp\/v2\/pages\/4584\/revisions\/4595"}],"wp:attachment":[{"href":"https:\/\/www.pro-vo.at\/index.php\/wp-json\/wp\/v2\/media?parent=4584"}],"curies":[{"name":"wp","href":"https:\/\/api.w.org\/{rel}","templated":true}]}}