{"id":4458,"date":"2019-04-10T14:50:24","date_gmt":"2019-04-10T14:50:24","guid":{"rendered":"http:\/\/www.pro-vo.at\/?page_id=4458"},"modified":"2019-05-12T19:51:11","modified_gmt":"2019-05-12T19:51:11","slug":"gtdm-2019","status":"publish","type":"page","link":"https:\/\/www.pro-vo.at\/index.php\/chronik\/gtdm-2019\/","title":{"rendered":"GTdM 2019"},"content":{"rendered":"<h1>Gro\u00dfer Tag der Musik 2019<\/h1>\n<p>Samstag, 11. Mai 2019<\/p>\n<p>Musikalische Darbietungen von Sch\u00fclerinnen und Sch\u00fclern von:<\/p>\n<p>10:30\u00a0 &#8211;\u00a0 Severin Chen\/Lisa Egger-Charvat\/Maria Marta Pawlikowska\/Nicole Pe\u00f1a-Comas\/Roland Saavedra<\/p>\n<p>13:00\u00a0 &#8211;\u00a0 Severin Chen\/Nikolas G\u00f6hl\/Monika Kami\/Christian Martinek\/Maria Marta Pawlikowska<\/p>\n<p>14:30\u00a0 &#8211;\u00a0 Cornelia Reutner\/Martin Sch\u00f6nlieb\/Dominik Stumpfel<\/p>\n<p>16:00 \u00a0 &#8211; Harry Hammerer\/Chirstiam Jurado\/ Mira Perusich\/Roland Saavedra\/Michael Schnell<\/p>\n<p>Unser Programm<\/p>\n<p><strong>10:30\u00a0<\/strong><br \/>\n<strong>Severin Chen*\u00a0\u00a0\u00a0\u00a0\u00a0\u00a0\u00a0\u00a0\u00a0\u00a0\u00a0\u00a0\u00a0\u00a0\u00a0\u00a0\u00a0\u00a0\u00a0\u00a0\u00a0\u00a0\u00a0\u00a0\u00a0\u00a0\u00a0\u00a0\u00a0 <\/strong><br \/>\n<strong>Lisa Egger-Charvat \u00a0 \u00a0 \u00a0 \u00a0<\/strong><br \/>\n<strong>Maria Marta Pawlikowska\u2019 \u00a0\u00a0\u00a0\u00a0\u00a0\u00a0 <\/strong><br \/>\n<strong>Nicole Pe\u00f1a-Comas\u00b0\u00a0\u00a0\u00a0\u00a0\u00a0\u00a0\u00a0\u00a0\u00a0\u00a0\u00a0\u00a0\u00a0\u00a0\u00a0\u00a0\u00a0 <\/strong><br \/>\n<strong>Roland Saavedra\u201d<\/strong><\/p>\n<p><a href=\"http:\/\/www.pro-vo.at\/wp-content\/uploads\/2019\/05\/2019-001.jpg\" data-rel=\"lightbox-gallery-yArGVLKh\" data-rl_title=\"2019 001\" data-rl_caption=\"\" title=\"2019 001\"><img loading=\"lazy\" decoding=\"async\" class=\"alignnone size-thumbnail wp-image-4491\" src=\"http:\/\/www.pro-vo.at\/wp-content\/uploads\/2019\/05\/2019-001-150x150.jpg\" alt=\"\" width=\"150\" height=\"150\" \/><\/a> \u00a0 <a href=\"http:\/\/www.pro-vo.at\/wp-content\/uploads\/2019\/05\/2019-003.jpg\" data-rel=\"lightbox-gallery-yArGVLKh\" data-rl_title=\"2019 003\" data-rl_caption=\"\" title=\"2019 003\"><img loading=\"lazy\" decoding=\"async\" class=\"alignnone wp-image-4493 size-thumbnail\" src=\"http:\/\/www.pro-vo.at\/wp-content\/uploads\/2019\/05\/2019-003-150x150.jpg\" alt=\"\" width=\"150\" height=\"150\" \/><\/a><\/p>\n<p>Arcolinis &#8211; Sunday Walk &#8211; E. Belvelin\/ P. Standberg<\/p>\n<p>Paula * (Klavier) &#8211; Feuer &#8211; Aniko Drabon<\/p>\n<p>Nicole * (Klavier) &#8211; Musik in der Nacht &#8211; Aniko Drabon<br \/>\nAnna Krizanovic\u201c (Gitarre)<\/p>\n<p>Rohan (Violine) &#8211; Fuchslied &#8211;\u00a0 Kinderlied<\/p>\n<p>Stella * (Klavier) &#8211;\u00a0 Reise nach Texas &#8211;\u00a0 Clara Rullmann<br \/>\nAurora * (Klavier)<\/p>\n<p>Stella * (Klavier) &#8211;\u00a0 Schwimmen &#8211;\u00a0 Aniko Drabon<\/p>\n<p>Luisa \u2018 (Violine) &#8211; Der fr\u00f6hliche Landmann\u00a0 R. Schumann<\/p>\n<p>Mia \u2018 (Gast) &#8211;\u00a0 Slow walz &#8211; A. Holzer-Rhomberg<br \/>\nTreppensteigen<\/p>\n<p>Xaver * (Klavier) &#8211; Flohwalzer<br \/>\nIm Regen &#8211; Aniko Drabon<\/p>\n<p>Konstantin (Violine) &#8211; Alle V\u00f6glein &#8211; Kinderlied<\/p>\n<p>Konstantin \u2018 (Violine) &#8211; Wettstreit &#8211;\u00a0 Peter Heilbut<br \/>\nErik * (Klavier) \u00a0 \u00a0 \u00a0 \u00a0 \u00a0 \u00a0 \u00a0\u00a0 Kanon<br \/>\nMaximilian \u00b0 (Cello)<\/p>\n<p>Chiara * (Klavier) &#8211; Willi Wanderwichtel &#8211; A. Holzer-Rhomberg<br \/>\nHanna \u2018(Violine)<\/p>\n<p>Chiara * (Klavier) &#8211; B\u00e4rentanz &#8211; Aniko Drabon<\/p>\n<p>Jule * (Klavier) &#8211;\u00a0 Honigglasboogie &#8211;\u00a0 Aniko Drabon<\/p>\n<p>Maximilian \u00b0 (Cello) Oh Susanna &#8211;\u00a0 Traditional<\/p>\n<p>Lotte * (Klavier) &#8211; Johnny, I hardly knew yeh &#8211;\u00a0 Irish Traditional<\/p>\n<p>Flora (Violine) &#8211;\u00a0 H\u00e4nschen klein &#8211; Kinderlied<\/p>\n<p>Alejandro * (Klavier) &#8211; Das flinke Wiesel &#8211;<span style=\"display: inline !important; float: none; background-color: transparent; color: #333333; font-family: Georgia,'Times New Roman','Bitstream Charter',Times,serif; font-size: 16px; font-style: normal; font-variant: normal; font-weight: 400; letter-spacing: normal; line-height: 24px; orphans: 2; text-align: left; text-decoration: none; text-indent: 0px; text-transform: none; -webkit-text-stroke-width: 0px; white-space: normal; word-spacing: 0px; word-wrap: break-word;\"> A. Holzer-Rhomberg<\/span><br \/>\nMia\u2019 (Violine)<\/p>\n<p>Alejandro* (Klavier) &#8211; Bedford Square Blues &#8211; <span style=\"display: inline !important; float: none; background-color: transparent; color: #333333; font-family: Georgia,'Times New Roman','Bitstream Charter',Times,serif; font-size: 16px; font-style: normal; font-variant: normal; font-weight: 400; letter-spacing: normal; line-height: 24px; orphans: 2; text-align: left; text-decoration: none; text-indent: 0px; text-transform: none; -webkit-text-stroke-width: 0px; white-space: normal; word-spacing: 0px; word-wrap: break-word;\">R. Michael\u00a0<\/span><\/p>\n<p>Sara (Violine) &#8211; Fuchslied\u00a0 &#8211;\u00a0 Kinderlied<\/p>\n<p>Nele \u2018 (Violine) &#8211;\u00a0 Musette &#8211;\u00a0 J.S. Bach<\/p>\n<p>Nele \u2018 (Violine) &#8211;\u00a0 Musette &#8211; J.S. Bach<br \/>\nGideon * (Klavier)<\/p>\n<p>Gideon * (Klavier) &#8211; Pr\u00e4ludium &#8211;\u00a0 J.S.F. Fischer<\/p>\n<p>Abby * (Klavier) &#8211; Valse &#8211;\u00a0 Frederic Chopin<\/p>\n<p>Kira * (Klavier) &#8211;\u00a0 Game of Thrones &#8211; Ramin Djawadi<\/p>\n<p>Melda * (Klavier) &#8211; Porz Goret\u00a0 &#8211;\u00a0 Yann Tiersen<\/p>\n<p>Arcolinis:<br \/>\nRohan (Violine) \u00a0\u00a0\u00a0\u00a0\u00a0\u00a0 \u00a0\u00a0\u00a0\u00a0\u00a0\u00a0\u00a0\u00a0 Eichh\u00f6rnchenlied\u00a0\u00a0\u00a0\u00a0 K. Wartberg<br \/>\nSara (Violine)\u00a0\u00a0\u00a0\u00a0\u00a0\u00a0\u00a0\u00a0\u00a0\u00a0\u00a0\u00a0\u00a0\u00a0\u00a0\u00a0\u00a0\u00a0\u00a0\u00a0\u00a0\u00a0\u00a0\u00a0\u00a0\u00a0\u00a0 Stamping Song\u00a0\u00a0\u00a0\u00a0\u00a0\u00a0\u00a0\u00a0\u00a0\u00a0\u00a0\u00a0\u00a0\u00a0\u00a0\u00a0\u00a0\u00a0 H. Butterworth<br \/>\nFlora (Violine)<br \/>\nKonstantin (Violine)<br \/>\nMaximilian (Cello)<br \/>\nDaria \u201c (Gitarre)\u00a0\u00a0\u00a0\u00a0\u00a0\u00a0\u00a0\u00a0\u00a0\u00a0\u00a0\u00a0\u00a0\u00a0\u00a0\u00a0\u00a0\u00a0\u00a0\u00a0\u00a0 Ode an die Freude\u00a0\u00a0 L.v. Beethoven<br \/>\nAnna \u201c (Gitarre)<br \/>\nLucia \u201c (Gitarre)<\/p>\n<p>&nbsp;<\/p>\n<p>&nbsp;<\/p>\n<p><strong>13:00\u00a0<\/strong><br \/>\n<strong>Severin Chen*\u00a0\u00a0\u00a0\u00a0\u00a0\u00a0\u00a0\u00a0\u00a0\u00a0 \u00a0\u00a0\u00a0\u00a0\u00a0\u00a0\u00a0\u00a0 <\/strong><br \/>\n<strong>Nikolas G\u00f6hl:\u00a0\u00a0\u00a0\u00a0\u00a0\u00a0\u00a0\u00a0\u00a0\u00a0\u00a0\u00a0\u00a0 <\/strong><br \/>\n<strong>Monika Kami<\/strong><br \/>\n<strong>Christian Martinek\u00b0\u00a0\u00a0\u00a0\u00a0\u00a0\u00a0\u00a0\u00a0\u00a0\u00a0\u00a0 <\/strong><br \/>\n<strong>Maria Marta Pawlikowska\u2019<\/strong><br \/>\n<strong>Roland Saavedra\u201c<\/strong><\/p>\n<p><a href=\"http:\/\/www.pro-vo.at\/wp-content\/uploads\/2019\/05\/2019-004.jpg\" data-rel=\"lightbox-gallery-yArGVLKh\" data-rl_title=\"2019 004\" data-rl_caption=\"\" title=\"2019 004\"><img loading=\"lazy\" decoding=\"async\" class=\"alignnone size-thumbnail wp-image-4494\" src=\"http:\/\/www.pro-vo.at\/wp-content\/uploads\/2019\/05\/2019-004-150x150.jpg\" alt=\"\" width=\"150\" height=\"150\" \/><\/a> \u00a0\u00a0 <a href=\"http:\/\/www.pro-vo.at\/wp-content\/uploads\/2019\/05\/2019-006.jpg\" data-rel=\"lightbox-gallery-yArGVLKh\" data-rl_title=\"2019 006\" data-rl_caption=\"\" title=\"2019 006\"><img loading=\"lazy\" decoding=\"async\" class=\"alignnone size-thumbnail wp-image-4496\" src=\"http:\/\/www.pro-vo.at\/wp-content\/uploads\/2019\/05\/2019-006-150x150.jpg\" alt=\"\" width=\"150\" height=\"150\" \/><\/a><\/p>\n<p>Hannah : (Gitarre) &#8211; Ein sch\u00f6ner Tag &#8211;\u00a0 Nikolas G\u00f6hl<\/p>\n<p>Valentina \u2018 (Violine) &#8211;\u00a0 Festtagsmusik &#8211; A. Holzer-Rhomberg<br \/>\nJohanna * (Klavier)<\/p>\n<p>Shaima (Blockfl\u00f6te) &#8211;\u00a0 Okina Taiko &#8211;\u00a0 aus Japan<br \/>\nH\u00e4nsel und Gretel &#8211; Volksweise<\/p>\n<p>Antonia (Blockfl\u00f6te) &#8211;\u00a0 Der Mond ist aufgegangen &#8211; Volksweise<\/p>\n<p>Peri : (Gitarre) &#8211; Romance &#8211;\u00a0 Nikolas G\u00f6hl<\/p>\n<p>Peri : (Gitarre)\u00a0 &#8211;\u00a0 Ode an die Freude &#8211; L. v. Beethoven<br \/>\nEmilia \u2018 (Violine)<\/p>\n<p>Julius (Blockfl\u00f6te) &#8211; An den Ufern des Mexico River &#8211;\u00a0 <span style=\"display: inline !important; float: none; background-color: transparent; color: #333333; font-family: Georgia,'Times New Roman','Bitstream Charter',Times,serif; font-size: 16px; font-style: normal; font-variant: normal; font-weight: 400; letter-spacing: normal; line-height: 24px; orphans: 2; text-align: left; text-decoration: none; text-indent: 0px; text-transform: none; -webkit-text-stroke-width: 0px; white-space: normal; word-spacing: 0px; word-wrap: break-word;\">A. Hagen\/J. Leutert<\/span><br \/>\nAntonia (Blockfl\u00f6te) &#8211; Nebellied &#8211;\u00a0 Barbara Ertl<br \/>\nJulius (Blockfl\u00f6te)\u00a0 &#8211; Festmusik &#8211;\u00a0 Barbara Ertl<\/p>\n<p>Melody : (Gitarre) &#8211; Folias de Espana &#8211; Trad. Spanien<br \/>\n\u00dcber fernen Bergen &#8211; Anonym<\/p>\n<p>Rokas (Blockfl\u00f6te) &#8211;\u00a0 Old\u00a0 MacDonald &#8211; Amerik. Kinderlied<\/p>\n<p>Adi : (Gitarre) &#8211; Meeresrauschen &#8211; Buck Wolters<br \/>\nPr\u00e4riewind<\/p>\n<p>Julian \u2018 (Violine) &#8211; Das flinke Wiesel &#8211; A. Holzer-Rhomberg<br \/>\nLucia \u201c (Gitarre)<\/p>\n<p>Anton (Blockfl\u00f6te) &#8211; Seer\u00e4uberlied &#8211; aus Holland<br \/>\nDaniela : (Gitarre) &#8211; Gravity Falls Main Theme &#8211; <span style=\"display: inline !important; float: none; background-color: transparent; color: #333333; font-family: Georgia,'Times New Roman','Bitstream Charter',Times,serif; font-size: 16px; font-style: normal; font-variant: normal; font-weight: 400; letter-spacing: normal; line-height: 24px; orphans: 2; text-align: left; text-decoration: none; text-indent: 0px; text-transform: none; -webkit-text-stroke-width: 0px; white-space: normal; word-spacing: 0px; word-wrap: break-word;\">Brad Breeck<\/span><\/p>\n<p>Emil \u00b0 (Bongos) &#8211;\u00a0 Sabor a Caney &#8211; Los Compadres<\/p>\n<p>Karla (Blockfl\u00f6te) &#8211; P\u00e9zinho- Dein F\u00fc\u00dfchen &#8211; aus Brasilien<br \/>\nJepo, i tai tai je &#8211; aus Neuseeland<br \/>\nPandur andandori &#8211; aus Ungarn\u00a0 (Hey, du kleiner Schelm)<\/p>\n<p>G\u00fclen-Nur \u2018 (Violine) &#8211; Sommertag am See &#8211;\u00a0 <span style=\"display: inline !important; float: none; background-color: transparent; color: #333333; font-family: Georgia,'Times New Roman','Bitstream Charter',Times,serif; font-size: 16px; font-style: normal; font-variant: normal; font-weight: 400; letter-spacing: normal; line-height: 24px; orphans: 2; text-align: left; text-decoration: none; text-indent: 0px; text-transform: none; -webkit-text-stroke-width: 0px; white-space: normal; word-spacing: 0px; word-wrap: break-word;\">A. Holzer-Rhomberg<\/span><br \/>\nG\u00fclen-Ay : (Gitarre)<\/p>\n<p>Albin : (Gitarre) &#8211; Lied der Zugv\u00f6gel &#8211; Buck Wolters<\/p>\n<p>Hannah \u2018 (Gast)\u00a0 &#8211; Elfentanz\u00a0 &#8211;\u00a0 E. Jenkinson<\/p>\n<p>Stella : (Gitarre) &#8211; Aus \u201eSieben Zwerge\u201c:\u00a0 Der Trauernde &#8211; Dietmar Ungerank<\/p>\n<p>Elina * (Klavier) &#8211;\u00a0 He&#8217;s a Pirate\u00a0 &#8211;\u00a0 Hans Zimmer<\/p>\n<p>Aline : (Gitarre) &#8211; Gaelic Song &#8211;\u00a0 Peter Nuttall<\/p>\n<p>&nbsp;<\/p>\n<p>&nbsp;<\/p>\n<p><strong>14:30\u00a0<\/strong><br \/>\n<strong>Cornelia Reutner\u00a0\u00a0\u00a0\u00a0\u00a0 <\/strong><br \/>\n<strong>Martin Sch\u00f6nlieb\u00b0 \u00a0\u00a0\u00a0\u00a0<\/strong><br \/>\n<strong>Dominik Stumpfel\u2018\u00a0\u00a0<\/strong><\/p>\n<p><a href=\"http:\/\/www.pro-vo.at\/wp-content\/uploads\/2019\/05\/2019-007.jpg\" data-rel=\"lightbox-gallery-yArGVLKh\" data-rl_title=\"2019 007\" data-rl_caption=\"\" title=\"2019 007\"><img loading=\"lazy\" decoding=\"async\" class=\"alignnone size-thumbnail wp-image-4497\" src=\"http:\/\/www.pro-vo.at\/wp-content\/uploads\/2019\/05\/2019-007-150x150.jpg\" alt=\"\" width=\"150\" height=\"150\" \/><\/a><\/p>\n<p>Aurelio (Klavier) &#8211; Der kleine Indianer\u00a0 &#8211;\u00a0 A. Terzibaschitsch<br \/>\nAlte irische Weise\u00a0 &#8211; \u00a0 A. Terzibaschitsch<\/p>\n<p>Su Mila \u00b0 (Gitarre) &#8211;\u00a0 Sarahs St\u00fcck &#8211; Anke Lepper<br \/>\nCerf-Volant &#8211; Bruno Coulais\/Ch. Barratier<br \/>\nBeim B\u00e4cker hat&#8217;s gebrannt &#8211;\u00a0 Trad.<\/p>\n<p>Julia (Klavier)\u00a0 &#8211;\u00a0 Es war eine Mutter &#8211; Kinderlied<br \/>\nLaura (Klavierbegleitung) &#8211; Blumenlied &#8211;\u00a0 Volksmelodie<\/p>\n<p>Karin \u00b0\u00a0 &#8211;\u00a0 Recuerdo &#8211; J. Wanders<br \/>\n(Gitarre, Gesang) &#8211; All of me\u00a0 &#8211;\u00a0 J. Stephens, T. Gad<\/p>\n<p>Andrea \u2019 (Saxophon) &#8211;\u00a0 Summertime &#8211;\u00a0 G. Gershwin<\/p>\n<p>Barbara \u00b0 &#8211; Shallow &#8211;\u00a0 Lady Gaga\/A. Wyatt\/<span style=\"display: inline !important; float: none; background-color: transparent; color: #333333; font-family: Georgia,'Times New Roman','Bitstream Charter',Times,serif; font-size: 16px; font-style: normal; font-variant: normal; font-weight: 400; letter-spacing: normal; line-height: 24px; orphans: 2; text-align: left; text-decoration: none; text-indent: 0px; text-transform: none; -webkit-text-stroke-width: 0px; white-space: normal; word-spacing: 0px; word-wrap: break-word;\">A. Rossomando\/M. Ronson<\/span><br \/>\n(Gitarre, Gesang)<\/p>\n<p>Milica (Klavier) &#8211; Tanz aus dem Orient &#8211; A.Terzibaschitsch<\/p>\n<p>Elisa (Klavier) &#8211;\u00a0 Langeweile &#8211; A. Terzibaschitsch<\/p>\n<p>Elisa (Klavier) &#8211; Das Schicksalsrad &#8211; Anonym<br \/>\nMilica<\/p>\n<p>Victoria \u00b0 (Gitarre)\u00a0\u00a0\u00a0\u00a0\u00a0\u00a0\u00a0 \u00a0\u00a0\u00a0\u00a0\u00a0\u00a0\u00a0\u00a0 A Felicidade\u00a0\u00a0\u00a0\u00a0\u00a0\u00a0\u00a0\u00a0\u00a0\u00a0\u00a0\u00a0\u00a0 A. Carlos Jobim<\/p>\n<p>Michael \u00b0\u00a0 &#8211; We can work it out &#8211;\u00a0 Lennon\/ <span style=\"display: inline !important; float: none; background-color: transparent; color: #333333; font-family: Georgia,'Times New Roman','Bitstream Charter',Times,serif; font-size: 16px; font-style: normal; font-variant: normal; font-weight: 400; letter-spacing: normal; line-height: 24px; orphans: 2; text-align: left; text-decoration: none; text-indent: 0px; text-transform: none; -webkit-text-stroke-width: 0px; white-space: normal; word-spacing: 0px; word-wrap: break-word;\">McCartney<\/span><br \/>\n(E-Gitarre, Gesang) \u00a0\u00a0\u00a0\u00a0\u00a0\u00a0\u00a0\u00a0\u00a0 \u00a0\u00a0\u00a0\u00a0\u00a0\u00a0\u00a0\u00a0 Dear Prudence<\/p>\n<p>Laura (Klavier) &#8211; Comptine d&#8217;un autre \u00e9t\u00e9, l&#8217;apr\u00e8s-midi &#8211; Yann Tiersen<\/p>\n<p><strong>16:00 \u00a0 \u00a0\u00a0\u00a0 <\/strong><br \/>\n<strong>Harry Hammerer\u00a0\u00a0\u00a0\u00a0\u00a0\u00a0\u00a0\u00a0\u00a0\u00a0\u00a0\u00a0\u00a0\u00a0\u00a0\u00a0 <\/strong><br \/>\n<strong>Chirstiam Jurado*<\/strong><br \/>\n<strong>Mira Perusich\u00b0\u00a0\u00a0\u00a0\u00a0\u00a0\u00a0\u00a0\u00a0\u00a0\u00a0\u00a0\u00a0\u00a0\u00a0\u00a0\u00a0\u00a0\u00a0\u00a0\u00a0 <\/strong><br \/>\n<strong>Roland Saavedra\u201d\u00a0\u00a0 <\/strong><br \/>\n<strong>Michael Schnell#<\/strong><\/p>\n<p><a href=\"http:\/\/www.pro-vo.at\/wp-content\/uploads\/2019\/05\/2019-008.jpg\" data-rel=\"lightbox-gallery-yArGVLKh\" data-rl_title=\"2019 008\" data-rl_caption=\"\" title=\"2019 008\"><img loading=\"lazy\" decoding=\"async\" class=\"alignnone size-thumbnail wp-image-4498\" src=\"http:\/\/www.pro-vo.at\/wp-content\/uploads\/2019\/05\/2019-008-150x150.jpg\" alt=\"\" width=\"150\" height=\"150\" \/><\/a><\/p>\n<p>Veronika # (Klavier) &#8211; Night and day &#8211;\u00a0 C. Porter<br \/>\nOtto # (Klavier) &#8211;\u00a0 Sarabande\u00a0 &#8211; G.F. H\u00e4ndel<br \/>\nRoute 66\u00a0 &#8211; \u00a0 B. Troup<\/p>\n<p>Jakob * (Cajon) &#8211; Tuntuna &#8211; Bolivien, Trad.<\/p>\n<p>Hanna (Klavier) &#8211; Friends &#8211;\u00a0 Anonymus<\/p>\n<p>Bruno * (Djembe) &#8211; Mi comadre Cocoliche &#8211; <span style=\"background-color: transparent; color: #333333; display: inline; float: none; font-family: Georgia,&amp;quot; times new roman&amp;quot;,&amp;quot;bitstream charter&amp;quot;,times,serif; font-size: 16px; font-style: normal; font-variant: normal; font-weight: 400; letter-spacing: normal; line-height: 24px; orphans: 2; text-align: left; text-decoration: none; text-indent: 0px; text-transform: none; -webkit-text-stroke-width: 0px; white-space: normal; word-spacing: 0px; word-wrap: break-word;\">Afro-<\/span><span style=\"display: inline !important; float: none; background-color: transparent; color: #333333; font-family: Georgia,'Times New Roman','Bitstream Charter',Times,serif; font-size: 16px; font-style: normal; font-variant: normal; font-weight: 400; letter-spacing: normal; line-height: 24px; orphans: 2; text-align: left; text-decoration: none; text-indent: 0px; text-transform: none; -webkit-text-stroke-width: 0px; white-space: normal; word-spacing: 0px; word-wrap: break-word;\"> peruanische Musik\u00a0<\/span><br \/>\nAlbin * (Djembe)<\/p>\n<p>Ayleen (Klavier) &#8211; Liebestraum &#8211;\u00a0 Franz Liszt<\/p>\n<p>Dominik * (Panfl\u00f6te) &#8211; Quena &#8211;\u00a0 Ch. Jurado<br \/>\nJakob * (Percussion)<\/p>\n<p>Dieter (Schlagzeug) &#8211;\u00a0 Ins Wochenende &#8211; H. Hammerer<\/p>\n<p>Ella \u00b0 (Gesang) &#8211; Love yourself\u00a0 &#8211; \u00a0 Ed Sheeran\/<span style=\"display: inline !important; float: none; background-color: transparent; color: #333333; font-family: Georgia,'Times New Roman','Bitstream Charter',Times,serif; font-size: 16px; font-style: normal; font-variant: normal; font-weight: 400; letter-spacing: normal; line-height: 24px; orphans: 2; text-align: left; text-decoration: none; text-indent: 0px; text-transform: none; -webkit-text-stroke-width: 0px; white-space: normal; word-spacing: 0px; word-wrap: break-word;\">B. Blanco\/Justin Bieber<\/span><\/p>\n<p>Stephanie \u00b0 &#8211; Seven Nation Army &#8211; The White Stripes<br \/>\n(Gesang)<\/p>\n<p>Dominik * (Panfl\u00f6te) &#8211; Where eagles pass &#8211; Alice Gomez<br \/>\nBruno * (Djembe)<br \/>\nAlbin * (Djembe)<\/p>\n<p>Confermato\u00a0 &#8211; \u00a0 Blues No 3\u00a0 &#8211;\u00a0 D. Rubin<\/p>\n<p>Confermato &#8211;\u00a0 Mercy mercy mercy &#8211;\u00a0 J. Zawinul<br \/>\nAyleen (Klavier)<\/p>\n<p>Confermato &#8211;\u00a0 Blues No 5 &#8211;\u00a0 D. Rubin<\/p>\n<p>Confermato\u00a0 &#8211;\u00a0 All the things you are\u00a0 &#8211;\u00a0 <span style=\"display: inline !important; float: none; background-color: transparent; color: #333333; font-family: Georgia,'Times New Roman','Bitstream Charter',Times,serif; font-size: 16px; font-style: normal; font-variant: normal; font-weight: 400; letter-spacing: normal; line-height: 24px; orphans: 2; text-align: left; text-decoration: none; text-indent: 0px; text-transform: none; -webkit-text-stroke-width: 0px; white-space: normal; word-spacing: 0px; word-wrap: break-word;\">Jerome D. Kern<\/span><br \/>\nStephanie \u00b0 (Gesang)<\/p>\n<p>Confermato:<br \/>\nVictoria (Klavier)<br \/>\nManuel \u201c (E-Gitarre)<br \/>\nSimon (E-Bass)<br \/>\n<em>Roland Saavedra<br \/>\nHarry Hammerer<\/em><\/p>\n<p>&nbsp;<\/p>\n<p>&nbsp;<\/p>\n<p>&nbsp;<\/p>\n<p>&nbsp;<\/p>\n<p>&nbsp;<\/p>\n<p>&nbsp;<\/p>\n<p>&nbsp;<\/p>\n<p>.<\/p>\n","protected":false},"excerpt":{"rendered":"<p>Gro\u00dfer Tag der Musik 2019 Samstag, 11. Mai 2019 Musikalische Darbietungen von Sch\u00fclerinnen und Sch\u00fclern von: 10:30\u00a0 &#8211;\u00a0 Severin Chen\/Lisa Egger-Charvat\/Maria Marta Pawlikowska\/Nicole Pe\u00f1a-Comas\/Roland Saavedra 13:00\u00a0 &#8211;\u00a0 Severin Chen\/Nikolas G\u00f6hl\/Monika Kami\/Christian Martinek\/Maria Marta Pawlikowska 14:30\u00a0 &#8211;\u00a0 Cornelia Reutner\/Martin Sch\u00f6nlieb\/Dominik Stumpfel 16:00 \u00a0 &#8211; Harry Hammerer\/Chirstiam Jurado\/ Mira Perusich\/Roland Saavedra\/Michael Schnell Unser Programm 10:30\u00a0 Severin Chen*\u00a0\u00a0\u00a0\u00a0\u00a0\u00a0\u00a0\u00a0\u00a0\u00a0\u00a0\u00a0\u00a0\u00a0\u00a0\u00a0\u00a0\u00a0\u00a0\u00a0\u00a0\u00a0\u00a0\u00a0\u00a0\u00a0\u00a0\u00a0\u00a0 &#8230; <a title=\"GTdM 2019\" class=\"read-more\" href=\"https:\/\/www.pro-vo.at\/index.php\/chronik\/gtdm-2019\/\" aria-label=\"Mehr Informationen \u00fcber GTdM 2019\">Weiterlesen<\/a><\/p>\n","protected":false},"author":1,"featured_media":0,"parent":28,"menu_order":0,"comment_status":"closed","ping_status":"closed","template":"","meta":{"footnotes":""},"class_list":["post-4458","page","type-page","status-publish"],"_links":{"self":[{"href":"https:\/\/www.pro-vo.at\/index.php\/wp-json\/wp\/v2\/pages\/4458","targetHints":{"allow":["GET"]}}],"collection":[{"href":"https:\/\/www.pro-vo.at\/index.php\/wp-json\/wp\/v2\/pages"}],"about":[{"href":"https:\/\/www.pro-vo.at\/index.php\/wp-json\/wp\/v2\/types\/page"}],"author":[{"embeddable":true,"href":"https:\/\/www.pro-vo.at\/index.php\/wp-json\/wp\/v2\/users\/1"}],"replies":[{"embeddable":true,"href":"https:\/\/www.pro-vo.at\/index.php\/wp-json\/wp\/v2\/comments?post=4458"}],"version-history":[{"count":14,"href":"https:\/\/www.pro-vo.at\/index.php\/wp-json\/wp\/v2\/pages\/4458\/revisions"}],"predecessor-version":[{"id":4504,"href":"https:\/\/www.pro-vo.at\/index.php\/wp-json\/wp\/v2\/pages\/4458\/revisions\/4504"}],"up":[{"embeddable":true,"href":"https:\/\/www.pro-vo.at\/index.php\/wp-json\/wp\/v2\/pages\/28"}],"wp:attachment":[{"href":"https:\/\/www.pro-vo.at\/index.php\/wp-json\/wp\/v2\/media?parent=4458"}],"curies":[{"name":"wp","href":"https:\/\/api.w.org\/{rel}","templated":true}]}}