{"id":4432,"date":"2019-03-06T10:16:52","date_gmt":"2019-03-06T10:16:52","guid":{"rendered":"http:\/\/www.pro-vo.at\/?page_id=4432"},"modified":"2019-04-10T15:18:48","modified_gmt":"2019-04-10T15:18:48","slug":"schuelerkonzert-violine-und-gitarre","status":"publish","type":"page","link":"https:\/\/www.pro-vo.at\/index.php\/chronik\/schuelerkonzert-violine-und-gitarre\/","title":{"rendered":"Sch\u00fclerkonzert Violine und Gitarre"},"content":{"rendered":"<h1>Sch\u00fclerkonzert Violine und Gitarre<\/h1>\n<p>Sonntag, 24.02.2019, 17:00 Uhr<\/p>\n<p><a href=\"http:\/\/www.pro-vo.at\/wp-content\/uploads\/2019\/03\/Gruppenfoto-02.jpg\" data-rel=\"lightbox-gallery-Cjx9t4It\" data-rl_title=\"Gruppenfoto 02\" data-rl_caption=\"\" title=\"Gruppenfoto 02\"><img loading=\"lazy\" decoding=\"async\" class=\"alignnone size-thumbnail wp-image-4435\" src=\"http:\/\/www.pro-vo.at\/wp-content\/uploads\/2019\/03\/Gruppenfoto-02-150x150.jpg\" alt=\"\" width=\"150\" height=\"150\" \/><\/a><\/p>\n<p>Sch\u00fcler und Sch\u00fclerinnen von<br \/>\nMaria Marta Pawlikowska* und Nikolas G\u00f6hl<\/p>\n<p>Daniela &#8211; An die Freude &#8211; <span style=\"display: inline !important; float: none; background-color: transparent; color: #333333; font-family: Georgia,'Times New Roman','Bitstream Charter',Times,serif; font-size: 16px; font-style: normal; font-variant: normal; font-weight: 400; letter-spacing: normal; line-height: 24px; orphans: 2; text-align: left; text-decoration: none; text-indent: 0px; text-transform: none; -webkit-text-stroke-width: 0px; white-space: normal; word-spacing: 0px; word-wrap: break-word;\">\u00a0\u00a0 <\/span>Ludwig van Beethoven<br \/>\nJulian* &#8211; An die Freude &#8211;<span style=\"display: inline !important; float: none; background-color: transparent; color: #333333; font-family: Georgia,'Times New Roman','Bitstream Charter',Times,serif; font-size: 16px; font-style: normal; font-variant: normal; font-weight: 400; letter-spacing: normal; line-height: 24px; orphans: 2; text-align: left; text-decoration: none; text-indent: 0px; text-transform: none; -webkit-text-stroke-width: 0px; white-space: normal; word-spacing: 0px; word-wrap: break-word;\"><span style=\"display: inline !important; float: none; background-color: transparent; color: #333333; font-family: Georgia,'Times New Roman','Bitstream Charter',Times,serif; font-size: 16px; font-style: normal; font-variant: normal; font-weight: 400; letter-spacing: normal; line-height: 24px; orphans: 2; text-align: left; text-decoration: none; text-indent: 0px; text-transform: none; -webkit-text-stroke-width: 0px; white-space: normal; word-spacing: 0px; word-wrap: break-word;\"> \u00a0 <\/span><\/span>Ludwig van Beethoven<br \/>\nPeri &#8211;\u00a0 Kleiner trauriger B\u00e4r\u00a0<span style=\"display: inline !important; float: none; background-color: transparent; color: #333333; font-family: Georgia,'Times New Roman','Bitstream Charter',Times,serif; font-size: 16px; font-style: normal; font-variant: normal; font-weight: 400; letter-spacing: normal; line-height: 24px; orphans: 2; text-align: left; text-decoration: none; text-indent: 0px; text-transform: none; -webkit-text-stroke-width: 0px; white-space: normal; word-spacing: 0px; word-wrap: break-word;\"> &#8211; \u00a0 \u00a0 <\/span>Tatiana Stachak<br \/>\nPeri &#8211; \u00a0 Romance<span style=\"display: inline !important; float: none; background-color: transparent; color: #333333; font-family: Georgia,'Times New Roman','Bitstream Charter',Times,serif; font-size: 16px; font-style: normal; font-variant: normal; font-weight: 400; letter-spacing: normal; line-height: 24px; orphans: 2; text-align: left; text-decoration: none; text-indent: 0px; text-transform: none; -webkit-text-stroke-width: 0px; white-space: normal; word-spacing: 0px; word-wrap: break-word;\"> \u00a0 &#8211;\u00a0 <\/span>Nikolas G\u00f6hl<br \/>\nHanna<span style=\"display: inline !important; float: none; background-color: transparent; color: #333333; font-family: Georgia,'Times New Roman','Bitstream Charter',Times,serif; font-size: 16px; font-style: normal; font-variant: normal; font-weight: 400; letter-spacing: normal; line-height: 24px; orphans: 2; text-align: left; text-decoration: none; text-indent: 0px; text-transform: none; -webkit-text-stroke-width: 0px; white-space: normal; word-spacing: 0px; word-wrap: break-word;\">* &#8211; Fidelm\u00e4xchen Walzer <\/span><span style=\"display: inline !important; float: none; background-color: transparent; color: #333333; font-family: Georgia,'Times New Roman','Bitstream Charter',Times,serif; font-size: 16px; font-style: normal; font-variant: normal; font-weight: 400; letter-spacing: normal; line-height: 24px; orphans: 2; text-align: left; text-decoration: none; text-indent: 0px; text-transform: none; -webkit-text-stroke-width: 0px; white-space: normal; word-spacing: 0px; word-wrap: break-word;\">&#8211;\u00a0 <\/span>A. Holzer-Romberg<br \/>\nSelina <span style=\"display: inline !important; float: none; background-color: transparent; color: #333333; font-family: Georgia,'Times New Roman','Bitstream Charter',Times,serif; font-size: 16px; font-style: normal; font-variant: normal; font-weight: 400; letter-spacing: normal; line-height: 24px; orphans: 2; text-align: left; text-decoration: none; text-indent: 0px; text-transform: none; -webkit-text-stroke-width: 0px; white-space: normal; word-spacing: 0px; word-wrap: break-word;\">&#8211;\u00a0 Hedwig&#8217;s Theme aus Harry Potter<span style=\"display: inline !important; float: none; background-color: transparent; color: #333333; font-family: Georgia,'Times New Roman','Bitstream Charter',Times,serif; font-size: 16px; font-style: normal; font-variant: normal; font-weight: 400; letter-spacing: normal; line-height: 24px; orphans: 2; text-align: left; text-decoration: none; text-indent: 0px; text-transform: none; -webkit-text-stroke-width: 0px; white-space: normal; word-spacing: 0px; word-wrap: break-word;\">\u00a0 &#8211;\u00a0<\/span> <\/span>John Williams<br \/>\nMelody &#8211;<span style=\"display: inline !important; float: none; background-color: transparent; color: #333333; font-family: Georgia,'Times New Roman','Bitstream Charter',Times,serif; font-size: 16px; font-style: normal; font-variant: normal; font-weight: 400; letter-spacing: normal; line-height: 24px; orphans: 2; text-align: left; text-decoration: none; text-indent: 0px; text-transform: none; -webkit-text-stroke-width: 0px; white-space: normal; word-spacing: 0px; word-wrap: break-word;\">\u00a0 Twinkle twinkle &#8211;\u00a0 Tra<\/span>d. Frankreich<br \/>\nAdi &#8211; \u00a0 Gravity Falls Main Theme\u00a0 &#8211;\u00a0 Brad Breeck<br \/>\nG\u00fclen-Ay<span style=\"display: inline !important; float: none; background-color: transparent; color: #333333; font-family: Georgia,'Times New Roman','Bitstream Charter',Times,serif; font-size: 16px; font-style: normal; font-variant: normal; font-weight: 400; letter-spacing: normal; line-height: 24px; orphans: 2; text-align: left; text-decoration: none; text-indent: 0px; text-transform: none; -webkit-text-stroke-width: 0px; white-space: normal; word-spacing: 0px; word-wrap: break-word;\"> &#8211;\u00a0 <\/span>Folias de Espana &#8211;\u00a0 <span style=\"background-color: transparent; color: #333333; display: inline; float: none; font-family: Georgia,&amp;quot; times new roman&amp;quot;,&amp;quot;bitstream charter&amp;quot;,times,serif; font-size: 16px; font-style: normal; font-variant: normal; font-weight: 400; letter-spacing: normal; line-height: 24px; orphans: 2; text-align: left; text-decoration: none; text-indent: 0px; text-transform: none; -webkit-text-stroke-width: 0px; white-space: normal; word-spacing: 0px; word-wrap: break-word;\">Trad. Spanien<\/span><br \/>\nG\u00fclen-Nur* und G\u00fclen-Ay\u00a0 &#8211; \u00a0 Wilma Watschelente <span style=\"display: inline !important; float: none; background-color: transparent; color: #333333; font-family: Georgia,'Times New Roman','Bitstream Charter',Times,serif; font-size: 16px; font-style: normal; font-variant: normal; font-weight: 400; letter-spacing: normal; line-height: 24px; orphans: 2; text-align: left; text-decoration: none; text-indent: 0px; text-transform: none; -webkit-text-stroke-width: 0px; white-space: normal; word-spacing: 0px; word-wrap: break-word;\">&#8211;\u00a0 A<\/span>. Holzer-Romberg<br \/>\nAlbin <span style=\"display: inline !important; float: none; background-color: transparent; color: #333333; font-family: Georgia,'Times New Roman','Bitstream Charter',Times,serif; font-size: 16px; font-style: normal; font-variant: normal; font-weight: 400; letter-spacing: normal; line-height: 24px; orphans: 2; text-align: left; text-decoration: none; text-indent: 0px; text-transform: none; -webkit-text-stroke-width: 0px; white-space: normal; word-spacing: 0px; word-wrap: break-word;\">&#8211; \u00a0 <\/span>Ein Lastwagen und zwei Flamingos\u00a0 &#8211; Nikolas G\u00f6hl<br \/>\nStela &#8211;\u00a0 Der Alptraum\u00a0 &#8211;\u00a0 Dietmar Ungerank<br \/>\nMia &#8211; Nach dem Winterschlaf &#8211;\u00a0 A. Holzer-Romberg<br \/>\nMia* &#8211; Der Seilt\u00e4nzer\u00a0 &#8211;\u00a0 A. Holzer-Romberg<br \/>\nLuisa* &#8211;\u00a0 Menuett\u00a0 &#8211; J. S. Bach<br \/>\nMarina &#8211; Fluch der Karibik\u00a0 &#8211; Klaus Badelt<br \/>\nStella &#8211;\u00a0 Aus &#8222;Sieben Zwerge&#8220;<span style=\"display: inline !important; float: none; background-color: transparent; color: #333333; font-family: Georgia,'Times New Roman','Bitstream Charter',Times,serif; font-size: 16px; font-style: normal; font-variant: normal; font-weight: 400; letter-spacing: normal; line-height: 24px; orphans: 2; text-align: left; text-decoration: none; text-indent: 0px; text-transform: none; -webkit-text-stroke-width: 0px; white-space: normal; word-spacing: 0px; word-wrap: break-word;\">:\u00a0 Der Angeber\u00a0 &#8211; <\/span>Dietmar Ungerank<br \/>\nSara (Gast)* &#8211; Irisches Fidellied\u00a0 &#8211; A. Holzer-Romberg<br \/>\nNele* &#8211; \u00a0 Gavotte &#8211; F. J. Gossenc<br \/>\nNele* &#8211;\u00a0 <span style=\"display: inline !important; float: none; background-color: transparent; color: #333333; font-family: Georgia,'Times New Roman','Bitstream Charter',Times,serif; font-size: 16px; font-style: normal; font-variant: normal; font-weight: 400; letter-spacing: normal; line-height: 24px; orphans: 2; text-align: left; text-decoration: none; text-indent: 0px; text-transform: none; -webkit-text-stroke-width: 0px; white-space: normal; word-spacing: 0px; word-wrap: break-word;\">Chorus aus Judas Maccabaeus<\/span> &#8211;\u00a0 G. F. H\u00e4ndel<br \/>\nAline &#8211; Classical Gas\u00a0 &#8211; Mason Williams<br \/>\nFriederike &#8211; Ommagio a Tarrega<span style=\"display: inline !important; float: none; background-color: transparent; color: #333333; font-family: Georgia,'Times New Roman','Bitstream Charter',Times,serif; font-size: 16px; font-style: normal; font-variant: normal; font-weight: 400; letter-spacing: normal; line-height: 24px; orphans: 2; text-align: left; text-decoration: none; text-indent: 0px; text-transform: none; -webkit-text-stroke-width: 0px; white-space: normal; word-spacing: 0px; word-wrap: break-word;\"> &#8211;\u00a0 <span style=\"display: inline !important; float: none; background-color: transparent; color: #333333; font-family: Georgia,'Times New Roman','Bitstream Charter',Times,serif; font-size: 16px; font-style: normal; font-variant: normal; font-weight: 400; letter-spacing: normal; line-height: 24px; orphans: 2; text-align: left; text-decoration: none; text-indent: 0px; text-transform: none; -webkit-text-stroke-width: 0px; white-space: normal; word-spacing: 0px; word-wrap: break-word;\">Leo Brouwer<\/span><\/span><b><\/b><i><\/i><u><\/u><br \/>\nFriederike &#8211; <span style=\"background-color: transparent; color: #333333; display: inline; float: none; font-family: Georgia,&amp;quot; times new roman&amp;quot;,&amp;quot;bitstream charter&amp;quot;,times,serif; font-size: 16px; font-style: normal; font-variant: normal; font-weight: 400; letter-spacing: normal; line-height: 24px; orphans: 2; text-align: left; text-decoration: none; text-indent: 0px; text-transform: none; -webkit-text-stroke-width: 0px; white-space: normal; word-spacing: 0px; word-wrap: break-word;\"><span style=\"background-color: transparent; color: #333333; display: inline; float: none; font-family: Georgia,&amp;quot; times new roman&amp;quot;,&amp;quot;bitstream charter&amp;quot;,times,serif; font-size: 16px; font-style: normal; font-variant: normal; font-weight: 400; letter-spacing: normal; line-height: 24px; orphans: 2; text-align: left; text-decoration: none; text-indent: 0px; text-transform: none; -webkit-text-stroke-width: 0px; white-space: normal; word-spacing: 0px; word-wrap: break-word;\">Aus \u201e\u00c8tudes simples\u201c: Etude II<\/span><\/span><span style=\"display: inline !important; float: none; background-color: transparent; color: #333333; font-family: Georgia,'Times New Roman','Bitstream Charter',Times,serif; font-size: 16px; font-style: normal; font-variant: normal; font-weight: 400; letter-spacing: normal; line-height: 24px; orphans: 2; text-align: left; text-decoration: none; text-indent: 0px; text-transform: none; -webkit-text-stroke-width: 0px; white-space: normal; word-spacing: 0px; word-wrap: break-word;\"> ; Ommagio a Piazolla<\/span><\/p>\n<p><a href=\"http:\/\/www.pro-vo.at\/index.php\/chronik\/\">Zur\u00fcck zur Chronik<\/a><\/p>\n<p>&nbsp;<\/p>\n","protected":false},"excerpt":{"rendered":"<p>Sch\u00fclerkonzert Violine und Gitarre Sonntag, 24.02.2019, 17:00 Uhr Sch\u00fcler und Sch\u00fclerinnen von Maria Marta Pawlikowska* und Nikolas G\u00f6hl Daniela &#8211; An die Freude &#8211; \u00a0\u00a0 Ludwig van Beethoven Julian* &#8211; An die Freude &#8211; \u00a0 Ludwig van Beethoven Peri &#8211;\u00a0 Kleiner trauriger B\u00e4r\u00a0 &#8211; \u00a0 \u00a0 Tatiana Stachak Peri &#8211; \u00a0 Romance \u00a0 &#8211;\u00a0 Nikolas &#8230; <a title=\"Sch\u00fclerkonzert Violine und Gitarre\" class=\"read-more\" href=\"https:\/\/www.pro-vo.at\/index.php\/chronik\/schuelerkonzert-violine-und-gitarre\/\" aria-label=\"Mehr Informationen \u00fcber Sch\u00fclerkonzert Violine und Gitarre\">Weiterlesen<\/a><\/p>\n","protected":false},"author":1,"featured_media":0,"parent":28,"menu_order":0,"comment_status":"closed","ping_status":"closed","template":"","meta":{"footnotes":""},"class_list":["post-4432","page","type-page","status-publish"],"_links":{"self":[{"href":"https:\/\/www.pro-vo.at\/index.php\/wp-json\/wp\/v2\/pages\/4432","targetHints":{"allow":["GET"]}}],"collection":[{"href":"https:\/\/www.pro-vo.at\/index.php\/wp-json\/wp\/v2\/pages"}],"about":[{"href":"https:\/\/www.pro-vo.at\/index.php\/wp-json\/wp\/v2\/types\/page"}],"author":[{"embeddable":true,"href":"https:\/\/www.pro-vo.at\/index.php\/wp-json\/wp\/v2\/users\/1"}],"replies":[{"embeddable":true,"href":"https:\/\/www.pro-vo.at\/index.php\/wp-json\/wp\/v2\/comments?post=4432"}],"version-history":[{"count":11,"href":"https:\/\/www.pro-vo.at\/index.php\/wp-json\/wp\/v2\/pages\/4432\/revisions"}],"predecessor-version":[{"id":4471,"href":"https:\/\/www.pro-vo.at\/index.php\/wp-json\/wp\/v2\/pages\/4432\/revisions\/4471"}],"up":[{"embeddable":true,"href":"https:\/\/www.pro-vo.at\/index.php\/wp-json\/wp\/v2\/pages\/28"}],"wp:attachment":[{"href":"https:\/\/www.pro-vo.at\/index.php\/wp-json\/wp\/v2\/media?parent=4432"}],"curies":[{"name":"wp","href":"https:\/\/api.w.org\/{rel}","templated":true}]}}