{"id":4414,"date":"2018-12-18T07:48:26","date_gmt":"2018-12-18T07:48:26","guid":{"rendered":"http:\/\/www.pro-vo.at\/?page_id=4414"},"modified":"2019-02-24T09:48:22","modified_gmt":"2019-02-24T09:48:22","slug":"advent-2018","status":"publish","type":"page","link":"https:\/\/www.pro-vo.at\/index.php\/chronik\/advent-2018\/","title":{"rendered":"Advent 2018"},"content":{"rendered":"<h1>pro-vo Adventkonzert 2018<\/h1>\n<p>Montag, 17. Dezember 2018<br \/>\n15:30<\/p>\n<p>Pflegewohnhaus Rudolfsheim-F\u00fcnfhaus<br \/>\nKardinal Rauscherplatz 2<\/p>\n<h2>Unser Programm:<\/h2>\n<p>Sarnai \u2003 Violine\u2003\u00a0 <strong>Ihr Kinderlein kommet<\/strong>\u00a0\u2003 Weihnachtslied<br \/>\nKonstantin \u2003 Violine \u2003<strong>Leuchte, leuchte kleiner Stern<\/strong> \u2002Wiegenlied<br \/>\nFlora \u2003 Violine<br \/>\nEmilia \u2003 Violine<br \/>\nSara\u2003 Violine<br \/>\nRohan \u2003 Violine<br \/>\nHanna \u2003Violine<br \/>\nMaximilian \u2003Violoncello<br \/>\nElias \u2003 Gitarre \u2003 <strong>Das klinget so herrlich<\/strong>\u2003 W.A.Mozart, aus der<br \/>\nAna \u2003Gitarre \u2003 \u2003 \u2003Zauberfl\u00f6te<br \/>\nDaria \u2003 Gitarre<br \/>\nLucia \u2003Gitarre<br \/>\nLisa Egger-Charvat* \u2003 Violine<\/p>\n<p>Erik \u2003 Klavier \u2003<strong> Jingle Bells<\/strong> \u2003 James Lord Pierpont<br \/>\nMaximilian\u2003 Violoncello<br \/>\nKonstantin \u2003 Violine<\/p>\n<p>Barbara \u2003 Gitarre \u2003 <strong>Happy x-mas (war is over)<\/strong><br \/>\nKarin \u2003 Gitarre \u2003 \u2003 John Lennon\/Yoko Ono<br \/>\nVictoria\u2003 Gitarre<br \/>\nElena \u2003 Gitarre<br \/>\nFabian \u2003 Gitarre<\/p>\n<p>Elina Klavier \u2003 <strong>First Noel<\/strong>\u2003 Trad. England<br \/>\nSeverin Chen* Klavier<\/p>\n<p>Dominik \u2003 Panfl\u00f6te \u2003 <strong>Himnos de los ni\u00f1os<\/strong>\u2003 Coco Tafur<br \/>\nSeverin Chen* Klavier<\/p>\n<p>Jordan \u2003 Violoncello \u2003<strong> We wish you a merry christmas<\/strong><br \/>\nNicole Pe\u00f1a-Comas* \u2003Violoncello \u2003 Trad. England<\/p>\n<p>Ella \u2003 Gesang \u2003 <strong>Last Christmas<\/strong>\u2003 George Michael<br \/>\nMira Perusich*\u2003 Klavier<\/p>\n<p>Stella \u2003 Klavier\u2003 <strong>Lasst uns froh und munter sein<\/strong> \u2003 Adventlied<br \/>\nMia \u2003 Violine<\/p>\n<p>Emil \u2003 Bongos\u2003 <strong>Sonidos de navidad<\/strong>\u2003 Span. Weihnachtslied<br \/>\nChristian Martinek* \u2003Klavier<\/p>\n<p>Nele \u2003 Violine\u2003 <strong>Rudolph, the red nosed reindeer<\/strong><br \/>\nLuisa \u2003 Violine \u2003 Johnny Marks<\/p>\n<p>Nele \u2003 Violine \u2003<strong>Feliz Navidad<\/strong> \u2003 Jose Feliciano<br \/>\nSeverin Chen* \u2003Klavier<\/p>\n<p>Antonia \u2003 Blockfl\u00f6te \u2003<strong> Engelsmusik<\/strong> \u2003 Anonymus<br \/>\nJulius \u2003 Blockfl\u00f6te \u2003<strong> Coventy Carol<\/strong> \u2003aus dem 15. Jhdt.<br \/>\nKarla \u2003 Blockfl\u00f6te<br \/>\nAnton\u2003 Blockfl\u00f6te<br \/>\nBillie \u2003 Alt-Blockfl\u00f6te<br \/>\nHans Haslinger* \u2003 Zither<br \/>\nFl\u00f3ra Csejtei* \u2003 Alt-Blockfl\u00f6te<\/p>\n<p>Stephanie \u2003 Gesang <strong>Autumn leaves<\/strong> \u2003 T: Johnny Mercer<br \/>\nVictoria \u2003 Synthesizer \u2003 M: Joseph Kosma<br \/>\nManuel \u2003 E-Gitarre<br \/>\nSimon \u2003 E-Bass<br \/>\nHarry Hammerer* \u2003 Cajon<br \/>\nRoland Saavedra*\u2003 Gitarre<\/p>\n<p>Stephanie \u2003 Gesang <strong>Little Drummer boy<\/strong><br \/>\nVictoria \u2003 Trommel \u2003 Amerikan. Weihnachtslied<br \/>\nDominik\u2003 Panfl\u00f6te<br \/>\nManuel \u2003 E-Gitarre<br \/>\nSimon \u2003 E-Bass<br \/>\nLisa Egger-Charvat* \u2003 Violine<br \/>\nRoland Saavedra*\u2003 Gitarre<br \/>\nMira Perusich* \u2003 Gesang<\/p>\n<p>Melody \u2003 Gitarre \u2003 <strong>Schneefl\u00f6ckchen, Wei\u00dfr\u00f6ckchen<\/strong><br \/>\nStella \u2003 Gitarre \u2003 <strong>Senora Dona Maria<\/strong><br \/>\nPeri\u2003 Gitarre<br \/>\nDaniela \u00a0\u00a0\u00a0\u00a0 Gitarre<br \/>\nMarina \u00a0\u00a0\u00a0\u00a0Gitarre<br \/>\nStela \u00a0\u00a0\u00a0\u00a0 Gitarre<br \/>\nAline \u00a0\u00a0\u00a0\u00a0Gitarre<br \/>\nSelina \u00a0\u00a0\u00a0\u00a0 Gitarre<br \/>\nEmma \u00a0\u00a0\u00a0\u00a0 Gitarre<br \/>\nAdi \u00a0\u00a0\u00a0\u00a0Gitarre<br \/>\nFriederike \u00a0\u00a0\u00a0\u00a0 Gitarre<\/p>\n<p>Valentina \u2003 Violine<br \/>\nDominik \u2003 Gitarre (Gast) \u2003 <strong>Stille Nacht<\/strong><br \/>\nM: Franz Xaver Gruber, T: Joseph Mohr<\/p>\n<p>Gemeinsam mit allen G\u00e4sten: <strong>Alle Jahre wieder<\/strong><\/p>\n<p>Lehrerin, Lehrer in der pro-vo*<\/p>\n","protected":false},"excerpt":{"rendered":"<p>pro-vo Adventkonzert 2018 Montag, 17. Dezember 2018 15:30 Pflegewohnhaus Rudolfsheim-F\u00fcnfhaus Kardinal Rauscherplatz 2 Unser Programm: Sarnai \u2003 Violine\u2003\u00a0 Ihr Kinderlein kommet\u00a0\u2003 Weihnachtslied Konstantin \u2003 Violine \u2003Leuchte, leuchte kleiner Stern \u2002Wiegenlied Flora \u2003 Violine Emilia \u2003 Violine Sara\u2003 Violine Rohan \u2003 Violine Hanna \u2003Violine Maximilian \u2003Violoncello Elias \u2003 Gitarre \u2003 Das klinget so herrlich\u2003 W.A.Mozart, aus &#8230; <a title=\"Advent 2018\" class=\"read-more\" href=\"https:\/\/www.pro-vo.at\/index.php\/chronik\/advent-2018\/\" aria-label=\"Mehr Informationen \u00fcber Advent 2018\">Weiterlesen<\/a><\/p>\n","protected":false},"author":1,"featured_media":0,"parent":28,"menu_order":0,"comment_status":"closed","ping_status":"closed","template":"","meta":{"footnotes":""},"class_list":["post-4414","page","type-page","status-publish"],"_links":{"self":[{"href":"https:\/\/www.pro-vo.at\/index.php\/wp-json\/wp\/v2\/pages\/4414","targetHints":{"allow":["GET"]}}],"collection":[{"href":"https:\/\/www.pro-vo.at\/index.php\/wp-json\/wp\/v2\/pages"}],"about":[{"href":"https:\/\/www.pro-vo.at\/index.php\/wp-json\/wp\/v2\/types\/page"}],"author":[{"embeddable":true,"href":"https:\/\/www.pro-vo.at\/index.php\/wp-json\/wp\/v2\/users\/1"}],"replies":[{"embeddable":true,"href":"https:\/\/www.pro-vo.at\/index.php\/wp-json\/wp\/v2\/comments?post=4414"}],"version-history":[{"count":12,"href":"https:\/\/www.pro-vo.at\/index.php\/wp-json\/wp\/v2\/pages\/4414\/revisions"}],"predecessor-version":[{"id":4417,"href":"https:\/\/www.pro-vo.at\/index.php\/wp-json\/wp\/v2\/pages\/4414\/revisions\/4417"}],"up":[{"embeddable":true,"href":"https:\/\/www.pro-vo.at\/index.php\/wp-json\/wp\/v2\/pages\/28"}],"wp:attachment":[{"href":"https:\/\/www.pro-vo.at\/index.php\/wp-json\/wp\/v2\/media?parent=4414"}],"curies":[{"name":"wp","href":"https:\/\/api.w.org\/{rel}","templated":true}]}}