{"id":4219,"date":"2018-08-21T14:22:45","date_gmt":"2018-08-21T14:22:45","guid":{"rendered":"http:\/\/www.pro-vo.at\/?page_id=4219"},"modified":"2026-04-19T19:57:52","modified_gmt":"2026-04-19T19:57:52","slug":"news","status":"publish","type":"page","link":"https:\/\/www.pro-vo.at\/index.php\/news\/","title":{"rendered":"demn\u00e4chst"},"content":{"rendered":"\n<h2 class=\"wp-block-heading\"><strong>Neuigkeiten &#8211; demn\u00e4chst in der pro-vo:<\/strong><\/h2>\n\n\n\n<p>Gro\u00dfer Tag der Musik am Samstag, 9. Mai 2026. Ein Tag voller Konzerte, an dem jeder Sch\u00fcler der pro-vo die M\u00f6glichkeit bekommt aufzutreten. <\/p>\n\n\n\n<hr class=\"wp-block-separator has-alpha-channel-opacity\"\/>\n\n\n\n<p>Stimmworkshop <a href=\"https:\/\/www.pro-vo.at\/index.php\/voiceflow-mai-2026\/\" data-type=\"page\" data-id=\"6922\">Voice Flow<\/a><\/p>\n\n\n\n<p>Da uns der Stimmworkshop mit Monika L\u00e4mmerer im Februar sehr gut gefallen hat, wiederholen wir ihn. Der n\u00e4chste Termin: 30. Mai. 2026. Details und M\u00f6glichkeit zur Anmeldung finden Sie <a href=\"https:\/\/www.pro-vo.at\/index.php\/voiceflow-mai-2026\/\" data-type=\"page\" data-id=\"6922\">hier<\/a>.<\/p>\n\n\n\n<hr class=\"wp-block-separator has-alpha-channel-opacity\"\/>\n\n\n\n<p>pr<span style=\"color: #339966;\">o<\/span>-vo  Auftritt beim Wasserwelt Fest<\/p>\n\n\n\n<p>Am 12. Juni findet das diesj\u00e4hrige Wasserwelt Fest statt. Auch die pro-vo wird dieses Jahr dort auftreten und zwar zwischen 15:30 und 16:00. <\/p>\n\n\n\n<hr class=\"wp-block-separator has-alpha-channel-opacity\"\/>\n\n\n\n<p>Gro\u00dfes pr<span style=\"color: #339966;\">o<\/span>-vo Sommerfest<\/p>\n\n\n\n<p>Auch heuer planen wir am 20. Juni ein gro\u00dfes pr<span style=\"color: #339966;\">o<\/span>-vo Sommerfest mit gro\u00dfem Konzert und vielen unterschiedlichen Beitr\u00e4gen. Das Konzert findet wie in den vergangenen Jahren im Hof des Ingrid-Leodolter-Hauses ab 16:00 statt.<\/p>\n\n\n\n<hr class=\"wp-block-separator has-alpha-channel-opacity\"\/>\n\n\n\n<p>pr<span style=\"color: #339966;\">o<\/span>-vo MusikCamp:<br>2. Ferienwoche von 13. bis 17. Juli<br>4. Ferienwoche von 27. bis 31. Juli<br>Details und Anmeldung finden Sie <a href=\"https:\/\/www.pro-vo.at\/index.php\/musikcamp\/\">hier<\/a>.<\/p>\n\n\n\n<hr class=\"wp-block-separator has-alpha-channel-opacity\"\/>\n\n\n\n<p><strong>Anmeldungen zum Musikunterricht<\/strong><\/p>\n\n\n\n<p>Anmeldungen sind jederzeit m\u00f6glich (<a href=\"mailto:info@pro-vo.at\">info@pro-vo.at<\/a>).<br>Hier finden Sie das Anmeldeformular:<br><a href=\"http:\/\/www.pro-vo.at\/wp-content\/uploads\/2025\/06\/Neuanmeldung-2025-26.pdf\">Neuanmeldung 2025-26<\/a> f\u00fcr den Musikunterricht<\/p>\n\n\n\n<p><strong>Musikunterricht<\/strong><\/p>\n\n\n\n<ul class=\"wp-block-list\">\n<li><u>W\u00f6chentlicher Unterricht:<br><\/u>Wir garantieren pro Schuljahr 30 Unterrichtseinheiten (das sind durchschnittlich 3 Stunden pro Monat).<br>Bei l\u00e4ngerer Abwesenheit des Lehrers, bzw. bei Lehrerwechsel,<br>wird die pro-vo einen gleichwertigen Lehrer zur Verf\u00fcgung stellen.<br>Sollte dies nicht m\u00f6glich sein, wird der Kursbeitrag f\u00fcr diese Zeit aliquot zur\u00fcck erstattet.<\/li>\n\n\n\n<li><u>Vierzehnt\u00e4giger Unterricht:<br><\/u>Wir garantieren pro Schuljahr 15 Unterrichtseinheiten.<\/li>\n<\/ul>\n\n\n\n<p>Weitere Infos:<br>Bitte kommen Sie nur in den Unterricht, wenn Sie gesund sind.<\/p>\n\n\n\n<p>Wenn Sie Online-Unterricht haben wollen, vereinbaren Sie bitte mit Ihrer Lehrerin\/Ihrem Lehrer einen Termin f\u00fcr die Online-Stunde, da der Termin m\u00f6glicherweise vom Pr\u00e4senz-Unterrichtstermin abweichen kann.<\/p>\n","protected":false},"excerpt":{"rendered":"<p>Neuigkeiten &#8211; demn\u00e4chst in der pro-vo: Gro\u00dfer Tag der Musik am Samstag, 9. Mai 2026. Ein Tag voller Konzerte, an dem jeder Sch\u00fcler der pro-vo die M\u00f6glichkeit bekommt aufzutreten. Stimmworkshop Voice Flow Da uns der Stimmworkshop mit Monika L\u00e4mmerer im Februar sehr gut gefallen hat, wiederholen wir ihn. Der n\u00e4chste Termin: 30. Mai. 2026. Details &#8230; <a title=\"demn\u00e4chst\" class=\"read-more\" href=\"https:\/\/www.pro-vo.at\/index.php\/news\/\" aria-label=\"Mehr Informationen \u00fcber demn\u00e4chst\">Weiterlesen<\/a><\/p>\n","protected":false},"author":2,"featured_media":0,"parent":0,"menu_order":0,"comment_status":"closed","ping_status":"closed","template":"","meta":{"footnotes":""},"class_list":["post-4219","page","type-page","status-publish"],"_links":{"self":[{"href":"https:\/\/www.pro-vo.at\/index.php\/wp-json\/wp\/v2\/pages\/4219","targetHints":{"allow":["GET"]}}],"collection":[{"href":"https:\/\/www.pro-vo.at\/index.php\/wp-json\/wp\/v2\/pages"}],"about":[{"href":"https:\/\/www.pro-vo.at\/index.php\/wp-json\/wp\/v2\/types\/page"}],"author":[{"embeddable":true,"href":"https:\/\/www.pro-vo.at\/index.php\/wp-json\/wp\/v2\/users\/2"}],"replies":[{"embeddable":true,"href":"https:\/\/www.pro-vo.at\/index.php\/wp-json\/wp\/v2\/comments?post=4219"}],"version-history":[{"count":325,"href":"https:\/\/www.pro-vo.at\/index.php\/wp-json\/wp\/v2\/pages\/4219\/revisions"}],"predecessor-version":[{"id":6947,"href":"https:\/\/www.pro-vo.at\/index.php\/wp-json\/wp\/v2\/pages\/4219\/revisions\/6947"}],"wp:attachment":[{"href":"https:\/\/www.pro-vo.at\/index.php\/wp-json\/wp\/v2\/media?parent=4219"}],"curies":[{"name":"wp","href":"https:\/\/api.w.org\/{rel}","templated":true}]}}