{"id":4116,"date":"2018-04-17T16:02:23","date_gmt":"2018-04-17T16:02:23","guid":{"rendered":"http:\/\/www.pro-vo.at\/?page_id=4116"},"modified":"2018-05-08T08:24:21","modified_gmt":"2018-05-08T08:24:21","slug":"gtdm-2018","status":"publish","type":"page","link":"https:\/\/www.pro-vo.at\/index.php\/chronik\/gtdm-2018\/","title":{"rendered":"GTdM 2018"},"content":{"rendered":"<h1>Gro\u00dfer Tag der Musik 2018<\/h1>\n<p>Der gro\u00dfe Tag der Musik findet am 5. Mai 2018 in der pro-vo statt.<\/p>\n<p>In angenehmer Atmosph\u00e4re musizieren Sch\u00fclerinnen und Sch\u00fcler der pro-vo in unserem Veranstaltungsraum.<br \/>\nBei Sch\u00f6nwetter k\u00f6nnen einige Darbietungen im Hof stattfinden.<\/p>\n<p>&nbsp;<\/p>\n<p>&nbsp;<\/p>\n<p>Sch\u00fclerinnen und Sch\u00fcler von:<\/p>\n<p>11:00\u00a0 Fl\u00f3ra Csejtei, Thomas Grimm, Yukari Hagino<\/p>\n<p>12:00\u00a0 Severin Chen, Cornelia Reutner, Maria Marta Pawlikowska<\/p>\n<p>13:00\u00a0 Harry Hammerer, Chirstiam Jurado, Roland Saavedra, <span style=\"display: inline !important; float: none; background-color: transparent; color: #333333; font-family: Georgia,'Times New Roman','Bitstream Charter',Times,serif; font-size: 16px; font-style: normal; font-variant: normal; font-weight: 400; letter-spacing: normal; line-height: 24px; orphans: 2; text-align: left; text-decoration: none; text-indent: 0px; text-transform: none; -webkit-text-stroke-width: 0px; white-space: normal; word-spacing: 0px; word-wrap: break-word;\">Martin Sch\u00f6nlieb &#8211; &#8222;querbeet&#8220;<\/span><\/p>\n<p>14:00\u00a0 Nikolas G\u00f6hl, Harry Hammerer<\/p>\n<p>15:30\u00a0 Kaoru Asayama, Lisa Egger-Charvat, Maria Marta Pawlikowska &#8211; &#8222;Arcolinis&#8220;<\/p>\n<p>&nbsp;<\/p>\n<p>&nbsp;<\/p>\n<p>&nbsp;<\/p>\n<p><a href=\"http:\/\/www.pro-vo.at\/wp-content\/uploads\/2018\/05\/11.jpg\" data-rel=\"lightbox-gallery-a5CL7ZMQ\" data-rl_title=\"11 Uhr\" data-rl_caption=\"\" title=\"11 Uhr\"><img loading=\"lazy\" decoding=\"async\" class=\"size-thumbnail wp-image-4149\" src=\"http:\/\/www.pro-vo.at\/wp-content\/uploads\/2018\/05\/11-150x150.jpg\" alt=\"\" width=\"150\" height=\"150\" \/><\/a><\/p>\n<p>Unser Programm<br \/>\num 11 Uhr:<\/p>\n<p>Antonia~ , P<span style=\"display: inline !important; float: none; background-color: transparent; color: #333333; font-family: Georgia,'Times New Roman','Bitstream Charter',Times,serif; font-size: 16px; font-style: normal; font-variant: normal; font-weight: 400; letter-spacing: normal; line-height: 24px; orphans: 2; text-align: left; text-decoration: none; text-indent: 0px; text-transform: none; -webkit-text-stroke-width: 0px; white-space: normal; word-spacing: 0px; word-wrap: break-word;\">hilip ~ und Julius ~<\/span>Gavotte Michael Praetorius<br \/>\nCanarie Joachim van der Hove<br \/>\nBransle de Bourgogne Claude Gervaise, <span style=\"display: inline !important; float: none; background-color: transparent; color: #333333; font-family: Georgia,'Times New Roman','Bitstream Charter',Times,serif; font-size: 16px; font-style: normal; font-variant: normal; font-weight: 400; letter-spacing: normal; line-height: 24px; orphans: 2; text-align: left; text-decoration: none; text-indent: 0px; text-transform: none; -webkit-text-stroke-width: 0px; white-space: normal; word-spacing: 0px; word-wrap: break-word;\">Fl\u00f3ra Csejtei Klavier\u00a0<\/span><br \/>\nKarla ~ Affentanz Barbara Ertl, Fl\u00f3ra Csejtei Klavier<br \/>\nAnton ~ Jimba Daniel Hellbach<br \/>\nMika * Rosamunde Franz Schubert<br \/>\nBillie ~ Greensleeves Variationen Trad., Fl\u00f3ra Csejtei Klavier<br \/>\nMika * Edelwei\u00df aus &#8222;The Sound of Music\u201c ,Yukari Hagino Klavier Rodgers\/Hammerstein<br \/>\nMagdalena \u2018 Nimbus 2000 aus Harry Potter und der Stein der Weisen John Williams<br \/>\nMagdalena \u2018 Double Trouble aus Harry Potter und der<span style=\"display: inline !important; float: none; background-color: transparent; color: #333333; font-family: Georgia,'Times New Roman','Bitstream Charter',Times,serif; font-size: 16px; font-style: normal; font-variant: normal; font-weight: 400; letter-spacing: normal; line-height: 24px; orphans: 2; text-align: left; text-decoration: none; text-indent: 0px; text-transform: none; -webkit-text-stroke-width: 0px; white-space: normal; word-spacing: 0px; word-wrap: break-word;\">Gefangene von Askaban John Williams, <\/span>Thomas Grimm<br \/>\nAndreas \u2018 The Dancing Lesson Graham Sheen. Thomas Grimm Klavier<br \/>\nIda \u2018 und <span style=\"display: inline !important; float: none; background-color: transparent; color: #333333; font-family: Georgia,'Times New Roman','Bitstream Charter',Times,serif; font-size: 16px; font-style: normal; font-variant: normal; font-weight: 400; letter-spacing: normal; line-height: 24px; orphans: 2; text-align: left; text-decoration: none; text-indent: 0px; text-transform: none; -webkit-text-stroke-width: 0px; white-space: normal; word-spacing: 0px; word-wrap: break-word;\">Carla \u2018\u00a0<\/span>Hedwig\u2019s Theme aus Harry Potter un<span style=\"display: inline !important; float: none; background-color: transparent; color: #333333; font-family: Georgia,'Times New Roman','Bitstream Charter',Times,serif; font-size: 16px; font-style: normal; font-variant: normal; font-weight: 400; letter-spacing: normal; line-height: 24px; orphans: 2; text-align: left; text-decoration: none; text-indent: 0px; text-transform: none; -webkit-text-stroke-width: 0px; white-space: normal; word-spacing: 0px; word-wrap: break-word;\">d der Stein der Weisen, T<\/span>homas Grimm John Williams<\/p>\n<p>Sch\u00fclerinnen und Sch\u00fcler von<br \/>\nYukari Hagino* Querfl\u00f6te<br \/>\nFl\u00f3ra Csejtei~ Blockfl\u00f6ten<br \/>\nThomas Grimm\u2018 Saxophon, Fagott<\/p>\n<p>&nbsp;<\/p>\n<p><a href=\"http:\/\/www.pro-vo.at\/wp-content\/uploads\/2018\/05\/12.jpg\" data-rel=\"lightbox-gallery-a5CL7ZMQ\" data-rl_title=\"12 Uhr\" data-rl_caption=\"\" title=\"12 Uhr\"><img loading=\"lazy\" decoding=\"async\" class=\"size-thumbnail wp-image-4150\" src=\"http:\/\/www.pro-vo.at\/wp-content\/uploads\/2018\/05\/12-150x150.jpg\" alt=\"\" width=\"150\" height=\"150\" \/><\/a><\/p>\n<p>Unser Programm<br \/>\num 12 Uhr<\/p>\n<p>Sara \u2018 und Antonija \u2018 Bruder Jakob Volkslied\/Kanon<br \/>\nAur\u00e9lio \u2018 Das Hupkonzert A. Terzibaschitsch<br \/>\nHejo, spann den Wagen an<br \/>\nJule * Feenflug Daniel McFarlane<\/p>\n<p>Erik * Tarantella Aniko Drabon<br \/>\nSimon \u2018 Schlafe, schlafe A. Terzibaschitsch<br \/>\nDie Feuerwehr<br \/>\nJohanna *\/Stella * Russischer Tanz Clara Rullmann<br \/>\nMia ~ Kommt ein Vogel geflogen Volkslied<br \/>\nMilica \u2018 Langeweile A. Terzibaschitsch<br \/>\nCharlene \u2018 und Helena \u2018 Let it be McCartney\/Lennon<br \/>\nMarie *<br \/>\nLaura Geisterstunde A. Terzibaschitsch<br \/>\nMorgenstimmung (Peer Gynt-Suite) E. Grieg<br \/>\nHasan \u2018 An die Freude L.v. Beethoven<br \/>\nFaded Alan Walker<br \/>\nHasan \u2018\/Younis \u2018 He\u2019s a pirate Hans Zimmer (arr. C. R.)<br \/>\nLotte * Moonlight William Gillock<br \/>\nAlejandro * Tambourintanz Daniel Helbach<br \/>\nSimon * Star Wars Theme John Williams<br \/>\nCharlene \u2018 und Helena \u2018 Part of your world Alan Menken<br \/>\nKlavier: Gideon *<br \/>\nYounis F\u00fcr Elise l.v. Beethoven<br \/>\nLa Valse D\u2019Amelie Yann Thiersen<br \/>\nCharlene \u2018und Helena \u2018 Pompeii Bastille<br \/>\nAbby * An der sch\u00f6nen blauen Donau Johann Strauss Sohn<br \/>\nRuben * Lady Madonna McCartney\/Lennon<br \/>\nElina * All of me John Legend<br \/>\nVictoria \u2018 und Ensemble Un poquito cantas Spanien\/Arr. J.K.<\/p>\n<p>Sch\u00fclerinnen und Sch\u00fcler von<br \/>\nSeverin Chen* Klavier<br \/>\nCornelia Reutner\u2018 Gesang\/Klavier<br \/>\nMaria Marta Pawlikowska~ Violine<\/p>\n<p><a href=\"http:\/\/www.pro-vo.at\/wp-content\/uploads\/2018\/05\/13.jpg\" data-rel=\"lightbox-gallery-a5CL7ZMQ\" data-rl_title=\"13 Uhr\" data-rl_caption=\"\" title=\"13 Uhr\"><img loading=\"lazy\" decoding=\"async\" class=\"size-thumbnail wp-image-4151\" src=\"http:\/\/www.pro-vo.at\/wp-content\/uploads\/2018\/05\/13-150x150.jpg\" alt=\"\" width=\"150\" height=\"150\" \/><\/a><\/p>\n<p>Unser Programm<br \/>\num 13 Uhr:<\/p>\n<p>Querbeet Ex&#8217;s &amp; Oh&#8217;s Elle King, Dave Basset<br \/>\nTriste Antonio Carlos Jobim<br \/>\nUnder Pressure Queen &amp; David Bowie<\/p>\n<p>Bruno \u2018 und Albin&#8216; Los caporales Tuntuna Folklore<br \/>\nDespacito\/ kurze version Luis Fonsi<br \/>\nElias * Kellerassel und Floh Hans Joachim Teschner<br \/>\nAyleen Liebestraum Franz Liszt<br \/>\nCathrin Comptine d&#8217;ete n\u00b02 Yann Tiersen<br \/>\nDominik \u2018 Requien four a Dream Clint Mansell<br \/>\nLemon tree Fools Garden<br \/>\nAnna * Trompetenparade Juan Antonio Muro<br \/>\nDas Huhn Juan Antonio Muro<br \/>\nAyleen und Simon Wei\u00dft du, wieviel Sternlein stehen Volkslied Victoria Gnosienne Nr.1 Erik Satie<br \/>\nLaurenz Bo Diddley Groove<br \/>\nQuerbeet Dindi Antonio Carlos Jobim<br \/>\nCome Together Lennon\/McCartney<br \/>\nThe Fool on the Hill Lennon\/McCartney<br \/>\nSimon, Manuel, Victoria Slap it<br \/>\nEnsemble querbeet:<br \/>\nGundula, Gesang &#8211; Michael, E-Gitarre<br \/>\nMartin Sch\u00f6nlieb, E-Bass<\/p>\n<p>Sch\u00fclerinnen und Sch\u00fcler von<br \/>\nHarry Hammerer<br \/>\nChirstiam Jurado\u2018<br \/>\nRoland Saavedra*<br \/>\nMartin Sch\u00f6nlieb\u02c6<\/p>\n<p><a href=\"http:\/\/www.pro-vo.at\/wp-content\/uploads\/2018\/05\/14.jpg\" data-rel=\"lightbox-gallery-a5CL7ZMQ\" data-rl_title=\"14 Uhr\" data-rl_caption=\"\" title=\"14 Uhr\"><img loading=\"lazy\" decoding=\"async\" class=\"size-thumbnail wp-image-4152\" src=\"http:\/\/www.pro-vo.at\/wp-content\/uploads\/2018\/05\/14-150x150.jpg\" alt=\"\" width=\"150\" height=\"150\" \/><\/a><\/p>\n<p>Unser Programm<br \/>\num 14 Uhr:<\/p>\n<p>Alma Bajuschki Baju Trad. Russland Text: Lorenz Maierhofer<br \/>\nSelina An die Freude Ludwig v Beethoven<br \/>\nGrete Fluch der Karibik Hans Zimmer<br \/>\narr. Nikolas G\u00f6hl<br \/>\nStella Aus \u201eSieben Zwerge\u201c: Dietmar Ungerank Der Sch\u00fcchterne<br \/>\nAlbin La Gitanita J\u00fcrg Hochweber<br \/>\nFilippo Applaus Applaus Sportfreunde Stiller<br \/>\nStela El Borriquillo (Das Eselchen) Dietmar Ungerank<br \/>\nMarina Andantino mosso Matteo Carcassi<br \/>\nAline Aus \u201e\u00c8tudes simples\u201c: Leo Brouwer<br \/>\nEtude I und Etude II<br \/>\nAus \u201eNuevos Estudios Sencillos\u201c:<br \/>\nEtude VII (Ommagio a Piazzolla)<br \/>\nFriederike Das Seepferdchenballett Dietmar Ungerank<br \/>\nTake Five Paul Desmond<br \/>\nAline und Friederike Aus \u201eSix Petits Duos, op.34\u201c: Ferdinando Carulli<br \/>\nNo. 2 (Largo \u2013 Rondeau)<\/p>\n<p>Sch\u00fclerinnen und Sch\u00fcler von<br \/>\nNikolas G\u00f6hl<\/p>\n<p><a href=\"http:\/\/www.pro-vo.at\/wp-content\/uploads\/2018\/05\/15.jpg\" data-rel=\"lightbox-gallery-a5CL7ZMQ\" data-rl_title=\"15 Uhr 30\" data-rl_caption=\"\" title=\"15 Uhr 30\"><img loading=\"lazy\" decoding=\"async\" class=\"size-thumbnail wp-image-4153\" src=\"http:\/\/www.pro-vo.at\/wp-content\/uploads\/2018\/05\/15-150x150.jpg\" alt=\"\" width=\"150\" height=\"150\" \/><\/a><\/p>\n<p>Unser Programm<br \/>\num 15:30:<\/p>\n<p>ARCOLINIS:<br \/>\nElina, Sarnai, Emilia, Konstantin, Sofia<\/p>\n<p>Lasst uns tanzen Trad.<br \/>\nPolka aus D\u00f6rfl Volksweise<br \/>\nWechseltanz P. Heilbutt<br \/>\nMenuett 2 J.S.Bach<br \/>\nTango A. Holzer-Rhomberg<\/p>\n<p>Sofia * Glockentonlied mit Pausen S. Suzuki\/K. Wartberg<br \/>\nHannah ~ Zaubertonlieg A. Holzer-Rhomberg<br \/>\nEmilia Toth~ Schlafliedchen A. Holzer-Rhomberg<br \/>\nKonstantin * Sieben dicke Riesen<br \/>\nS. Suzuki\/K. Wartberg<br \/>\nSarnai (Gast) Cattle Ranch Blues K.&amp;D. Blackwell<br \/>\nElina \u2018 Menuett J.S.Bach<br \/>\nYun-Ru \u2018 Die zwei Grenadiere R. Schumann<\/p>\n<p>Sch\u00fclerinnen und Sch\u00fcler von<br \/>\nLisa Egger-Charvat*<br \/>\nMaria Marta Pawlikowska~<br \/>\nKaoru Asayama\u2018<\/p>\n<p>Fotos: Harry Hammerer auf Olympus Digital Camera<\/p>\n<p><a href=\"http:\/\/www.pro-vo.at\/wp-content\/uploads\/2018\/05\/Hof.jpg\" data-rel=\"lightbox-gallery-a5CL7ZMQ\" data-rl_title=\"Gro\u00dfer Tag der Musik 2018\" data-rl_caption=\"\" title=\"Gro\u00dfer Tag der Musik 2018\"><img loading=\"lazy\" decoding=\"async\" class=\"size-thumbnail wp-image-4154\" src=\"http:\/\/www.pro-vo.at\/wp-content\/uploads\/2018\/05\/Hof-150x150.jpg\" alt=\"\" width=\"150\" height=\"150\" \/><\/a><\/p>\n<p>&nbsp;<\/p>\n<p>&nbsp;<\/p>\n<p>&nbsp;<\/p>\n<p>&nbsp;<\/p>\n<p><a href=\"http:\/\/www.pro-vo.at\/index.php\/pro-vo\/der-verein-pro-vo\/\">Zur\u00fcck zur pro-vo<\/a><\/p>\n","protected":false},"excerpt":{"rendered":"<p>Gro\u00dfer Tag der Musik 2018 Der gro\u00dfe Tag der Musik findet am 5. Mai 2018 in der pro-vo statt. In angenehmer Atmosph\u00e4re musizieren Sch\u00fclerinnen und Sch\u00fcler der pro-vo in unserem Veranstaltungsraum. Bei Sch\u00f6nwetter k\u00f6nnen einige Darbietungen im Hof stattfinden. &nbsp; &nbsp; Sch\u00fclerinnen und Sch\u00fcler von: 11:00\u00a0 Fl\u00f3ra Csejtei, Thomas Grimm, Yukari Hagino 12:00\u00a0 Severin Chen, &#8230; <a title=\"GTdM 2018\" class=\"read-more\" href=\"https:\/\/www.pro-vo.at\/index.php\/chronik\/gtdm-2018\/\" aria-label=\"Mehr Informationen \u00fcber GTdM 2018\">Weiterlesen<\/a><\/p>\n","protected":false},"author":1,"featured_media":0,"parent":28,"menu_order":0,"comment_status":"closed","ping_status":"closed","template":"","meta":{"footnotes":""},"class_list":["post-4116","page","type-page","status-publish"],"_links":{"self":[{"href":"https:\/\/www.pro-vo.at\/index.php\/wp-json\/wp\/v2\/pages\/4116","targetHints":{"allow":["GET"]}}],"collection":[{"href":"https:\/\/www.pro-vo.at\/index.php\/wp-json\/wp\/v2\/pages"}],"about":[{"href":"https:\/\/www.pro-vo.at\/index.php\/wp-json\/wp\/v2\/types\/page"}],"author":[{"embeddable":true,"href":"https:\/\/www.pro-vo.at\/index.php\/wp-json\/wp\/v2\/users\/1"}],"replies":[{"embeddable":true,"href":"https:\/\/www.pro-vo.at\/index.php\/wp-json\/wp\/v2\/comments?post=4116"}],"version-history":[{"count":20,"href":"https:\/\/www.pro-vo.at\/index.php\/wp-json\/wp\/v2\/pages\/4116\/revisions"}],"predecessor-version":[{"id":4157,"href":"https:\/\/www.pro-vo.at\/index.php\/wp-json\/wp\/v2\/pages\/4116\/revisions\/4157"}],"up":[{"embeddable":true,"href":"https:\/\/www.pro-vo.at\/index.php\/wp-json\/wp\/v2\/pages\/28"}],"wp:attachment":[{"href":"https:\/\/www.pro-vo.at\/index.php\/wp-json\/wp\/v2\/media?parent=4116"}],"curies":[{"name":"wp","href":"https:\/\/api.w.org\/{rel}","templated":true}]}}