{"id":3921,"date":"2017-12-07T07:27:08","date_gmt":"2017-12-07T07:27:08","guid":{"rendered":"http:\/\/www.pro-vo.at\/?page_id=3921"},"modified":"2017-12-12T16:04:01","modified_gmt":"2017-12-12T16:04:01","slug":"advent-2017","status":"publish","type":"page","link":"https:\/\/www.pro-vo.at\/index.php\/chronik\/advent-2017\/","title":{"rendered":"Advent 2017"},"content":{"rendered":"<h1>Adventkonzert 2017<\/h1>\n<p>Montag, 11. Dezember 2017<br \/>\n15:30<br \/>\nPflegewohnhaus Rudolfsheim, Kardinal-Rauscher-Platz 2, 1150 Wien<br \/>\n(schr\u00e4g gegen\u00fcber der pro-vo)<br \/>\nEs musizierten Sch\u00fclerinnen und Sch\u00fcler, sowie Lehrerinnen und Lehrer der pro-vo<br \/>\nf\u00fcr unsere G\u00e4ste und die Bewohner des Pflegewohnhauses.<\/p>\n<p><a href=\"http:\/\/www.pro-vo.at\/wp-content\/uploads\/2017\/12\/A001-1.jpg\" data-rel=\"lightbox-gallery-k2avJhlg\" data-rl_title=\"\" data-rl_caption=\"\" title=\"\"><img loading=\"lazy\" decoding=\"async\" class=\"alignnone size-thumbnail wp-image-3962\" src=\"http:\/\/www.pro-vo.at\/wp-content\/uploads\/2017\/12\/A001-1-150x150.jpg\" alt=\"\" width=\"150\" height=\"150\" \/><\/a> <a href=\"http:\/\/www.pro-vo.at\/wp-content\/uploads\/2017\/12\/A002-1.jpg\" data-rel=\"lightbox-gallery-k2avJhlg\" data-rl_title=\"\" data-rl_caption=\"\" title=\"\"><img loading=\"lazy\" decoding=\"async\" class=\"alignnone size-thumbnail wp-image-3963\" src=\"http:\/\/www.pro-vo.at\/wp-content\/uploads\/2017\/12\/A002-1-150x150.jpg\" alt=\"\" width=\"150\" height=\"150\" \/><\/a> <!-- x-tinymce\/html --><!-- x-tinymce\/html --><a href=\"http:\/\/www.pro-vo.at\/wp-content\/uploads\/2017\/12\/A003-1.jpg\" data-rel=\"lightbox-gallery-k2avJhlg\" data-rl_title=\"\" data-rl_caption=\"\" title=\"\"><img loading=\"lazy\" decoding=\"async\" class=\"alignnone size-thumbnail wp-image-3964\" src=\"http:\/\/www.pro-vo.at\/wp-content\/uploads\/2017\/12\/A003-1-150x150.jpg\" alt=\"\" width=\"150\" height=\"150\" \/><\/a> <a href=\"http:\/\/www.pro-vo.at\/wp-content\/uploads\/2017\/12\/A004-1.jpg\" data-rel=\"lightbox-gallery-k2avJhlg\" data-rl_title=\"\" data-rl_caption=\"\" title=\"\"><img loading=\"lazy\" decoding=\"async\" class=\"alignnone size-thumbnail wp-image-3965\" src=\"http:\/\/www.pro-vo.at\/wp-content\/uploads\/2017\/12\/A004-1-150x150.jpg\" alt=\"\" width=\"150\" height=\"150\" \/><\/a> <!-- x-tinymce\/html --><!-- x-tinymce\/html --><a href=\"http:\/\/www.pro-vo.at\/wp-content\/uploads\/2017\/12\/A005-1.jpg\" data-rel=\"lightbox-gallery-k2avJhlg\" data-rl_title=\"\" data-rl_caption=\"\" title=\"\"><img loading=\"lazy\" decoding=\"async\" class=\"alignnone size-thumbnail wp-image-3966\" src=\"http:\/\/www.pro-vo.at\/wp-content\/uploads\/2017\/12\/A005-1-150x150.jpg\" alt=\"\" width=\"150\" height=\"150\" \/><\/a>\u00a0 <a href=\"http:\/\/www.pro-vo.at\/wp-content\/uploads\/2017\/12\/A024-1.jpg\" data-rel=\"lightbox-gallery-k2avJhlg\" data-rl_title=\"\" data-rl_caption=\"\" title=\"\"><img loading=\"lazy\" decoding=\"async\" class=\"alignnone wp-image-3985\" src=\"http:\/\/www.pro-vo.at\/wp-content\/uploads\/2017\/12\/A024-1-150x150.jpg\" alt=\"\" width=\"150\" height=\"150\" \/><\/a> <a href=\"http:\/\/www.pro-vo.at\/wp-content\/uploads\/2017\/12\/A023-1.jpg\" data-rel=\"lightbox-gallery-k2avJhlg\" data-rl_title=\"\" data-rl_caption=\"\" title=\"\"><img loading=\"lazy\" decoding=\"async\" class=\"alignnone size-thumbnail wp-image-3984\" src=\"http:\/\/www.pro-vo.at\/wp-content\/uploads\/2017\/12\/A023-1-150x150.jpg\" alt=\"\" width=\"150\" height=\"150\" \/><\/a> <a href=\"http:\/\/www.pro-vo.at\/wp-content\/uploads\/2017\/12\/A022-1.jpg\" data-rel=\"lightbox-gallery-k2avJhlg\" data-rl_title=\"\" data-rl_caption=\"\" title=\"\"><img loading=\"lazy\" decoding=\"async\" class=\"alignnone size-thumbnail wp-image-3983\" src=\"http:\/\/www.pro-vo.at\/wp-content\/uploads\/2017\/12\/A022-1-150x150.jpg\" alt=\"\" width=\"150\" height=\"150\" \/><\/a> <a href=\"http:\/\/www.pro-vo.at\/wp-content\/uploads\/2017\/12\/A021-1.jpg\" data-rel=\"lightbox-gallery-k2avJhlg\" data-rl_title=\"\" data-rl_caption=\"\" title=\"\"><img loading=\"lazy\" decoding=\"async\" class=\"alignnone size-thumbnail wp-image-3982\" src=\"http:\/\/www.pro-vo.at\/wp-content\/uploads\/2017\/12\/A021-1-150x150.jpg\" alt=\"\" width=\"150\" height=\"150\" \/><\/a> <a href=\"http:\/\/www.pro-vo.at\/wp-content\/uploads\/2017\/12\/A020-1.jpg\" data-rel=\"lightbox-gallery-k2avJhlg\" data-rl_title=\"\" data-rl_caption=\"\" title=\"\"><img loading=\"lazy\" decoding=\"async\" class=\"alignnone size-thumbnail wp-image-3981\" src=\"http:\/\/www.pro-vo.at\/wp-content\/uploads\/2017\/12\/A020-1-150x150.jpg\" alt=\"\" width=\"150\" height=\"150\" \/><\/a> <a href=\"http:\/\/www.pro-vo.at\/wp-content\/uploads\/2017\/12\/A019-1.jpg\" data-rel=\"lightbox-gallery-k2avJhlg\" data-rl_title=\"\" data-rl_caption=\"\" title=\"\"><img loading=\"lazy\" decoding=\"async\" class=\"alignnone size-thumbnail wp-image-3980\" src=\"http:\/\/www.pro-vo.at\/wp-content\/uploads\/2017\/12\/A019-1-150x150.jpg\" alt=\"\" width=\"150\" height=\"150\" \/><\/a> <a href=\"http:\/\/www.pro-vo.at\/wp-content\/uploads\/2017\/12\/A018-1.jpg\" data-rel=\"lightbox-gallery-k2avJhlg\" data-rl_title=\"\" data-rl_caption=\"\" title=\"\"><img loading=\"lazy\" decoding=\"async\" class=\"alignnone size-thumbnail wp-image-3979\" src=\"http:\/\/www.pro-vo.at\/wp-content\/uploads\/2017\/12\/A018-1-150x150.jpg\" alt=\"\" width=\"150\" height=\"150\" \/><\/a> <a href=\"http:\/\/www.pro-vo.at\/wp-content\/uploads\/2017\/12\/A017-1.jpg\" data-rel=\"lightbox-gallery-k2avJhlg\" data-rl_title=\"\" data-rl_caption=\"\" title=\"\"><img loading=\"lazy\" decoding=\"async\" class=\"alignnone size-thumbnail wp-image-3978\" src=\"http:\/\/www.pro-vo.at\/wp-content\/uploads\/2017\/12\/A017-1-150x150.jpg\" alt=\"\" width=\"150\" height=\"150\" \/><\/a> <a href=\"http:\/\/www.pro-vo.at\/wp-content\/uploads\/2017\/12\/A016-1.jpg\" data-rel=\"lightbox-gallery-k2avJhlg\" data-rl_title=\"\" data-rl_caption=\"\" title=\"\"><img loading=\"lazy\" decoding=\"async\" class=\"alignnone size-thumbnail wp-image-3977\" src=\"http:\/\/www.pro-vo.at\/wp-content\/uploads\/2017\/12\/A016-1-150x150.jpg\" alt=\"\" width=\"150\" height=\"150\" \/><\/a> <a href=\"http:\/\/www.pro-vo.at\/wp-content\/uploads\/2017\/12\/A015-1.jpg\" data-rel=\"lightbox-gallery-k2avJhlg\" data-rl_title=\"\" data-rl_caption=\"\" title=\"\"><img loading=\"lazy\" decoding=\"async\" class=\"alignnone size-thumbnail wp-image-3976\" src=\"http:\/\/www.pro-vo.at\/wp-content\/uploads\/2017\/12\/A015-1-150x150.jpg\" alt=\"\" width=\"150\" height=\"150\" \/><\/a> <a href=\"http:\/\/www.pro-vo.at\/wp-content\/uploads\/2017\/12\/A014-1.jpg\" data-rel=\"lightbox-gallery-k2avJhlg\" data-rl_title=\"\" data-rl_caption=\"\" title=\"\"><img loading=\"lazy\" decoding=\"async\" class=\"alignnone size-thumbnail wp-image-3975\" src=\"http:\/\/www.pro-vo.at\/wp-content\/uploads\/2017\/12\/A014-1-150x150.jpg\" alt=\"\" width=\"150\" height=\"150\" \/><\/a> <a href=\"http:\/\/www.pro-vo.at\/wp-content\/uploads\/2017\/12\/A013-1.jpg\" data-rel=\"lightbox-gallery-k2avJhlg\" data-rl_title=\"\" data-rl_caption=\"\" title=\"\"><img loading=\"lazy\" decoding=\"async\" class=\"alignnone size-thumbnail wp-image-3974\" src=\"http:\/\/www.pro-vo.at\/wp-content\/uploads\/2017\/12\/A013-1-150x150.jpg\" alt=\"\" width=\"150\" height=\"150\" \/><\/a> <a href=\"http:\/\/www.pro-vo.at\/wp-content\/uploads\/2017\/12\/A012-1.jpg\" data-rel=\"lightbox-gallery-k2avJhlg\" data-rl_title=\"\" data-rl_caption=\"\" title=\"\"><img loading=\"lazy\" decoding=\"async\" class=\"alignnone size-thumbnail wp-image-3973\" src=\"http:\/\/www.pro-vo.at\/wp-content\/uploads\/2017\/12\/A012-1-150x150.jpg\" alt=\"\" width=\"150\" height=\"150\" \/><\/a> <a href=\"http:\/\/www.pro-vo.at\/wp-content\/uploads\/2017\/12\/A011-1.jpg\" data-rel=\"lightbox-gallery-k2avJhlg\" data-rl_title=\"\" data-rl_caption=\"\" title=\"\"><img loading=\"lazy\" decoding=\"async\" class=\"alignnone size-thumbnail wp-image-3972\" src=\"http:\/\/www.pro-vo.at\/wp-content\/uploads\/2017\/12\/A011-1-150x150.jpg\" alt=\"\" width=\"150\" height=\"150\" \/><\/a> <a href=\"http:\/\/www.pro-vo.at\/wp-content\/uploads\/2017\/12\/A010-1.jpg\" data-rel=\"lightbox-gallery-k2avJhlg\" data-rl_title=\"\" data-rl_caption=\"\" title=\"\"><img loading=\"lazy\" decoding=\"async\" class=\"alignnone size-thumbnail wp-image-3971\" src=\"http:\/\/www.pro-vo.at\/wp-content\/uploads\/2017\/12\/A010-1-150x150.jpg\" alt=\"\" width=\"150\" height=\"150\" \/><\/a> <a href=\"http:\/\/www.pro-vo.at\/wp-content\/uploads\/2017\/12\/A009-1.jpg\" data-rel=\"lightbox-gallery-k2avJhlg\" data-rl_title=\"\" data-rl_caption=\"\" title=\"\"><img loading=\"lazy\" decoding=\"async\" class=\"alignnone size-thumbnail wp-image-3970\" src=\"http:\/\/www.pro-vo.at\/wp-content\/uploads\/2017\/12\/A009-1-150x150.jpg\" alt=\"\" width=\"150\" height=\"150\" \/><\/a> <a href=\"http:\/\/www.pro-vo.at\/wp-content\/uploads\/2017\/12\/A008-1.jpg\" data-rel=\"lightbox-gallery-k2avJhlg\" data-rl_title=\"\" data-rl_caption=\"\" title=\"\"><img loading=\"lazy\" decoding=\"async\" class=\"alignnone size-thumbnail wp-image-3969\" src=\"http:\/\/www.pro-vo.at\/wp-content\/uploads\/2017\/12\/A008-1-150x150.jpg\" alt=\"\" width=\"150\" height=\"150\" \/><\/a> <a href=\"http:\/\/www.pro-vo.at\/wp-content\/uploads\/2017\/12\/A007-1.jpg\" data-rel=\"lightbox-gallery-k2avJhlg\" data-rl_title=\"\" data-rl_caption=\"\" title=\"\"><img loading=\"lazy\" decoding=\"async\" class=\"alignnone size-thumbnail wp-image-3968\" src=\"http:\/\/www.pro-vo.at\/wp-content\/uploads\/2017\/12\/A007-1-150x150.jpg\" alt=\"\" width=\"150\" height=\"150\" \/><\/a> <a href=\"http:\/\/www.pro-vo.at\/wp-content\/uploads\/2017\/12\/A006-1.jpg\" data-rel=\"lightbox-gallery-k2avJhlg\" data-rl_title=\"\" data-rl_caption=\"\" title=\"\"><img loading=\"lazy\" decoding=\"async\" class=\"alignnone size-thumbnail wp-image-3967\" src=\"http:\/\/www.pro-vo.at\/wp-content\/uploads\/2017\/12\/A006-1-150x150.jpg\" alt=\"\" width=\"150\" height=\"150\" \/><\/a> <a href=\"http:\/\/www.pro-vo.at\/wp-content\/uploads\/2017\/12\/A006-1.jpg\" data-rel=\"lightbox-gallery-k2avJhlg\" data-rl_title=\"\" data-rl_caption=\"\" title=\"\">\u00a0<\/a><\/p>\n<p>Fotos: Harry Hammerer<\/p>\n<p>Unser Programm:<\/p>\n<p>Stephanie &#8211; Gesang (Klasse Yasmine Piruz)<br \/>\nAbby \u2013 Klavier (Klasse Severin Chen)<br \/>\n<em>Yasmine Piruz &#8211; Gesang<\/em><br \/>\nOh Tannenbaum Traditional<\/p>\n<p>Julia \u2013 Violoncello (Klasse Nicole Pe\u00f1a-Comas)<br \/>\nKira \u2013 Klavier (Klasse Severin Chen)<br \/>\nLa Cinquantaine Gabriel Marie<\/p>\n<p>Su Mila \u2013 Gitarre (Klasse Martin Sch\u00f6nlieb)<br \/>\nDaria \u2013 Gitarre (Klasse Roland Saavedra)<br \/>\nJingle Bells James Lord Pierpont Schneefl\u00f6ckchen, Wei\u00dfr\u00f6ckchen Volksweise<\/p>\n<p>Ruben \u2013 Klavier (Klasse Severin Chen)<br \/>\nEmil \u2013 Percussion (Klasse Christian Martinek)<br \/>\nSeven Years Lukas Graham<\/p>\n<p>Aline &#8211; Gitarre (Klasse Nikolas G\u00f6hl)<br \/>\nFriederike \u2013 Gitarre (Klasse Nikolas G\u00f6hl)<br \/>\nGod, Rest ye merry gentlemen Volksweise\/England Fum fum fum aus Catalonien<\/p>\n<p>Dominik \u2013 Panfl\u00f6te (Klasse Chirstiam Jurado)<br \/>\nQuena Chirstiam Jurado<br \/>\n<em>Severin Chen \u2013 Klavier<\/em><\/p>\n<p>Su Mila \u2013 Gitarre (Klasse Martin Sch\u00f6nlieb)<br \/>\nPhilipp \u2013 Gitarre (Klasse Roland Saavedra)<br \/>\nIn der Weihnachtsb\u00e4ckerei Rolf Zuckowski<\/p>\n<p>Dominik \u2013 Panfl\u00f6te (Klasse Chirstiam Jurado)<br \/>\nElina \u2013 Klavier (Klasse Severin Chen)<br \/>\nWhere eagles pass Alice Gomez<\/p>\n<p>Nele und Luisa &#8211; Violinen (Klasse Kaoru Asayama)<br \/>\nKommet, ihr Hirten<\/p>\n<p>&nbsp;<\/p>\n<p>Arcolinis (Leitung Lisa Egger-Charvat)<br \/>\nMorgen kommt der Weihnachtsmann Kinderlied<br \/>\nS\u00fc\u00dfer die Glocken nie klingen Weihnachtslied<br \/>\nWe wish you a merry christmas Weihnachtslied\/England<\/p>\n<p>Gemeinsam:<br \/>\nEs wird scho glei dumpa Volksweise<br \/>\n<em>Gitarre Nikolas G\u00f6hl, Roland Saavedra<\/em><\/p>\n<p>Arcolinis &#8211; Violinen<br \/>\nValentina<br \/>\nFlora<br \/>\nNele<br \/>\nKonstantin<br \/>\nLuisa<br \/>\nEmilia<br \/>\nNarangerel<br \/>\nSarnai (Gast)<br \/>\nElina<br \/>\nSofia<\/p>\n<p>&nbsp;<\/p>\n<p>Anschlie\u00dfend luden wir zum adventlichen Beisammensein im Hof der pro-vo bei Maroni und Punsch ein.<\/p>\n<p><a href=\"http:\/\/www.pro-vo.at\/wp-content\/uploads\/2017\/12\/IMG_1155.jpg\" data-rel=\"lightbox-gallery-k2avJhlg\" data-rl_title=\"IMG_1155\" data-rl_caption=\"\" title=\"IMG_1155\"><img loading=\"lazy\" decoding=\"async\" class=\"alignnone size-thumbnail wp-image-3925\" src=\"http:\/\/www.pro-vo.at\/wp-content\/uploads\/2017\/12\/IMG_1155-150x150.jpg\" alt=\"\" width=\"150\" height=\"150\" \/><\/a>\u00a0<a href=\"http:\/\/www.pro-vo.at\/wp-content\/uploads\/2017\/12\/Foto-01.jpg\" data-rel=\"lightbox-gallery-k2avJhlg\" data-rl_title=\"Foto 01\" data-rl_caption=\"\" title=\"Foto 01\"><img loading=\"lazy\" decoding=\"async\" class=\"alignnone size-thumbnail wp-image-3932\" src=\"http:\/\/www.pro-vo.at\/wp-content\/uploads\/2017\/12\/Foto-01-150x150.jpg\" alt=\"\" width=\"150\" height=\"150\" \/><\/a> <a href=\"http:\/\/www.pro-vo.at\/wp-content\/uploads\/2017\/12\/Foto-02.jpg\" data-rel=\"lightbox-gallery-k2avJhlg\" data-rl_title=\"Foto 02\" data-rl_caption=\"\" title=\"Foto 02\"><img loading=\"lazy\" decoding=\"async\" class=\"alignnone size-thumbnail wp-image-3933\" src=\"http:\/\/www.pro-vo.at\/wp-content\/uploads\/2017\/12\/Foto-02-150x150.jpg\" alt=\"\" width=\"150\" height=\"150\" \/><\/a> <a href=\"http:\/\/www.pro-vo.at\/wp-content\/uploads\/2017\/12\/Foto-03.jpg\" data-rel=\"lightbox-gallery-k2avJhlg\" data-rl_title=\"Foto 03\" data-rl_caption=\"\" title=\"Foto 03\"><img loading=\"lazy\" decoding=\"async\" class=\"alignnone size-thumbnail wp-image-3934\" src=\"http:\/\/www.pro-vo.at\/wp-content\/uploads\/2017\/12\/Foto-03-150x150.jpg\" alt=\"\" width=\"150\" height=\"150\" \/><\/a><br \/>\nHandyfotos: Elisabeth und Isabella (danke f\u00fcrs Helfen!)<\/p>\n<p><a href=\"http:\/\/www.pro-vo.at\/index.php\/chronik\/\">Zur\u00fcck zur Chronik<\/a><\/p>\n<p>&nbsp;<\/p>\n","protected":false},"excerpt":{"rendered":"<p>Adventkonzert 2017 Montag, 11. Dezember 2017 15:30 Pflegewohnhaus Rudolfsheim, Kardinal-Rauscher-Platz 2, 1150 Wien (schr\u00e4g gegen\u00fcber der pro-vo) Es musizierten Sch\u00fclerinnen und Sch\u00fcler, sowie Lehrerinnen und Lehrer der pro-vo f\u00fcr unsere G\u00e4ste und die Bewohner des Pflegewohnhauses. \u00a0 \u00a0 Fotos: Harry Hammerer Unser Programm: Stephanie &#8211; Gesang (Klasse Yasmine Piruz) Abby \u2013 Klavier (Klasse Severin Chen) &#8230; <a title=\"Advent 2017\" class=\"read-more\" href=\"https:\/\/www.pro-vo.at\/index.php\/chronik\/advent-2017\/\" aria-label=\"Mehr Informationen \u00fcber Advent 2017\">Weiterlesen<\/a><\/p>\n","protected":false},"author":1,"featured_media":0,"parent":28,"menu_order":0,"comment_status":"closed","ping_status":"closed","template":"","meta":{"footnotes":""},"class_list":["post-3921","page","type-page","status-publish"],"_links":{"self":[{"href":"https:\/\/www.pro-vo.at\/index.php\/wp-json\/wp\/v2\/pages\/3921","targetHints":{"allow":["GET"]}}],"collection":[{"href":"https:\/\/www.pro-vo.at\/index.php\/wp-json\/wp\/v2\/pages"}],"about":[{"href":"https:\/\/www.pro-vo.at\/index.php\/wp-json\/wp\/v2\/types\/page"}],"author":[{"embeddable":true,"href":"https:\/\/www.pro-vo.at\/index.php\/wp-json\/wp\/v2\/users\/1"}],"replies":[{"embeddable":true,"href":"https:\/\/www.pro-vo.at\/index.php\/wp-json\/wp\/v2\/comments?post=3921"}],"version-history":[{"count":10,"href":"https:\/\/www.pro-vo.at\/index.php\/wp-json\/wp\/v2\/pages\/3921\/revisions"}],"predecessor-version":[{"id":3990,"href":"https:\/\/www.pro-vo.at\/index.php\/wp-json\/wp\/v2\/pages\/3921\/revisions\/3990"}],"up":[{"embeddable":true,"href":"https:\/\/www.pro-vo.at\/index.php\/wp-json\/wp\/v2\/pages\/28"}],"wp:attachment":[{"href":"https:\/\/www.pro-vo.at\/index.php\/wp-json\/wp\/v2\/media?parent=3921"}],"curies":[{"name":"wp","href":"https:\/\/api.w.org\/{rel}","templated":true}]}}