{"id":3809,"date":"2017-11-16T08:45:17","date_gmt":"2017-11-16T08:45:17","guid":{"rendered":"http:\/\/www.pro-vo.at\/?page_id=3809"},"modified":"2017-11-16T08:46:38","modified_gmt":"2017-11-16T08:46:38","slug":"mdw-tasten-blaeser","status":"publish","type":"page","link":"https:\/\/www.pro-vo.at\/index.php\/chronik\/mdw-tasten-blaeser\/","title":{"rendered":"mdw tasten bl\u00e4ser"},"content":{"rendered":"<h1>mdw meets pro-vo<\/h1>\n<p>Es musizieren Studentinnen und Studenten der\u00a0 Universit\u00e4t f\u00fcr Musik und darstellende Kunst<br \/>\nund Sch\u00fclerinnen und Sch\u00fcler der pro-vo<br \/>\nTasteninstrumente und Bl\u00e4ser<\/p>\n<p><a href=\"http:\/\/www.mdw.ac.at\/\">http:\/\/www.mdw.ac.at\/<\/a><br \/>\nSamstag, 15. Juni 2013<br \/>\n18 Uhr<br \/>\nGro\u00dfer Veranstaltungsraum<br \/>\nVerein pro-vo<br \/>\n1150, Huglgasse 24<\/p>\n<p>Fotos: Harry Hammerer<\/p>\n<p><a href=\"http:\/\/www.pro-vo.at\/wp-content\/uploads\/2017\/11\/01-8.jpg\" data-rel=\"lightbox-gallery-WCPTZyPw\" data-rl_title=\"01\" data-rl_caption=\"\" title=\"01\"><img loading=\"lazy\" decoding=\"async\" class=\"alignnone size-thumbnail wp-image-3810\" src=\"http:\/\/www.pro-vo.at\/wp-content\/uploads\/2017\/11\/01-8-150x150.jpg\" alt=\"\" width=\"150\" height=\"150\" \/><\/a> <a href=\"http:\/\/www.pro-vo.at\/wp-content\/uploads\/2017\/11\/02-8.jpg\" data-rel=\"lightbox-gallery-WCPTZyPw\" data-rl_title=\"02\" data-rl_caption=\"\" title=\"02\"><img loading=\"lazy\" decoding=\"async\" class=\"alignnone size-thumbnail wp-image-3811\" src=\"http:\/\/www.pro-vo.at\/wp-content\/uploads\/2017\/11\/02-8-150x150.jpg\" alt=\"\" width=\"150\" height=\"150\" \/><\/a> <a href=\"http:\/\/www.pro-vo.at\/wp-content\/uploads\/2017\/11\/03-8.jpg\" data-rel=\"lightbox-gallery-WCPTZyPw\" data-rl_title=\"03\" data-rl_caption=\"\" title=\"03\"><img loading=\"lazy\" decoding=\"async\" class=\"alignnone size-thumbnail wp-image-3812\" src=\"http:\/\/www.pro-vo.at\/wp-content\/uploads\/2017\/11\/03-8-150x150.jpg\" alt=\"\" width=\"150\" height=\"150\" \/><\/a> <a href=\"http:\/\/www.pro-vo.at\/wp-content\/uploads\/2017\/11\/04-8.jpg\" data-rel=\"lightbox-gallery-WCPTZyPw\" data-rl_title=\"04\" data-rl_caption=\"\" title=\"04\"><img loading=\"lazy\" decoding=\"async\" class=\"alignnone size-thumbnail wp-image-3813\" src=\"http:\/\/www.pro-vo.at\/wp-content\/uploads\/2017\/11\/04-8-150x150.jpg\" alt=\"\" width=\"150\" height=\"150\" \/><\/a> <a href=\"http:\/\/www.pro-vo.at\/wp-content\/uploads\/2017\/11\/05-8.jpg\" data-rel=\"lightbox-gallery-WCPTZyPw\" data-rl_title=\"05\" data-rl_caption=\"\" title=\"05\"><img loading=\"lazy\" decoding=\"async\" class=\"alignnone size-thumbnail wp-image-3814\" src=\"http:\/\/www.pro-vo.at\/wp-content\/uploads\/2017\/11\/05-8-150x150.jpg\" alt=\"\" width=\"150\" height=\"150\" \/><\/a> <a href=\"http:\/\/www.pro-vo.at\/wp-content\/uploads\/2017\/11\/06-8.jpg\" data-rel=\"lightbox-gallery-WCPTZyPw\" data-rl_title=\"06\" data-rl_caption=\"\" title=\"06\"><img loading=\"lazy\" decoding=\"async\" class=\"alignnone size-thumbnail wp-image-3815\" src=\"http:\/\/www.pro-vo.at\/wp-content\/uploads\/2017\/11\/06-8-150x150.jpg\" alt=\"\" width=\"150\" height=\"150\" \/><\/a> <a href=\"http:\/\/www.pro-vo.at\/wp-content\/uploads\/2017\/11\/07-8.jpg\" data-rel=\"lightbox-gallery-WCPTZyPw\" data-rl_title=\"07\" data-rl_caption=\"\" title=\"07\"><img loading=\"lazy\" decoding=\"async\" class=\"alignnone size-thumbnail wp-image-3816\" src=\"http:\/\/www.pro-vo.at\/wp-content\/uploads\/2017\/11\/07-8-150x150.jpg\" alt=\"\" width=\"150\" height=\"150\" \/><\/a> <a href=\"http:\/\/www.pro-vo.at\/wp-content\/uploads\/2017\/11\/08-8.jpg\" data-rel=\"lightbox-gallery-WCPTZyPw\" data-rl_title=\"08\" data-rl_caption=\"\" title=\"08\"><img loading=\"lazy\" decoding=\"async\" class=\"alignnone size-thumbnail wp-image-3817\" src=\"http:\/\/www.pro-vo.at\/wp-content\/uploads\/2017\/11\/08-8-150x150.jpg\" alt=\"\" width=\"150\" height=\"150\" \/><\/a> <a href=\"http:\/\/www.pro-vo.at\/wp-content\/uploads\/2017\/11\/09-7.jpg\" data-rel=\"lightbox-gallery-WCPTZyPw\" data-rl_title=\"09\" data-rl_caption=\"\" title=\"09\"><img loading=\"lazy\" decoding=\"async\" class=\"alignnone size-thumbnail wp-image-3818\" src=\"http:\/\/www.pro-vo.at\/wp-content\/uploads\/2017\/11\/09-7-150x150.jpg\" alt=\"\" width=\"150\" height=\"150\" \/><\/a> <a href=\"http:\/\/www.pro-vo.at\/wp-content\/uploads\/2017\/11\/10-20.jpg\" data-rel=\"lightbox-gallery-WCPTZyPw\" data-rl_title=\"10\" data-rl_caption=\"\" title=\"10\"><img loading=\"lazy\" decoding=\"async\" class=\"alignnone size-thumbnail wp-image-3819\" src=\"http:\/\/www.pro-vo.at\/wp-content\/uploads\/2017\/11\/10-20-150x150.jpg\" alt=\"\" width=\"150\" height=\"150\" \/><\/a> <a href=\"http:\/\/www.pro-vo.at\/wp-content\/uploads\/2017\/11\/11-19.jpg\" data-rel=\"lightbox-gallery-WCPTZyPw\" data-rl_title=\"11\" data-rl_caption=\"\" title=\"11\"><img loading=\"lazy\" decoding=\"async\" class=\"alignnone size-thumbnail wp-image-3820\" src=\"http:\/\/www.pro-vo.at\/wp-content\/uploads\/2017\/11\/11-19-150x150.jpg\" alt=\"\" width=\"150\" height=\"150\" \/><\/a> <a href=\"http:\/\/www.pro-vo.at\/wp-content\/uploads\/2017\/11\/12-19.jpg\" data-rel=\"lightbox-gallery-WCPTZyPw\" data-rl_title=\"12\" data-rl_caption=\"\" title=\"12\"><img loading=\"lazy\" decoding=\"async\" class=\"alignnone size-thumbnail wp-image-3821\" src=\"http:\/\/www.pro-vo.at\/wp-content\/uploads\/2017\/11\/12-19-150x150.jpg\" alt=\"\" width=\"150\" height=\"150\" \/><\/a> <a href=\"http:\/\/www.pro-vo.at\/wp-content\/uploads\/2017\/11\/13-18.jpg\" data-rel=\"lightbox-gallery-WCPTZyPw\" data-rl_title=\"13\" data-rl_caption=\"\" title=\"13\"><img loading=\"lazy\" decoding=\"async\" class=\"alignnone size-thumbnail wp-image-3822\" src=\"http:\/\/www.pro-vo.at\/wp-content\/uploads\/2017\/11\/13-18-150x150.jpg\" alt=\"\" width=\"150\" height=\"150\" \/><\/a> <a href=\"http:\/\/www.pro-vo.at\/wp-content\/uploads\/2017\/11\/13a.jpg\" data-rel=\"lightbox-gallery-WCPTZyPw\" data-rl_title=\"13a\" data-rl_caption=\"\" title=\"13a\"><img loading=\"lazy\" decoding=\"async\" class=\"alignnone size-thumbnail wp-image-3823\" src=\"http:\/\/www.pro-vo.at\/wp-content\/uploads\/2017\/11\/13a-150x150.jpg\" alt=\"\" width=\"150\" height=\"150\" \/><\/a> <a href=\"http:\/\/www.pro-vo.at\/wp-content\/uploads\/2017\/11\/13b.jpg\" data-rel=\"lightbox-gallery-WCPTZyPw\" data-rl_title=\"13b\" data-rl_caption=\"\" title=\"13b\"><img loading=\"lazy\" decoding=\"async\" class=\"alignnone size-thumbnail wp-image-3824\" src=\"http:\/\/www.pro-vo.at\/wp-content\/uploads\/2017\/11\/13b-150x150.jpg\" alt=\"\" width=\"150\" height=\"150\" \/><\/a> <a href=\"http:\/\/www.pro-vo.at\/wp-content\/uploads\/2017\/11\/14-16.jpg\" data-rel=\"lightbox-gallery-WCPTZyPw\" data-rl_title=\"14\" data-rl_caption=\"\" title=\"14\"><img loading=\"lazy\" decoding=\"async\" class=\"alignnone size-thumbnail wp-image-3825\" src=\"http:\/\/www.pro-vo.at\/wp-content\/uploads\/2017\/11\/14-16-150x150.jpg\" alt=\"\" width=\"150\" height=\"150\" \/><\/a> <a href=\"http:\/\/www.pro-vo.at\/wp-content\/uploads\/2017\/11\/15-16.jpg\" data-rel=\"lightbox-gallery-WCPTZyPw\" data-rl_title=\"15\" data-rl_caption=\"\" title=\"15\"><img loading=\"lazy\" decoding=\"async\" class=\"alignnone size-thumbnail wp-image-3826\" src=\"http:\/\/www.pro-vo.at\/wp-content\/uploads\/2017\/11\/15-16-150x150.jpg\" alt=\"\" width=\"150\" height=\"150\" \/><\/a> <a href=\"http:\/\/www.pro-vo.at\/wp-content\/uploads\/2017\/11\/16-12.jpg\" data-rel=\"lightbox-gallery-WCPTZyPw\" data-rl_title=\"16\" data-rl_caption=\"\" title=\"16\"><img loading=\"lazy\" decoding=\"async\" class=\"alignnone size-thumbnail wp-image-3827\" src=\"http:\/\/www.pro-vo.at\/wp-content\/uploads\/2017\/11\/16-12-150x150.jpg\" alt=\"\" width=\"150\" height=\"150\" \/><\/a> <a href=\"http:\/\/www.pro-vo.at\/wp-content\/uploads\/2017\/11\/17-12.jpg\" data-rel=\"lightbox-gallery-WCPTZyPw\" data-rl_title=\"17\" data-rl_caption=\"\" title=\"17\"><img loading=\"lazy\" decoding=\"async\" class=\"alignnone size-thumbnail wp-image-3828\" src=\"http:\/\/www.pro-vo.at\/wp-content\/uploads\/2017\/11\/17-12-150x150.jpg\" alt=\"\" width=\"150\" height=\"150\" \/><\/a> <a href=\"http:\/\/www.pro-vo.at\/wp-content\/uploads\/2017\/11\/18-11.jpg\" data-rel=\"lightbox-gallery-WCPTZyPw\" data-rl_title=\"18\" data-rl_caption=\"\" title=\"18\"><img loading=\"lazy\" decoding=\"async\" class=\"alignnone size-thumbnail wp-image-3829\" src=\"http:\/\/www.pro-vo.at\/wp-content\/uploads\/2017\/11\/18-11-150x150.jpg\" alt=\"\" width=\"150\" height=\"150\" \/><\/a> <a href=\"http:\/\/www.pro-vo.at\/wp-content\/uploads\/2017\/11\/19-10.jpg\" data-rel=\"lightbox-gallery-WCPTZyPw\" data-rl_title=\"19\" data-rl_caption=\"\" title=\"19\"><img loading=\"lazy\" decoding=\"async\" class=\"alignnone size-thumbnail wp-image-3830\" src=\"http:\/\/www.pro-vo.at\/wp-content\/uploads\/2017\/11\/19-10-150x150.jpg\" alt=\"\" width=\"150\" height=\"150\" \/><\/a> <a href=\"http:\/\/www.pro-vo.at\/wp-content\/uploads\/2017\/11\/20-10.jpg\" data-rel=\"lightbox-gallery-WCPTZyPw\" data-rl_title=\"20\" data-rl_caption=\"\" title=\"20\"><img loading=\"lazy\" decoding=\"async\" class=\"alignnone size-thumbnail wp-image-3831\" src=\"http:\/\/www.pro-vo.at\/wp-content\/uploads\/2017\/11\/20-10-150x150.jpg\" alt=\"\" width=\"150\" height=\"150\" \/><\/a> <a href=\"http:\/\/www.pro-vo.at\/wp-content\/uploads\/2017\/11\/21-10.jpg\" data-rel=\"lightbox-gallery-WCPTZyPw\" data-rl_title=\"21\" data-rl_caption=\"\" title=\"21\"><img loading=\"lazy\" decoding=\"async\" class=\"alignnone size-thumbnail wp-image-3832\" src=\"http:\/\/www.pro-vo.at\/wp-content\/uploads\/2017\/11\/21-10-150x150.jpg\" alt=\"\" width=\"150\" height=\"150\" \/><\/a> <a href=\"http:\/\/www.pro-vo.at\/wp-content\/uploads\/2017\/11\/22-10.jpg\" data-rel=\"lightbox-gallery-WCPTZyPw\" data-rl_title=\"22\" data-rl_caption=\"\" title=\"22\"><img loading=\"lazy\" decoding=\"async\" class=\"alignnone size-thumbnail wp-image-3833\" src=\"http:\/\/www.pro-vo.at\/wp-content\/uploads\/2017\/11\/22-10-150x150.jpg\" alt=\"\" width=\"150\" height=\"150\" \/><\/a> <a href=\"http:\/\/www.pro-vo.at\/wp-content\/uploads\/2017\/11\/23-9.jpg\" data-rel=\"lightbox-gallery-WCPTZyPw\" data-rl_title=\"23\" data-rl_caption=\"\" title=\"23\"><img loading=\"lazy\" decoding=\"async\" class=\"alignnone size-thumbnail wp-image-3834\" src=\"http:\/\/www.pro-vo.at\/wp-content\/uploads\/2017\/11\/23-9-150x150.jpg\" alt=\"\" width=\"150\" height=\"150\" \/><\/a> <a href=\"http:\/\/www.pro-vo.at\/wp-content\/uploads\/2017\/11\/24-9.jpg\" data-rel=\"lightbox-gallery-WCPTZyPw\" data-rl_title=\"24\" data-rl_caption=\"\" title=\"24\"><img loading=\"lazy\" decoding=\"async\" class=\"alignnone size-thumbnail wp-image-3835\" src=\"http:\/\/www.pro-vo.at\/wp-content\/uploads\/2017\/11\/24-9-150x150.jpg\" alt=\"\" width=\"150\" height=\"150\" \/><\/a> <a href=\"http:\/\/www.pro-vo.at\/wp-content\/uploads\/2017\/11\/25-9.jpg\" data-rel=\"lightbox-gallery-WCPTZyPw\" data-rl_title=\"25\" data-rl_caption=\"\" title=\"25\"><img loading=\"lazy\" decoding=\"async\" class=\"alignnone size-thumbnail wp-image-3836\" src=\"http:\/\/www.pro-vo.at\/wp-content\/uploads\/2017\/11\/25-9-150x150.jpg\" alt=\"\" width=\"150\" height=\"150\" \/><\/a> <a href=\"http:\/\/www.pro-vo.at\/wp-content\/uploads\/2017\/11\/25a-1.jpg\" data-rel=\"lightbox-gallery-WCPTZyPw\" data-rl_title=\"25a\" data-rl_caption=\"\" title=\"25a\"><img loading=\"lazy\" decoding=\"async\" class=\"alignnone size-thumbnail wp-image-3837\" src=\"http:\/\/www.pro-vo.at\/wp-content\/uploads\/2017\/11\/25a-1-150x150.jpg\" alt=\"\" width=\"150\" height=\"150\" \/><\/a> <a href=\"http:\/\/www.pro-vo.at\/wp-content\/uploads\/2017\/11\/26-7.jpg\" data-rel=\"lightbox-gallery-WCPTZyPw\" data-rl_title=\"26\" data-rl_caption=\"\" title=\"26\"><img loading=\"lazy\" decoding=\"async\" class=\"alignnone size-thumbnail wp-image-3838\" src=\"http:\/\/www.pro-vo.at\/wp-content\/uploads\/2017\/11\/26-7-150x150.jpg\" alt=\"\" width=\"150\" height=\"150\" \/><\/a> <a href=\"http:\/\/www.pro-vo.at\/wp-content\/uploads\/2017\/11\/27-7.jpg\" data-rel=\"lightbox-gallery-WCPTZyPw\" data-rl_title=\"27\" data-rl_caption=\"\" title=\"27\"><img loading=\"lazy\" decoding=\"async\" class=\"alignnone size-thumbnail wp-image-3839\" src=\"http:\/\/www.pro-vo.at\/wp-content\/uploads\/2017\/11\/27-7-150x150.jpg\" alt=\"\" width=\"150\" height=\"150\" \/><\/a> <a href=\"http:\/\/www.pro-vo.at\/wp-content\/uploads\/2017\/11\/28-6.jpg\" data-rel=\"lightbox-gallery-WCPTZyPw\" data-rl_title=\"28\" data-rl_caption=\"\" title=\"28\"><img loading=\"lazy\" decoding=\"async\" class=\"alignnone size-thumbnail wp-image-3840\" src=\"http:\/\/www.pro-vo.at\/wp-content\/uploads\/2017\/11\/28-6-150x150.jpg\" alt=\"\" width=\"150\" height=\"150\" \/><\/a> <a href=\"http:\/\/www.pro-vo.at\/wp-content\/uploads\/2017\/11\/29-6.jpg\" data-rel=\"lightbox-gallery-WCPTZyPw\" data-rl_title=\"29\" data-rl_caption=\"\" title=\"29\"><img loading=\"lazy\" decoding=\"async\" class=\"alignnone size-thumbnail wp-image-3841\" src=\"http:\/\/www.pro-vo.at\/wp-content\/uploads\/2017\/11\/29-6-150x150.jpg\" alt=\"\" width=\"150\" height=\"150\" \/><\/a> <a href=\"http:\/\/www.pro-vo.at\/wp-content\/uploads\/2017\/11\/30-6.jpg\" data-rel=\"lightbox-gallery-WCPTZyPw\" data-rl_title=\"30\" data-rl_caption=\"\" title=\"30\"><img loading=\"lazy\" decoding=\"async\" class=\"alignnone size-thumbnail wp-image-3842\" src=\"http:\/\/www.pro-vo.at\/wp-content\/uploads\/2017\/11\/30-6-150x150.jpg\" alt=\"\" width=\"150\" height=\"150\" \/><\/a> <a href=\"http:\/\/www.pro-vo.at\/wp-content\/uploads\/2017\/11\/31-6.jpg\" data-rel=\"lightbox-gallery-WCPTZyPw\" data-rl_title=\"31\" data-rl_caption=\"\" title=\"31\"><img loading=\"lazy\" decoding=\"async\" class=\"alignnone size-thumbnail wp-image-3843\" src=\"http:\/\/www.pro-vo.at\/wp-content\/uploads\/2017\/11\/31-6-150x150.jpg\" alt=\"\" width=\"150\" height=\"150\" \/><\/a> <a href=\"http:\/\/www.pro-vo.at\/wp-content\/uploads\/2017\/11\/32-6.jpg\" data-rel=\"lightbox-gallery-WCPTZyPw\" data-rl_title=\"32\" data-rl_caption=\"\" title=\"32\"><img loading=\"lazy\" decoding=\"async\" class=\"alignnone size-thumbnail wp-image-3844\" src=\"http:\/\/www.pro-vo.at\/wp-content\/uploads\/2017\/11\/32-6-150x150.jpg\" alt=\"\" width=\"150\" height=\"150\" \/><\/a> <a href=\"http:\/\/www.pro-vo.at\/wp-content\/uploads\/2017\/11\/33-6.jpg\" data-rel=\"lightbox-gallery-WCPTZyPw\" data-rl_title=\"33\" data-rl_caption=\"\" title=\"33\"><img loading=\"lazy\" decoding=\"async\" class=\"alignnone size-thumbnail wp-image-3845\" src=\"http:\/\/www.pro-vo.at\/wp-content\/uploads\/2017\/11\/33-6-150x150.jpg\" alt=\"\" width=\"150\" height=\"150\" \/><\/a> <a href=\"http:\/\/www.pro-vo.at\/wp-content\/uploads\/2017\/11\/34-6.jpg\" data-rel=\"lightbox-gallery-WCPTZyPw\" data-rl_title=\"34\" data-rl_caption=\"\" title=\"34\"><img loading=\"lazy\" decoding=\"async\" class=\"alignnone size-thumbnail wp-image-3846\" src=\"http:\/\/www.pro-vo.at\/wp-content\/uploads\/2017\/11\/34-6-150x150.jpg\" alt=\"\" width=\"150\" height=\"150\" \/><\/a> <a href=\"http:\/\/www.pro-vo.at\/wp-content\/uploads\/2017\/11\/35-6.jpg\" data-rel=\"lightbox-gallery-WCPTZyPw\" data-rl_title=\"35\" data-rl_caption=\"\" title=\"35\"><img loading=\"lazy\" decoding=\"async\" class=\"alignnone size-thumbnail wp-image-3847\" src=\"http:\/\/www.pro-vo.at\/wp-content\/uploads\/2017\/11\/35-6-150x150.jpg\" alt=\"\" width=\"150\" height=\"150\" \/><\/a> <a href=\"http:\/\/www.pro-vo.at\/wp-content\/uploads\/2017\/11\/36-5.jpg\" data-rel=\"lightbox-gallery-WCPTZyPw\" data-rl_title=\"36\" data-rl_caption=\"\" title=\"36\"><img loading=\"lazy\" decoding=\"async\" class=\"alignnone size-thumbnail wp-image-3848\" src=\"http:\/\/www.pro-vo.at\/wp-content\/uploads\/2017\/11\/36-5-150x150.jpg\" alt=\"\" width=\"150\" height=\"150\" \/><\/a> <a href=\"http:\/\/www.pro-vo.at\/wp-content\/uploads\/2017\/11\/37-3.jpg\" data-rel=\"lightbox-gallery-WCPTZyPw\" data-rl_title=\"37\" data-rl_caption=\"\" title=\"37\"><img loading=\"lazy\" decoding=\"async\" class=\"alignnone size-thumbnail wp-image-3849\" src=\"http:\/\/www.pro-vo.at\/wp-content\/uploads\/2017\/11\/37-3-150x150.jpg\" alt=\"\" width=\"150\" height=\"150\" \/><\/a> <a href=\"http:\/\/www.pro-vo.at\/wp-content\/uploads\/2017\/11\/38-3.jpg\" data-rel=\"lightbox-gallery-WCPTZyPw\" data-rl_title=\"38\" data-rl_caption=\"\" title=\"38\"><img loading=\"lazy\" decoding=\"async\" class=\"alignnone size-thumbnail wp-image-3850\" src=\"http:\/\/www.pro-vo.at\/wp-content\/uploads\/2017\/11\/38-3-150x150.jpg\" alt=\"\" width=\"150\" height=\"150\" \/><\/a> <a href=\"http:\/\/www.pro-vo.at\/wp-content\/uploads\/2017\/11\/39-3.jpg\" data-rel=\"lightbox-gallery-WCPTZyPw\" data-rl_title=\"39\" data-rl_caption=\"\" title=\"39\"><img loading=\"lazy\" decoding=\"async\" class=\"alignnone size-thumbnail wp-image-3851\" src=\"http:\/\/www.pro-vo.at\/wp-content\/uploads\/2017\/11\/39-3-150x150.jpg\" alt=\"\" width=\"150\" height=\"150\" \/><\/a> <a href=\"http:\/\/www.pro-vo.at\/wp-content\/uploads\/2017\/11\/40-3.jpg\" data-rel=\"lightbox-gallery-WCPTZyPw\" data-rl_title=\"40\" data-rl_caption=\"\" title=\"40\"><img loading=\"lazy\" decoding=\"async\" class=\"alignnone size-thumbnail wp-image-3852\" src=\"http:\/\/www.pro-vo.at\/wp-content\/uploads\/2017\/11\/40-3-150x150.jpg\" alt=\"\" width=\"150\" height=\"150\" \/><\/a> <a href=\"http:\/\/www.pro-vo.at\/wp-content\/uploads\/2017\/11\/41-3.jpg\" data-rel=\"lightbox-gallery-WCPTZyPw\" data-rl_title=\"41\" data-rl_caption=\"\" title=\"41\"><img loading=\"lazy\" decoding=\"async\" class=\"alignnone size-thumbnail wp-image-3853\" src=\"http:\/\/www.pro-vo.at\/wp-content\/uploads\/2017\/11\/41-3-150x150.jpg\" alt=\"\" width=\"150\" height=\"150\" \/><\/a> <a href=\"http:\/\/www.pro-vo.at\/wp-content\/uploads\/2017\/11\/42-3.jpg\" data-rel=\"lightbox-gallery-WCPTZyPw\" data-rl_title=\"42\" data-rl_caption=\"\" title=\"42\"><img loading=\"lazy\" decoding=\"async\" class=\"alignnone size-thumbnail wp-image-3854\" src=\"http:\/\/www.pro-vo.at\/wp-content\/uploads\/2017\/11\/42-3-150x150.jpg\" alt=\"\" width=\"150\" height=\"150\" \/><\/a> <a href=\"http:\/\/www.pro-vo.at\/wp-content\/uploads\/2017\/11\/43-3.jpg\" data-rel=\"lightbox-gallery-WCPTZyPw\" data-rl_title=\"43\" data-rl_caption=\"\" title=\"43\"><img loading=\"lazy\" decoding=\"async\" class=\"alignnone size-thumbnail wp-image-3855\" src=\"http:\/\/www.pro-vo.at\/wp-content\/uploads\/2017\/11\/43-3-150x150.jpg\" alt=\"\" width=\"150\" height=\"150\" \/><\/a><\/p>\n<p>Das Programm:<\/p>\n<p>Blockfl\u00f6tenquartett<br \/>\nMonika Kami<br \/>\nBorbala Zakanyi<br \/>\nAgnes \u00d6sz<br \/>\nFlora Cseijtei<br \/>\nHarry Lime Theme Anton Karas 1906-1985<\/p>\n<p>Kira \u00b0<br \/>\nBlockfl\u00f6te<br \/>\nTobin\u2019s Favorite aus Irland<\/p>\n<p>Elias *<br \/>\nKlavier<br \/>\nSpaziergang Gy\u00f6rgy Kurtag 1926<br \/>\nAbenteuer Daniel Hellbach 1958<\/p>\n<p>Anna Haschke<br \/>\nFl\u00f6te<br \/>\nSilvester Triebnig<br \/>\nKlavier<br \/>\naus Sonata Latino Mike Mower 1958<br \/>\nSalsa Montunate<\/p>\n<p>Eva \u02c6<br \/>\nFagott<br \/>\nKarina Greiner<br \/>\nFagott<br \/>\nApril, May and Oon Jenny Rees 1968<\/p>\n<p>Lara \u00b0<br \/>\nElisabeth Jungmayer-K\u00f6gler<br \/>\nBlockfl\u00f6te Heididelitt aus Nieder\u00f6sterreich<br \/>\nUsk\u00fcdar aus der T\u00fcrkei<\/p>\n<p>Stella *<br \/>\nHeidi *<br \/>\nKlavier<br \/>\nNebelkl\u00e4nge Improvisation<br \/>\nRegenwalzer Anika Drabon 1972<\/p>\n<p>Saxophonquartett<br \/>\nThomas Grimm Sopransaxophon<br \/>\nJanez Ursej Altsaxophon<br \/>\nJohanna Kirner Tenorsaxophon<br \/>\nChristina Dorner Baritonsaxophon<br \/>\nEin Amerikaner in Paris George Gershwin 1898-1937<br \/>\nDie Monster AG Randy Newman 1943<\/p>\n<p>PAUSE<\/p>\n<p>Saxophonquartett<br \/>\nThomas Grimm Sopransaxophon<br \/>\nJanez Ursej Altsaxophon<br \/>\nJohanna Kirner Tenorsaxophon<br \/>\nChristina Dorner Baritonsaxophon<br \/>\nArrive\u00e9 de la reine de Saba Georg Friedrich H\u00e4ndel 1685 -1759<br \/>\nAus sechs Bagatellen 1. Allegro con spirito Gy\u00f6rgy Ligeti 1923 &#8211; 2006<\/p>\n<p>Lotte *<br \/>\nKlavier<br \/>\nPass One Window Kinderlied<\/p>\n<p>Kira \u00b0<br \/>\nElisabeth Jungmayer-K\u00f6gler<br \/>\nBlockfl\u00f6te<br \/>\nMouvement de Gigue J.B. de Boismortier 1689-1755<\/p>\n<p>Monika Kami<br \/>\nBassfl\u00f6te<br \/>\nThe voice of the crocodile Benjamin Thorn 1961<\/p>\n<p>Jordan *<br \/>\nKlavier<br \/>\nComafemura Wanda Wayward 1958<\/p>\n<p>Blockfl\u00f6tenquartett<br \/>\nMonika Kami<br \/>\nBorbala Zakanyi<br \/>\nAgnes \u00d6sz<br \/>\nFlora Cseijtei<br \/>\nTango f\u00fcr Elise Paul Leenhouts 1957<br \/>\nOn the Trail of Pink Panther P. Leenhouts 1957<\/p>\n<p>Eva \u02c6<br \/>\nKarina Greiner<br \/>\nFagott<br \/>\nSonata I f\u00fcr 2 Fagotte Allegro J.B. Boismortier 1689-1755<\/p>\n<p>Heidemarie +<br \/>\nTambora, Gesang<br \/>\nGabriele +<br \/>\nBass, Gesang<br \/>\nChristian Martinek<br \/>\nKlavier<br \/>\nZamba Argentina namens Nostalgias tucumanas<br \/>\n6\/8 Rhythmus aus Argentinien<\/p>\n<p>Trompetenensemble<br \/>\nMichaela Haider<br \/>\nMarlene Emminger<br \/>\nClemens H\u00f6tzinger<br \/>\nGerhard Stockhammer<br \/>\nFlorian Ehrlinger<br \/>\nLukas Kobermann<br \/>\nReinhold Gansch<br \/>\nRevecy Venir du Printemps Claude Le Jeune 1528 &#8211; 1600<br \/>\nL\u00e4ndliche Bilder Vassily Brandt 1863 &#8211; 1923<br \/>\nIn der Kirche<br \/>\nUnter dem Lindenbaum<br \/>\nBeim Schmaus<\/p>\n<p>&nbsp;<\/p>\n<p>* pro-vo Klasse Severin Chen<br \/>\n\u00b0 pro-vo Klasse Elisabeth Jungmayer-K\u00f6gler<br \/>\n\u02c6 pro-vo Klasse Karina Greiner<br \/>\n+ pro-vo Klasse Christian Martinek<br \/>\nStudentinnen und Studenten der Universit\u00e4t<br \/>\nf\u00fcr Musik und darstellende Kunst Wien<\/p>\n<p><a href=\"http:\/\/www.pro-vo.at\/index.php\/chronik\/\">Zur\u00fcck zur Chronik<\/a><\/p>\n<p>&nbsp;<\/p>\n","protected":false},"excerpt":{"rendered":"<p>mdw meets pro-vo Es musizieren Studentinnen und Studenten der\u00a0 Universit\u00e4t f\u00fcr Musik und darstellende Kunst und Sch\u00fclerinnen und Sch\u00fcler der pro-vo Tasteninstrumente und Bl\u00e4ser http:\/\/www.mdw.ac.at\/ Samstag, 15. Juni 2013 18 Uhr Gro\u00dfer Veranstaltungsraum Verein pro-vo 1150, Huglgasse 24 Fotos: Harry Hammerer Das Programm: Blockfl\u00f6tenquartett Monika Kami Borbala Zakanyi Agnes \u00d6sz Flora Cseijtei Harry Lime Theme &#8230; <a title=\"mdw tasten bl\u00e4ser\" class=\"read-more\" href=\"https:\/\/www.pro-vo.at\/index.php\/chronik\/mdw-tasten-blaeser\/\" aria-label=\"Mehr Informationen \u00fcber mdw tasten bl\u00e4ser\">Weiterlesen<\/a><\/p>\n","protected":false},"author":1,"featured_media":0,"parent":28,"menu_order":0,"comment_status":"closed","ping_status":"closed","template":"","meta":{"footnotes":""},"class_list":["post-3809","page","type-page","status-publish"],"_links":{"self":[{"href":"https:\/\/www.pro-vo.at\/index.php\/wp-json\/wp\/v2\/pages\/3809","targetHints":{"allow":["GET"]}}],"collection":[{"href":"https:\/\/www.pro-vo.at\/index.php\/wp-json\/wp\/v2\/pages"}],"about":[{"href":"https:\/\/www.pro-vo.at\/index.php\/wp-json\/wp\/v2\/types\/page"}],"author":[{"embeddable":true,"href":"https:\/\/www.pro-vo.at\/index.php\/wp-json\/wp\/v2\/users\/1"}],"replies":[{"embeddable":true,"href":"https:\/\/www.pro-vo.at\/index.php\/wp-json\/wp\/v2\/comments?post=3809"}],"version-history":[{"count":3,"href":"https:\/\/www.pro-vo.at\/index.php\/wp-json\/wp\/v2\/pages\/3809\/revisions"}],"predecessor-version":[{"id":3858,"href":"https:\/\/www.pro-vo.at\/index.php\/wp-json\/wp\/v2\/pages\/3809\/revisions\/3858"}],"up":[{"embeddable":true,"href":"https:\/\/www.pro-vo.at\/index.php\/wp-json\/wp\/v2\/pages\/28"}],"wp:attachment":[{"href":"https:\/\/www.pro-vo.at\/index.php\/wp-json\/wp\/v2\/media?parent=3809"}],"curies":[{"name":"wp","href":"https:\/\/api.w.org\/{rel}","templated":true}]}}