{"id":3778,"date":"2017-11-16T08:39:36","date_gmt":"2017-11-16T08:39:36","guid":{"rendered":"http:\/\/www.pro-vo.at\/?page_id=3778"},"modified":"2017-11-16T08:39:36","modified_gmt":"2017-11-16T08:39:36","slug":"mdw-streicher-gitarren","status":"publish","type":"page","link":"https:\/\/www.pro-vo.at\/index.php\/chronik\/mdw-streicher-gitarren\/","title":{"rendered":"mdw streicher gitarren"},"content":{"rendered":"<h1>mdw meets pro-vo<\/h1>\n<p>Es musizierten Studenten der Universit\u00e4t f\u00fcr Musik und darstellende Kunst Wien<br \/>\nund Sch\u00fcler der pro-vo<br \/>\nStreicher und Gitarren<br \/>\n<a href=\"http:\/\/www.mdw.ac.at\">www.mdw.ac.at<\/a><br \/>\nSamstag, 8. Juni 2013 18 Uhr<br \/>\nGro\u00dfer Veranstaltungsraum<br \/>\nVerein pro-vo<br \/>\n1150, Huglgasse 24<\/p>\n<p>Fotos: Harry Hammerer<\/p>\n<p><a href=\"http:\/\/www.pro-vo.at\/wp-content\/uploads\/2017\/11\/01-7.jpg\" data-rel=\"lightbox-gallery-OGoNA2jy\" data-rl_title=\"01\" data-rl_caption=\"\" title=\"01\"><img loading=\"lazy\" decoding=\"async\" class=\"alignnone size-thumbnail wp-image-3779\" src=\"http:\/\/www.pro-vo.at\/wp-content\/uploads\/2017\/11\/01-7-150x150.jpg\" alt=\"\" width=\"150\" height=\"150\" \/><\/a> <a href=\"http:\/\/www.pro-vo.at\/wp-content\/uploads\/2017\/11\/02-7.jpg\" data-rel=\"lightbox-gallery-OGoNA2jy\" data-rl_title=\"02\" data-rl_caption=\"\" title=\"02\"><img loading=\"lazy\" decoding=\"async\" class=\"alignnone size-thumbnail wp-image-3780\" src=\"http:\/\/www.pro-vo.at\/wp-content\/uploads\/2017\/11\/02-7-150x150.jpg\" alt=\"\" width=\"150\" height=\"150\" \/><\/a> <a href=\"http:\/\/www.pro-vo.at\/wp-content\/uploads\/2017\/11\/03-7.jpg\" data-rel=\"lightbox-gallery-OGoNA2jy\" data-rl_title=\"03\" data-rl_caption=\"\" title=\"03\"><img loading=\"lazy\" decoding=\"async\" class=\"alignnone size-thumbnail wp-image-3781\" src=\"http:\/\/www.pro-vo.at\/wp-content\/uploads\/2017\/11\/03-7-150x150.jpg\" alt=\"\" width=\"150\" height=\"150\" \/><\/a> <a href=\"http:\/\/www.pro-vo.at\/wp-content\/uploads\/2017\/11\/04-7.jpg\" data-rel=\"lightbox-gallery-OGoNA2jy\" data-rl_title=\"04\" data-rl_caption=\"\" title=\"04\"><img loading=\"lazy\" decoding=\"async\" class=\"alignnone size-thumbnail wp-image-3782\" src=\"http:\/\/www.pro-vo.at\/wp-content\/uploads\/2017\/11\/04-7-150x150.jpg\" alt=\"\" width=\"150\" height=\"150\" \/><\/a> <a href=\"http:\/\/www.pro-vo.at\/wp-content\/uploads\/2017\/11\/05-7.jpg\" data-rel=\"lightbox-gallery-OGoNA2jy\" data-rl_title=\"05\" data-rl_caption=\"\" title=\"05\"><img loading=\"lazy\" decoding=\"async\" class=\"alignnone size-thumbnail wp-image-3783\" src=\"http:\/\/www.pro-vo.at\/wp-content\/uploads\/2017\/11\/05-7-150x150.jpg\" alt=\"\" width=\"150\" height=\"150\" \/><\/a> <a href=\"http:\/\/www.pro-vo.at\/wp-content\/uploads\/2017\/11\/06-7.jpg\" data-rel=\"lightbox-gallery-OGoNA2jy\" data-rl_title=\"06\" data-rl_caption=\"\" title=\"06\"><img loading=\"lazy\" decoding=\"async\" class=\"alignnone size-thumbnail wp-image-3784\" src=\"http:\/\/www.pro-vo.at\/wp-content\/uploads\/2017\/11\/06-7-150x150.jpg\" alt=\"\" width=\"150\" height=\"150\" \/><\/a> <a href=\"http:\/\/www.pro-vo.at\/wp-content\/uploads\/2017\/11\/07-7.jpg\" data-rel=\"lightbox-gallery-OGoNA2jy\" data-rl_title=\"07\" data-rl_caption=\"\" title=\"07\"><img loading=\"lazy\" decoding=\"async\" class=\"alignnone size-thumbnail wp-image-3785\" src=\"http:\/\/www.pro-vo.at\/wp-content\/uploads\/2017\/11\/07-7-150x150.jpg\" alt=\"\" width=\"150\" height=\"150\" \/><\/a> <a href=\"http:\/\/www.pro-vo.at\/wp-content\/uploads\/2017\/11\/08-7.jpg\" data-rel=\"lightbox-gallery-OGoNA2jy\" data-rl_title=\"08\" data-rl_caption=\"\" title=\"08\"><img loading=\"lazy\" decoding=\"async\" class=\"alignnone size-thumbnail wp-image-3786\" src=\"http:\/\/www.pro-vo.at\/wp-content\/uploads\/2017\/11\/08-7-150x150.jpg\" alt=\"\" width=\"150\" height=\"150\" \/><\/a> <a href=\"http:\/\/www.pro-vo.at\/wp-content\/uploads\/2017\/11\/09-6.jpg\" data-rel=\"lightbox-gallery-OGoNA2jy\" data-rl_title=\"09\" data-rl_caption=\"\" title=\"09\"><img loading=\"lazy\" decoding=\"async\" class=\"alignnone size-thumbnail wp-image-3787\" src=\"http:\/\/www.pro-vo.at\/wp-content\/uploads\/2017\/11\/09-6-150x150.jpg\" alt=\"\" width=\"150\" height=\"150\" \/><\/a> <a href=\"http:\/\/www.pro-vo.at\/wp-content\/uploads\/2017\/11\/10-19.jpg\" data-rel=\"lightbox-gallery-OGoNA2jy\" data-rl_title=\"10\" data-rl_caption=\"\" title=\"10\"><img loading=\"lazy\" decoding=\"async\" class=\"alignnone size-thumbnail wp-image-3788\" src=\"http:\/\/www.pro-vo.at\/wp-content\/uploads\/2017\/11\/10-19-150x150.jpg\" alt=\"\" width=\"150\" height=\"150\" \/><\/a> <a href=\"http:\/\/www.pro-vo.at\/wp-content\/uploads\/2017\/11\/11-18.jpg\" data-rel=\"lightbox-gallery-OGoNA2jy\" data-rl_title=\"11\" data-rl_caption=\"\" title=\"11\"><img loading=\"lazy\" decoding=\"async\" class=\"alignnone size-thumbnail wp-image-3789\" src=\"http:\/\/www.pro-vo.at\/wp-content\/uploads\/2017\/11\/11-18-150x150.jpg\" alt=\"\" width=\"150\" height=\"150\" \/><\/a> <a href=\"http:\/\/www.pro-vo.at\/wp-content\/uploads\/2017\/11\/12-18.jpg\" data-rel=\"lightbox-gallery-OGoNA2jy\" data-rl_title=\"12\" data-rl_caption=\"\" title=\"12\"><img loading=\"lazy\" decoding=\"async\" class=\"alignnone size-thumbnail wp-image-3790\" src=\"http:\/\/www.pro-vo.at\/wp-content\/uploads\/2017\/11\/12-18-150x150.jpg\" alt=\"\" width=\"150\" height=\"150\" \/><\/a> <a href=\"http:\/\/www.pro-vo.at\/wp-content\/uploads\/2017\/11\/13-17.jpg\" data-rel=\"lightbox-gallery-OGoNA2jy\" data-rl_title=\"13\" data-rl_caption=\"\" title=\"13\"><img loading=\"lazy\" decoding=\"async\" class=\"alignnone size-thumbnail wp-image-3791\" src=\"http:\/\/www.pro-vo.at\/wp-content\/uploads\/2017\/11\/13-17-150x150.jpg\" alt=\"\" width=\"150\" height=\"150\" \/><\/a> <a href=\"http:\/\/www.pro-vo.at\/wp-content\/uploads\/2017\/11\/14-15.jpg\" data-rel=\"lightbox-gallery-OGoNA2jy\" data-rl_title=\"14\" data-rl_caption=\"\" title=\"14\"><img loading=\"lazy\" decoding=\"async\" class=\"alignnone size-thumbnail wp-image-3792\" src=\"http:\/\/www.pro-vo.at\/wp-content\/uploads\/2017\/11\/14-15-150x150.jpg\" alt=\"\" width=\"150\" height=\"150\" \/><\/a> <a href=\"http:\/\/www.pro-vo.at\/wp-content\/uploads\/2017\/11\/15-15.jpg\" data-rel=\"lightbox-gallery-OGoNA2jy\" data-rl_title=\"15\" data-rl_caption=\"\" title=\"15\"><img loading=\"lazy\" decoding=\"async\" class=\"alignnone size-thumbnail wp-image-3793\" src=\"http:\/\/www.pro-vo.at\/wp-content\/uploads\/2017\/11\/15-15-150x150.jpg\" alt=\"\" width=\"150\" height=\"150\" \/><\/a> <a href=\"http:\/\/www.pro-vo.at\/wp-content\/uploads\/2017\/11\/16-11.jpg\" data-rel=\"lightbox-gallery-OGoNA2jy\" data-rl_title=\"16\" data-rl_caption=\"\" title=\"16\"><img loading=\"lazy\" decoding=\"async\" class=\"alignnone size-thumbnail wp-image-3794\" src=\"http:\/\/www.pro-vo.at\/wp-content\/uploads\/2017\/11\/16-11-150x150.jpg\" alt=\"\" width=\"150\" height=\"150\" \/><\/a> <a href=\"http:\/\/www.pro-vo.at\/wp-content\/uploads\/2017\/11\/17-11.jpg\" data-rel=\"lightbox-gallery-OGoNA2jy\" data-rl_title=\"17\" data-rl_caption=\"\" title=\"17\"><img loading=\"lazy\" decoding=\"async\" class=\"alignnone size-thumbnail wp-image-3795\" src=\"http:\/\/www.pro-vo.at\/wp-content\/uploads\/2017\/11\/17-11-150x150.jpg\" alt=\"\" width=\"150\" height=\"150\" \/><\/a> <a href=\"http:\/\/www.pro-vo.at\/wp-content\/uploads\/2017\/11\/18-10.jpg\" data-rel=\"lightbox-gallery-OGoNA2jy\" data-rl_title=\"18\" data-rl_caption=\"\" title=\"18\"><img loading=\"lazy\" decoding=\"async\" class=\"alignnone size-thumbnail wp-image-3796\" src=\"http:\/\/www.pro-vo.at\/wp-content\/uploads\/2017\/11\/18-10-150x150.jpg\" alt=\"\" width=\"150\" height=\"150\" \/><\/a> <a href=\"http:\/\/www.pro-vo.at\/wp-content\/uploads\/2017\/11\/19-9.jpg\" data-rel=\"lightbox-gallery-OGoNA2jy\" data-rl_title=\"19\" data-rl_caption=\"\" title=\"19\"><img loading=\"lazy\" decoding=\"async\" class=\"alignnone size-thumbnail wp-image-3797\" src=\"http:\/\/www.pro-vo.at\/wp-content\/uploads\/2017\/11\/19-9-150x150.jpg\" alt=\"\" width=\"150\" height=\"150\" \/><\/a> <a href=\"http:\/\/www.pro-vo.at\/wp-content\/uploads\/2017\/11\/20-9.jpg\" data-rel=\"lightbox-gallery-OGoNA2jy\" data-rl_title=\"20\" data-rl_caption=\"\" title=\"20\"><img loading=\"lazy\" decoding=\"async\" class=\"alignnone size-thumbnail wp-image-3798\" src=\"http:\/\/www.pro-vo.at\/wp-content\/uploads\/2017\/11\/20-9-150x150.jpg\" alt=\"\" width=\"150\" height=\"150\" \/><\/a> <a href=\"http:\/\/www.pro-vo.at\/wp-content\/uploads\/2017\/11\/21-9.jpg\" data-rel=\"lightbox-gallery-OGoNA2jy\" data-rl_title=\"21\" data-rl_caption=\"\" title=\"21\"><img loading=\"lazy\" decoding=\"async\" class=\"alignnone size-thumbnail wp-image-3799\" src=\"http:\/\/www.pro-vo.at\/wp-content\/uploads\/2017\/11\/21-9-150x150.jpg\" alt=\"\" width=\"150\" height=\"150\" \/><\/a> <a href=\"http:\/\/www.pro-vo.at\/wp-content\/uploads\/2017\/11\/22-9.jpg\" data-rel=\"lightbox-gallery-OGoNA2jy\" data-rl_title=\"22\" data-rl_caption=\"\" title=\"22\"><img loading=\"lazy\" decoding=\"async\" class=\"alignnone size-thumbnail wp-image-3800\" src=\"http:\/\/www.pro-vo.at\/wp-content\/uploads\/2017\/11\/22-9-150x150.jpg\" alt=\"\" width=\"150\" height=\"150\" \/><\/a> <a href=\"http:\/\/www.pro-vo.at\/wp-content\/uploads\/2017\/11\/23-8.jpg\" data-rel=\"lightbox-gallery-OGoNA2jy\" data-rl_title=\"23\" data-rl_caption=\"\" title=\"23\"><img loading=\"lazy\" decoding=\"async\" class=\"alignnone size-thumbnail wp-image-3801\" src=\"http:\/\/www.pro-vo.at\/wp-content\/uploads\/2017\/11\/23-8-150x150.jpg\" alt=\"\" width=\"150\" height=\"150\" \/><\/a> <a href=\"http:\/\/www.pro-vo.at\/wp-content\/uploads\/2017\/11\/24-8.jpg\" data-rel=\"lightbox-gallery-OGoNA2jy\" data-rl_title=\"24\" data-rl_caption=\"\" title=\"24\"><img loading=\"lazy\" decoding=\"async\" class=\"alignnone size-thumbnail wp-image-3802\" src=\"http:\/\/www.pro-vo.at\/wp-content\/uploads\/2017\/11\/24-8-150x150.jpg\" alt=\"\" width=\"150\" height=\"150\" \/><\/a> <a href=\"http:\/\/www.pro-vo.at\/wp-content\/uploads\/2017\/11\/25-8.jpg\" data-rel=\"lightbox-gallery-OGoNA2jy\" data-rl_title=\"25\" data-rl_caption=\"\" title=\"25\"><img loading=\"lazy\" decoding=\"async\" class=\"alignnone size-thumbnail wp-image-3803\" src=\"http:\/\/www.pro-vo.at\/wp-content\/uploads\/2017\/11\/25-8-150x150.jpg\" alt=\"\" width=\"150\" height=\"150\" \/><\/a> <a href=\"http:\/\/www.pro-vo.at\/wp-content\/uploads\/2017\/11\/25a.jpg\" data-rel=\"lightbox-gallery-OGoNA2jy\" data-rl_title=\"25a\" data-rl_caption=\"\" title=\"25a\"><img loading=\"lazy\" decoding=\"async\" class=\"alignnone size-thumbnail wp-image-3804\" src=\"http:\/\/www.pro-vo.at\/wp-content\/uploads\/2017\/11\/25a-150x150.jpg\" alt=\"\" width=\"150\" height=\"150\" \/><\/a> <a href=\"http:\/\/www.pro-vo.at\/wp-content\/uploads\/2017\/11\/26-6.jpg\" data-rel=\"lightbox-gallery-OGoNA2jy\" data-rl_title=\"26\" data-rl_caption=\"\" title=\"26\"><img loading=\"lazy\" decoding=\"async\" class=\"alignnone size-thumbnail wp-image-3805\" src=\"http:\/\/www.pro-vo.at\/wp-content\/uploads\/2017\/11\/26-6-150x150.jpg\" alt=\"\" width=\"150\" height=\"150\" \/><\/a> <a href=\"http:\/\/www.pro-vo.at\/wp-content\/uploads\/2017\/11\/27-6.jpg\" data-rel=\"lightbox-gallery-OGoNA2jy\" data-rl_title=\"27\" data-rl_caption=\"\" title=\"27\"><img loading=\"lazy\" decoding=\"async\" class=\"alignnone size-thumbnail wp-image-3806\" src=\"http:\/\/www.pro-vo.at\/wp-content\/uploads\/2017\/11\/27-6-150x150.jpg\" alt=\"\" width=\"150\" height=\"150\" \/><\/a><\/p>\n<p>Das Programm:<\/p>\n<p>Maya * Violine<br \/>\nTante Rhody Kinderlied<\/p>\n<p>Alena \u02c6 Gitarre<br \/>\nDie braun-wei\u00df gefleckte Katze A.Milcic<br \/>\nTwinkle twinkle little star, Var. 1 I. Suzuki<\/p>\n<p>Alice * Violine<br \/>\nOde an die Freude L. v. Beethoven<br \/>\nKlaus Haidl Gitarre<br \/>\nCancion y danza Antonio Ruiz Pip\u00f3<\/p>\n<p>Babsi \u00b0 Gitarre<br \/>\nVals B. Calatayud<br \/>\nBourr\u00e9e, BWV 996 J. Sebastian Bach<br \/>\nEs ist o.k. B. Belohlavy<\/p>\n<p>Sophia Goidinger Violine<br \/>\naus L`histoire du tango<\/p>\n<p>Klaus Haidl Gitarre<br \/>\nBordell 1900<br \/>\nCaf\u00e9 1930 Astor Piazzola<\/p>\n<p>Kirsi-Maj Katajam\u00e4ki Violine<br \/>\nApplemania<br \/>\nf\u00fcr Violine solo Aleksej Igudesman<\/p>\n<p>Pause<\/p>\n<p>Emilie * Violine<br \/>\nMenuett J. Sebastian Bach<\/p>\n<p>Felix * Violine<br \/>\nDer fr\u00f6hliche Landmann Robert Schumann<\/p>\n<p>Stefan \u00b0 Gitarre<br \/>\nAllemande, BWV 996 J. Sebastian Bach<br \/>\nEtude Nr 8 Heitor Villa-Lobos<br \/>\nCanarios Gaspar Sanz<\/p>\n<p>Magdalena \u00b0 Gitarre<br \/>\nEtude Op. 6, Nr 11 Fernando Sor<br \/>\nEtude Nr 11 Heitor Villa-Lobos<br \/>\nKirsi-Maj Katajam\u00e4ki Violine<br \/>\nSonate Sergei Prokofjew<br \/>\nMika Mori Klavier<\/p>\n<p>Annika Kaufmann Violoncello<br \/>\nMaren Galler Erz\u00e4hlerin<br \/>\nDie Geschichte vom<br \/>\nkleinen B\u00e4ren Siegfried Tiefensee<br \/>\npro-vo-Ensemble*:<br \/>\nAlice, Emilie, Felix, Maya, Keisha,<br \/>\nals G\u00e4ste: Alma, Antonia<br \/>\nKleiner Clown M. Cohen<br \/>\nDrowsy Maggie Irish Reel, arr. Jones\/Charvat<\/p>\n<p>* pro-vo Klasse Lisa Stephanie Charvat<br \/>\n\u00b0 pro-vo Klasse Gonzalo Manrique Vallier<br \/>\n\u02c6pro-vo Klasse Martha Manrique<br \/>\nStudenten der Universit\u00e4t f\u00fcr Musik und darstellende Kunst Wien<\/p>\n<p><a href=\"http:\/\/www.pro-vo.at\/index.php\/chronik\/\">Zur\u00fcck zur Chronik<\/a><\/p>\n<p>&nbsp;<\/p>\n<p>&nbsp;<\/p>\n","protected":false},"excerpt":{"rendered":"<p>mdw meets pro-vo Es musizierten Studenten der Universit\u00e4t f\u00fcr Musik und darstellende Kunst Wien und Sch\u00fcler der pro-vo Streicher und Gitarren www.mdw.ac.at Samstag, 8. Juni 2013 18 Uhr Gro\u00dfer Veranstaltungsraum Verein pro-vo 1150, Huglgasse 24 Fotos: Harry Hammerer Das Programm: Maya * Violine Tante Rhody Kinderlied Alena \u02c6 Gitarre Die braun-wei\u00df gefleckte Katze A.Milcic Twinkle &#8230; <a title=\"mdw streicher gitarren\" class=\"read-more\" href=\"https:\/\/www.pro-vo.at\/index.php\/chronik\/mdw-streicher-gitarren\/\" aria-label=\"Mehr Informationen \u00fcber mdw streicher gitarren\">Weiterlesen<\/a><\/p>\n","protected":false},"author":1,"featured_media":0,"parent":28,"menu_order":0,"comment_status":"closed","ping_status":"closed","template":"","meta":{"footnotes":""},"class_list":["post-3778","page","type-page","status-publish"],"_links":{"self":[{"href":"https:\/\/www.pro-vo.at\/index.php\/wp-json\/wp\/v2\/pages\/3778","targetHints":{"allow":["GET"]}}],"collection":[{"href":"https:\/\/www.pro-vo.at\/index.php\/wp-json\/wp\/v2\/pages"}],"about":[{"href":"https:\/\/www.pro-vo.at\/index.php\/wp-json\/wp\/v2\/types\/page"}],"author":[{"embeddable":true,"href":"https:\/\/www.pro-vo.at\/index.php\/wp-json\/wp\/v2\/users\/1"}],"replies":[{"embeddable":true,"href":"https:\/\/www.pro-vo.at\/index.php\/wp-json\/wp\/v2\/comments?post=3778"}],"version-history":[{"count":1,"href":"https:\/\/www.pro-vo.at\/index.php\/wp-json\/wp\/v2\/pages\/3778\/revisions"}],"predecessor-version":[{"id":3807,"href":"https:\/\/www.pro-vo.at\/index.php\/wp-json\/wp\/v2\/pages\/3778\/revisions\/3807"}],"up":[{"embeddable":true,"href":"https:\/\/www.pro-vo.at\/index.php\/wp-json\/wp\/v2\/pages\/28"}],"wp:attachment":[{"href":"https:\/\/www.pro-vo.at\/index.php\/wp-json\/wp\/v2\/media?parent=3778"}],"curies":[{"name":"wp","href":"https:\/\/api.w.org\/{rel}","templated":true}]}}