{"id":3749,"date":"2017-11-16T08:32:49","date_gmt":"2017-11-16T08:32:49","guid":{"rendered":"http:\/\/www.pro-vo.at\/?page_id=3749"},"modified":"2017-11-16T08:33:15","modified_gmt":"2017-11-16T08:33:15","slug":"martin-gonzalo-06-2013","status":"publish","type":"page","link":"https:\/\/www.pro-vo.at\/index.php\/chronik\/martin-gonzalo-06-2013\/","title":{"rendered":"Martin Gonzalo 06 2013"},"content":{"rendered":"<h1>Klassenabend Gitarre<\/h1>\n<p>Es musizierten Sch\u00fcler und Sch\u00fclerinnen von<br \/>\nGonzalo Manrique<br \/>\nund Martin Sch\u00f6nlieb<\/p>\n<p>Freitag, 7. Juni 2013<br \/>\n19 Uhr<br \/>\nGro\u00dfer Veranstaltungsraum<br \/>\npro-vo<\/p>\n<p>&nbsp;<\/p>\n<p>Fotos: Harry Hammerer<br \/>\n<a href=\"http:\/\/www.pro-vo.at\/wp-content\/uploads\/2017\/11\/01-6.jpg\" data-rel=\"lightbox-gallery-cAuXODl6\" data-rl_title=\"01\" data-rl_caption=\"\" title=\"01\"><img loading=\"lazy\" decoding=\"async\" class=\"alignnone size-thumbnail wp-image-3750\" src=\"http:\/\/www.pro-vo.at\/wp-content\/uploads\/2017\/11\/01-6-150x150.jpg\" alt=\"\" width=\"150\" height=\"150\" \/><\/a> <a href=\"http:\/\/www.pro-vo.at\/wp-content\/uploads\/2017\/11\/02-6.jpg\" data-rel=\"lightbox-gallery-cAuXODl6\" data-rl_title=\"02\" data-rl_caption=\"\" title=\"02\"><img loading=\"lazy\" decoding=\"async\" class=\"alignnone size-thumbnail wp-image-3751\" src=\"http:\/\/www.pro-vo.at\/wp-content\/uploads\/2017\/11\/02-6-150x150.jpg\" alt=\"\" width=\"150\" height=\"150\" \/><\/a> <a href=\"http:\/\/www.pro-vo.at\/wp-content\/uploads\/2017\/11\/03-6.jpg\" data-rel=\"lightbox-gallery-cAuXODl6\" data-rl_title=\"03\" data-rl_caption=\"\" title=\"03\"><img loading=\"lazy\" decoding=\"async\" class=\"alignnone size-thumbnail wp-image-3752\" src=\"http:\/\/www.pro-vo.at\/wp-content\/uploads\/2017\/11\/03-6-150x150.jpg\" alt=\"\" width=\"150\" height=\"150\" \/><\/a> <a href=\"http:\/\/www.pro-vo.at\/wp-content\/uploads\/2017\/11\/04-6.jpg\" data-rel=\"lightbox-gallery-cAuXODl6\" data-rl_title=\"04\" data-rl_caption=\"\" title=\"04\"><img loading=\"lazy\" decoding=\"async\" class=\"alignnone size-thumbnail wp-image-3753\" src=\"http:\/\/www.pro-vo.at\/wp-content\/uploads\/2017\/11\/04-6-150x150.jpg\" alt=\"\" width=\"150\" height=\"150\" \/><\/a> <a href=\"http:\/\/www.pro-vo.at\/wp-content\/uploads\/2017\/11\/05-6.jpg\" data-rel=\"lightbox-gallery-cAuXODl6\" data-rl_title=\"05\" data-rl_caption=\"\" title=\"05\"><img loading=\"lazy\" decoding=\"async\" class=\"alignnone size-thumbnail wp-image-3754\" src=\"http:\/\/www.pro-vo.at\/wp-content\/uploads\/2017\/11\/05-6-150x150.jpg\" alt=\"\" width=\"150\" height=\"150\" \/><\/a> <a href=\"http:\/\/www.pro-vo.at\/wp-content\/uploads\/2017\/11\/06-6.jpg\" data-rel=\"lightbox-gallery-cAuXODl6\" data-rl_title=\"06\" data-rl_caption=\"\" title=\"06\"><img loading=\"lazy\" decoding=\"async\" class=\"alignnone size-thumbnail wp-image-3755\" src=\"http:\/\/www.pro-vo.at\/wp-content\/uploads\/2017\/11\/06-6-150x150.jpg\" alt=\"\" width=\"150\" height=\"150\" \/><\/a> <a href=\"http:\/\/www.pro-vo.at\/wp-content\/uploads\/2017\/11\/07-6.jpg\" data-rel=\"lightbox-gallery-cAuXODl6\" data-rl_title=\"07\" data-rl_caption=\"\" title=\"07\"><img loading=\"lazy\" decoding=\"async\" class=\"alignnone size-thumbnail wp-image-3756\" src=\"http:\/\/www.pro-vo.at\/wp-content\/uploads\/2017\/11\/07-6-150x150.jpg\" alt=\"\" width=\"150\" height=\"150\" \/><\/a> <a href=\"http:\/\/www.pro-vo.at\/wp-content\/uploads\/2017\/11\/08-6.jpg\" data-rel=\"lightbox-gallery-cAuXODl6\" data-rl_title=\"08\" data-rl_caption=\"\" title=\"08\"><img loading=\"lazy\" decoding=\"async\" class=\"alignnone size-thumbnail wp-image-3757\" src=\"http:\/\/www.pro-vo.at\/wp-content\/uploads\/2017\/11\/08-6-150x150.jpg\" alt=\"\" width=\"150\" height=\"150\" \/><\/a> <a href=\"http:\/\/www.pro-vo.at\/wp-content\/uploads\/2017\/11\/09-5.jpg\" data-rel=\"lightbox-gallery-cAuXODl6\" data-rl_title=\"09\" data-rl_caption=\"\" title=\"09\"><img loading=\"lazy\" decoding=\"async\" class=\"alignnone size-thumbnail wp-image-3758\" src=\"http:\/\/www.pro-vo.at\/wp-content\/uploads\/2017\/11\/09-5-150x150.jpg\" alt=\"\" width=\"150\" height=\"150\" \/><\/a> <a href=\"http:\/\/www.pro-vo.at\/wp-content\/uploads\/2017\/11\/10-18.jpg\" data-rel=\"lightbox-gallery-cAuXODl6\" data-rl_title=\"10\" data-rl_caption=\"\" title=\"10\"><img loading=\"lazy\" decoding=\"async\" class=\"alignnone size-thumbnail wp-image-3759\" src=\"http:\/\/www.pro-vo.at\/wp-content\/uploads\/2017\/11\/10-18-150x150.jpg\" alt=\"\" width=\"150\" height=\"150\" \/><\/a> <a href=\"http:\/\/www.pro-vo.at\/wp-content\/uploads\/2017\/11\/11-17.jpg\" data-rel=\"lightbox-gallery-cAuXODl6\" data-rl_title=\"11\" data-rl_caption=\"\" title=\"11\"><img loading=\"lazy\" decoding=\"async\" class=\"alignnone size-thumbnail wp-image-3760\" src=\"http:\/\/www.pro-vo.at\/wp-content\/uploads\/2017\/11\/11-17-150x150.jpg\" alt=\"\" width=\"150\" height=\"150\" \/><\/a> <a href=\"http:\/\/www.pro-vo.at\/wp-content\/uploads\/2017\/11\/12-17.jpg\" data-rel=\"lightbox-gallery-cAuXODl6\" data-rl_title=\"12\" data-rl_caption=\"\" title=\"12\"><img loading=\"lazy\" decoding=\"async\" class=\"alignnone size-thumbnail wp-image-3761\" src=\"http:\/\/www.pro-vo.at\/wp-content\/uploads\/2017\/11\/12-17-150x150.jpg\" alt=\"\" width=\"150\" height=\"150\" \/><\/a> <a href=\"http:\/\/www.pro-vo.at\/wp-content\/uploads\/2017\/11\/13-16.jpg\" data-rel=\"lightbox-gallery-cAuXODl6\" data-rl_title=\"13\" data-rl_caption=\"\" title=\"13\"><img loading=\"lazy\" decoding=\"async\" class=\"alignnone size-thumbnail wp-image-3762\" src=\"http:\/\/www.pro-vo.at\/wp-content\/uploads\/2017\/11\/13-16-150x150.jpg\" alt=\"\" width=\"150\" height=\"150\" \/><\/a> <a href=\"http:\/\/www.pro-vo.at\/wp-content\/uploads\/2017\/11\/14-14.jpg\" data-rel=\"lightbox-gallery-cAuXODl6\" data-rl_title=\"14\" data-rl_caption=\"\" title=\"14\"><img loading=\"lazy\" decoding=\"async\" class=\"alignnone size-thumbnail wp-image-3763\" src=\"http:\/\/www.pro-vo.at\/wp-content\/uploads\/2017\/11\/14-14-150x150.jpg\" alt=\"\" width=\"150\" height=\"150\" \/><\/a> <a href=\"http:\/\/www.pro-vo.at\/wp-content\/uploads\/2017\/11\/15-14.jpg\" data-rel=\"lightbox-gallery-cAuXODl6\" data-rl_title=\"15\" data-rl_caption=\"\" title=\"15\"><img loading=\"lazy\" decoding=\"async\" class=\"alignnone size-thumbnail wp-image-3764\" src=\"http:\/\/www.pro-vo.at\/wp-content\/uploads\/2017\/11\/15-14-150x150.jpg\" alt=\"\" width=\"150\" height=\"150\" \/><\/a> <a href=\"http:\/\/www.pro-vo.at\/wp-content\/uploads\/2017\/11\/16-10.jpg\" data-rel=\"lightbox-gallery-cAuXODl6\" data-rl_title=\"16\" data-rl_caption=\"\" title=\"16\"><img loading=\"lazy\" decoding=\"async\" class=\"alignnone size-thumbnail wp-image-3765\" src=\"http:\/\/www.pro-vo.at\/wp-content\/uploads\/2017\/11\/16-10-150x150.jpg\" alt=\"\" width=\"150\" height=\"150\" \/><\/a> <a href=\"http:\/\/www.pro-vo.at\/wp-content\/uploads\/2017\/11\/17-10.jpg\" data-rel=\"lightbox-gallery-cAuXODl6\" data-rl_title=\"17\" data-rl_caption=\"\" title=\"17\"><img loading=\"lazy\" decoding=\"async\" class=\"alignnone size-thumbnail wp-image-3766\" src=\"http:\/\/www.pro-vo.at\/wp-content\/uploads\/2017\/11\/17-10-150x150.jpg\" alt=\"\" width=\"150\" height=\"150\" \/><\/a> <a href=\"http:\/\/www.pro-vo.at\/wp-content\/uploads\/2017\/11\/18-9.jpg\" data-rel=\"lightbox-gallery-cAuXODl6\" data-rl_title=\"18\" data-rl_caption=\"\" title=\"18\"><img loading=\"lazy\" decoding=\"async\" class=\"alignnone size-thumbnail wp-image-3767\" src=\"http:\/\/www.pro-vo.at\/wp-content\/uploads\/2017\/11\/18-9-150x150.jpg\" alt=\"\" width=\"150\" height=\"150\" \/><\/a> <a href=\"http:\/\/www.pro-vo.at\/wp-content\/uploads\/2017\/11\/19-8.jpg\" data-rel=\"lightbox-gallery-cAuXODl6\" data-rl_title=\"19\" data-rl_caption=\"\" title=\"19\"><img loading=\"lazy\" decoding=\"async\" class=\"alignnone size-thumbnail wp-image-3768\" src=\"http:\/\/www.pro-vo.at\/wp-content\/uploads\/2017\/11\/19-8-150x150.jpg\" alt=\"\" width=\"150\" height=\"150\" \/><\/a> <a href=\"http:\/\/www.pro-vo.at\/wp-content\/uploads\/2017\/11\/20-8.jpg\" data-rel=\"lightbox-gallery-cAuXODl6\" data-rl_title=\"20\" data-rl_caption=\"\" title=\"20\"><img loading=\"lazy\" decoding=\"async\" class=\"alignnone size-thumbnail wp-image-3769\" src=\"http:\/\/www.pro-vo.at\/wp-content\/uploads\/2017\/11\/20-8-150x150.jpg\" alt=\"\" width=\"150\" height=\"150\" \/><\/a> <a href=\"http:\/\/www.pro-vo.at\/wp-content\/uploads\/2017\/11\/21-8.jpg\" data-rel=\"lightbox-gallery-cAuXODl6\" data-rl_title=\"21\" data-rl_caption=\"\" title=\"21\"><img loading=\"lazy\" decoding=\"async\" class=\"alignnone size-thumbnail wp-image-3770\" src=\"http:\/\/www.pro-vo.at\/wp-content\/uploads\/2017\/11\/21-8-150x150.jpg\" alt=\"\" width=\"150\" height=\"150\" \/><\/a> <a href=\"http:\/\/www.pro-vo.at\/wp-content\/uploads\/2017\/11\/22-8.jpg\" data-rel=\"lightbox-gallery-cAuXODl6\" data-rl_title=\"22\" data-rl_caption=\"\" title=\"22\"><img loading=\"lazy\" decoding=\"async\" class=\"alignnone size-thumbnail wp-image-3771\" src=\"http:\/\/www.pro-vo.at\/wp-content\/uploads\/2017\/11\/22-8-150x150.jpg\" alt=\"\" width=\"150\" height=\"150\" \/><\/a> <a href=\"http:\/\/www.pro-vo.at\/wp-content\/uploads\/2017\/11\/23-7.jpg\" data-rel=\"lightbox-gallery-cAuXODl6\" data-rl_title=\"23\" data-rl_caption=\"\" title=\"23\"><img loading=\"lazy\" decoding=\"async\" class=\"alignnone size-thumbnail wp-image-3772\" src=\"http:\/\/www.pro-vo.at\/wp-content\/uploads\/2017\/11\/23-7-150x150.jpg\" alt=\"\" width=\"150\" height=\"150\" \/><\/a> <a href=\"http:\/\/www.pro-vo.at\/wp-content\/uploads\/2017\/11\/24-7.jpg\" data-rel=\"lightbox-gallery-cAuXODl6\" data-rl_title=\"24\" data-rl_caption=\"\" title=\"24\"><img loading=\"lazy\" decoding=\"async\" class=\"alignnone size-thumbnail wp-image-3773\" src=\"http:\/\/www.pro-vo.at\/wp-content\/uploads\/2017\/11\/24-7-150x150.jpg\" alt=\"\" width=\"150\" height=\"150\" \/><\/a> <a href=\"http:\/\/www.pro-vo.at\/wp-content\/uploads\/2017\/11\/25-7.jpg\" data-rel=\"lightbox-gallery-cAuXODl6\" data-rl_title=\"25\" data-rl_caption=\"\" title=\"25\"><img loading=\"lazy\" decoding=\"async\" class=\"alignnone size-thumbnail wp-image-3774\" src=\"http:\/\/www.pro-vo.at\/wp-content\/uploads\/2017\/11\/25-7-150x150.jpg\" alt=\"\" width=\"150\" height=\"150\" \/><\/a><\/p>\n<p>Das Programm:<\/p>\n<p>Philip<br \/>\nF. Sullivan\/J. Peterik: Eye of the tiger<\/p>\n<p>Samuel<br \/>\nSamuel : The River<br \/>\nSamuel: Run and jump<\/p>\n<p>Johannes<br \/>\nGiorgio Mainerio: Schiarazula marazula<br \/>\nM. Norman\/J. Barry: James Bond Theme<\/p>\n<p>Marie<br \/>\nGerald Schwertberger: Se\u00f1orita Juanita<\/p>\n<p>Manfred<br \/>\nFerdinando Carulli: Andantino, Op. 241, Nr. 5<br \/>\nFernando Sor: Et\u00fcde, Op. 60, Nr. 22<br \/>\nJulio Sagreras:<br \/>\nLecci\u00f3n 1, aus \u201eLas terceras lecciones de guitarra\u201c<br \/>\nBartolom\u00e9 Calatayud:<br \/>\nCanci\u00f3n de cuna, aus \u201eCuatro piezas f\u00e1ciles\u201c<\/p>\n<p>Birgit<br \/>\nTraditionell aus Bolivien, arr. G. Schwertberger: Dos palomitas<\/p>\n<p>Laurin<br \/>\nFernando Sor: Et\u00fcde, Op. 35, Nr. 13<\/p>\n<p>Stefan<br \/>\nJohann Sebastian Bach: Allemande, BWV 996, Nr. 2<br \/>\nHeitor Villa-Lobos: Et\u00fcde Nr. 8<br \/>\nGaspar Sanz: Canarios<\/p>\n<p>Felix *<br \/>\nS\u00e9rgio Assad: Aquarelle \u2013 Nr. 1: Divertimento<\/p>\n<p>Magdalena<br \/>\nFernando Sor: Et\u00fcde, Op. 6, Nr. 11<br \/>\nHeitor Villa-Lobos: Et\u00fcde Nr. 11<\/p>\n<p>Babsi<br \/>\nBartolom\u00e9 Calatayud: Vals, aus \u201eCuatro piezas f\u00e1ciles\u201c<br \/>\nJohann Sebastian Bach: Bourr\u00e9e, BWV 996, Nr. 5<br \/>\nBabsi B.: Es ist OK<\/p>\n<p>Penelope *<br \/>\nJos\u00e9 James: Come to my door<\/p>\n<p>Marco *<br \/>\nElena Duvalkina (Gesang, Gast)<br \/>\nQueen: Is this the world we created?<\/p>\n<p>Lukas<br \/>\nRobert Johnson, arr. Eric Clapton: Crossroads<\/p>\n<p>&nbsp;<\/p>\n<p>Klasse Martin Sch\u00f6nlieb *<br \/>\nKlasse Gonzalo Manrique<\/p>\n<p><a href=\"http:\/\/www.pro-vo.at\/index.php\/chronik\/\">Zur\u00fcck zur Chronik<\/a><\/p>\n<p>&nbsp;<\/p>\n<p>&nbsp;<\/p>\n","protected":false},"excerpt":{"rendered":"<p>Klassenabend Gitarre Es musizierten Sch\u00fcler und Sch\u00fclerinnen von Gonzalo Manrique und Martin Sch\u00f6nlieb Freitag, 7. Juni 2013 19 Uhr Gro\u00dfer Veranstaltungsraum pro-vo &nbsp; Fotos: Harry Hammerer Das Programm: Philip F. Sullivan\/J. Peterik: Eye of the tiger Samuel Samuel : The River Samuel: Run and jump Johannes Giorgio Mainerio: Schiarazula marazula M. Norman\/J. Barry: James Bond &#8230; <a title=\"Martin Gonzalo 06 2013\" class=\"read-more\" href=\"https:\/\/www.pro-vo.at\/index.php\/chronik\/martin-gonzalo-06-2013\/\" aria-label=\"Mehr Informationen \u00fcber Martin Gonzalo 06 2013\">Weiterlesen<\/a><\/p>\n","protected":false},"author":1,"featured_media":0,"parent":28,"menu_order":0,"comment_status":"closed","ping_status":"closed","template":"","meta":{"footnotes":""},"class_list":["post-3749","page","type-page","status-publish"],"_links":{"self":[{"href":"https:\/\/www.pro-vo.at\/index.php\/wp-json\/wp\/v2\/pages\/3749","targetHints":{"allow":["GET"]}}],"collection":[{"href":"https:\/\/www.pro-vo.at\/index.php\/wp-json\/wp\/v2\/pages"}],"about":[{"href":"https:\/\/www.pro-vo.at\/index.php\/wp-json\/wp\/v2\/types\/page"}],"author":[{"embeddable":true,"href":"https:\/\/www.pro-vo.at\/index.php\/wp-json\/wp\/v2\/users\/1"}],"replies":[{"embeddable":true,"href":"https:\/\/www.pro-vo.at\/index.php\/wp-json\/wp\/v2\/comments?post=3749"}],"version-history":[{"count":2,"href":"https:\/\/www.pro-vo.at\/index.php\/wp-json\/wp\/v2\/pages\/3749\/revisions"}],"predecessor-version":[{"id":3776,"href":"https:\/\/www.pro-vo.at\/index.php\/wp-json\/wp\/v2\/pages\/3749\/revisions\/3776"}],"up":[{"embeddable":true,"href":"https:\/\/www.pro-vo.at\/index.php\/wp-json\/wp\/v2\/pages\/28"}],"wp:attachment":[{"href":"https:\/\/www.pro-vo.at\/index.php\/wp-json\/wp\/v2\/media?parent=3749"}],"curies":[{"name":"wp","href":"https:\/\/api.w.org\/{rel}","templated":true}]}}