{"id":3631,"date":"2017-11-16T08:14:24","date_gmt":"2017-11-16T08:14:24","guid":{"rendered":"http:\/\/www.pro-vo.at\/?page_id=3631"},"modified":"2017-11-16T08:14:24","modified_gmt":"2017-11-16T08:14:24","slug":"lisi-10-2013","status":"publish","type":"page","link":"https:\/\/www.pro-vo.at\/index.php\/chronik\/lisi-10-2013\/","title":{"rendered":"Lisi 10 2013"},"content":{"rendered":"<h1>Klassenabend<\/h1>\n<p>Elisabeth Jungmayer-K\u00f6gler<\/p>\n<p>Freitag, 18. Oktober 2013<br \/>\n17 Uhr<\/p>\n<p>Fotos: Harry Hammerer<\/p>\n<p><a href=\"http:\/\/www.pro-vo.at\/wp-content\/uploads\/2017\/11\/001-3.jpg\" data-rel=\"lightbox-gallery-je4AjOPb\" data-rl_title=\"001\" data-rl_caption=\"\" title=\"001\"><img loading=\"lazy\" decoding=\"async\" class=\"alignnone size-thumbnail wp-image-3632\" src=\"http:\/\/www.pro-vo.at\/wp-content\/uploads\/2017\/11\/001-3-150x150.jpg\" alt=\"\" width=\"150\" height=\"150\" \/><\/a> <a href=\"http:\/\/www.pro-vo.at\/wp-content\/uploads\/2017\/11\/002-3.jpg\" data-rel=\"lightbox-gallery-je4AjOPb\" data-rl_title=\"002\" data-rl_caption=\"\" title=\"002\"><img loading=\"lazy\" decoding=\"async\" class=\"alignnone size-thumbnail wp-image-3633\" src=\"http:\/\/www.pro-vo.at\/wp-content\/uploads\/2017\/11\/002-3-150x150.jpg\" alt=\"\" width=\"150\" height=\"150\" \/><\/a> <a href=\"http:\/\/www.pro-vo.at\/wp-content\/uploads\/2017\/11\/003-3.jpg\" data-rel=\"lightbox-gallery-je4AjOPb\" data-rl_title=\"003\" data-rl_caption=\"\" title=\"003\"><img loading=\"lazy\" decoding=\"async\" class=\"alignnone size-thumbnail wp-image-3634\" src=\"http:\/\/www.pro-vo.at\/wp-content\/uploads\/2017\/11\/003-3-150x150.jpg\" alt=\"\" width=\"150\" height=\"150\" \/><\/a> <a href=\"http:\/\/www.pro-vo.at\/wp-content\/uploads\/2017\/11\/004-3.jpg\" data-rel=\"lightbox-gallery-je4AjOPb\" data-rl_title=\"004\" data-rl_caption=\"\" title=\"004\"><img loading=\"lazy\" decoding=\"async\" class=\"alignnone size-thumbnail wp-image-3635\" src=\"http:\/\/www.pro-vo.at\/wp-content\/uploads\/2017\/11\/004-3-150x150.jpg\" alt=\"\" width=\"150\" height=\"150\" \/><\/a> <a href=\"http:\/\/www.pro-vo.at\/wp-content\/uploads\/2017\/11\/005-3.jpg\" data-rel=\"lightbox-gallery-je4AjOPb\" data-rl_title=\"005\" data-rl_caption=\"\" title=\"005\"><img loading=\"lazy\" decoding=\"async\" class=\"alignnone size-thumbnail wp-image-3636\" src=\"http:\/\/www.pro-vo.at\/wp-content\/uploads\/2017\/11\/005-3-150x150.jpg\" alt=\"\" width=\"150\" height=\"150\" \/><\/a> <a href=\"http:\/\/www.pro-vo.at\/wp-content\/uploads\/2017\/11\/006-3.jpg\" data-rel=\"lightbox-gallery-je4AjOPb\" data-rl_title=\"006\" data-rl_caption=\"\" title=\"006\"><img loading=\"lazy\" decoding=\"async\" class=\"alignnone size-thumbnail wp-image-3637\" src=\"http:\/\/www.pro-vo.at\/wp-content\/uploads\/2017\/11\/006-3-150x150.jpg\" alt=\"\" width=\"150\" height=\"150\" \/><\/a> <a href=\"http:\/\/www.pro-vo.at\/wp-content\/uploads\/2017\/11\/007-3.jpg\" data-rel=\"lightbox-gallery-je4AjOPb\" data-rl_title=\"007\" data-rl_caption=\"\" title=\"007\"><img loading=\"lazy\" decoding=\"async\" class=\"alignnone size-thumbnail wp-image-3638\" src=\"http:\/\/www.pro-vo.at\/wp-content\/uploads\/2017\/11\/007-3-150x150.jpg\" alt=\"\" width=\"150\" height=\"150\" \/><\/a> <a href=\"http:\/\/www.pro-vo.at\/wp-content\/uploads\/2017\/11\/008-3.jpg\" data-rel=\"lightbox-gallery-je4AjOPb\" data-rl_title=\"008\" data-rl_caption=\"\" title=\"008\"><img loading=\"lazy\" decoding=\"async\" class=\"alignnone size-thumbnail wp-image-3639\" src=\"http:\/\/www.pro-vo.at\/wp-content\/uploads\/2017\/11\/008-3-150x150.jpg\" alt=\"\" width=\"150\" height=\"150\" \/><\/a> <a href=\"http:\/\/www.pro-vo.at\/wp-content\/uploads\/2017\/11\/009-2.jpg\" data-rel=\"lightbox-gallery-je4AjOPb\" data-rl_title=\"009\" data-rl_caption=\"\" title=\"009\"><img loading=\"lazy\" decoding=\"async\" class=\"alignnone size-thumbnail wp-image-3640\" src=\"http:\/\/www.pro-vo.at\/wp-content\/uploads\/2017\/11\/009-2-150x150.jpg\" alt=\"\" width=\"150\" height=\"150\" \/><\/a> <a href=\"http:\/\/www.pro-vo.at\/wp-content\/uploads\/2017\/11\/010-3.jpg\" data-rel=\"lightbox-gallery-je4AjOPb\" data-rl_title=\"010\" data-rl_caption=\"\" title=\"010\"><img loading=\"lazy\" decoding=\"async\" class=\"alignnone size-thumbnail wp-image-3641\" src=\"http:\/\/www.pro-vo.at\/wp-content\/uploads\/2017\/11\/010-3-150x150.jpg\" alt=\"\" width=\"150\" height=\"150\" \/><\/a> <a href=\"http:\/\/www.pro-vo.at\/wp-content\/uploads\/2017\/11\/011-3.jpg\" data-rel=\"lightbox-gallery-je4AjOPb\" data-rl_title=\"011\" data-rl_caption=\"\" title=\"011\"><img loading=\"lazy\" decoding=\"async\" class=\"alignnone size-thumbnail wp-image-3642\" src=\"http:\/\/www.pro-vo.at\/wp-content\/uploads\/2017\/11\/011-3-150x150.jpg\" alt=\"\" width=\"150\" height=\"150\" \/><\/a> <a href=\"http:\/\/www.pro-vo.at\/wp-content\/uploads\/2017\/11\/012-3.jpg\" data-rel=\"lightbox-gallery-je4AjOPb\" data-rl_title=\"012\" data-rl_caption=\"\" title=\"012\"><img loading=\"lazy\" decoding=\"async\" class=\"alignnone size-thumbnail wp-image-3643\" src=\"http:\/\/www.pro-vo.at\/wp-content\/uploads\/2017\/11\/012-3-150x150.jpg\" alt=\"\" width=\"150\" height=\"150\" \/><\/a> <a href=\"http:\/\/www.pro-vo.at\/wp-content\/uploads\/2017\/11\/013-3.jpg\" data-rel=\"lightbox-gallery-je4AjOPb\" data-rl_title=\"013\" data-rl_caption=\"\" title=\"013\"><img loading=\"lazy\" decoding=\"async\" class=\"alignnone size-thumbnail wp-image-3644\" src=\"http:\/\/www.pro-vo.at\/wp-content\/uploads\/2017\/11\/013-3-150x150.jpg\" alt=\"\" width=\"150\" height=\"150\" \/><\/a> <a href=\"http:\/\/www.pro-vo.at\/wp-content\/uploads\/2017\/11\/014-3.jpg\" data-rel=\"lightbox-gallery-je4AjOPb\" data-rl_title=\"014\" data-rl_caption=\"\" title=\"014\"><img loading=\"lazy\" decoding=\"async\" class=\"alignnone size-thumbnail wp-image-3645\" src=\"http:\/\/www.pro-vo.at\/wp-content\/uploads\/2017\/11\/014-3-150x150.jpg\" alt=\"\" width=\"150\" height=\"150\" \/><\/a> <a href=\"http:\/\/www.pro-vo.at\/wp-content\/uploads\/2017\/11\/015-2.jpg\" data-rel=\"lightbox-gallery-je4AjOPb\" data-rl_title=\"015\" data-rl_caption=\"\" title=\"015\"><img loading=\"lazy\" decoding=\"async\" class=\"alignnone size-thumbnail wp-image-3646\" src=\"http:\/\/www.pro-vo.at\/wp-content\/uploads\/2017\/11\/015-2-150x150.jpg\" alt=\"\" width=\"150\" height=\"150\" \/><\/a> <a href=\"http:\/\/www.pro-vo.at\/wp-content\/uploads\/2017\/11\/016-3.jpg\" data-rel=\"lightbox-gallery-je4AjOPb\" data-rl_title=\"016\" data-rl_caption=\"\" title=\"016\"><img loading=\"lazy\" decoding=\"async\" class=\"alignnone size-thumbnail wp-image-3647\" src=\"http:\/\/www.pro-vo.at\/wp-content\/uploads\/2017\/11\/016-3-150x150.jpg\" alt=\"\" width=\"150\" height=\"150\" \/><\/a> <a href=\"http:\/\/www.pro-vo.at\/wp-content\/uploads\/2017\/11\/017-3.jpg\" data-rel=\"lightbox-gallery-je4AjOPb\" data-rl_title=\"017\" data-rl_caption=\"\" title=\"017\"><img loading=\"lazy\" decoding=\"async\" class=\"alignnone size-thumbnail wp-image-3648\" src=\"http:\/\/www.pro-vo.at\/wp-content\/uploads\/2017\/11\/017-3-150x150.jpg\" alt=\"\" width=\"150\" height=\"150\" \/><\/a> <a href=\"http:\/\/www.pro-vo.at\/wp-content\/uploads\/2017\/11\/018-3.jpg\" data-rel=\"lightbox-gallery-je4AjOPb\" data-rl_title=\"018\" data-rl_caption=\"\" title=\"018\"><img loading=\"lazy\" decoding=\"async\" class=\"alignnone size-thumbnail wp-image-3649\" src=\"http:\/\/www.pro-vo.at\/wp-content\/uploads\/2017\/11\/018-3-150x150.jpg\" alt=\"\" width=\"150\" height=\"150\" \/><\/a> <a href=\"http:\/\/www.pro-vo.at\/wp-content\/uploads\/2017\/11\/019-3.jpg\" data-rel=\"lightbox-gallery-je4AjOPb\" data-rl_title=\"019\" data-rl_caption=\"\" title=\"019\"><img loading=\"lazy\" decoding=\"async\" class=\"alignnone size-thumbnail wp-image-3650\" src=\"http:\/\/www.pro-vo.at\/wp-content\/uploads\/2017\/11\/019-3-150x150.jpg\" alt=\"\" width=\"150\" height=\"150\" \/><\/a> <a href=\"http:\/\/www.pro-vo.at\/wp-content\/uploads\/2017\/11\/020-3.jpg\" data-rel=\"lightbox-gallery-je4AjOPb\" data-rl_title=\"020\" data-rl_caption=\"\" title=\"020\"><img loading=\"lazy\" decoding=\"async\" class=\"alignnone size-thumbnail wp-image-3651\" src=\"http:\/\/www.pro-vo.at\/wp-content\/uploads\/2017\/11\/020-3-150x150.jpg\" alt=\"\" width=\"150\" height=\"150\" \/><\/a> <a href=\"http:\/\/www.pro-vo.at\/wp-content\/uploads\/2017\/11\/021-3.jpg\" data-rel=\"lightbox-gallery-je4AjOPb\" data-rl_title=\"021\" data-rl_caption=\"\" title=\"021\"><img loading=\"lazy\" decoding=\"async\" class=\"alignnone size-thumbnail wp-image-3652\" src=\"http:\/\/www.pro-vo.at\/wp-content\/uploads\/2017\/11\/021-3-150x150.jpg\" alt=\"\" width=\"150\" height=\"150\" \/><\/a> <a href=\"http:\/\/www.pro-vo.at\/wp-content\/uploads\/2017\/11\/022-3.jpg\" data-rel=\"lightbox-gallery-je4AjOPb\" data-rl_title=\"022\" data-rl_caption=\"\" title=\"022\"><img loading=\"lazy\" decoding=\"async\" class=\"alignnone size-thumbnail wp-image-3653\" src=\"http:\/\/www.pro-vo.at\/wp-content\/uploads\/2017\/11\/022-3-150x150.jpg\" alt=\"\" width=\"150\" height=\"150\" \/><\/a> <a href=\"http:\/\/www.pro-vo.at\/wp-content\/uploads\/2017\/11\/023-3.jpg\" data-rel=\"lightbox-gallery-je4AjOPb\" data-rl_title=\"023\" data-rl_caption=\"\" title=\"023\"><img loading=\"lazy\" decoding=\"async\" class=\"alignnone size-thumbnail wp-image-3654\" src=\"http:\/\/www.pro-vo.at\/wp-content\/uploads\/2017\/11\/023-3-150x150.jpg\" alt=\"\" width=\"150\" height=\"150\" \/><\/a><\/p>\n<p>Pirmin Thomas (Orgel)<br \/>\nAdagio in C<br \/>\nf\u00fcr die Glasharmonika W.A. Mozart<br \/>\nMein Heiland, Herr und Meister F. Schubert<\/p>\n<p>Ronja-Marie<br \/>\nRegenbogen<br \/>\nDie indische Gl\u00f6ckchenelfe<br \/>\nKinderlieder<\/p>\n<p>Miriam<br \/>\nKleines Lied Kinderlied<\/p>\n<p>Eva-Marie<br \/>\nGavotte Nach M. Praetorius<\/p>\n<p>Ronja-Marie<br \/>\nPiratentanz f\u00fcr Fl\u00f6te und S\u00e4bel Kinderlied<br \/>\nLinnea und Edlyn<br \/>\nGavotte Anonym, um 1720<br \/>\nDie Biene F. M\u00fcller-Busch<\/p>\n<p>Kira *<br \/>\nBravade J. van Eyck<\/p>\n<p>Mercedes **<br \/>\nA Ground by Mr. Finger Aus \u201cThe Division Flute\u201d<br \/>\nLaura, Lena und Kira<br \/>\nMaiden Fair Anonym, England, 16. Jhdt.<br \/>\nLaura, Lena und Kira *<br \/>\nTanz Aus Russland<br \/>\nNina **<br \/>\nSonate in C-Dur, op. 1\/7 G.F. H\u00e4ndel<br \/>\n&#8211; Larghetto<br \/>\n&#8211; Allegro<\/p>\n<p>Mercedes **<br \/>\nA Chacone Aus \u201cThe Division Flute\u201d<br \/>\nCibell<\/p>\n<p>&nbsp;<\/p>\n<p>* Cajon: Felix &#8211; Klasse Christian Martinek<br \/>\n** Fagott: Karina Greiner<\/p>\n<p><a href=\"http:\/\/www.pro-vo.at\/index.php\/chronik\/\">Zur\u00fcck zur Chronik<\/a><\/p>\n","protected":false},"excerpt":{"rendered":"<p>Klassenabend Elisabeth Jungmayer-K\u00f6gler Freitag, 18. Oktober 2013 17 Uhr Fotos: Harry Hammerer Pirmin Thomas (Orgel) Adagio in C f\u00fcr die Glasharmonika W.A. Mozart Mein Heiland, Herr und Meister F. Schubert Ronja-Marie Regenbogen Die indische Gl\u00f6ckchenelfe Kinderlieder Miriam Kleines Lied Kinderlied Eva-Marie Gavotte Nach M. Praetorius Ronja-Marie Piratentanz f\u00fcr Fl\u00f6te und S\u00e4bel Kinderlied Linnea und Edlyn &#8230; <a title=\"Lisi 10 2013\" class=\"read-more\" href=\"https:\/\/www.pro-vo.at\/index.php\/chronik\/lisi-10-2013\/\" aria-label=\"Mehr Informationen \u00fcber Lisi 10 2013\">Weiterlesen<\/a><\/p>\n","protected":false},"author":1,"featured_media":0,"parent":28,"menu_order":0,"comment_status":"closed","ping_status":"closed","template":"","meta":{"footnotes":""},"class_list":["post-3631","page","type-page","status-publish"],"_links":{"self":[{"href":"https:\/\/www.pro-vo.at\/index.php\/wp-json\/wp\/v2\/pages\/3631","targetHints":{"allow":["GET"]}}],"collection":[{"href":"https:\/\/www.pro-vo.at\/index.php\/wp-json\/wp\/v2\/pages"}],"about":[{"href":"https:\/\/www.pro-vo.at\/index.php\/wp-json\/wp\/v2\/types\/page"}],"author":[{"embeddable":true,"href":"https:\/\/www.pro-vo.at\/index.php\/wp-json\/wp\/v2\/users\/1"}],"replies":[{"embeddable":true,"href":"https:\/\/www.pro-vo.at\/index.php\/wp-json\/wp\/v2\/comments?post=3631"}],"version-history":[{"count":1,"href":"https:\/\/www.pro-vo.at\/index.php\/wp-json\/wp\/v2\/pages\/3631\/revisions"}],"predecessor-version":[{"id":3655,"href":"https:\/\/www.pro-vo.at\/index.php\/wp-json\/wp\/v2\/pages\/3631\/revisions\/3655"}],"up":[{"embeddable":true,"href":"https:\/\/www.pro-vo.at\/index.php\/wp-json\/wp\/v2\/pages\/28"}],"wp:attachment":[{"href":"https:\/\/www.pro-vo.at\/index.php\/wp-json\/wp\/v2\/media?parent=3631"}],"curies":[{"name":"wp","href":"https:\/\/api.w.org\/{rel}","templated":true}]}}