{"id":3588,"date":"2017-11-16T08:07:19","date_gmt":"2017-11-16T08:07:19","guid":{"rendered":"http:\/\/www.pro-vo.at\/?page_id=3588"},"modified":"2017-11-16T08:07:19","modified_gmt":"2017-11-16T08:07:19","slug":"kinder-fuer-kinder-03-2013","status":"publish","type":"page","link":"https:\/\/www.pro-vo.at\/index.php\/chronik\/kinder-fuer-kinder-03-2013\/","title":{"rendered":"Kinder f\u00fcr Kinder 03 2013"},"content":{"rendered":"<h1>Kinder musizieren f\u00fcr Kinder<\/h1>\n<p>Es spielten Sch\u00fcler von<\/p>\n<p>Martha Manrique<br \/>\nund Ulrike Fl\u00f6rr\u00e9<br \/>\nf\u00fcr Freunde &#8211;<br \/>\nErwachsene mussten drau\u00dfen bleiben&#8230;<\/p>\n<p>Samstag, 16. M\u00e4rz 2013<br \/>\n13 Uhr<br \/>\ngro\u00dfer Veranstaltungsraum pro-vo<br \/>\n1150 Wien, Huglgasse 24<\/p>\n<p><a href=\"http:\/\/www.pro-vo.at\/wp-content\/uploads\/2017\/11\/1-11.jpg\" data-rel=\"lightbox-gallery-BtdE9HeY\" data-rl_title=\"1\" data-rl_caption=\"\" title=\"1\"><img loading=\"lazy\" decoding=\"async\" class=\"alignnone size-thumbnail wp-image-3589\" src=\"http:\/\/www.pro-vo.at\/wp-content\/uploads\/2017\/11\/1-11-150x150.jpg\" alt=\"\" width=\"150\" height=\"150\" \/><\/a> <a href=\"http:\/\/www.pro-vo.at\/wp-content\/uploads\/2017\/11\/2-11.jpg\" data-rel=\"lightbox-gallery-BtdE9HeY\" data-rl_title=\"2\" data-rl_caption=\"\" title=\"2\"><img loading=\"lazy\" decoding=\"async\" class=\"alignnone size-thumbnail wp-image-3590\" src=\"http:\/\/www.pro-vo.at\/wp-content\/uploads\/2017\/11\/2-11-150x150.jpg\" alt=\"\" width=\"150\" height=\"150\" \/><\/a> <a href=\"http:\/\/www.pro-vo.at\/wp-content\/uploads\/2017\/11\/3-11.jpg\" data-rel=\"lightbox-gallery-BtdE9HeY\" data-rl_title=\"3\" data-rl_caption=\"\" title=\"3\"><img loading=\"lazy\" decoding=\"async\" class=\"alignnone size-thumbnail wp-image-3591\" src=\"http:\/\/www.pro-vo.at\/wp-content\/uploads\/2017\/11\/3-11-150x150.jpg\" alt=\"\" width=\"150\" height=\"150\" \/><\/a> <a href=\"http:\/\/www.pro-vo.at\/wp-content\/uploads\/2017\/11\/4-11.jpg\" data-rel=\"lightbox-gallery-BtdE9HeY\" data-rl_title=\"4\" data-rl_caption=\"\" title=\"4\"><img loading=\"lazy\" decoding=\"async\" class=\"alignnone size-thumbnail wp-image-3592\" src=\"http:\/\/www.pro-vo.at\/wp-content\/uploads\/2017\/11\/4-11-150x150.jpg\" alt=\"\" width=\"150\" height=\"150\" \/><\/a> <a href=\"http:\/\/www.pro-vo.at\/wp-content\/uploads\/2017\/11\/5-11.jpg\" data-rel=\"lightbox-gallery-BtdE9HeY\" data-rl_title=\"5\" data-rl_caption=\"\" title=\"5\"><img loading=\"lazy\" decoding=\"async\" class=\"alignnone size-thumbnail wp-image-3593\" src=\"http:\/\/www.pro-vo.at\/wp-content\/uploads\/2017\/11\/5-11-150x150.jpg\" alt=\"\" width=\"150\" height=\"150\" \/><\/a> <a href=\"http:\/\/www.pro-vo.at\/wp-content\/uploads\/2017\/11\/6-11.jpg\" data-rel=\"lightbox-gallery-BtdE9HeY\" data-rl_title=\"6\" data-rl_caption=\"\" title=\"6\"><img loading=\"lazy\" decoding=\"async\" class=\"alignnone size-thumbnail wp-image-3594\" src=\"http:\/\/www.pro-vo.at\/wp-content\/uploads\/2017\/11\/6-11-150x150.jpg\" alt=\"\" width=\"150\" height=\"150\" \/><\/a> <a href=\"http:\/\/www.pro-vo.at\/wp-content\/uploads\/2017\/11\/7-11.jpg\" data-rel=\"lightbox-gallery-BtdE9HeY\" data-rl_title=\"7\" data-rl_caption=\"\" title=\"7\"><img loading=\"lazy\" decoding=\"async\" class=\"alignnone size-thumbnail wp-image-3595\" src=\"http:\/\/www.pro-vo.at\/wp-content\/uploads\/2017\/11\/7-11-150x150.jpg\" alt=\"\" width=\"150\" height=\"150\" \/><\/a> <a href=\"http:\/\/www.pro-vo.at\/wp-content\/uploads\/2017\/11\/8-11.jpg\" data-rel=\"lightbox-gallery-BtdE9HeY\" data-rl_title=\"8\" data-rl_caption=\"\" title=\"8\"><img loading=\"lazy\" decoding=\"async\" class=\"alignnone size-thumbnail wp-image-3596\" src=\"http:\/\/www.pro-vo.at\/wp-content\/uploads\/2017\/11\/8-11-150x150.jpg\" alt=\"\" width=\"150\" height=\"150\" \/><\/a> <a href=\"http:\/\/www.pro-vo.at\/wp-content\/uploads\/2017\/11\/9-11.jpg\" data-rel=\"lightbox-gallery-BtdE9HeY\" data-rl_title=\"9\" data-rl_caption=\"\" title=\"9\"><img loading=\"lazy\" decoding=\"async\" class=\"alignnone size-thumbnail wp-image-3597\" src=\"http:\/\/www.pro-vo.at\/wp-content\/uploads\/2017\/11\/9-11-150x150.jpg\" alt=\"\" width=\"150\" height=\"150\" \/><\/a> <a href=\"http:\/\/www.pro-vo.at\/wp-content\/uploads\/2017\/11\/10-14.jpg\" data-rel=\"lightbox-gallery-BtdE9HeY\" data-rl_title=\"10\" data-rl_caption=\"\" title=\"10\"><img loading=\"lazy\" decoding=\"async\" class=\"alignnone size-thumbnail wp-image-3598\" src=\"http:\/\/www.pro-vo.at\/wp-content\/uploads\/2017\/11\/10-14-150x150.jpg\" alt=\"\" width=\"150\" height=\"150\" \/><\/a> <a href=\"http:\/\/www.pro-vo.at\/wp-content\/uploads\/2017\/11\/11-13.jpg\" data-rel=\"lightbox-gallery-BtdE9HeY\" data-rl_title=\"11\" data-rl_caption=\"\" title=\"11\"><img loading=\"lazy\" decoding=\"async\" class=\"alignnone size-thumbnail wp-image-3599\" src=\"http:\/\/www.pro-vo.at\/wp-content\/uploads\/2017\/11\/11-13-150x150.jpg\" alt=\"\" width=\"150\" height=\"150\" \/><\/a> <a href=\"http:\/\/www.pro-vo.at\/wp-content\/uploads\/2017\/11\/12-13.jpg\" data-rel=\"lightbox-gallery-BtdE9HeY\" data-rl_title=\"12\" data-rl_caption=\"\" title=\"12\"><img loading=\"lazy\" decoding=\"async\" class=\"alignnone size-thumbnail wp-image-3600\" src=\"http:\/\/www.pro-vo.at\/wp-content\/uploads\/2017\/11\/12-13-150x150.jpg\" alt=\"\" width=\"150\" height=\"150\" \/><\/a> <a href=\"http:\/\/www.pro-vo.at\/wp-content\/uploads\/2017\/11\/13-12.jpg\" data-rel=\"lightbox-gallery-BtdE9HeY\" data-rl_title=\"13\" data-rl_caption=\"\" title=\"13\"><img loading=\"lazy\" decoding=\"async\" class=\"alignnone size-thumbnail wp-image-3601\" src=\"http:\/\/www.pro-vo.at\/wp-content\/uploads\/2017\/11\/13-12-150x150.jpg\" alt=\"\" width=\"150\" height=\"150\" \/><\/a> <a href=\"http:\/\/www.pro-vo.at\/wp-content\/uploads\/2017\/11\/14-10.jpg\" data-rel=\"lightbox-gallery-BtdE9HeY\" data-rl_title=\"14\" data-rl_caption=\"\" title=\"14\"><img loading=\"lazy\" decoding=\"async\" class=\"alignnone size-thumbnail wp-image-3602\" src=\"http:\/\/www.pro-vo.at\/wp-content\/uploads\/2017\/11\/14-10-150x150.jpg\" alt=\"\" width=\"150\" height=\"150\" \/><\/a> <a href=\"http:\/\/www.pro-vo.at\/wp-content\/uploads\/2017\/11\/15-10.jpg\" data-rel=\"lightbox-gallery-BtdE9HeY\" data-rl_title=\"15\" data-rl_caption=\"\" title=\"15\"><img loading=\"lazy\" decoding=\"async\" class=\"alignnone size-thumbnail wp-image-3603\" src=\"http:\/\/www.pro-vo.at\/wp-content\/uploads\/2017\/11\/15-10-150x150.jpg\" alt=\"\" width=\"150\" height=\"150\" \/><\/a> <a href=\"http:\/\/www.pro-vo.at\/wp-content\/uploads\/2017\/11\/16-7.jpg\" data-rel=\"lightbox-gallery-BtdE9HeY\" data-rl_title=\"16\" data-rl_caption=\"\" title=\"16\"><img loading=\"lazy\" decoding=\"async\" class=\"alignnone size-thumbnail wp-image-3604\" src=\"http:\/\/www.pro-vo.at\/wp-content\/uploads\/2017\/11\/16-7-150x150.jpg\" alt=\"\" width=\"150\" height=\"150\" \/><\/a> <a href=\"http:\/\/www.pro-vo.at\/wp-content\/uploads\/2017\/11\/17-7.jpg\" data-rel=\"lightbox-gallery-BtdE9HeY\" data-rl_title=\"17\" data-rl_caption=\"\" title=\"17\"><img loading=\"lazy\" decoding=\"async\" class=\"alignnone size-thumbnail wp-image-3605\" src=\"http:\/\/www.pro-vo.at\/wp-content\/uploads\/2017\/11\/17-7-150x150.jpg\" alt=\"\" width=\"150\" height=\"150\" \/><\/a> <a href=\"http:\/\/www.pro-vo.at\/wp-content\/uploads\/2017\/11\/18-6.jpg\" data-rel=\"lightbox-gallery-BtdE9HeY\" data-rl_title=\"18\" data-rl_caption=\"\" title=\"18\"><img loading=\"lazy\" decoding=\"async\" class=\"alignnone size-thumbnail wp-image-3606\" src=\"http:\/\/www.pro-vo.at\/wp-content\/uploads\/2017\/11\/18-6-150x150.jpg\" alt=\"\" width=\"150\" height=\"150\" \/><\/a> <a href=\"http:\/\/www.pro-vo.at\/wp-content\/uploads\/2017\/11\/19-5.jpg\" data-rel=\"lightbox-gallery-BtdE9HeY\" data-rl_title=\"19\" data-rl_caption=\"\" title=\"19\"><img loading=\"lazy\" decoding=\"async\" class=\"alignnone size-thumbnail wp-image-3607\" src=\"http:\/\/www.pro-vo.at\/wp-content\/uploads\/2017\/11\/19-5-150x150.jpg\" alt=\"\" width=\"150\" height=\"150\" \/><\/a> <a href=\"http:\/\/www.pro-vo.at\/wp-content\/uploads\/2017\/11\/20-5.jpg\" data-rel=\"lightbox-gallery-BtdE9HeY\" data-rl_title=\"20\" data-rl_caption=\"\" title=\"20\"><img loading=\"lazy\" decoding=\"async\" class=\"alignnone size-thumbnail wp-image-3608\" src=\"http:\/\/www.pro-vo.at\/wp-content\/uploads\/2017\/11\/20-5-150x150.jpg\" alt=\"\" width=\"150\" height=\"150\" \/><\/a> <a href=\"http:\/\/www.pro-vo.at\/wp-content\/uploads\/2017\/11\/21-5.jpg\" data-rel=\"lightbox-gallery-BtdE9HeY\" data-rl_title=\"21\" data-rl_caption=\"\" title=\"21\"><img loading=\"lazy\" decoding=\"async\" class=\"alignnone size-thumbnail wp-image-3609\" src=\"http:\/\/www.pro-vo.at\/wp-content\/uploads\/2017\/11\/21-5-150x150.jpg\" alt=\"\" width=\"150\" height=\"150\" \/><\/a> <a href=\"http:\/\/www.pro-vo.at\/wp-content\/uploads\/2017\/11\/22-5.jpg\" data-rel=\"lightbox-gallery-BtdE9HeY\" data-rl_title=\"22\" data-rl_caption=\"\" title=\"22\"><img loading=\"lazy\" decoding=\"async\" class=\"alignnone size-thumbnail wp-image-3610\" src=\"http:\/\/www.pro-vo.at\/wp-content\/uploads\/2017\/11\/22-5-150x150.jpg\" alt=\"\" width=\"150\" height=\"150\" \/><\/a><\/p>\n<p>Unser Programm:<br \/>\nNaomi, Matilda<br \/>\nDie Kiddies Band (trad.\/Diedrich)<\/p>\n<p>Grete, Lara, Marina, Stella<br \/>\nTorito Bandido (Arturo &#8222;Kike&#8220; Pinto)<\/p>\n<p>Anisia<br \/>\nDie 7 Spr\u00fcnge (trad.)<br \/>\nPapa B\u00e4r (J.A. Muro)<\/p>\n<p>Marina<br \/>\nOld McDonald (trad.)<\/p>\n<p>Aline<br \/>\nCall me maybe (Jepsen\/Ramsay\/Crowe)<\/p>\n<p>Lara<br \/>\nIf you&#8217;re happy and you know it (trad.)<\/p>\n<p>Sabine<br \/>\nFiesta Banana (Teuchert)<\/p>\n<p>Ksenija<br \/>\nKuckuck (J.A. Muro)<\/p>\n<p>Manuela, Sarah*, Sarah*<br \/>\nRead all about it (Pt. III) (Manderson\/James\/Barnes\/Kohn\/Kelleher\/Sand\u00e9)<br \/>\n*als Gast<\/p>\n<p><a href=\"http:\/\/www.pro-vo.at\/index.php\/chronik\/\">Zur\u00fcck zur Chronik<\/a><\/p>\n","protected":false},"excerpt":{"rendered":"<p>Kinder musizieren f\u00fcr Kinder Es spielten Sch\u00fcler von Martha Manrique und Ulrike Fl\u00f6rr\u00e9 f\u00fcr Freunde &#8211; Erwachsene mussten drau\u00dfen bleiben&#8230; Samstag, 16. M\u00e4rz 2013 13 Uhr gro\u00dfer Veranstaltungsraum pro-vo 1150 Wien, Huglgasse 24 Unser Programm: Naomi, Matilda Die Kiddies Band (trad.\/Diedrich) Grete, Lara, Marina, Stella Torito Bandido (Arturo &#8222;Kike&#8220; Pinto) Anisia Die 7 Spr\u00fcnge (trad.) &#8230; <a title=\"Kinder f\u00fcr Kinder 03 2013\" class=\"read-more\" href=\"https:\/\/www.pro-vo.at\/index.php\/chronik\/kinder-fuer-kinder-03-2013\/\" aria-label=\"Mehr Informationen \u00fcber Kinder f\u00fcr Kinder 03 2013\">Weiterlesen<\/a><\/p>\n","protected":false},"author":1,"featured_media":0,"parent":28,"menu_order":0,"comment_status":"closed","ping_status":"closed","template":"","meta":{"footnotes":""},"class_list":["post-3588","page","type-page","status-publish"],"_links":{"self":[{"href":"https:\/\/www.pro-vo.at\/index.php\/wp-json\/wp\/v2\/pages\/3588","targetHints":{"allow":["GET"]}}],"collection":[{"href":"https:\/\/www.pro-vo.at\/index.php\/wp-json\/wp\/v2\/pages"}],"about":[{"href":"https:\/\/www.pro-vo.at\/index.php\/wp-json\/wp\/v2\/types\/page"}],"author":[{"embeddable":true,"href":"https:\/\/www.pro-vo.at\/index.php\/wp-json\/wp\/v2\/users\/1"}],"replies":[{"embeddable":true,"href":"https:\/\/www.pro-vo.at\/index.php\/wp-json\/wp\/v2\/comments?post=3588"}],"version-history":[{"count":1,"href":"https:\/\/www.pro-vo.at\/index.php\/wp-json\/wp\/v2\/pages\/3588\/revisions"}],"predecessor-version":[{"id":3611,"href":"https:\/\/www.pro-vo.at\/index.php\/wp-json\/wp\/v2\/pages\/3588\/revisions\/3611"}],"up":[{"embeddable":true,"href":"https:\/\/www.pro-vo.at\/index.php\/wp-json\/wp\/v2\/pages\/28"}],"wp:attachment":[{"href":"https:\/\/www.pro-vo.at\/index.php\/wp-json\/wp\/v2\/media?parent=3588"}],"curies":[{"name":"wp","href":"https:\/\/api.w.org\/{rel}","templated":true}]}}