{"id":3570,"date":"2017-11-16T07:53:22","date_gmt":"2017-11-16T07:53:22","guid":{"rendered":"http:\/\/www.pro-vo.at\/?page_id=3570"},"modified":"2017-11-16T07:53:22","modified_gmt":"2017-11-16T07:53:22","slug":"lisi-severin-04-2013","status":"publish","type":"page","link":"https:\/\/www.pro-vo.at\/index.php\/chronik\/lisi-severin-04-2013\/","title":{"rendered":"Lisi Severin 04 2013"},"content":{"rendered":"<h1>Klassenabend Fl\u00f6te und Klavier<\/h1>\n<p>Es musizierten<br \/>\nSch\u00fcler und Sch\u00fclerinnen von<\/p>\n<p>Severin Chen<br \/>\nElisabeth Jungmayer-K\u00f6gler<\/p>\n<p>Samstag, 27. April 2013<br \/>\n15 Uhr<br \/>\nGro\u00dfer Veranstaltungsraum<br \/>\npro-vo<\/p>\n<p><a href=\"http:\/\/www.pro-vo.at\/wp-content\/uploads\/2017\/11\/s0.jpg\" data-rel=\"lightbox-gallery-o11ejrnD\" data-rl_title=\"s0\" data-rl_caption=\"\" title=\"s0\"><img loading=\"lazy\" decoding=\"async\" class=\"alignnone size-thumbnail wp-image-3571\" src=\"http:\/\/www.pro-vo.at\/wp-content\/uploads\/2017\/11\/s0-150x150.jpg\" alt=\"\" width=\"150\" height=\"150\" \/><\/a> <a href=\"http:\/\/www.pro-vo.at\/wp-content\/uploads\/2017\/11\/s1.jpg\" data-rel=\"lightbox-gallery-o11ejrnD\" data-rl_title=\"s1\" data-rl_caption=\"\" title=\"s1\"><img loading=\"lazy\" decoding=\"async\" class=\"alignnone size-thumbnail wp-image-3572\" src=\"http:\/\/www.pro-vo.at\/wp-content\/uploads\/2017\/11\/s1-150x150.jpg\" alt=\"\" width=\"150\" height=\"150\" \/><\/a> <a href=\"http:\/\/www.pro-vo.at\/wp-content\/uploads\/2017\/11\/s2.jpg\" data-rel=\"lightbox-gallery-o11ejrnD\" data-rl_title=\"s2\" data-rl_caption=\"\" title=\"s2\"><img loading=\"lazy\" decoding=\"async\" class=\"alignnone size-thumbnail wp-image-3573\" src=\"http:\/\/www.pro-vo.at\/wp-content\/uploads\/2017\/11\/s2-150x150.jpg\" alt=\"\" width=\"150\" height=\"150\" \/><\/a> <a href=\"http:\/\/www.pro-vo.at\/wp-content\/uploads\/2017\/11\/s3.jpg\" data-rel=\"lightbox-gallery-o11ejrnD\" data-rl_title=\"s3\" data-rl_caption=\"\" title=\"s3\"><img loading=\"lazy\" decoding=\"async\" class=\"alignnone size-thumbnail wp-image-3574\" src=\"http:\/\/www.pro-vo.at\/wp-content\/uploads\/2017\/11\/s3-150x150.jpg\" alt=\"\" width=\"150\" height=\"150\" \/><\/a> <a href=\"http:\/\/www.pro-vo.at\/wp-content\/uploads\/2017\/11\/s4.jpg\" data-rel=\"lightbox-gallery-o11ejrnD\" data-rl_title=\"s4\" data-rl_caption=\"\" title=\"s4\"><img loading=\"lazy\" decoding=\"async\" class=\"alignnone size-thumbnail wp-image-3575\" src=\"http:\/\/www.pro-vo.at\/wp-content\/uploads\/2017\/11\/s4-150x150.jpg\" alt=\"\" width=\"150\" height=\"150\" \/><\/a> <a href=\"http:\/\/www.pro-vo.at\/wp-content\/uploads\/2017\/11\/s5.jpg\" data-rel=\"lightbox-gallery-o11ejrnD\" data-rl_title=\"s5\" data-rl_caption=\"\" title=\"s5\"><img loading=\"lazy\" decoding=\"async\" class=\"alignnone size-thumbnail wp-image-3576\" src=\"http:\/\/www.pro-vo.at\/wp-content\/uploads\/2017\/11\/s5-150x150.jpg\" alt=\"\" width=\"150\" height=\"150\" \/><\/a> <a href=\"http:\/\/www.pro-vo.at\/wp-content\/uploads\/2017\/11\/s6.jpg\" data-rel=\"lightbox-gallery-o11ejrnD\" data-rl_title=\"s6\" data-rl_caption=\"\" title=\"s6\"><img loading=\"lazy\" decoding=\"async\" class=\"alignnone size-thumbnail wp-image-3577\" src=\"http:\/\/www.pro-vo.at\/wp-content\/uploads\/2017\/11\/s6-150x150.jpg\" alt=\"\" width=\"150\" height=\"150\" \/><\/a> <a href=\"http:\/\/www.pro-vo.at\/wp-content\/uploads\/2017\/11\/s7.jpg\" data-rel=\"lightbox-gallery-o11ejrnD\" data-rl_title=\"s7\" data-rl_caption=\"\" title=\"s7\"><img loading=\"lazy\" decoding=\"async\" class=\"alignnone size-thumbnail wp-image-3578\" src=\"http:\/\/www.pro-vo.at\/wp-content\/uploads\/2017\/11\/s7-150x150.jpg\" alt=\"\" width=\"150\" height=\"150\" \/><\/a> <a href=\"http:\/\/www.pro-vo.at\/wp-content\/uploads\/2017\/11\/s8.jpg\" data-rel=\"lightbox-gallery-o11ejrnD\" data-rl_title=\"s8\" data-rl_caption=\"\" title=\"s8\"><img loading=\"lazy\" decoding=\"async\" class=\"alignnone size-thumbnail wp-image-3579\" src=\"http:\/\/www.pro-vo.at\/wp-content\/uploads\/2017\/11\/s8-150x150.jpg\" alt=\"\" width=\"150\" height=\"150\" \/><\/a> <a href=\"http:\/\/www.pro-vo.at\/wp-content\/uploads\/2017\/11\/s9.jpg\" data-rel=\"lightbox-gallery-o11ejrnD\" data-rl_title=\"s9\" data-rl_caption=\"\" title=\"s9\"><img loading=\"lazy\" decoding=\"async\" class=\"alignnone size-thumbnail wp-image-3580\" src=\"http:\/\/www.pro-vo.at\/wp-content\/uploads\/2017\/11\/s9-150x150.jpg\" alt=\"\" width=\"150\" height=\"150\" \/><\/a> <a href=\"http:\/\/www.pro-vo.at\/wp-content\/uploads\/2017\/11\/s10.jpg\" data-rel=\"lightbox-gallery-o11ejrnD\" data-rl_title=\"s10\" data-rl_caption=\"\" title=\"s10\"><img loading=\"lazy\" decoding=\"async\" class=\"alignnone size-thumbnail wp-image-3581\" src=\"http:\/\/www.pro-vo.at\/wp-content\/uploads\/2017\/11\/s10-150x150.jpg\" alt=\"\" width=\"150\" height=\"150\" \/><\/a> <a href=\"http:\/\/www.pro-vo.at\/wp-content\/uploads\/2017\/11\/s11.jpg\" data-rel=\"lightbox-gallery-o11ejrnD\" data-rl_title=\"s11\" data-rl_caption=\"\" title=\"s11\"><img loading=\"lazy\" decoding=\"async\" class=\"alignnone size-thumbnail wp-image-3582\" src=\"http:\/\/www.pro-vo.at\/wp-content\/uploads\/2017\/11\/s11-150x150.jpg\" alt=\"\" width=\"150\" height=\"150\" \/><\/a> <a href=\"http:\/\/www.pro-vo.at\/wp-content\/uploads\/2017\/11\/s12.jpg\" data-rel=\"lightbox-gallery-o11ejrnD\" data-rl_title=\"s12\" data-rl_caption=\"\" title=\"s12\"><img loading=\"lazy\" decoding=\"async\" class=\"alignnone size-thumbnail wp-image-3583\" src=\"http:\/\/www.pro-vo.at\/wp-content\/uploads\/2017\/11\/s12-150x150.jpg\" alt=\"\" width=\"150\" height=\"150\" \/><\/a> <a href=\"http:\/\/www.pro-vo.at\/wp-content\/uploads\/2017\/11\/s13.jpg\" data-rel=\"lightbox-gallery-o11ejrnD\" data-rl_title=\"s13\" data-rl_caption=\"\" title=\"s13\"><img loading=\"lazy\" decoding=\"async\" class=\"alignnone size-thumbnail wp-image-3584\" src=\"http:\/\/www.pro-vo.at\/wp-content\/uploads\/2017\/11\/s13-150x150.jpg\" alt=\"\" width=\"150\" height=\"150\" \/><\/a> <a href=\"http:\/\/www.pro-vo.at\/wp-content\/uploads\/2017\/11\/s14.jpg\" data-rel=\"lightbox-gallery-o11ejrnD\" data-rl_title=\"s14\" data-rl_caption=\"\" title=\"s14\"><img loading=\"lazy\" decoding=\"async\" class=\"alignnone size-thumbnail wp-image-3585\" src=\"http:\/\/www.pro-vo.at\/wp-content\/uploads\/2017\/11\/s14-150x150.jpg\" alt=\"\" width=\"150\" height=\"150\" \/><\/a><\/p>\n<p>Unser Programm:<\/p>\n<p>Gustav<br \/>\nFall der Schneefl\u00f6ckchen (Improvisation)<br \/>\nSchneeballschlacht (Improvisation)<\/p>\n<p>Luana<br \/>\nTanz der wilden Pferde (G. B\u00e4chli)<br \/>\nGute Nacht (Ehrenpreis &amp; Wohlwender)<\/p>\n<p>Jordan<br \/>\nTanzparty (A. Drabon)<br \/>\nNew Orleans Blues Piano (Improvisation)<\/p>\n<p>Elias<br \/>\nEin Huhn (M.Seeliger)<br \/>\nRockballade (Ehrenpreis &amp; Wohlwender)<\/p>\n<p>Kira*<br \/>\nPurzelbaumk\u00f6nig (M. Sch\u00f6nmehl)<\/p>\n<p>Danilo<br \/>\nDas Cerviserp (W. Wayward)<br \/>\nFluch der Karibik (H. Zimmer)<\/p>\n<p>* Klasse Elisabeth Jungmayer-K\u00f6gler<br \/>\n<a href=\"http:\/\/www.pro-vo.at\/index.php\/chronik\/\">Zur\u00fcck zur Chronik<\/a><\/p>\n","protected":false},"excerpt":{"rendered":"<p>Klassenabend Fl\u00f6te und Klavier Es musizierten Sch\u00fcler und Sch\u00fclerinnen von Severin Chen Elisabeth Jungmayer-K\u00f6gler Samstag, 27. April 2013 15 Uhr Gro\u00dfer Veranstaltungsraum pro-vo Unser Programm: Gustav Fall der Schneefl\u00f6ckchen (Improvisation) Schneeballschlacht (Improvisation) Luana Tanz der wilden Pferde (G. B\u00e4chli) Gute Nacht (Ehrenpreis &amp; Wohlwender) Jordan Tanzparty (A. Drabon) New Orleans Blues Piano (Improvisation) Elias Ein &#8230; <a title=\"Lisi Severin 04 2013\" class=\"read-more\" href=\"https:\/\/www.pro-vo.at\/index.php\/chronik\/lisi-severin-04-2013\/\" aria-label=\"Mehr Informationen \u00fcber Lisi Severin 04 2013\">Weiterlesen<\/a><\/p>\n","protected":false},"author":1,"featured_media":0,"parent":28,"menu_order":0,"comment_status":"closed","ping_status":"closed","template":"","meta":{"footnotes":""},"class_list":["post-3570","page","type-page","status-publish"],"_links":{"self":[{"href":"https:\/\/www.pro-vo.at\/index.php\/wp-json\/wp\/v2\/pages\/3570","targetHints":{"allow":["GET"]}}],"collection":[{"href":"https:\/\/www.pro-vo.at\/index.php\/wp-json\/wp\/v2\/pages"}],"about":[{"href":"https:\/\/www.pro-vo.at\/index.php\/wp-json\/wp\/v2\/types\/page"}],"author":[{"embeddable":true,"href":"https:\/\/www.pro-vo.at\/index.php\/wp-json\/wp\/v2\/users\/1"}],"replies":[{"embeddable":true,"href":"https:\/\/www.pro-vo.at\/index.php\/wp-json\/wp\/v2\/comments?post=3570"}],"version-history":[{"count":1,"href":"https:\/\/www.pro-vo.at\/index.php\/wp-json\/wp\/v2\/pages\/3570\/revisions"}],"predecessor-version":[{"id":3586,"href":"https:\/\/www.pro-vo.at\/index.php\/wp-json\/wp\/v2\/pages\/3570\/revisions\/3586"}],"up":[{"embeddable":true,"href":"https:\/\/www.pro-vo.at\/index.php\/wp-json\/wp\/v2\/pages\/28"}],"wp:attachment":[{"href":"https:\/\/www.pro-vo.at\/index.php\/wp-json\/wp\/v2\/media?parent=3570"}],"curies":[{"name":"wp","href":"https:\/\/api.w.org\/{rel}","templated":true}]}}