{"id":3539,"date":"2017-11-16T07:47:50","date_gmt":"2017-11-16T07:47:50","guid":{"rendered":"http:\/\/www.pro-vo.at\/?page_id=3539"},"modified":"2017-11-16T07:48:11","modified_gmt":"2017-11-16T07:48:11","slug":"fasching-01-2013","status":"publish","type":"page","link":"https:\/\/www.pro-vo.at\/index.php\/chronik\/fasching-01-2013\/","title":{"rendered":"Fasching 01 2013"},"content":{"rendered":"<h1>Faschingskonzert<\/h1>\n<p>Es musizieren Sch\u00fcler von<br \/>\nLisa Stephanie Charvat und<br \/>\nMartha Maria Manrique<\/p>\n<p>26. J\u00e4nner 2013<\/p>\n<p><a href=\"http:\/\/www.pro-vo.at\/wp-content\/uploads\/2017\/11\/f1.jpg\" data-rel=\"lightbox-gallery-cOlNgjsu\" data-rl_title=\"f1\" data-rl_caption=\"\" title=\"f1\"><img loading=\"lazy\" decoding=\"async\" class=\"alignnone size-thumbnail wp-image-3540\" src=\"http:\/\/www.pro-vo.at\/wp-content\/uploads\/2017\/11\/f1-150x150.jpg\" alt=\"\" width=\"150\" height=\"150\" \/><\/a> <a href=\"http:\/\/www.pro-vo.at\/wp-content\/uploads\/2017\/11\/f2.jpg\" data-rel=\"lightbox-gallery-cOlNgjsu\" data-rl_title=\"f2\" data-rl_caption=\"\" title=\"f2\"><img loading=\"lazy\" decoding=\"async\" class=\"alignnone size-thumbnail wp-image-3541\" src=\"http:\/\/www.pro-vo.at\/wp-content\/uploads\/2017\/11\/f2-150x150.jpg\" alt=\"\" width=\"150\" height=\"150\" \/><\/a> <a href=\"http:\/\/www.pro-vo.at\/wp-content\/uploads\/2017\/11\/f3.jpg\" data-rel=\"lightbox-gallery-cOlNgjsu\" data-rl_title=\"f3\" data-rl_caption=\"\" title=\"f3\"><img loading=\"lazy\" decoding=\"async\" class=\"alignnone size-thumbnail wp-image-3542\" src=\"http:\/\/www.pro-vo.at\/wp-content\/uploads\/2017\/11\/f3-150x150.jpg\" alt=\"\" width=\"150\" height=\"150\" \/><\/a> <a href=\"http:\/\/www.pro-vo.at\/wp-content\/uploads\/2017\/11\/f4.jpg\" data-rel=\"lightbox-gallery-cOlNgjsu\" data-rl_title=\"f4\" data-rl_caption=\"\" title=\"f4\"><img loading=\"lazy\" decoding=\"async\" class=\"alignnone size-thumbnail wp-image-3543\" src=\"http:\/\/www.pro-vo.at\/wp-content\/uploads\/2017\/11\/f4-150x150.jpg\" alt=\"\" width=\"150\" height=\"150\" \/><\/a> <a href=\"http:\/\/www.pro-vo.at\/wp-content\/uploads\/2017\/11\/f5.jpg\" data-rel=\"lightbox-gallery-cOlNgjsu\" data-rl_title=\"f5\" data-rl_caption=\"\" title=\"f5\"><img loading=\"lazy\" decoding=\"async\" class=\"alignnone size-thumbnail wp-image-3544\" src=\"http:\/\/www.pro-vo.at\/wp-content\/uploads\/2017\/11\/f5-150x150.jpg\" alt=\"\" width=\"150\" height=\"150\" \/><\/a> <a href=\"http:\/\/www.pro-vo.at\/wp-content\/uploads\/2017\/11\/f6.jpg\" data-rel=\"lightbox-gallery-cOlNgjsu\" data-rl_title=\"f6\" data-rl_caption=\"\" title=\"f6\"><img loading=\"lazy\" decoding=\"async\" class=\"alignnone size-thumbnail wp-image-3545\" src=\"http:\/\/www.pro-vo.at\/wp-content\/uploads\/2017\/11\/f6-150x150.jpg\" alt=\"\" width=\"150\" height=\"150\" \/><\/a> <a href=\"http:\/\/www.pro-vo.at\/wp-content\/uploads\/2017\/11\/f7.jpg\" data-rel=\"lightbox-gallery-cOlNgjsu\" data-rl_title=\"f7\" data-rl_caption=\"\" title=\"f7\"><img loading=\"lazy\" decoding=\"async\" class=\"alignnone size-thumbnail wp-image-3546\" src=\"http:\/\/www.pro-vo.at\/wp-content\/uploads\/2017\/11\/f7-150x150.jpg\" alt=\"\" width=\"150\" height=\"150\" \/><\/a> <a href=\"http:\/\/www.pro-vo.at\/wp-content\/uploads\/2017\/11\/f8.jpg\" data-rel=\"lightbox-gallery-cOlNgjsu\" data-rl_title=\"f8\" data-rl_caption=\"\" title=\"f8\"><img loading=\"lazy\" decoding=\"async\" class=\"alignnone size-thumbnail wp-image-3547\" src=\"http:\/\/www.pro-vo.at\/wp-content\/uploads\/2017\/11\/f8-150x150.jpg\" alt=\"\" width=\"150\" height=\"150\" \/><\/a> <a href=\"http:\/\/www.pro-vo.at\/wp-content\/uploads\/2017\/11\/f9.jpg\" data-rel=\"lightbox-gallery-cOlNgjsu\" data-rl_title=\"f9\" data-rl_caption=\"\" title=\"f9\"><img loading=\"lazy\" decoding=\"async\" class=\"alignnone size-thumbnail wp-image-3548\" src=\"http:\/\/www.pro-vo.at\/wp-content\/uploads\/2017\/11\/f9-150x150.jpg\" alt=\"\" width=\"150\" height=\"150\" \/><\/a> <a href=\"http:\/\/www.pro-vo.at\/wp-content\/uploads\/2017\/11\/f10.jpg\" data-rel=\"lightbox-gallery-cOlNgjsu\" data-rl_title=\"f10\" data-rl_caption=\"\" title=\"f10\"><img loading=\"lazy\" decoding=\"async\" class=\"alignnone size-thumbnail wp-image-3549\" src=\"http:\/\/www.pro-vo.at\/wp-content\/uploads\/2017\/11\/f10-150x150.jpg\" alt=\"\" width=\"150\" height=\"150\" \/><\/a> <a href=\"http:\/\/www.pro-vo.at\/wp-content\/uploads\/2017\/11\/f11.jpg\" data-rel=\"lightbox-gallery-cOlNgjsu\" data-rl_title=\"f11\" data-rl_caption=\"\" title=\"f11\"><img loading=\"lazy\" decoding=\"async\" class=\"alignnone size-thumbnail wp-image-3550\" src=\"http:\/\/www.pro-vo.at\/wp-content\/uploads\/2017\/11\/f11-150x150.jpg\" alt=\"\" width=\"150\" height=\"150\" \/><\/a> <a href=\"http:\/\/www.pro-vo.at\/wp-content\/uploads\/2017\/11\/f12.jpg\" data-rel=\"lightbox-gallery-cOlNgjsu\" data-rl_title=\"f12\" data-rl_caption=\"\" title=\"f12\"><img loading=\"lazy\" decoding=\"async\" class=\"alignnone size-thumbnail wp-image-3551\" src=\"http:\/\/www.pro-vo.at\/wp-content\/uploads\/2017\/11\/f12-150x150.jpg\" alt=\"\" width=\"150\" height=\"150\" \/><\/a> <a href=\"http:\/\/www.pro-vo.at\/wp-content\/uploads\/2017\/11\/f13.jpg\" data-rel=\"lightbox-gallery-cOlNgjsu\" data-rl_title=\"f13\" data-rl_caption=\"\" title=\"f13\"><img loading=\"lazy\" decoding=\"async\" class=\"alignnone size-thumbnail wp-image-3552\" src=\"http:\/\/www.pro-vo.at\/wp-content\/uploads\/2017\/11\/f13-150x150.jpg\" alt=\"\" width=\"150\" height=\"150\" \/><\/a> <a href=\"http:\/\/www.pro-vo.at\/wp-content\/uploads\/2017\/11\/f14.jpg\" data-rel=\"lightbox-gallery-cOlNgjsu\" data-rl_title=\"f14\" data-rl_caption=\"\" title=\"f14\"><img loading=\"lazy\" decoding=\"async\" class=\"alignnone size-thumbnail wp-image-3553\" src=\"http:\/\/www.pro-vo.at\/wp-content\/uploads\/2017\/11\/f14-150x150.jpg\" alt=\"\" width=\"150\" height=\"150\" \/><\/a> <a href=\"http:\/\/www.pro-vo.at\/wp-content\/uploads\/2017\/11\/f15.jpg\" data-rel=\"lightbox-gallery-cOlNgjsu\" data-rl_title=\"f15\" data-rl_caption=\"\" title=\"f15\"><img loading=\"lazy\" decoding=\"async\" class=\"alignnone size-thumbnail wp-image-3554\" src=\"http:\/\/www.pro-vo.at\/wp-content\/uploads\/2017\/11\/f15-150x150.jpg\" alt=\"\" width=\"150\" height=\"150\" \/><\/a> <a href=\"http:\/\/www.pro-vo.at\/wp-content\/uploads\/2017\/11\/f16.jpg\" data-rel=\"lightbox-gallery-cOlNgjsu\" data-rl_title=\"f16\" data-rl_caption=\"\" title=\"f16\"><img loading=\"lazy\" decoding=\"async\" class=\"alignnone size-thumbnail wp-image-3555\" src=\"http:\/\/www.pro-vo.at\/wp-content\/uploads\/2017\/11\/f16-150x150.jpg\" alt=\"\" width=\"150\" height=\"150\" \/><\/a> <a href=\"http:\/\/www.pro-vo.at\/wp-content\/uploads\/2017\/11\/f17.jpg\" data-rel=\"lightbox-gallery-cOlNgjsu\" data-rl_title=\"f17\" data-rl_caption=\"\" title=\"f17\"><img loading=\"lazy\" decoding=\"async\" class=\"alignnone size-thumbnail wp-image-3556\" src=\"http:\/\/www.pro-vo.at\/wp-content\/uploads\/2017\/11\/f17-150x150.jpg\" alt=\"\" width=\"150\" height=\"150\" \/><\/a> <a href=\"http:\/\/www.pro-vo.at\/wp-content\/uploads\/2017\/11\/f18.jpg\" data-rel=\"lightbox-gallery-cOlNgjsu\" data-rl_title=\"f18\" data-rl_caption=\"\" title=\"f18\"><img loading=\"lazy\" decoding=\"async\" class=\"alignnone size-thumbnail wp-image-3557\" src=\"http:\/\/www.pro-vo.at\/wp-content\/uploads\/2017\/11\/f18-150x150.jpg\" alt=\"\" width=\"150\" height=\"150\" \/><\/a> <a href=\"http:\/\/www.pro-vo.at\/wp-content\/uploads\/2017\/11\/f19.jpg\" data-rel=\"lightbox-gallery-cOlNgjsu\" data-rl_title=\"f19\" data-rl_caption=\"\" title=\"f19\"><img loading=\"lazy\" decoding=\"async\" class=\"alignnone size-thumbnail wp-image-3558\" src=\"http:\/\/www.pro-vo.at\/wp-content\/uploads\/2017\/11\/f19-150x150.jpg\" alt=\"\" width=\"150\" height=\"150\" \/><\/a> <a href=\"http:\/\/www.pro-vo.at\/wp-content\/uploads\/2017\/11\/f20.jpg\" data-rel=\"lightbox-gallery-cOlNgjsu\" data-rl_title=\"f20\" data-rl_caption=\"\" title=\"f20\"><img loading=\"lazy\" decoding=\"async\" class=\"alignnone size-thumbnail wp-image-3559\" src=\"http:\/\/www.pro-vo.at\/wp-content\/uploads\/2017\/11\/f20-150x150.jpg\" alt=\"\" width=\"150\" height=\"150\" \/><\/a> <a href=\"http:\/\/www.pro-vo.at\/wp-content\/uploads\/2017\/11\/f21.jpg\" data-rel=\"lightbox-gallery-cOlNgjsu\" data-rl_title=\"f21\" data-rl_caption=\"\" title=\"f21\"><img loading=\"lazy\" decoding=\"async\" class=\"alignnone size-thumbnail wp-image-3560\" src=\"http:\/\/www.pro-vo.at\/wp-content\/uploads\/2017\/11\/f21-150x150.jpg\" alt=\"\" width=\"150\" height=\"150\" \/><\/a> <a href=\"http:\/\/www.pro-vo.at\/wp-content\/uploads\/2017\/11\/f22.jpg\" data-rel=\"lightbox-gallery-cOlNgjsu\" data-rl_title=\"f22\" data-rl_caption=\"\" title=\"f22\"><img loading=\"lazy\" decoding=\"async\" class=\"alignnone size-thumbnail wp-image-3561\" src=\"http:\/\/www.pro-vo.at\/wp-content\/uploads\/2017\/11\/f22-150x150.jpg\" alt=\"\" width=\"150\" height=\"150\" \/><\/a> <a href=\"http:\/\/www.pro-vo.at\/wp-content\/uploads\/2017\/11\/f23.jpg\" data-rel=\"lightbox-gallery-cOlNgjsu\" data-rl_title=\"f23\" data-rl_caption=\"\" title=\"f23\"><img loading=\"lazy\" decoding=\"async\" class=\"alignnone size-thumbnail wp-image-3562\" src=\"http:\/\/www.pro-vo.at\/wp-content\/uploads\/2017\/11\/f23-150x150.jpg\" alt=\"\" width=\"150\" height=\"150\" \/><\/a> <a href=\"http:\/\/www.pro-vo.at\/wp-content\/uploads\/2017\/11\/f24.jpg\" data-rel=\"lightbox-gallery-cOlNgjsu\" data-rl_title=\"f24\" data-rl_caption=\"\" title=\"f24\"><img loading=\"lazy\" decoding=\"async\" class=\"alignnone size-thumbnail wp-image-3563\" src=\"http:\/\/www.pro-vo.at\/wp-content\/uploads\/2017\/11\/f24-150x150.jpg\" alt=\"\" width=\"150\" height=\"150\" \/><\/a> <a href=\"http:\/\/www.pro-vo.at\/wp-content\/uploads\/2017\/11\/f26.jpg\" data-rel=\"lightbox-gallery-cOlNgjsu\" data-rl_title=\"f26\" data-rl_caption=\"\" title=\"f26\"><img loading=\"lazy\" decoding=\"async\" class=\"alignnone size-thumbnail wp-image-3564\" src=\"http:\/\/www.pro-vo.at\/wp-content\/uploads\/2017\/11\/f26-150x150.jpg\" alt=\"\" width=\"150\" height=\"150\" \/><\/a><\/p>\n<figure id=\"attachment_3565\" aria-describedby=\"caption-attachment-3565\" style=\"width: 140px\" class=\"wp-caption alignnone\"><a href=\"http:\/\/www.pro-vo.at\/wp-content\/uploads\/2017\/11\/P1264057.jpg\" data-rel=\"lightbox-gallery-cOlNgjsu\" data-rl_title=\"OLYMPUS DIGITAL CAMERA\" data-rl_caption=\"\" title=\"OLYMPUS DIGITAL CAMERA\"><img loading=\"lazy\" decoding=\"async\" class=\"size-thumbnail wp-image-3565\" src=\"http:\/\/www.pro-vo.at\/wp-content\/uploads\/2017\/11\/P1264057-150x150.jpg\" alt=\"\" width=\"150\" height=\"150\" \/><\/a><figcaption id=\"caption-attachment-3565\" class=\"wp-caption-text\">Fotos: Harry\u00a0 Hammerer<\/figcaption><\/figure>\n<p><a href=\"http:\/\/www.pro-vo.at\/index.php\/chronik\/\">Zur\u00fcck zur Chronik<\/a><\/p>\n<p>&nbsp;<\/p>\n","protected":false},"excerpt":{"rendered":"<p>Faschingskonzert Es musizieren Sch\u00fcler von Lisa Stephanie Charvat und Martha Maria Manrique 26. J\u00e4nner 2013 Zur\u00fcck zur Chronik &nbsp;<\/p>\n","protected":false},"author":1,"featured_media":0,"parent":28,"menu_order":0,"comment_status":"closed","ping_status":"closed","template":"","meta":{"footnotes":""},"class_list":["post-3539","page","type-page","status-publish"],"_links":{"self":[{"href":"https:\/\/www.pro-vo.at\/index.php\/wp-json\/wp\/v2\/pages\/3539","targetHints":{"allow":["GET"]}}],"collection":[{"href":"https:\/\/www.pro-vo.at\/index.php\/wp-json\/wp\/v2\/pages"}],"about":[{"href":"https:\/\/www.pro-vo.at\/index.php\/wp-json\/wp\/v2\/types\/page"}],"author":[{"embeddable":true,"href":"https:\/\/www.pro-vo.at\/index.php\/wp-json\/wp\/v2\/users\/1"}],"replies":[{"embeddable":true,"href":"https:\/\/www.pro-vo.at\/index.php\/wp-json\/wp\/v2\/comments?post=3539"}],"version-history":[{"count":2,"href":"https:\/\/www.pro-vo.at\/index.php\/wp-json\/wp\/v2\/pages\/3539\/revisions"}],"predecessor-version":[{"id":3567,"href":"https:\/\/www.pro-vo.at\/index.php\/wp-json\/wp\/v2\/pages\/3539\/revisions\/3567"}],"up":[{"embeddable":true,"href":"https:\/\/www.pro-vo.at\/index.php\/wp-json\/wp\/v2\/pages\/28"}],"wp:attachment":[{"href":"https:\/\/www.pro-vo.at\/index.php\/wp-json\/wp\/v2\/media?parent=3539"}],"curies":[{"name":"wp","href":"https:\/\/api.w.org\/{rel}","templated":true}]}}