{"id":3522,"date":"2017-11-16T07:38:02","date_gmt":"2017-11-16T07:38:02","guid":{"rendered":"http:\/\/www.pro-vo.at\/?page_id=3522"},"modified":"2017-11-16T07:43:39","modified_gmt":"2017-11-16T07:43:39","slug":"gitarren-m-s-m-2013","status":"publish","type":"page","link":"https:\/\/www.pro-vo.at\/index.php\/chronik\/gitarren-m-s-m-2013\/","title":{"rendered":"Gitarren M S M 2013"},"content":{"rendered":"<h1>Gitarrenabend<\/h1>\n<p>Es spielen Sch\u00fcler von<br \/>\nGonzalo Manrique<br \/>\nMartha Manrique<br \/>\nMartin Sch\u00f6nlieb<\/p>\n<p>Freitag, 25. J\u00e4nner 2013<br \/>\n18 Uhr<\/p>\n<p>Fotos: Harry Hammerer<\/p>\n<p><a href=\"http:\/\/www.pro-vo.at\/wp-content\/uploads\/2017\/11\/k1.jpg\" data-rel=\"lightbox-gallery-bfNNvF3q\" data-rl_title=\"k1\" data-rl_caption=\"\" title=\"k1\"><img loading=\"lazy\" decoding=\"async\" class=\"alignnone size-thumbnail wp-image-3525\" src=\"http:\/\/www.pro-vo.at\/wp-content\/uploads\/2017\/11\/k1-150x150.jpg\" alt=\"\" width=\"150\" height=\"150\" \/><\/a> <a href=\"http:\/\/www.pro-vo.at\/wp-content\/uploads\/2017\/11\/k2.jpg\" data-rel=\"lightbox-gallery-bfNNvF3q\" data-rl_title=\"k2\" data-rl_caption=\"\" title=\"k2\"><img loading=\"lazy\" decoding=\"async\" class=\"alignnone size-thumbnail wp-image-3526\" src=\"http:\/\/www.pro-vo.at\/wp-content\/uploads\/2017\/11\/k2-150x150.jpg\" alt=\"\" width=\"150\" height=\"150\" \/><\/a> <a href=\"http:\/\/www.pro-vo.at\/wp-content\/uploads\/2017\/11\/k3.jpg\" data-rel=\"lightbox-gallery-bfNNvF3q\" data-rl_title=\"k3\" data-rl_caption=\"\" title=\"k3\"><img loading=\"lazy\" decoding=\"async\" class=\"alignnone size-thumbnail wp-image-3527\" src=\"http:\/\/www.pro-vo.at\/wp-content\/uploads\/2017\/11\/k3-150x150.jpg\" alt=\"\" width=\"150\" height=\"150\" \/><\/a> <a href=\"http:\/\/www.pro-vo.at\/wp-content\/uploads\/2017\/11\/k4.jpg\" data-rel=\"lightbox-gallery-bfNNvF3q\" data-rl_title=\"k4\" data-rl_caption=\"\" title=\"k4\"><img loading=\"lazy\" decoding=\"async\" class=\"alignnone size-thumbnail wp-image-3528\" src=\"http:\/\/www.pro-vo.at\/wp-content\/uploads\/2017\/11\/k4-150x150.jpg\" alt=\"\" width=\"150\" height=\"150\" \/><\/a> <a href=\"http:\/\/www.pro-vo.at\/wp-content\/uploads\/2017\/11\/k5.jpg\" data-rel=\"lightbox-gallery-bfNNvF3q\" data-rl_title=\"k5\" data-rl_caption=\"\" title=\"k5\"><img loading=\"lazy\" decoding=\"async\" class=\"alignnone size-thumbnail wp-image-3529\" src=\"http:\/\/www.pro-vo.at\/wp-content\/uploads\/2017\/11\/k5-150x150.jpg\" alt=\"\" width=\"150\" height=\"150\" \/><\/a> <a href=\"http:\/\/www.pro-vo.at\/wp-content\/uploads\/2017\/11\/k6.jpg\" data-rel=\"lightbox-gallery-bfNNvF3q\" data-rl_title=\"k6\" data-rl_caption=\"\" title=\"k6\"><img loading=\"lazy\" decoding=\"async\" class=\"alignnone size-thumbnail wp-image-3530\" src=\"http:\/\/www.pro-vo.at\/wp-content\/uploads\/2017\/11\/k6-150x150.jpg\" alt=\"\" width=\"150\" height=\"150\" \/><\/a> <a href=\"http:\/\/www.pro-vo.at\/wp-content\/uploads\/2017\/11\/k7.jpg\" data-rel=\"lightbox-gallery-bfNNvF3q\" data-rl_title=\"k7\" data-rl_caption=\"\" title=\"k7\"><img loading=\"lazy\" decoding=\"async\" class=\"alignnone size-thumbnail wp-image-3531\" src=\"http:\/\/www.pro-vo.at\/wp-content\/uploads\/2017\/11\/k7-150x150.jpg\" alt=\"\" width=\"150\" height=\"150\" \/><\/a> <a href=\"http:\/\/www.pro-vo.at\/wp-content\/uploads\/2017\/11\/k8.jpg\" data-rel=\"lightbox-gallery-bfNNvF3q\" data-rl_title=\"k8\" data-rl_caption=\"\" title=\"k8\"><img loading=\"lazy\" decoding=\"async\" class=\"alignnone size-thumbnail wp-image-3532\" src=\"http:\/\/www.pro-vo.at\/wp-content\/uploads\/2017\/11\/k8-150x150.jpg\" alt=\"\" width=\"150\" height=\"150\" \/><\/a> <a href=\"http:\/\/www.pro-vo.at\/wp-content\/uploads\/2017\/11\/k9.jpg\" data-rel=\"lightbox-gallery-bfNNvF3q\" data-rl_title=\"k9\" data-rl_caption=\"\" title=\"k9\"><img loading=\"lazy\" decoding=\"async\" class=\"alignnone size-thumbnail wp-image-3533\" src=\"http:\/\/www.pro-vo.at\/wp-content\/uploads\/2017\/11\/k9-150x150.jpg\" alt=\"\" width=\"150\" height=\"150\" \/><\/a> <a href=\"http:\/\/www.pro-vo.at\/wp-content\/uploads\/2017\/11\/k10.jpg\" data-rel=\"lightbox-gallery-bfNNvF3q\" data-rl_title=\"k10\" data-rl_caption=\"\" title=\"k10\"><img loading=\"lazy\" decoding=\"async\" class=\"alignnone size-thumbnail wp-image-3534\" src=\"http:\/\/www.pro-vo.at\/wp-content\/uploads\/2017\/11\/k10-150x150.jpg\" alt=\"\" width=\"150\" height=\"150\" \/><\/a> <a href=\"http:\/\/www.pro-vo.at\/wp-content\/uploads\/2017\/11\/k12.jpg\" data-rel=\"lightbox-gallery-bfNNvF3q\" data-rl_title=\"k12\" data-rl_caption=\"\" title=\"k12\"><img loading=\"lazy\" decoding=\"async\" class=\"alignnone size-thumbnail wp-image-3535\" src=\"http:\/\/www.pro-vo.at\/wp-content\/uploads\/2017\/11\/k12-150x150.jpg\" alt=\"\" width=\"150\" height=\"150\" \/><\/a><\/p>\n<p>Unser Programm:<\/p>\n<p>Samuel<br \/>\nDie schnelle Schlange (Samuel Kaschke)<br \/>\nThe house of the rising sun (Trad.)<\/p>\n<p>Johannes<br \/>\nRockin\u2019 the Bells (James Pierpont)<\/p>\n<p>Philip<br \/>\nI\u2019m yours (Jason Mraz)<\/p>\n<p>Adel<br \/>\nAllegro in a-moll (Mauro Giuliani)<br \/>\nWalzer (Bartolom\u00e9 Calatayud)<\/p>\n<p>Babsi<br \/>\nHarfenet\u00fcde (Mauro Giuliani)<br \/>\nEtude Nr. 6 (Leo Brouwer)<\/p>\n<p>Magdalena<br \/>\nValsa sem nome (Baden Powell)<\/p>\n<p>Victoria *<br \/>\nWhere did you sleep last night? (Nirvana\/Leadbelly)<br \/>\nThe Lottery (Itchy Poopzkid)<\/p>\n<p>Valentin **<br \/>\nMr. P.C. (John Coltrane)<br \/>\nMisty (Erroll Garner)<br \/>\nBillie&#8217;s Bounce (Charlie Parker)<\/p>\n<p>&nbsp;<\/p>\n<p>Sch\u00fcler von Gonzalo Manrique<br \/>\n* Sch\u00fclerin von Martha Manrique<br \/>\n** Sch\u00fcler von Martin Sch\u00f6nlieb<\/p>\n<p><a href=\"http:\/\/www.pro-vo.at\/index.php\/chronik\/\">Zur\u00fcck zur Chronik<\/a><\/p>\n","protected":false},"excerpt":{"rendered":"<p>Gitarrenabend Es spielen Sch\u00fcler von Gonzalo Manrique Martha Manrique Martin Sch\u00f6nlieb Freitag, 25. J\u00e4nner 2013 18 Uhr Fotos: Harry Hammerer Unser Programm: Samuel Die schnelle Schlange (Samuel Kaschke) The house of the rising sun (Trad.) Johannes Rockin\u2019 the Bells (James Pierpont) Philip I\u2019m yours (Jason Mraz) Adel Allegro in a-moll (Mauro Giuliani) Walzer (Bartolom\u00e9 Calatayud) &#8230; <a title=\"Gitarren M S M 2013\" class=\"read-more\" href=\"https:\/\/www.pro-vo.at\/index.php\/chronik\/gitarren-m-s-m-2013\/\" aria-label=\"Mehr Informationen \u00fcber Gitarren M S M 2013\">Weiterlesen<\/a><\/p>\n","protected":false},"author":1,"featured_media":0,"parent":28,"menu_order":0,"comment_status":"closed","ping_status":"closed","template":"","meta":{"footnotes":""},"class_list":["post-3522","page","type-page","status-publish"],"_links":{"self":[{"href":"https:\/\/www.pro-vo.at\/index.php\/wp-json\/wp\/v2\/pages\/3522","targetHints":{"allow":["GET"]}}],"collection":[{"href":"https:\/\/www.pro-vo.at\/index.php\/wp-json\/wp\/v2\/pages"}],"about":[{"href":"https:\/\/www.pro-vo.at\/index.php\/wp-json\/wp\/v2\/types\/page"}],"author":[{"embeddable":true,"href":"https:\/\/www.pro-vo.at\/index.php\/wp-json\/wp\/v2\/users\/1"}],"replies":[{"embeddable":true,"href":"https:\/\/www.pro-vo.at\/index.php\/wp-json\/wp\/v2\/comments?post=3522"}],"version-history":[{"count":4,"href":"https:\/\/www.pro-vo.at\/index.php\/wp-json\/wp\/v2\/pages\/3522\/revisions"}],"predecessor-version":[{"id":3537,"href":"https:\/\/www.pro-vo.at\/index.php\/wp-json\/wp\/v2\/pages\/3522\/revisions\/3537"}],"up":[{"embeddable":true,"href":"https:\/\/www.pro-vo.at\/index.php\/wp-json\/wp\/v2\/pages\/28"}],"wp:attachment":[{"href":"https:\/\/www.pro-vo.at\/index.php\/wp-json\/wp\/v2\/media?parent=3522"}],"curies":[{"name":"wp","href":"https:\/\/api.w.org\/{rel}","templated":true}]}}