{"id":3503,"date":"2017-11-16T07:35:13","date_gmt":"2017-11-16T07:35:13","guid":{"rendered":"http:\/\/www.pro-vo.at\/?page_id=3503"},"modified":"2017-11-16T07:35:24","modified_gmt":"2017-11-16T07:35:24","slug":"lisi-2013","status":"publish","type":"page","link":"https:\/\/www.pro-vo.at\/index.php\/chronik\/lisi-2013\/","title":{"rendered":"Fl\u00f6ten 2013"},"content":{"rendered":"<h1>Klassenabend Fl\u00f6ten<\/h1>\n<p>Es spielen Sch\u00fclerinnen und Sch\u00fcler von<br \/>\nElisabeth Jungmayer-K\u00f6gler (Blockfl\u00f6te) und<br \/>\nChirstiam Jurado (Panfl\u00f6te)*<\/p>\n<p>Samstag, 2. M\u00e4rz 2013<br \/>\n17 Uhr<\/p>\n<p>gro\u00dfer Veranstaltungsraum pro-vo<br \/>\n1150 Wien, Huglgasse 24<\/p>\n<p><a href=\"http:\/\/www.pro-vo.at\/wp-content\/uploads\/2017\/11\/01-3.jpg\" data-rel=\"lightbox-gallery-76V6DdFk\" data-rl_title=\"01\" data-rl_caption=\"\" title=\"01\"><img loading=\"lazy\" decoding=\"async\" class=\"alignnone size-thumbnail wp-image-3504\" src=\"http:\/\/www.pro-vo.at\/wp-content\/uploads\/2017\/11\/01-3-150x150.jpg\" alt=\"\" width=\"150\" height=\"150\" \/><\/a> <a href=\"http:\/\/www.pro-vo.at\/wp-content\/uploads\/2017\/11\/02-3.jpg\" data-rel=\"lightbox-gallery-76V6DdFk\" data-rl_title=\"02\" data-rl_caption=\"\" title=\"02\"><img loading=\"lazy\" decoding=\"async\" class=\"alignnone size-thumbnail wp-image-3505\" src=\"http:\/\/www.pro-vo.at\/wp-content\/uploads\/2017\/11\/02-3-150x150.jpg\" alt=\"\" width=\"150\" height=\"150\" \/><\/a> <a href=\"http:\/\/www.pro-vo.at\/wp-content\/uploads\/2017\/11\/03-3.jpg\" data-rel=\"lightbox-gallery-76V6DdFk\" data-rl_title=\"03\" data-rl_caption=\"\" title=\"03\"><img loading=\"lazy\" decoding=\"async\" class=\"alignnone size-thumbnail wp-image-3506\" src=\"http:\/\/www.pro-vo.at\/wp-content\/uploads\/2017\/11\/03-3-150x150.jpg\" alt=\"\" width=\"150\" height=\"150\" \/><\/a> <a href=\"http:\/\/www.pro-vo.at\/wp-content\/uploads\/2017\/11\/04-3.jpg\" data-rel=\"lightbox-gallery-76V6DdFk\" data-rl_title=\"04\" data-rl_caption=\"\" title=\"04\"><img loading=\"lazy\" decoding=\"async\" class=\"alignnone size-thumbnail wp-image-3507\" src=\"http:\/\/www.pro-vo.at\/wp-content\/uploads\/2017\/11\/04-3-150x150.jpg\" alt=\"\" width=\"150\" height=\"150\" \/><\/a> <a href=\"http:\/\/www.pro-vo.at\/wp-content\/uploads\/2017\/11\/05-3.jpg\" data-rel=\"lightbox-gallery-76V6DdFk\" data-rl_title=\"05\" data-rl_caption=\"\" title=\"05\"><img loading=\"lazy\" decoding=\"async\" class=\"alignnone size-thumbnail wp-image-3508\" src=\"http:\/\/www.pro-vo.at\/wp-content\/uploads\/2017\/11\/05-3-150x150.jpg\" alt=\"\" width=\"150\" height=\"150\" \/><\/a> <a href=\"http:\/\/www.pro-vo.at\/wp-content\/uploads\/2017\/11\/06-3.jpg\" data-rel=\"lightbox-gallery-76V6DdFk\" data-rl_title=\"06\" data-rl_caption=\"\" title=\"06\"><img loading=\"lazy\" decoding=\"async\" class=\"alignnone size-thumbnail wp-image-3509\" src=\"http:\/\/www.pro-vo.at\/wp-content\/uploads\/2017\/11\/06-3-150x150.jpg\" alt=\"\" width=\"150\" height=\"150\" \/><\/a> <a href=\"http:\/\/www.pro-vo.at\/wp-content\/uploads\/2017\/11\/07-3.jpg\" data-rel=\"lightbox-gallery-76V6DdFk\" data-rl_title=\"07\" data-rl_caption=\"\" title=\"07\"><img loading=\"lazy\" decoding=\"async\" class=\"alignnone size-thumbnail wp-image-3510\" src=\"http:\/\/www.pro-vo.at\/wp-content\/uploads\/2017\/11\/07-3-150x150.jpg\" alt=\"\" width=\"150\" height=\"150\" \/><\/a> <a href=\"http:\/\/www.pro-vo.at\/wp-content\/uploads\/2017\/11\/08-3.jpg\" data-rel=\"lightbox-gallery-76V6DdFk\" data-rl_title=\"08\" data-rl_caption=\"\" title=\"08\"><img loading=\"lazy\" decoding=\"async\" class=\"alignnone size-thumbnail wp-image-3511\" src=\"http:\/\/www.pro-vo.at\/wp-content\/uploads\/2017\/11\/08-3-150x150.jpg\" alt=\"\" width=\"150\" height=\"150\" \/><\/a> <a href=\"http:\/\/www.pro-vo.at\/wp-content\/uploads\/2017\/11\/09-3.jpg\" data-rel=\"lightbox-gallery-76V6DdFk\" data-rl_title=\"09\" data-rl_caption=\"\" title=\"09\"><img loading=\"lazy\" decoding=\"async\" class=\"alignnone size-thumbnail wp-image-3512\" src=\"http:\/\/www.pro-vo.at\/wp-content\/uploads\/2017\/11\/09-3-150x150.jpg\" alt=\"\" width=\"150\" height=\"150\" \/><\/a> <a href=\"http:\/\/www.pro-vo.at\/wp-content\/uploads\/2017\/11\/10-13.jpg\" data-rel=\"lightbox-gallery-76V6DdFk\" data-rl_title=\"10\" data-rl_caption=\"\" title=\"10\"><img loading=\"lazy\" decoding=\"async\" class=\"alignnone size-thumbnail wp-image-3513\" src=\"http:\/\/www.pro-vo.at\/wp-content\/uploads\/2017\/11\/10-13-150x150.jpg\" alt=\"\" width=\"150\" height=\"150\" \/><\/a> <a href=\"http:\/\/www.pro-vo.at\/wp-content\/uploads\/2017\/11\/11-12.jpg\" data-rel=\"lightbox-gallery-76V6DdFk\" data-rl_title=\"11\" data-rl_caption=\"\" title=\"11\"><img loading=\"lazy\" decoding=\"async\" class=\"alignnone size-thumbnail wp-image-3514\" src=\"http:\/\/www.pro-vo.at\/wp-content\/uploads\/2017\/11\/11-12-150x150.jpg\" alt=\"\" width=\"150\" height=\"150\" \/><\/a> <a href=\"http:\/\/www.pro-vo.at\/wp-content\/uploads\/2017\/11\/12-12.jpg\" data-rel=\"lightbox-gallery-76V6DdFk\" data-rl_title=\"12\" data-rl_caption=\"\" title=\"12\"><img loading=\"lazy\" decoding=\"async\" class=\"alignnone size-thumbnail wp-image-3515\" src=\"http:\/\/www.pro-vo.at\/wp-content\/uploads\/2017\/11\/12-12-150x150.jpg\" alt=\"\" width=\"150\" height=\"150\" \/><\/a> <a href=\"http:\/\/www.pro-vo.at\/wp-content\/uploads\/2017\/11\/13-11.jpg\" data-rel=\"lightbox-gallery-76V6DdFk\" data-rl_title=\"13\" data-rl_caption=\"\" title=\"13\"><img loading=\"lazy\" decoding=\"async\" class=\"alignnone size-thumbnail wp-image-3516\" src=\"http:\/\/www.pro-vo.at\/wp-content\/uploads\/2017\/11\/13-11-150x150.jpg\" alt=\"\" width=\"150\" height=\"150\" \/><\/a> <a href=\"http:\/\/www.pro-vo.at\/wp-content\/uploads\/2017\/11\/14-9.jpg\" data-rel=\"lightbox-gallery-76V6DdFk\" data-rl_title=\"14\" data-rl_caption=\"\" title=\"14\"><img loading=\"lazy\" decoding=\"async\" class=\"alignnone size-thumbnail wp-image-3517\" src=\"http:\/\/www.pro-vo.at\/wp-content\/uploads\/2017\/11\/14-9-150x150.jpg\" alt=\"\" width=\"150\" height=\"150\" \/><\/a> <a href=\"http:\/\/www.pro-vo.at\/wp-content\/uploads\/2017\/11\/15-9.jpg\" data-rel=\"lightbox-gallery-76V6DdFk\" data-rl_title=\"15\" data-rl_caption=\"\" title=\"15\"><img loading=\"lazy\" decoding=\"async\" class=\"alignnone size-thumbnail wp-image-3518\" src=\"http:\/\/www.pro-vo.at\/wp-content\/uploads\/2017\/11\/15-9-150x150.jpg\" alt=\"\" width=\"150\" height=\"150\" \/><\/a><\/p>\n<p>Das Programm:<\/p>\n<p>Lara<br \/>\nMenuett &#8211; Anonym (um 1740)<\/p>\n<p>Ronja-Marie<br \/>\nWillibald, das Warzenschwein<br \/>\nLucius, der Leguan &#8211; B. Hintermeier<\/p>\n<p>Rebekka<br \/>\nAch, du lieber Luftballon &#8211; B.Ertl (*1960)<\/p>\n<p>Ronja-Marie<br \/>\nHeidelbeeren &#8211; B. Hintermeier<br \/>\nBacke, backe Kuchen Kinderlied<\/p>\n<p>Kira<br \/>\nSonnenuntergang<br \/>\nHolzschuhtanz &#8211; M. de Backer<\/p>\n<p>Dominik*<br \/>\n\u00dcbung Nr. 13 U. Herkenhoff<br \/>\nDer Kuckuck und der Esel Kinderlied<br \/>\nStefan<\/p>\n<p>Auf der Mauer, auf der Lauer<br \/>\nAlle V\u00f6gel sind schon da<br \/>\nIch kenne einen Cowboy &#8211; Kinderlieder<\/p>\n<p>Kira<br \/>\nMarche \u201eLa Triomphante\u201c &#8211; E.Ph. Ch\u00e9deville<br \/>\nMenuett &#8211; J. Hook<br \/>\nTobin\u2019s Favorite &#8211; Aus Irland<\/p>\n<p>Edlyn, Linnea<br \/>\nMouvement de Gigue &#8211; J.B. Boismortier<br \/>\nThe Bonny Lass &#8211; J. Playford<\/p>\n<p>&nbsp;<\/p>\n<p>&nbsp;<\/p>\n<p><a href=\"http:\/\/www.pro-vo.at\/index.php\/chronik\/\">Zur\u00fcck zur Chronik<\/a><\/p>\n","protected":false},"excerpt":{"rendered":"<p>Klassenabend Fl\u00f6ten Es spielen Sch\u00fclerinnen und Sch\u00fcler von Elisabeth Jungmayer-K\u00f6gler (Blockfl\u00f6te) und Chirstiam Jurado (Panfl\u00f6te)* Samstag, 2. M\u00e4rz 2013 17 Uhr gro\u00dfer Veranstaltungsraum pro-vo 1150 Wien, Huglgasse 24 Das Programm: Lara Menuett &#8211; Anonym (um 1740) Ronja-Marie Willibald, das Warzenschwein Lucius, der Leguan &#8211; B. Hintermeier Rebekka Ach, du lieber Luftballon &#8211; B.Ertl (*1960) Ronja-Marie &#8230; <a title=\"Fl\u00f6ten 2013\" class=\"read-more\" href=\"https:\/\/www.pro-vo.at\/index.php\/chronik\/lisi-2013\/\" aria-label=\"Mehr Informationen \u00fcber Fl\u00f6ten 2013\">Weiterlesen<\/a><\/p>\n","protected":false},"author":1,"featured_media":0,"parent":28,"menu_order":0,"comment_status":"closed","ping_status":"closed","template":"","meta":{"footnotes":""},"class_list":["post-3503","page","type-page","status-publish"],"_links":{"self":[{"href":"https:\/\/www.pro-vo.at\/index.php\/wp-json\/wp\/v2\/pages\/3503","targetHints":{"allow":["GET"]}}],"collection":[{"href":"https:\/\/www.pro-vo.at\/index.php\/wp-json\/wp\/v2\/pages"}],"about":[{"href":"https:\/\/www.pro-vo.at\/index.php\/wp-json\/wp\/v2\/types\/page"}],"author":[{"embeddable":true,"href":"https:\/\/www.pro-vo.at\/index.php\/wp-json\/wp\/v2\/users\/1"}],"replies":[{"embeddable":true,"href":"https:\/\/www.pro-vo.at\/index.php\/wp-json\/wp\/v2\/comments?post=3503"}],"version-history":[{"count":2,"href":"https:\/\/www.pro-vo.at\/index.php\/wp-json\/wp\/v2\/pages\/3503\/revisions"}],"predecessor-version":[{"id":3520,"href":"https:\/\/www.pro-vo.at\/index.php\/wp-json\/wp\/v2\/pages\/3503\/revisions\/3520"}],"up":[{"embeddable":true,"href":"https:\/\/www.pro-vo.at\/index.php\/wp-json\/wp\/v2\/pages\/28"}],"wp:attachment":[{"href":"https:\/\/www.pro-vo.at\/index.php\/wp-json\/wp\/v2\/media?parent=3503"}],"curies":[{"name":"wp","href":"https:\/\/api.w.org\/{rel}","templated":true}]}}