{"id":3483,"date":"2017-11-15T15:34:01","date_gmt":"2017-11-15T15:34:01","guid":{"rendered":"http:\/\/www.pro-vo.at\/?page_id=3483"},"modified":"2017-11-15T15:34:01","modified_gmt":"2017-11-15T15:34:01","slug":"kinder-fuer-kinder-10-2012","status":"publish","type":"page","link":"https:\/\/www.pro-vo.at\/index.php\/chronik\/kinder-fuer-kinder-10-2012\/","title":{"rendered":"Kinder f\u00fcr Kinder 10 2012"},"content":{"rendered":"<h1>Klassenabend, Kinder spielen f\u00fcr Kinder<\/h1>\n<p>Sch\u00fclerinnen und Sch\u00fcler von Martha Manrique<\/p>\n<p>Samstag, 24. November 2012<br \/>\n13 Uhr<\/p>\n<p>Unser &#8222;Kinder spielen f\u00fcr Kinder&#8220; Konzert war eine Premiere &#8211;<br \/>\njeder Akteur durfte einen Gast einladen, aber Erwachsene mussten ausnahmsweise drau\u00dfen bleiben.<\/p>\n<p><a href=\"http:\/\/www.pro-vo.at\/wp-content\/uploads\/2017\/11\/1-10.jpg\" data-rel=\"lightbox-gallery-nGllSr56\" data-rl_title=\"1\" data-rl_caption=\"\" title=\"1\"><img loading=\"lazy\" decoding=\"async\" class=\"alignnone size-thumbnail wp-image-3484\" src=\"http:\/\/www.pro-vo.at\/wp-content\/uploads\/2017\/11\/1-10-150x150.jpg\" alt=\"\" width=\"150\" height=\"150\" \/><\/a> <a href=\"http:\/\/www.pro-vo.at\/wp-content\/uploads\/2017\/11\/2-10.jpg\" data-rel=\"lightbox-gallery-nGllSr56\" data-rl_title=\"2\" data-rl_caption=\"\" title=\"2\"><img loading=\"lazy\" decoding=\"async\" class=\"alignnone size-thumbnail wp-image-3485\" src=\"http:\/\/www.pro-vo.at\/wp-content\/uploads\/2017\/11\/2-10-150x150.jpg\" alt=\"\" width=\"150\" height=\"150\" \/><\/a> <a href=\"http:\/\/www.pro-vo.at\/wp-content\/uploads\/2017\/11\/3-10.jpg\" data-rel=\"lightbox-gallery-nGllSr56\" data-rl_title=\"3\" data-rl_caption=\"\" title=\"3\"><img loading=\"lazy\" decoding=\"async\" class=\"alignnone size-thumbnail wp-image-3486\" src=\"http:\/\/www.pro-vo.at\/wp-content\/uploads\/2017\/11\/3-10-150x150.jpg\" alt=\"\" width=\"150\" height=\"150\" \/><\/a> <a href=\"http:\/\/www.pro-vo.at\/wp-content\/uploads\/2017\/11\/4-10.jpg\" data-rel=\"lightbox-gallery-nGllSr56\" data-rl_title=\"4\" data-rl_caption=\"\" title=\"4\"><img loading=\"lazy\" decoding=\"async\" class=\"alignnone size-thumbnail wp-image-3487\" src=\"http:\/\/www.pro-vo.at\/wp-content\/uploads\/2017\/11\/4-10-150x150.jpg\" alt=\"\" width=\"150\" height=\"150\" \/><\/a> <a href=\"http:\/\/www.pro-vo.at\/wp-content\/uploads\/2017\/11\/5-10.jpg\" data-rel=\"lightbox-gallery-nGllSr56\" data-rl_title=\"5\" data-rl_caption=\"\" title=\"5\"><img loading=\"lazy\" decoding=\"async\" class=\"alignnone size-thumbnail wp-image-3488\" src=\"http:\/\/www.pro-vo.at\/wp-content\/uploads\/2017\/11\/5-10-150x150.jpg\" alt=\"\" width=\"150\" height=\"150\" \/><\/a> <a href=\"http:\/\/www.pro-vo.at\/wp-content\/uploads\/2017\/11\/6-10.jpg\" data-rel=\"lightbox-gallery-nGllSr56\" data-rl_title=\"6\" data-rl_caption=\"\" title=\"6\"><img loading=\"lazy\" decoding=\"async\" class=\"alignnone size-thumbnail wp-image-3489\" src=\"http:\/\/www.pro-vo.at\/wp-content\/uploads\/2017\/11\/6-10-150x150.jpg\" alt=\"\" width=\"150\" height=\"150\" \/><\/a> <a href=\"http:\/\/www.pro-vo.at\/wp-content\/uploads\/2017\/11\/7-10.jpg\" data-rel=\"lightbox-gallery-nGllSr56\" data-rl_title=\"7\" data-rl_caption=\"\" title=\"7\"><img loading=\"lazy\" decoding=\"async\" class=\"alignnone size-thumbnail wp-image-3490\" src=\"http:\/\/www.pro-vo.at\/wp-content\/uploads\/2017\/11\/7-10-150x150.jpg\" alt=\"\" width=\"150\" height=\"150\" \/><\/a> <a href=\"http:\/\/www.pro-vo.at\/wp-content\/uploads\/2017\/11\/8-10.jpg\" data-rel=\"lightbox-gallery-nGllSr56\" data-rl_title=\"8\" data-rl_caption=\"\" title=\"8\"><img loading=\"lazy\" decoding=\"async\" class=\"alignnone size-thumbnail wp-image-3491\" src=\"http:\/\/www.pro-vo.at\/wp-content\/uploads\/2017\/11\/8-10-150x150.jpg\" alt=\"\" width=\"150\" height=\"150\" \/><\/a> <a href=\"http:\/\/www.pro-vo.at\/wp-content\/uploads\/2017\/11\/9-10.jpg\" data-rel=\"lightbox-gallery-nGllSr56\" data-rl_title=\"9\" data-rl_caption=\"\" title=\"9\"><img loading=\"lazy\" decoding=\"async\" class=\"alignnone size-thumbnail wp-image-3492\" src=\"http:\/\/www.pro-vo.at\/wp-content\/uploads\/2017\/11\/9-10-150x150.jpg\" alt=\"\" width=\"150\" height=\"150\" \/><\/a> <a href=\"http:\/\/www.pro-vo.at\/wp-content\/uploads\/2017\/11\/10-12.jpg\" data-rel=\"lightbox-gallery-nGllSr56\" data-rl_title=\"10\" data-rl_caption=\"\" title=\"10\"><img loading=\"lazy\" decoding=\"async\" class=\"alignnone size-thumbnail wp-image-3493\" src=\"http:\/\/www.pro-vo.at\/wp-content\/uploads\/2017\/11\/10-12-150x150.jpg\" alt=\"\" width=\"150\" height=\"150\" \/><\/a> <a href=\"http:\/\/www.pro-vo.at\/wp-content\/uploads\/2017\/11\/11-11.jpg\" data-rel=\"lightbox-gallery-nGllSr56\" data-rl_title=\"11\" data-rl_caption=\"\" title=\"11\"><img loading=\"lazy\" decoding=\"async\" class=\"alignnone size-thumbnail wp-image-3494\" src=\"http:\/\/www.pro-vo.at\/wp-content\/uploads\/2017\/11\/11-11-150x150.jpg\" alt=\"\" width=\"150\" height=\"150\" \/><\/a> <a href=\"http:\/\/www.pro-vo.at\/wp-content\/uploads\/2017\/11\/12-11.jpg\" data-rel=\"lightbox-gallery-nGllSr56\" data-rl_title=\"12\" data-rl_caption=\"\" title=\"12\"><img loading=\"lazy\" decoding=\"async\" class=\"alignnone size-thumbnail wp-image-3495\" src=\"http:\/\/www.pro-vo.at\/wp-content\/uploads\/2017\/11\/12-11-150x150.jpg\" alt=\"\" width=\"150\" height=\"150\" \/><\/a> <a href=\"http:\/\/www.pro-vo.at\/wp-content\/uploads\/2017\/11\/13-10.jpg\" data-rel=\"lightbox-gallery-nGllSr56\" data-rl_title=\"13\" data-rl_caption=\"\" title=\"13\"><img loading=\"lazy\" decoding=\"async\" class=\"alignnone size-thumbnail wp-image-3496\" src=\"http:\/\/www.pro-vo.at\/wp-content\/uploads\/2017\/11\/13-10-150x150.jpg\" alt=\"\" width=\"150\" height=\"150\" \/><\/a> <a href=\"http:\/\/www.pro-vo.at\/wp-content\/uploads\/2017\/11\/14-8.jpg\" data-rel=\"lightbox-gallery-nGllSr56\" data-rl_title=\"14\" data-rl_caption=\"\" title=\"14\"><img loading=\"lazy\" decoding=\"async\" class=\"alignnone size-thumbnail wp-image-3497\" src=\"http:\/\/www.pro-vo.at\/wp-content\/uploads\/2017\/11\/14-8-150x150.jpg\" alt=\"\" width=\"150\" height=\"150\" \/><\/a> <a href=\"http:\/\/www.pro-vo.at\/wp-content\/uploads\/2017\/11\/15-8.jpg\" data-rel=\"lightbox-gallery-nGllSr56\" data-rl_title=\"15\" data-rl_caption=\"\" title=\"15\"><img loading=\"lazy\" decoding=\"async\" class=\"alignnone size-thumbnail wp-image-3498\" src=\"http:\/\/www.pro-vo.at\/wp-content\/uploads\/2017\/11\/15-8-150x150.jpg\" alt=\"\" width=\"150\" height=\"150\" \/><\/a> <a href=\"http:\/\/www.pro-vo.at\/wp-content\/uploads\/2017\/11\/16-6.jpg\" data-rel=\"lightbox-gallery-nGllSr56\" data-rl_title=\"16\" data-rl_caption=\"\" title=\"16\"><img loading=\"lazy\" decoding=\"async\" class=\"alignnone size-thumbnail wp-image-3499\" src=\"http:\/\/www.pro-vo.at\/wp-content\/uploads\/2017\/11\/16-6-150x150.jpg\" alt=\"\" width=\"150\" height=\"150\" \/><\/a> <a href=\"http:\/\/www.pro-vo.at\/wp-content\/uploads\/2017\/11\/17-6.jpg\" data-rel=\"lightbox-gallery-nGllSr56\" data-rl_title=\"17\" data-rl_caption=\"\" title=\"17\"><img loading=\"lazy\" decoding=\"async\" class=\"alignnone size-thumbnail wp-image-3500\" src=\"http:\/\/www.pro-vo.at\/wp-content\/uploads\/2017\/11\/17-6-150x150.jpg\" alt=\"\" width=\"150\" height=\"150\" \/><\/a><\/p>\n<p>Fotos: Harry Hammerer<\/p>\n<p>Unser Programm:<\/p>\n<p>Katarina<br \/>\nSascha (trad.)<\/p>\n<p>Ksenija<br \/>\nTwinkle Twinkle (trad.)<\/p>\n<p>Lara<br \/>\nGreensleeves (trad.)<\/p>\n<p>Marina<br \/>\nJingle Bells (trad.)<\/p>\n<p>Lara<br \/>\nO Tannenbaum (trad.)<\/p>\n<p>Sophie<br \/>\nSpanische Romanze (Anon.)<\/p>\n<p>Paul<br \/>\nJames Bond (Norman\/Barry)<\/p>\n<p>Sabine<br \/>\nParadetas (G. Sanz)<\/p>\n<p>Alexander<br \/>\nSentimental Blues (G. Schwertberger)<\/p>\n<p>Alena<br \/>\nOld Mac Donald (trad.)<\/p>\n<p>Aline<br \/>\nKleiner gelber Vogel (K. Schindler)<\/p>\n<p>&nbsp;<\/p>\n<p>&nbsp;<\/p>\n<p><a href=\"http:\/\/www.pro-vo.at\/index.php\/chronik\/\">Zur\u00fcck zur Chronik<\/a><\/p>\n","protected":false},"excerpt":{"rendered":"<p>Klassenabend, Kinder spielen f\u00fcr Kinder Sch\u00fclerinnen und Sch\u00fcler von Martha Manrique Samstag, 24. November 2012 13 Uhr Unser &#8222;Kinder spielen f\u00fcr Kinder&#8220; Konzert war eine Premiere &#8211; jeder Akteur durfte einen Gast einladen, aber Erwachsene mussten ausnahmsweise drau\u00dfen bleiben. Fotos: Harry Hammerer Unser Programm: Katarina Sascha (trad.) Ksenija Twinkle Twinkle (trad.) Lara Greensleeves (trad.) Marina &#8230; <a title=\"Kinder f\u00fcr Kinder 10 2012\" class=\"read-more\" href=\"https:\/\/www.pro-vo.at\/index.php\/chronik\/kinder-fuer-kinder-10-2012\/\" aria-label=\"Mehr Informationen \u00fcber Kinder f\u00fcr Kinder 10 2012\">Weiterlesen<\/a><\/p>\n","protected":false},"author":1,"featured_media":0,"parent":28,"menu_order":0,"comment_status":"closed","ping_status":"closed","template":"","meta":{"footnotes":""},"class_list":["post-3483","page","type-page","status-publish"],"_links":{"self":[{"href":"https:\/\/www.pro-vo.at\/index.php\/wp-json\/wp\/v2\/pages\/3483","targetHints":{"allow":["GET"]}}],"collection":[{"href":"https:\/\/www.pro-vo.at\/index.php\/wp-json\/wp\/v2\/pages"}],"about":[{"href":"https:\/\/www.pro-vo.at\/index.php\/wp-json\/wp\/v2\/types\/page"}],"author":[{"embeddable":true,"href":"https:\/\/www.pro-vo.at\/index.php\/wp-json\/wp\/v2\/users\/1"}],"replies":[{"embeddable":true,"href":"https:\/\/www.pro-vo.at\/index.php\/wp-json\/wp\/v2\/comments?post=3483"}],"version-history":[{"count":1,"href":"https:\/\/www.pro-vo.at\/index.php\/wp-json\/wp\/v2\/pages\/3483\/revisions"}],"predecessor-version":[{"id":3501,"href":"https:\/\/www.pro-vo.at\/index.php\/wp-json\/wp\/v2\/pages\/3483\/revisions\/3501"}],"up":[{"embeddable":true,"href":"https:\/\/www.pro-vo.at\/index.php\/wp-json\/wp\/v2\/pages\/28"}],"wp:attachment":[{"href":"https:\/\/www.pro-vo.at\/index.php\/wp-json\/wp\/v2\/media?parent=3483"}],"curies":[{"name":"wp","href":"https:\/\/api.w.org\/{rel}","templated":true}]}}