{"id":3446,"date":"2017-11-15T15:25:33","date_gmt":"2017-11-15T15:25:33","guid":{"rendered":"http:\/\/www.pro-vo.at\/?page_id=3446"},"modified":"2017-11-15T15:25:33","modified_gmt":"2017-11-15T15:25:33","slug":"martin-gonzalo-06-2012","status":"publish","type":"page","link":"https:\/\/www.pro-vo.at\/index.php\/chronik\/martin-gonzalo-06-2012\/","title":{"rendered":"Martin Gonzalo 06 2012"},"content":{"rendered":"<h1>Klassenabend<\/h1>\n<p>Gonzalo Manrique und Martin Sch\u00f6nlieb<\/p>\n<p>Freitag, 15. Juni 2012<br \/>\n18 Uhr<br \/>\nEs spielten Sch\u00fcler der Gitarreklassen Gonzalo Manrique und Martin Sch\u00f6nlieb<\/p>\n<p><a href=\"http:\/\/www.pro-vo.at\/wp-content\/uploads\/2017\/11\/1-8.jpg\" data-rel=\"lightbox-gallery-xCrNsw2U\" data-rl_title=\"1\" data-rl_caption=\"\" title=\"1\"><img loading=\"lazy\" decoding=\"async\" class=\"alignnone size-thumbnail wp-image-3447\" src=\"http:\/\/www.pro-vo.at\/wp-content\/uploads\/2017\/11\/1-8-150x150.jpg\" alt=\"\" width=\"150\" height=\"150\" \/><\/a> <a href=\"http:\/\/www.pro-vo.at\/wp-content\/uploads\/2017\/11\/2-8.jpg\" data-rel=\"lightbox-gallery-xCrNsw2U\" data-rl_title=\"2\" data-rl_caption=\"\" title=\"2\"><img loading=\"lazy\" decoding=\"async\" class=\"alignnone size-thumbnail wp-image-3448\" src=\"http:\/\/www.pro-vo.at\/wp-content\/uploads\/2017\/11\/2-8-150x150.jpg\" alt=\"\" width=\"150\" height=\"150\" \/><\/a> <a href=\"http:\/\/www.pro-vo.at\/wp-content\/uploads\/2017\/11\/3-8.jpg\" data-rel=\"lightbox-gallery-xCrNsw2U\" data-rl_title=\"3\" data-rl_caption=\"\" title=\"3\"><img loading=\"lazy\" decoding=\"async\" class=\"alignnone size-thumbnail wp-image-3449\" src=\"http:\/\/www.pro-vo.at\/wp-content\/uploads\/2017\/11\/3-8-150x150.jpg\" alt=\"\" width=\"150\" height=\"150\" \/><\/a> <a href=\"http:\/\/www.pro-vo.at\/wp-content\/uploads\/2017\/11\/4-8.jpg\" data-rel=\"lightbox-gallery-xCrNsw2U\" data-rl_title=\"4\" data-rl_caption=\"\" title=\"4\"><img loading=\"lazy\" decoding=\"async\" class=\"alignnone size-thumbnail wp-image-3450\" src=\"http:\/\/www.pro-vo.at\/wp-content\/uploads\/2017\/11\/4-8-150x150.jpg\" alt=\"\" width=\"150\" height=\"150\" \/><\/a> <a href=\"http:\/\/www.pro-vo.at\/wp-content\/uploads\/2017\/11\/5-8.jpg\" data-rel=\"lightbox-gallery-xCrNsw2U\" data-rl_title=\"5\" data-rl_caption=\"\" title=\"5\"><img loading=\"lazy\" decoding=\"async\" class=\"alignnone size-thumbnail wp-image-3451\" src=\"http:\/\/www.pro-vo.at\/wp-content\/uploads\/2017\/11\/5-8-150x150.jpg\" alt=\"\" width=\"150\" height=\"150\" \/><\/a> <a href=\"http:\/\/www.pro-vo.at\/wp-content\/uploads\/2017\/11\/6-8.jpg\" data-rel=\"lightbox-gallery-xCrNsw2U\" data-rl_title=\"6\" data-rl_caption=\"\" title=\"6\"><img loading=\"lazy\" decoding=\"async\" class=\"alignnone size-thumbnail wp-image-3452\" src=\"http:\/\/www.pro-vo.at\/wp-content\/uploads\/2017\/11\/6-8-150x150.jpg\" alt=\"\" width=\"150\" height=\"150\" \/><\/a> <a href=\"http:\/\/www.pro-vo.at\/wp-content\/uploads\/2017\/11\/7-8.jpg\" data-rel=\"lightbox-gallery-xCrNsw2U\" data-rl_title=\"7\" data-rl_caption=\"\" title=\"7\"><img loading=\"lazy\" decoding=\"async\" class=\"alignnone size-thumbnail wp-image-3453\" src=\"http:\/\/www.pro-vo.at\/wp-content\/uploads\/2017\/11\/7-8-150x150.jpg\" alt=\"\" width=\"150\" height=\"150\" \/><\/a> <a href=\"http:\/\/www.pro-vo.at\/wp-content\/uploads\/2017\/11\/8-8.jpg\" data-rel=\"lightbox-gallery-xCrNsw2U\" data-rl_title=\"8\" data-rl_caption=\"\" title=\"8\"><img loading=\"lazy\" decoding=\"async\" class=\"alignnone size-thumbnail wp-image-3454\" src=\"http:\/\/www.pro-vo.at\/wp-content\/uploads\/2017\/11\/8-8-150x150.jpg\" alt=\"\" width=\"150\" height=\"150\" \/><\/a> <a href=\"http:\/\/www.pro-vo.at\/wp-content\/uploads\/2017\/11\/9-8.jpg\" data-rel=\"lightbox-gallery-xCrNsw2U\" data-rl_title=\"9\" data-rl_caption=\"\" title=\"9\"><img loading=\"lazy\" decoding=\"async\" class=\"alignnone size-thumbnail wp-image-3455\" src=\"http:\/\/www.pro-vo.at\/wp-content\/uploads\/2017\/11\/9-8-150x150.jpg\" alt=\"\" width=\"150\" height=\"150\" \/><\/a> <a href=\"http:\/\/www.pro-vo.at\/wp-content\/uploads\/2017\/11\/10-10.jpg\" data-rel=\"lightbox-gallery-xCrNsw2U\" data-rl_title=\"10\" data-rl_caption=\"\" title=\"10\"><img loading=\"lazy\" decoding=\"async\" class=\"alignnone size-thumbnail wp-image-3456\" src=\"http:\/\/www.pro-vo.at\/wp-content\/uploads\/2017\/11\/10-10-150x150.jpg\" alt=\"\" width=\"150\" height=\"150\" \/><\/a> <a href=\"http:\/\/www.pro-vo.at\/wp-content\/uploads\/2017\/11\/11-9.jpg\" data-rel=\"lightbox-gallery-xCrNsw2U\" data-rl_title=\"11\" data-rl_caption=\"\" title=\"11\"><img loading=\"lazy\" decoding=\"async\" class=\"alignnone size-thumbnail wp-image-3457\" src=\"http:\/\/www.pro-vo.at\/wp-content\/uploads\/2017\/11\/11-9-150x150.jpg\" alt=\"\" width=\"150\" height=\"150\" \/><\/a> <a href=\"http:\/\/www.pro-vo.at\/wp-content\/uploads\/2017\/11\/12-9.jpg\" data-rel=\"lightbox-gallery-xCrNsw2U\" data-rl_title=\"12\" data-rl_caption=\"\" title=\"12\"><img loading=\"lazy\" decoding=\"async\" class=\"alignnone size-thumbnail wp-image-3458\" src=\"http:\/\/www.pro-vo.at\/wp-content\/uploads\/2017\/11\/12-9-150x150.jpg\" alt=\"\" width=\"150\" height=\"150\" \/><\/a> <a href=\"http:\/\/www.pro-vo.at\/wp-content\/uploads\/2017\/11\/13-8.jpg\" data-rel=\"lightbox-gallery-xCrNsw2U\" data-rl_title=\"13\" data-rl_caption=\"\" title=\"13\"><img loading=\"lazy\" decoding=\"async\" class=\"alignnone size-thumbnail wp-image-3459\" src=\"http:\/\/www.pro-vo.at\/wp-content\/uploads\/2017\/11\/13-8-150x150.jpg\" alt=\"\" width=\"150\" height=\"150\" \/><\/a> <a href=\"http:\/\/www.pro-vo.at\/wp-content\/uploads\/2017\/11\/14-7.jpg\" data-rel=\"lightbox-gallery-xCrNsw2U\" data-rl_title=\"14\" data-rl_caption=\"\" title=\"14\"><img loading=\"lazy\" decoding=\"async\" class=\"alignnone size-thumbnail wp-image-3460\" src=\"http:\/\/www.pro-vo.at\/wp-content\/uploads\/2017\/11\/14-7-150x150.jpg\" alt=\"\" width=\"150\" height=\"150\" \/><\/a> <a href=\"http:\/\/www.pro-vo.at\/wp-content\/uploads\/2017\/11\/15-7.jpg\" data-rel=\"lightbox-gallery-xCrNsw2U\" data-rl_title=\"15\" data-rl_caption=\"\" title=\"15\"><img loading=\"lazy\" decoding=\"async\" class=\"alignnone size-thumbnail wp-image-3461\" src=\"http:\/\/www.pro-vo.at\/wp-content\/uploads\/2017\/11\/15-7-150x150.jpg\" alt=\"\" width=\"150\" height=\"150\" \/><\/a> <a href=\"http:\/\/www.pro-vo.at\/wp-content\/uploads\/2017\/11\/16-5.jpg\" data-rel=\"lightbox-gallery-xCrNsw2U\" data-rl_title=\"16\" data-rl_caption=\"\" title=\"16\"><img loading=\"lazy\" decoding=\"async\" class=\"alignnone size-thumbnail wp-image-3462\" src=\"http:\/\/www.pro-vo.at\/wp-content\/uploads\/2017\/11\/16-5-150x150.jpg\" alt=\"\" width=\"150\" height=\"150\" \/><\/a> <a href=\"http:\/\/www.pro-vo.at\/wp-content\/uploads\/2017\/11\/17-5.jpg\" data-rel=\"lightbox-gallery-xCrNsw2U\" data-rl_title=\"17\" data-rl_caption=\"\" title=\"17\"><img loading=\"lazy\" decoding=\"async\" class=\"alignnone size-thumbnail wp-image-3463\" src=\"http:\/\/www.pro-vo.at\/wp-content\/uploads\/2017\/11\/17-5-150x150.jpg\" alt=\"\" width=\"150\" height=\"150\" \/><\/a> <a href=\"http:\/\/www.pro-vo.at\/wp-content\/uploads\/2017\/11\/18-5.jpg\" data-rel=\"lightbox-gallery-xCrNsw2U\" data-rl_title=\"18\" data-rl_caption=\"\" title=\"18\"><img loading=\"lazy\" decoding=\"async\" class=\"alignnone size-thumbnail wp-image-3464\" src=\"http:\/\/www.pro-vo.at\/wp-content\/uploads\/2017\/11\/18-5-150x150.jpg\" alt=\"\" width=\"150\" height=\"150\" \/><\/a><\/p>\n<p>love rock n&#8216; roll (Merrill\/Hooker)<br \/>\nTizian , E-Gitarre<\/p>\n<p>SpongeBob Schwammkopf (Drymon\/Harrison\/Hillenburg\/Smith)<br \/>\nInigo, E-Gitarre<\/p>\n<p>I love rock n&#8216; roll (Merrill\/Hooker)<br \/>\nPatrick, E-Gitarre<\/p>\n<p>E-F-G (Neely\/Schroedl)<br \/>\nSmoke on the water (Blackmore\/Gillan\/Glover\/Lord\/Paice)<br \/>\nJohannes, E-Gitarre<\/p>\n<p>Jingle Bells (James Pierpont)<br \/>\nRockin&#8216; sharps (Neely\/Schroedl)<br \/>\nSamuel, E-Gitarre<\/p>\n<p>E-F-G (Neely\/Schroedl)<br \/>\nMario, Gitarre<\/p>\n<p>Walzer (Bartolom\u00e9 Calatayud)<br \/>\nMarie, Gitarre<\/p>\n<p>Out of the dark (Falco)<br \/>\nFelix, E-Gitarre<\/p>\n<p>Allegro in a-moll (Mauro Giuliani)<br \/>\nRomanza (Anonym)<br \/>\nAdel, Gitarre<\/p>\n<p>Comptine d&#8217;un autre \u00e9t\u00e9 (Yann Tiersen)<br \/>\nAdelita (Francisco T\u00e1rrega)<br \/>\nTheo, Gitarre<\/p>\n<p>Comptine d&#8217;\u00e9t\u00e9 n\u00b0 2 (Yann Tiersen, arr.: Martha Manrique)<br \/>\nAdel und Theo, Gitarren<\/p>\n<p>He&#8217;s a pirate (Klaus Badelt)<br \/>\nJust before (J.M. Borner)<br \/>\nJan, E-Gitarre *<\/p>\n<p>Matilda (Trad.)<br \/>\nSimon Fischer, Gitarre *<br \/>\nMarcus, E-Gitarre *<\/p>\n<p>Chan Chan (Compay Segundo, arr.: Florian Bramb\u00f6ck)<br \/>\nMarcus, E-Gitarre *<\/p>\n<p>Jack-In-Blues (Marcus Weigl)<br \/>\nMarcus, E-Gitarre *<br \/>\nLukas, E-Gitarre<\/p>\n<p>Strange Brew (Collins\/Pappalardi\/Clapton)<br \/>\nLukas, E-Gitarre<\/p>\n<p>Sch\u00fcler von:<br \/>\nGonzalo Manrique<br \/>\nMartin Sch\u00f6nlieb *<\/p>\n<p><a href=\"http:\/\/www.pro-vo.at\/index.php\/chronik\/\">Zur\u00fcck zur Chronik<\/a><\/p>\n","protected":false},"excerpt":{"rendered":"<p>Klassenabend Gonzalo Manrique und Martin Sch\u00f6nlieb Freitag, 15. Juni 2012 18 Uhr Es spielten Sch\u00fcler der Gitarreklassen Gonzalo Manrique und Martin Sch\u00f6nlieb love rock n&#8216; roll (Merrill\/Hooker) Tizian , E-Gitarre SpongeBob Schwammkopf (Drymon\/Harrison\/Hillenburg\/Smith) Inigo, E-Gitarre I love rock n&#8216; roll (Merrill\/Hooker) Patrick, E-Gitarre E-F-G (Neely\/Schroedl) Smoke on the water (Blackmore\/Gillan\/Glover\/Lord\/Paice) Johannes, E-Gitarre Jingle Bells (James &#8230; <a title=\"Martin Gonzalo 06 2012\" class=\"read-more\" href=\"https:\/\/www.pro-vo.at\/index.php\/chronik\/martin-gonzalo-06-2012\/\" aria-label=\"Mehr Informationen \u00fcber Martin Gonzalo 06 2012\">Weiterlesen<\/a><\/p>\n","protected":false},"author":1,"featured_media":0,"parent":28,"menu_order":0,"comment_status":"closed","ping_status":"closed","template":"","meta":{"footnotes":""},"class_list":["post-3446","page","type-page","status-publish"],"_links":{"self":[{"href":"https:\/\/www.pro-vo.at\/index.php\/wp-json\/wp\/v2\/pages\/3446","targetHints":{"allow":["GET"]}}],"collection":[{"href":"https:\/\/www.pro-vo.at\/index.php\/wp-json\/wp\/v2\/pages"}],"about":[{"href":"https:\/\/www.pro-vo.at\/index.php\/wp-json\/wp\/v2\/types\/page"}],"author":[{"embeddable":true,"href":"https:\/\/www.pro-vo.at\/index.php\/wp-json\/wp\/v2\/users\/1"}],"replies":[{"embeddable":true,"href":"https:\/\/www.pro-vo.at\/index.php\/wp-json\/wp\/v2\/comments?post=3446"}],"version-history":[{"count":1,"href":"https:\/\/www.pro-vo.at\/index.php\/wp-json\/wp\/v2\/pages\/3446\/revisions"}],"predecessor-version":[{"id":3465,"href":"https:\/\/www.pro-vo.at\/index.php\/wp-json\/wp\/v2\/pages\/3446\/revisions\/3465"}],"up":[{"embeddable":true,"href":"https:\/\/www.pro-vo.at\/index.php\/wp-json\/wp\/v2\/pages\/28"}],"wp:attachment":[{"href":"https:\/\/www.pro-vo.at\/index.php\/wp-json\/wp\/v2\/media?parent=3446"}],"curies":[{"name":"wp","href":"https:\/\/api.w.org\/{rel}","templated":true}]}}