{"id":3380,"date":"2017-11-15T14:43:55","date_gmt":"2017-11-15T14:43:55","guid":{"rendered":"http:\/\/www.pro-vo.at\/?page_id=3380"},"modified":"2017-11-15T14:44:05","modified_gmt":"2017-11-15T14:44:05","slug":"severin-01-2012","status":"publish","type":"page","link":"https:\/\/www.pro-vo.at\/index.php\/chronik\/severin-01-2012\/","title":{"rendered":"Severin 04 2012"},"content":{"rendered":"<h1>Klassenabend Klavier<\/h1>\n<p>Nachmittag am Klavier<br \/>\nSeverin Chen<\/p>\n<p>Samstag, 14. April 2012<br \/>\n15:00<br \/>\nGro\u00dfer Veranstaltungsraum<\/p>\n<p><a href=\"http:\/\/www.pro-vo.at\/wp-content\/uploads\/2017\/11\/Severin_1.jpg\" data-rel=\"lightbox-gallery-CYjRfQRp\" data-rl_title=\"Severin_1\" data-rl_caption=\"\" title=\"Severin_1\"><img loading=\"lazy\" decoding=\"async\" class=\"alignnone size-thumbnail wp-image-3381\" src=\"http:\/\/www.pro-vo.at\/wp-content\/uploads\/2017\/11\/Severin_1-150x150.jpg\" alt=\"\" width=\"150\" height=\"150\" \/><\/a><\/p>\n<p>Das Programm:<\/p>\n<p>Elias<br \/>\nUnterwegs (Karin Daxb\u00f6ck)<\/p>\n<p>Evelyn<br \/>\nF\u00fcr Alina (Arvo P\u00e4rt)<\/p>\n<p>Hilde *<br \/>\nModerato (Ferdinand Beyer)<br \/>\nTango a medianoche (Manfred Schmitz)<\/p>\n<p>Martin<br \/>\nAtmosphere (J\u00fcrgen Moser)<\/p>\n<p>Sofie *<br \/>\nRiver flows in you (Yiruma)<\/p>\n<p>Evelyn<br \/>\nStefania<br \/>\nJokerblues (Manfred Schmitz)<br \/>\n<a href=\"http:\/\/www.pro-vo.at\/index.php\/chronik\/\">Zur\u00fcck zur Chronik<\/a><br \/>\n&nbsp;<\/p>\n<p>&nbsp;<\/p>\n<p>&nbsp;<\/p>\n<p>*=als Gast<\/p>\n<p>&nbsp;<\/p>\n","protected":false},"excerpt":{"rendered":"<p>Klassenabend Klavier Nachmittag am Klavier Severin Chen Samstag, 14. April 2012 15:00 Gro\u00dfer Veranstaltungsraum Das Programm: Elias Unterwegs (Karin Daxb\u00f6ck) Evelyn F\u00fcr Alina (Arvo P\u00e4rt) Hilde * Moderato (Ferdinand Beyer) Tango a medianoche (Manfred Schmitz) Martin Atmosphere (J\u00fcrgen Moser) Sofie * River flows in you (Yiruma) Evelyn Stefania Jokerblues (Manfred Schmitz) Zur\u00fcck zur Chronik &nbsp; &#8230; <a title=\"Severin 04 2012\" class=\"read-more\" href=\"https:\/\/www.pro-vo.at\/index.php\/chronik\/severin-01-2012\/\" aria-label=\"Mehr Informationen \u00fcber Severin 04 2012\">Weiterlesen<\/a><\/p>\n","protected":false},"author":1,"featured_media":0,"parent":28,"menu_order":0,"comment_status":"closed","ping_status":"closed","template":"","meta":{"footnotes":""},"class_list":["post-3380","page","type-page","status-publish"],"_links":{"self":[{"href":"https:\/\/www.pro-vo.at\/index.php\/wp-json\/wp\/v2\/pages\/3380","targetHints":{"allow":["GET"]}}],"collection":[{"href":"https:\/\/www.pro-vo.at\/index.php\/wp-json\/wp\/v2\/pages"}],"about":[{"href":"https:\/\/www.pro-vo.at\/index.php\/wp-json\/wp\/v2\/types\/page"}],"author":[{"embeddable":true,"href":"https:\/\/www.pro-vo.at\/index.php\/wp-json\/wp\/v2\/users\/1"}],"replies":[{"embeddable":true,"href":"https:\/\/www.pro-vo.at\/index.php\/wp-json\/wp\/v2\/comments?post=3380"}],"version-history":[{"count":2,"href":"https:\/\/www.pro-vo.at\/index.php\/wp-json\/wp\/v2\/pages\/3380\/revisions"}],"predecessor-version":[{"id":3383,"href":"https:\/\/www.pro-vo.at\/index.php\/wp-json\/wp\/v2\/pages\/3380\/revisions\/3383"}],"up":[{"embeddable":true,"href":"https:\/\/www.pro-vo.at\/index.php\/wp-json\/wp\/v2\/pages\/28"}],"wp:attachment":[{"href":"https:\/\/www.pro-vo.at\/index.php\/wp-json\/wp\/v2\/media?parent=3380"}],"curies":[{"name":"wp","href":"https:\/\/api.w.org\/{rel}","templated":true}]}}