{"id":3312,"date":"2017-11-15T14:33:51","date_gmt":"2017-11-15T14:33:51","guid":{"rendered":"http:\/\/www.pro-vo.at\/?page_id=3312"},"modified":"2017-11-15T14:33:51","modified_gmt":"2017-11-15T14:33:51","slug":"advent-2013","status":"publish","type":"page","link":"https:\/\/www.pro-vo.at\/index.php\/chronik\/advent-2013\/","title":{"rendered":"Advent 2013"},"content":{"rendered":"<h1>Advent 2013<\/h1>\n<p>Mittwoch, 04. Dezember 2013<br \/>\n17:30<\/p>\n<p>Festsaal der Bezirksvorstehung im 15. Bezirk<br \/>\nGasgasse 8 &#8211; 10<br \/>\nEingang Rosinagasse 4<\/p>\n<p>Es musizierten Sch\u00fclerinnen und Sch\u00fcler, sowie Lehrerinnen und Lehrer der pro-vo<\/p>\n<p>&nbsp;<\/p>\n<p><a href=\"http:\/\/www.pro-vo.at\/wp-content\/uploads\/2017\/11\/1-5.jpg\" data-rel=\"lightbox-gallery-HtcjXlhV\" data-rl_title=\"1\" data-rl_caption=\"\" title=\"1\"><img loading=\"lazy\" decoding=\"async\" class=\"alignnone size-thumbnail wp-image-3313\" src=\"http:\/\/www.pro-vo.at\/wp-content\/uploads\/2017\/11\/1-5-150x150.jpg\" alt=\"\" width=\"150\" height=\"150\" \/><\/a> <a href=\"http:\/\/www.pro-vo.at\/wp-content\/uploads\/2017\/11\/2-5.jpg\" data-rel=\"lightbox-gallery-HtcjXlhV\" data-rl_title=\"2\" data-rl_caption=\"\" title=\"2\"><img loading=\"lazy\" decoding=\"async\" class=\"alignnone size-thumbnail wp-image-3314\" src=\"http:\/\/www.pro-vo.at\/wp-content\/uploads\/2017\/11\/2-5-150x150.jpg\" alt=\"\" width=\"150\" height=\"150\" \/><\/a> <a href=\"http:\/\/www.pro-vo.at\/wp-content\/uploads\/2017\/11\/3-5.jpg\" data-rel=\"lightbox-gallery-HtcjXlhV\" data-rl_title=\"3\" data-rl_caption=\"\" title=\"3\"><img loading=\"lazy\" decoding=\"async\" class=\"alignnone size-thumbnail wp-image-3315\" src=\"http:\/\/www.pro-vo.at\/wp-content\/uploads\/2017\/11\/3-5-150x150.jpg\" alt=\"\" width=\"150\" height=\"150\" \/><\/a> <a href=\"http:\/\/www.pro-vo.at\/wp-content\/uploads\/2017\/11\/4-5.jpg\" data-rel=\"lightbox-gallery-HtcjXlhV\" data-rl_title=\"4\" data-rl_caption=\"\" title=\"4\"><img loading=\"lazy\" decoding=\"async\" class=\"alignnone size-thumbnail wp-image-3316\" src=\"http:\/\/www.pro-vo.at\/wp-content\/uploads\/2017\/11\/4-5-150x150.jpg\" alt=\"\" width=\"150\" height=\"150\" \/><\/a> <a href=\"http:\/\/www.pro-vo.at\/wp-content\/uploads\/2017\/11\/5-5.jpg\" data-rel=\"lightbox-gallery-HtcjXlhV\" data-rl_title=\"5\" data-rl_caption=\"\" title=\"5\"><img loading=\"lazy\" decoding=\"async\" class=\"alignnone size-thumbnail wp-image-3317\" src=\"http:\/\/www.pro-vo.at\/wp-content\/uploads\/2017\/11\/5-5-150x150.jpg\" alt=\"\" width=\"150\" height=\"150\" \/><\/a> <a href=\"http:\/\/www.pro-vo.at\/wp-content\/uploads\/2017\/11\/6-5.jpg\" data-rel=\"lightbox-gallery-HtcjXlhV\" data-rl_title=\"6\" data-rl_caption=\"\" title=\"6\"><img loading=\"lazy\" decoding=\"async\" class=\"alignnone size-thumbnail wp-image-3318\" src=\"http:\/\/www.pro-vo.at\/wp-content\/uploads\/2017\/11\/6-5-150x150.jpg\" alt=\"\" width=\"150\" height=\"150\" \/><\/a> <a href=\"http:\/\/www.pro-vo.at\/wp-content\/uploads\/2017\/11\/7-5.jpg\" data-rel=\"lightbox-gallery-HtcjXlhV\" data-rl_title=\"7\" data-rl_caption=\"\" title=\"7\"><img loading=\"lazy\" decoding=\"async\" class=\"alignnone size-thumbnail wp-image-3319\" src=\"http:\/\/www.pro-vo.at\/wp-content\/uploads\/2017\/11\/7-5-150x150.jpg\" alt=\"\" width=\"150\" height=\"150\" \/><\/a> <a href=\"http:\/\/www.pro-vo.at\/wp-content\/uploads\/2017\/11\/8-5.jpg\" data-rel=\"lightbox-gallery-HtcjXlhV\" data-rl_title=\"8\" data-rl_caption=\"\" title=\"8\"><img loading=\"lazy\" decoding=\"async\" class=\"alignnone size-thumbnail wp-image-3320\" src=\"http:\/\/www.pro-vo.at\/wp-content\/uploads\/2017\/11\/8-5-150x150.jpg\" alt=\"\" width=\"150\" height=\"150\" \/><\/a> <a href=\"http:\/\/www.pro-vo.at\/wp-content\/uploads\/2017\/11\/9-5.jpg\" data-rel=\"lightbox-gallery-HtcjXlhV\" data-rl_title=\"9\" data-rl_caption=\"\" title=\"9\"><img loading=\"lazy\" decoding=\"async\" class=\"alignnone size-thumbnail wp-image-3321\" src=\"http:\/\/www.pro-vo.at\/wp-content\/uploads\/2017\/11\/9-5-150x150.jpg\" alt=\"\" width=\"150\" height=\"150\" \/><\/a> <a href=\"http:\/\/www.pro-vo.at\/wp-content\/uploads\/2017\/11\/10-8.jpg\" data-rel=\"lightbox-gallery-HtcjXlhV\" data-rl_title=\"10\" data-rl_caption=\"\" title=\"10\"><img loading=\"lazy\" decoding=\"async\" class=\"alignnone size-thumbnail wp-image-3322\" src=\"http:\/\/www.pro-vo.at\/wp-content\/uploads\/2017\/11\/10-8-150x150.jpg\" alt=\"\" width=\"150\" height=\"150\" \/><\/a> <a href=\"http:\/\/www.pro-vo.at\/wp-content\/uploads\/2017\/11\/11-7.jpg\" data-rel=\"lightbox-gallery-HtcjXlhV\" data-rl_title=\"11\" data-rl_caption=\"\" title=\"11\"><img loading=\"lazy\" decoding=\"async\" class=\"alignnone size-thumbnail wp-image-3323\" src=\"http:\/\/www.pro-vo.at\/wp-content\/uploads\/2017\/11\/11-7-150x150.jpg\" alt=\"\" width=\"150\" height=\"150\" \/><\/a> <a href=\"http:\/\/www.pro-vo.at\/wp-content\/uploads\/2017\/11\/12-7.jpg\" data-rel=\"lightbox-gallery-HtcjXlhV\" data-rl_title=\"12\" data-rl_caption=\"\" title=\"12\"><img loading=\"lazy\" decoding=\"async\" class=\"alignnone size-thumbnail wp-image-3324\" src=\"http:\/\/www.pro-vo.at\/wp-content\/uploads\/2017\/11\/12-7-150x150.jpg\" alt=\"\" width=\"150\" height=\"150\" \/><\/a> <a href=\"http:\/\/www.pro-vo.at\/wp-content\/uploads\/2017\/11\/13-6.jpg\" data-rel=\"lightbox-gallery-HtcjXlhV\" data-rl_title=\"13\" data-rl_caption=\"\" title=\"13\"><img loading=\"lazy\" decoding=\"async\" class=\"alignnone size-thumbnail wp-image-3325\" src=\"http:\/\/www.pro-vo.at\/wp-content\/uploads\/2017\/11\/13-6-150x150.jpg\" alt=\"\" width=\"150\" height=\"150\" \/><\/a> <a href=\"http:\/\/www.pro-vo.at\/wp-content\/uploads\/2017\/11\/14-6.jpg\" data-rel=\"lightbox-gallery-HtcjXlhV\" data-rl_title=\"14\" data-rl_caption=\"\" title=\"14\"><img loading=\"lazy\" decoding=\"async\" class=\"alignnone size-thumbnail wp-image-3326\" src=\"http:\/\/www.pro-vo.at\/wp-content\/uploads\/2017\/11\/14-6-150x150.jpg\" alt=\"\" width=\"150\" height=\"150\" \/><\/a> <a href=\"http:\/\/www.pro-vo.at\/wp-content\/uploads\/2017\/11\/15-6.jpg\" data-rel=\"lightbox-gallery-HtcjXlhV\" data-rl_title=\"15\" data-rl_caption=\"\" title=\"15\"><img loading=\"lazy\" decoding=\"async\" class=\"alignnone size-thumbnail wp-image-3327\" src=\"http:\/\/www.pro-vo.at\/wp-content\/uploads\/2017\/11\/15-6-150x150.jpg\" alt=\"\" width=\"150\" height=\"150\" \/><\/a> <a href=\"http:\/\/www.pro-vo.at\/wp-content\/uploads\/2017\/11\/16-4.jpg\" data-rel=\"lightbox-gallery-HtcjXlhV\" data-rl_title=\"16\" data-rl_caption=\"\" title=\"16\"><img loading=\"lazy\" decoding=\"async\" class=\"alignnone size-thumbnail wp-image-3328\" src=\"http:\/\/www.pro-vo.at\/wp-content\/uploads\/2017\/11\/16-4-150x150.jpg\" alt=\"\" width=\"150\" height=\"150\" \/><\/a> <a href=\"http:\/\/www.pro-vo.at\/wp-content\/uploads\/2017\/11\/17-4.jpg\" data-rel=\"lightbox-gallery-HtcjXlhV\" data-rl_title=\"17\" data-rl_caption=\"\" title=\"17\"><img loading=\"lazy\" decoding=\"async\" class=\"alignnone size-thumbnail wp-image-3329\" src=\"http:\/\/www.pro-vo.at\/wp-content\/uploads\/2017\/11\/17-4-150x150.jpg\" alt=\"\" width=\"150\" height=\"150\" \/><\/a> <a href=\"http:\/\/www.pro-vo.at\/wp-content\/uploads\/2017\/11\/18-4.jpg\" data-rel=\"lightbox-gallery-HtcjXlhV\" data-rl_title=\"18\" data-rl_caption=\"\" title=\"18\"><img loading=\"lazy\" decoding=\"async\" class=\"alignnone size-thumbnail wp-image-3330\" src=\"http:\/\/www.pro-vo.at\/wp-content\/uploads\/2017\/11\/18-4-150x150.jpg\" alt=\"\" width=\"150\" height=\"150\" \/><\/a> <a href=\"http:\/\/www.pro-vo.at\/wp-content\/uploads\/2017\/11\/19-4.jpg\" data-rel=\"lightbox-gallery-HtcjXlhV\" data-rl_title=\"19\" data-rl_caption=\"\" title=\"19\"><img loading=\"lazy\" decoding=\"async\" class=\"alignnone size-thumbnail wp-image-3331\" src=\"http:\/\/www.pro-vo.at\/wp-content\/uploads\/2017\/11\/19-4-150x150.jpg\" alt=\"\" width=\"150\" height=\"150\" \/><\/a> <a href=\"http:\/\/www.pro-vo.at\/wp-content\/uploads\/2017\/11\/20-4.jpg\" data-rel=\"lightbox-gallery-HtcjXlhV\" data-rl_title=\"20\" data-rl_caption=\"\" title=\"20\"><img loading=\"lazy\" decoding=\"async\" class=\"alignnone size-thumbnail wp-image-3332\" src=\"http:\/\/www.pro-vo.at\/wp-content\/uploads\/2017\/11\/20-4-150x150.jpg\" alt=\"\" width=\"150\" height=\"150\" \/><\/a> <a href=\"http:\/\/www.pro-vo.at\/wp-content\/uploads\/2017\/11\/21-4.jpg\" data-rel=\"lightbox-gallery-HtcjXlhV\" data-rl_title=\"21\" data-rl_caption=\"\" title=\"21\"><img loading=\"lazy\" decoding=\"async\" class=\"alignnone size-thumbnail wp-image-3333\" src=\"http:\/\/www.pro-vo.at\/wp-content\/uploads\/2017\/11\/21-4-150x150.jpg\" alt=\"\" width=\"150\" height=\"150\" \/><\/a> <a href=\"http:\/\/www.pro-vo.at\/wp-content\/uploads\/2017\/11\/22-4.jpg\" data-rel=\"lightbox-gallery-HtcjXlhV\" data-rl_title=\"22\" data-rl_caption=\"\" title=\"22\"><img loading=\"lazy\" decoding=\"async\" class=\"alignnone size-thumbnail wp-image-3334\" src=\"http:\/\/www.pro-vo.at\/wp-content\/uploads\/2017\/11\/22-4-150x150.jpg\" alt=\"\" width=\"150\" height=\"150\" \/><\/a> <a href=\"http:\/\/www.pro-vo.at\/wp-content\/uploads\/2017\/11\/22a.jpg\" data-rel=\"lightbox-gallery-HtcjXlhV\" data-rl_title=\"22a\" data-rl_caption=\"\" title=\"22a\"><img loading=\"lazy\" decoding=\"async\" class=\"alignnone size-thumbnail wp-image-3335\" src=\"http:\/\/www.pro-vo.at\/wp-content\/uploads\/2017\/11\/22a-150x150.jpg\" alt=\"\" width=\"150\" height=\"150\" \/><\/a> <a href=\"http:\/\/www.pro-vo.at\/wp-content\/uploads\/2017\/11\/23-4.jpg\" data-rel=\"lightbox-gallery-HtcjXlhV\" data-rl_title=\"23\" data-rl_caption=\"\" title=\"23\"><img loading=\"lazy\" decoding=\"async\" class=\"alignnone size-thumbnail wp-image-3336\" src=\"http:\/\/www.pro-vo.at\/wp-content\/uploads\/2017\/11\/23-4-150x150.jpg\" alt=\"\" width=\"150\" height=\"150\" \/><\/a> <a href=\"http:\/\/www.pro-vo.at\/wp-content\/uploads\/2017\/11\/24-4.jpg\" data-rel=\"lightbox-gallery-HtcjXlhV\" data-rl_title=\"24\" data-rl_caption=\"\" title=\"24\"><img loading=\"lazy\" decoding=\"async\" class=\"alignnone size-thumbnail wp-image-3337\" src=\"http:\/\/www.pro-vo.at\/wp-content\/uploads\/2017\/11\/24-4-150x150.jpg\" alt=\"\" width=\"150\" height=\"150\" \/><\/a> <a href=\"http:\/\/www.pro-vo.at\/wp-content\/uploads\/2017\/11\/25-4.jpg\" data-rel=\"lightbox-gallery-HtcjXlhV\" data-rl_title=\"25\" data-rl_caption=\"\" title=\"25\"><img loading=\"lazy\" decoding=\"async\" class=\"alignnone size-thumbnail wp-image-3338\" src=\"http:\/\/www.pro-vo.at\/wp-content\/uploads\/2017\/11\/25-4-150x150.jpg\" alt=\"\" width=\"150\" height=\"150\" \/><\/a> <a href=\"http:\/\/www.pro-vo.at\/wp-content\/uploads\/2017\/11\/26-3.jpg\" data-rel=\"lightbox-gallery-HtcjXlhV\" data-rl_title=\"26\" data-rl_caption=\"\" title=\"26\"><img loading=\"lazy\" decoding=\"async\" class=\"alignnone size-thumbnail wp-image-3339\" src=\"http:\/\/www.pro-vo.at\/wp-content\/uploads\/2017\/11\/26-3-150x150.jpg\" alt=\"\" width=\"150\" height=\"150\" \/><\/a> <a href=\"http:\/\/www.pro-vo.at\/wp-content\/uploads\/2017\/11\/27-3.jpg\" data-rel=\"lightbox-gallery-HtcjXlhV\" data-rl_title=\"27\" data-rl_caption=\"\" title=\"27\"><img loading=\"lazy\" decoding=\"async\" class=\"alignnone size-thumbnail wp-image-3340\" src=\"http:\/\/www.pro-vo.at\/wp-content\/uploads\/2017\/11\/27-3-150x150.jpg\" alt=\"\" width=\"150\" height=\"150\" \/><\/a> <a href=\"http:\/\/www.pro-vo.at\/wp-content\/uploads\/2017\/11\/28-3.jpg\" data-rel=\"lightbox-gallery-HtcjXlhV\" data-rl_title=\"28\" data-rl_caption=\"\" title=\"28\"><img loading=\"lazy\" decoding=\"async\" class=\"alignnone size-thumbnail wp-image-3341\" src=\"http:\/\/www.pro-vo.at\/wp-content\/uploads\/2017\/11\/28-3-150x150.jpg\" alt=\"\" width=\"150\" height=\"150\" \/><\/a> <a href=\"http:\/\/www.pro-vo.at\/wp-content\/uploads\/2017\/11\/29-3.jpg\" data-rel=\"lightbox-gallery-HtcjXlhV\" data-rl_title=\"29\" data-rl_caption=\"\" title=\"29\"><img loading=\"lazy\" decoding=\"async\" class=\"alignnone size-thumbnail wp-image-3342\" src=\"http:\/\/www.pro-vo.at\/wp-content\/uploads\/2017\/11\/29-3-150x150.jpg\" alt=\"\" width=\"150\" height=\"150\" \/><\/a> <a href=\"http:\/\/www.pro-vo.at\/wp-content\/uploads\/2017\/11\/30-3.jpg\" data-rel=\"lightbox-gallery-HtcjXlhV\" data-rl_title=\"30\" data-rl_caption=\"\" title=\"30\"><img loading=\"lazy\" decoding=\"async\" class=\"alignnone size-thumbnail wp-image-3343\" src=\"http:\/\/www.pro-vo.at\/wp-content\/uploads\/2017\/11\/30-3-150x150.jpg\" alt=\"\" width=\"150\" height=\"150\" \/><\/a> <a href=\"http:\/\/www.pro-vo.at\/wp-content\/uploads\/2017\/11\/31-3.jpg\" data-rel=\"lightbox-gallery-HtcjXlhV\" data-rl_title=\"31\" data-rl_caption=\"\" title=\"31\"><img loading=\"lazy\" decoding=\"async\" class=\"alignnone size-thumbnail wp-image-3344\" src=\"http:\/\/www.pro-vo.at\/wp-content\/uploads\/2017\/11\/31-3-150x150.jpg\" alt=\"\" width=\"150\" height=\"150\" \/><\/a> <a href=\"http:\/\/www.pro-vo.at\/wp-content\/uploads\/2017\/11\/32-3.jpg\" data-rel=\"lightbox-gallery-HtcjXlhV\" data-rl_title=\"32\" data-rl_caption=\"\" title=\"32\"><img loading=\"lazy\" decoding=\"async\" class=\"alignnone size-thumbnail wp-image-3345\" src=\"http:\/\/www.pro-vo.at\/wp-content\/uploads\/2017\/11\/32-3-150x150.jpg\" alt=\"\" width=\"150\" height=\"150\" \/><\/a> <a href=\"http:\/\/www.pro-vo.at\/wp-content\/uploads\/2017\/11\/33-3.jpg\" data-rel=\"lightbox-gallery-HtcjXlhV\" data-rl_title=\"33\" data-rl_caption=\"\" title=\"33\"><img loading=\"lazy\" decoding=\"async\" class=\"alignnone size-thumbnail wp-image-3346\" src=\"http:\/\/www.pro-vo.at\/wp-content\/uploads\/2017\/11\/33-3-150x150.jpg\" alt=\"\" width=\"150\" height=\"150\" \/><\/a> <a href=\"http:\/\/www.pro-vo.at\/wp-content\/uploads\/2017\/11\/34-3.jpg\" data-rel=\"lightbox-gallery-HtcjXlhV\" data-rl_title=\"34\" data-rl_caption=\"\" title=\"34\"><img loading=\"lazy\" decoding=\"async\" class=\"alignnone size-thumbnail wp-image-3347\" src=\"http:\/\/www.pro-vo.at\/wp-content\/uploads\/2017\/11\/34-3-150x150.jpg\" alt=\"\" width=\"150\" height=\"150\" \/><\/a> <a href=\"http:\/\/www.pro-vo.at\/wp-content\/uploads\/2017\/11\/35-3.jpg\" data-rel=\"lightbox-gallery-HtcjXlhV\" data-rl_title=\"35\" data-rl_caption=\"\" title=\"35\"><img loading=\"lazy\" decoding=\"async\" class=\"alignnone size-thumbnail wp-image-3348\" src=\"http:\/\/www.pro-vo.at\/wp-content\/uploads\/2017\/11\/35-3-150x150.jpg\" alt=\"\" width=\"150\" height=\"150\" \/><\/a> <a href=\"http:\/\/www.pro-vo.at\/wp-content\/uploads\/2017\/11\/36-2.jpg\" data-rel=\"lightbox-gallery-HtcjXlhV\" data-rl_title=\"36\" data-rl_caption=\"\" title=\"36\"><img loading=\"lazy\" decoding=\"async\" class=\"alignnone size-thumbnail wp-image-3349\" src=\"http:\/\/www.pro-vo.at\/wp-content\/uploads\/2017\/11\/36-2-150x150.jpg\" alt=\"\" width=\"150\" height=\"150\" \/><\/a><\/p>\n<p>Fotos: Harry Hammerer<\/p>\n<p>Unser Programm:<br \/>\nAmina und Florian<br \/>\nIhr Kinderlein kommet<br \/>\nSopranfl\u00f6ten (Klasse Cornelia Reutner)<\/p>\n<p>Abby und Stella<br \/>\nSchneefl\u00f6ckchen, Weissr\u00f6ckchen, Volksweise<br \/>\nKlavier (Klasse Severin Chen)<\/p>\n<p>Leonie und die Arcolinis<br \/>\nAus &#8222;Die vier Jahreszeiten&#8220;<br \/>\nWinter \u2013 2. Satz \u201eLargo\u201c<br \/>\nA. Vivaldi<br \/>\nVioline (Klasse Lisa Egger-Charvat)<\/p>\n<p>Arcolinis<br \/>\naus Ballett Suite, op. 71A, Marsch<br \/>\n&#8220; Nussknackermarsch&#8220; P.I. Tschaikowsky<br \/>\nViolinen (Klasse Lisa Egger-Charvat)<\/p>\n<p>Johannes<br \/>\nDer Hobbit, J. Hochmeister<br \/>\nGitarre (Klasse Gonzalo Manrique)<\/p>\n<p>Raphael<br \/>\nWeihnachtsharfen, Anonymus<br \/>\nFreude sch\u00f6ner G\u00f6tterfunken, L.v. Beethoven<br \/>\nKlavier (Klasse Cornelia Reutner)<\/p>\n<p>Ingrid<br \/>\nJingle bells, James Lord Pierpont<br \/>\nPoco a poco (Peruanische Folklore)<br \/>\nPanfl\u00f6te (Klasse Christian Jurado)<\/p>\n<p>Amina und Florian<br \/>\nRondo, Anonymus<br \/>\nAltfl\u00f6ten (Klasse Cornelia Reutner)<\/p>\n<p>Kristina<br \/>\nMorgen kommt der Weihnachtsmann<br \/>\nStille, stille, Volksweisen<br \/>\nKlavier (Klasse Cornelia Reutner)<\/p>\n<p>Dominik<br \/>\nImprovisation \u00dcberraschung, F. Stock<br \/>\nKleine Melodie, M. Praetorius<br \/>\nPanfl\u00f6te (Klasse Christian Jurado)<\/p>\n<p>Edlyn und Linnea<br \/>\nMenuett, Jacques Aubert<br \/>\nCouplet, Philibert de Lavigne<br \/>\nSopranfl\u00f6ten (Klasse Stephanie Minar)<\/p>\n<p>Adrian<br \/>\nIhr Kinderlein kommet, Volksweise<br \/>\nKlavier (Klasse Severin Chen)<\/p>\n<p>Mercedes (Klasse Stephanie Minar)<br \/>\nund Stephanie Minar<br \/>\nSonate F, Op. 2, erster Satz: Dolce,<br \/>\nG.P. Telemann<br \/>\nAltfl\u00f6ten<\/p>\n<p>Aline und Friederike<br \/>\nEl noi de la mare, M. Llobet<br \/>\nGitarre (Klasse Martha Manrique)<\/p>\n<p>Yukari Hagino<br \/>\nYou raise me up, Secret Garden<br \/>\nQuerfl\u00f6te<br \/>\nSeverin Chen Klavier<\/p>\n<p>Irish Stew<br \/>\nIrisches Ensemble<br \/>\nGreen grow the rushes (Reel)<br \/>\nEva (Klasse Karina Greiner)<br \/>\nund Karina Greiner<br \/>\naus Sonate f\u00fcr Fagott und Cello,<br \/>\nKV 292 W.A. Mozart<br \/>\nFagott<\/p>\n<p>Irish Stew<br \/>\nIrisches Ensemble<br \/>\nRare old Times, trad.<\/p>\n<p>&nbsp;<\/p>\n<p>Arcolinis:<br \/>\nAlice, Tariq, Maya, Keisha,<br \/>\nCarl, Sebastian Felix, Leonie,<br \/>\nEmilie, Elina<br \/>\nAssistenz: Kaoru Asayama<br \/>\nLeitung: Lisa Egger-Charvat<\/p>\n<p>Irish Stew:<br \/>\nMonika , Fritz, Christian<br \/>\nLeitung: Lisa Egger-Charvat<\/p>\n<p>Moderation:<br \/>\nElisabeth Hammerer<\/p>\n<p><a href=\"http:\/\/www.pro-vo.at\/index.php\/chronik\/\">Zur\u00fcck zur Chronik<\/a><\/p>\n<p>&nbsp;<\/p>\n<p>&nbsp;<\/p>\n","protected":false},"excerpt":{"rendered":"<p>Advent 2013 Mittwoch, 04. Dezember 2013 17:30 Festsaal der Bezirksvorstehung im 15. Bezirk Gasgasse 8 &#8211; 10 Eingang Rosinagasse 4 Es musizierten Sch\u00fclerinnen und Sch\u00fcler, sowie Lehrerinnen und Lehrer der pro-vo &nbsp; Fotos: Harry Hammerer Unser Programm: Amina und Florian Ihr Kinderlein kommet Sopranfl\u00f6ten (Klasse Cornelia Reutner) Abby und Stella Schneefl\u00f6ckchen, Weissr\u00f6ckchen, Volksweise Klavier (Klasse &#8230; <a title=\"Advent 2013\" class=\"read-more\" href=\"https:\/\/www.pro-vo.at\/index.php\/chronik\/advent-2013\/\" aria-label=\"Mehr Informationen \u00fcber Advent 2013\">Weiterlesen<\/a><\/p>\n","protected":false},"author":1,"featured_media":0,"parent":28,"menu_order":0,"comment_status":"closed","ping_status":"closed","template":"","meta":{"footnotes":""},"class_list":["post-3312","page","type-page","status-publish"],"_links":{"self":[{"href":"https:\/\/www.pro-vo.at\/index.php\/wp-json\/wp\/v2\/pages\/3312","targetHints":{"allow":["GET"]}}],"collection":[{"href":"https:\/\/www.pro-vo.at\/index.php\/wp-json\/wp\/v2\/pages"}],"about":[{"href":"https:\/\/www.pro-vo.at\/index.php\/wp-json\/wp\/v2\/types\/page"}],"author":[{"embeddable":true,"href":"https:\/\/www.pro-vo.at\/index.php\/wp-json\/wp\/v2\/users\/1"}],"replies":[{"embeddable":true,"href":"https:\/\/www.pro-vo.at\/index.php\/wp-json\/wp\/v2\/comments?post=3312"}],"version-history":[{"count":1,"href":"https:\/\/www.pro-vo.at\/index.php\/wp-json\/wp\/v2\/pages\/3312\/revisions"}],"predecessor-version":[{"id":3350,"href":"https:\/\/www.pro-vo.at\/index.php\/wp-json\/wp\/v2\/pages\/3312\/revisions\/3350"}],"up":[{"embeddable":true,"href":"https:\/\/www.pro-vo.at\/index.php\/wp-json\/wp\/v2\/pages\/28"}],"wp:attachment":[{"href":"https:\/\/www.pro-vo.at\/index.php\/wp-json\/wp\/v2\/media?parent=3312"}],"curies":[{"name":"wp","href":"https:\/\/api.w.org\/{rel}","templated":true}]}}