{"id":3152,"date":"2017-11-15T09:31:48","date_gmt":"2017-11-15T09:31:48","guid":{"rendered":"http:\/\/www.pro-vo.at\/?page_id=3152"},"modified":"2017-11-15T09:31:48","modified_gmt":"2017-11-15T09:31:48","slug":"lisa-12-2011","status":"publish","type":"page","link":"https:\/\/www.pro-vo.at\/index.php\/chronik\/lisa-12-2011\/","title":{"rendered":"Lisa 12 2011"},"content":{"rendered":"<h1>Geigen-Vorspielabend<\/h1>\n<p>Donnerstag, 22. 12. 2011 um 18.30 Uhr<br \/>\nEs spielten Sch\u00fcler der Violinklasse Mag. Lisa Charvat<br \/>\nAm Klavier: Petra Reichel<\/p>\n<p>&nbsp;<\/p>\n<p><a href=\"http:\/\/www.pro-vo.at\/wp-content\/uploads\/2017\/11\/Lisa_01.jpg\" data-rel=\"lightbox-gallery-uPGNiPgH\" data-rl_title=\"Lisa_01\" data-rl_caption=\"\" title=\"Lisa_01\"><img loading=\"lazy\" decoding=\"async\" class=\"alignnone size-thumbnail wp-image-3153\" src=\"http:\/\/www.pro-vo.at\/wp-content\/uploads\/2017\/11\/Lisa_01-150x150.jpg\" alt=\"\" width=\"150\" height=\"150\" \/><\/a> <a href=\"http:\/\/www.pro-vo.at\/wp-content\/uploads\/2017\/11\/Lisa_02.jpg\" data-rel=\"lightbox-gallery-uPGNiPgH\" data-rl_title=\"Lisa_02\" data-rl_caption=\"\" title=\"Lisa_02\"><img loading=\"lazy\" decoding=\"async\" class=\"alignnone size-thumbnail wp-image-3154\" src=\"http:\/\/www.pro-vo.at\/wp-content\/uploads\/2017\/11\/Lisa_02-150x150.jpg\" alt=\"\" width=\"150\" height=\"150\" \/><\/a> <a href=\"http:\/\/www.pro-vo.at\/wp-content\/uploads\/2017\/11\/Lisa_03.jpg\" data-rel=\"lightbox-gallery-uPGNiPgH\" data-rl_title=\"Lisa_03\" data-rl_caption=\"\" title=\"Lisa_03\"><img loading=\"lazy\" decoding=\"async\" class=\"alignnone size-thumbnail wp-image-3155\" src=\"http:\/\/www.pro-vo.at\/wp-content\/uploads\/2017\/11\/Lisa_03-150x150.jpg\" alt=\"\" width=\"150\" height=\"150\" \/><\/a> <a href=\"http:\/\/www.pro-vo.at\/wp-content\/uploads\/2017\/11\/Lisa_04.jpg\" data-rel=\"lightbox-gallery-uPGNiPgH\" data-rl_title=\"Lisa_04\" data-rl_caption=\"\" title=\"Lisa_04\"><img loading=\"lazy\" decoding=\"async\" class=\"alignnone size-thumbnail wp-image-3156\" src=\"http:\/\/www.pro-vo.at\/wp-content\/uploads\/2017\/11\/Lisa_04-150x150.jpg\" alt=\"\" width=\"150\" height=\"150\" \/><\/a> <a href=\"http:\/\/www.pro-vo.at\/wp-content\/uploads\/2017\/11\/Lisa_05.jpg\" data-rel=\"lightbox-gallery-uPGNiPgH\" data-rl_title=\"Lisa_05\" data-rl_caption=\"\" title=\"Lisa_05\"><img loading=\"lazy\" decoding=\"async\" class=\"alignnone size-thumbnail wp-image-3157\" src=\"http:\/\/www.pro-vo.at\/wp-content\/uploads\/2017\/11\/Lisa_05-150x150.jpg\" alt=\"\" width=\"150\" height=\"150\" \/><\/a> <a href=\"http:\/\/www.pro-vo.at\/wp-content\/uploads\/2017\/11\/Lisa_06.jpg\" data-rel=\"lightbox-gallery-uPGNiPgH\" data-rl_title=\"Lisa_06\" data-rl_caption=\"\" title=\"Lisa_06\"><img loading=\"lazy\" decoding=\"async\" class=\"alignnone size-thumbnail wp-image-3158\" src=\"http:\/\/www.pro-vo.at\/wp-content\/uploads\/2017\/11\/Lisa_06-150x150.jpg\" alt=\"\" width=\"150\" height=\"150\" \/><\/a> <a href=\"http:\/\/www.pro-vo.at\/wp-content\/uploads\/2017\/11\/Lisa_07.jpg\" data-rel=\"lightbox-gallery-uPGNiPgH\" data-rl_title=\"Lisa_07\" data-rl_caption=\"\" title=\"Lisa_07\"><img loading=\"lazy\" decoding=\"async\" class=\"alignnone size-thumbnail wp-image-3159\" src=\"http:\/\/www.pro-vo.at\/wp-content\/uploads\/2017\/11\/Lisa_07-150x150.jpg\" alt=\"\" width=\"150\" height=\"150\" \/><\/a> <a href=\"http:\/\/www.pro-vo.at\/wp-content\/uploads\/2017\/11\/Lisa_08.jpg\" data-rel=\"lightbox-gallery-uPGNiPgH\" data-rl_title=\"Lisa_08\" data-rl_caption=\"\" title=\"Lisa_08\"><img loading=\"lazy\" decoding=\"async\" class=\"alignnone size-thumbnail wp-image-3160\" src=\"http:\/\/www.pro-vo.at\/wp-content\/uploads\/2017\/11\/Lisa_08-150x150.jpg\" alt=\"\" width=\"150\" height=\"150\" \/><\/a> <a href=\"http:\/\/www.pro-vo.at\/wp-content\/uploads\/2017\/11\/Lisa_09.jpg\" data-rel=\"lightbox-gallery-uPGNiPgH\" data-rl_title=\"Lisa_09\" data-rl_caption=\"\" title=\"Lisa_09\"><img loading=\"lazy\" decoding=\"async\" class=\"alignnone size-thumbnail wp-image-3161\" src=\"http:\/\/www.pro-vo.at\/wp-content\/uploads\/2017\/11\/Lisa_09-150x150.jpg\" alt=\"\" width=\"150\" height=\"150\" \/><\/a> <a href=\"http:\/\/www.pro-vo.at\/wp-content\/uploads\/2017\/11\/Lisa_10.jpg\" data-rel=\"lightbox-gallery-uPGNiPgH\" data-rl_title=\"Lisa_10\" data-rl_caption=\"\" title=\"Lisa_10\"><img loading=\"lazy\" decoding=\"async\" class=\"alignnone size-thumbnail wp-image-3162\" src=\"http:\/\/www.pro-vo.at\/wp-content\/uploads\/2017\/11\/Lisa_10-150x150.jpg\" alt=\"\" width=\"150\" height=\"150\" \/><\/a><\/p>\n<p>\u201eSchneefl\u00f6ckchen, Wei\u00dfr\u00f6ckchen\u201c<br \/>\n\u201eIn der Weihnachtsb\u00e4ckerei\u201c (R. Zuckowski)<br \/>\nGeigenensemble<\/p>\n<p>Menuett (L. Boccerini)<br \/>\nMonika<\/p>\n<p>\u201eMorgen kommt der Weihnachtsmann\u201c<br \/>\nEmilie und Zoe<\/p>\n<p>Pr\u00e4ludium (J.S. Bach)<br \/>\nClara<\/p>\n<p>\u201eJingle Bells\u201c<br \/>\nFelix (Violine) und<br \/>\nDanilo (Klavier: Klasse Nina Haslmayr)<\/p>\n<p>\u201eSchneefl\u00f6ckchen\u201c<br \/>\nSebastian Zeno<\/p>\n<p>\u201eIhr Kinderlein kommet\u201c<br \/>\nEmilie<\/p>\n<p>\u201eArielles Wellenreise\u201c (A. Holzer-Rhomberg)<br \/>\nAlice<\/p>\n<p>\u201eAir Varie No.1\u201c (C. Dancla)<br \/>\nClara<\/p>\n<p>\u201eAlle Jahre wieder\u201c<br \/>\nGeigenensemble und Publikumschor<\/p>\n<p><a href=\"http:\/\/www.pro-vo.at\/index.php\/chronik\/\">Zur\u00fcck zur Chronik<\/a><\/p>\n","protected":false},"excerpt":{"rendered":"<p>Geigen-Vorspielabend Donnerstag, 22. 12. 2011 um 18.30 Uhr Es spielten Sch\u00fcler der Violinklasse Mag. Lisa Charvat Am Klavier: Petra Reichel &nbsp; \u201eSchneefl\u00f6ckchen, Wei\u00dfr\u00f6ckchen\u201c \u201eIn der Weihnachtsb\u00e4ckerei\u201c (R. Zuckowski) Geigenensemble Menuett (L. Boccerini) Monika \u201eMorgen kommt der Weihnachtsmann\u201c Emilie und Zoe Pr\u00e4ludium (J.S. Bach) Clara \u201eJingle Bells\u201c Felix (Violine) und Danilo (Klavier: Klasse Nina Haslmayr) \u201eSchneefl\u00f6ckchen\u201c &#8230; <a title=\"Lisa 12 2011\" class=\"read-more\" href=\"https:\/\/www.pro-vo.at\/index.php\/chronik\/lisa-12-2011\/\" aria-label=\"Mehr Informationen \u00fcber Lisa 12 2011\">Weiterlesen<\/a><\/p>\n","protected":false},"author":1,"featured_media":0,"parent":28,"menu_order":0,"comment_status":"closed","ping_status":"closed","template":"","meta":{"footnotes":""},"class_list":["post-3152","page","type-page","status-publish"],"_links":{"self":[{"href":"https:\/\/www.pro-vo.at\/index.php\/wp-json\/wp\/v2\/pages\/3152","targetHints":{"allow":["GET"]}}],"collection":[{"href":"https:\/\/www.pro-vo.at\/index.php\/wp-json\/wp\/v2\/pages"}],"about":[{"href":"https:\/\/www.pro-vo.at\/index.php\/wp-json\/wp\/v2\/types\/page"}],"author":[{"embeddable":true,"href":"https:\/\/www.pro-vo.at\/index.php\/wp-json\/wp\/v2\/users\/1"}],"replies":[{"embeddable":true,"href":"https:\/\/www.pro-vo.at\/index.php\/wp-json\/wp\/v2\/comments?post=3152"}],"version-history":[{"count":1,"href":"https:\/\/www.pro-vo.at\/index.php\/wp-json\/wp\/v2\/pages\/3152\/revisions"}],"predecessor-version":[{"id":3163,"href":"https:\/\/www.pro-vo.at\/index.php\/wp-json\/wp\/v2\/pages\/3152\/revisions\/3163"}],"up":[{"embeddable":true,"href":"https:\/\/www.pro-vo.at\/index.php\/wp-json\/wp\/v2\/pages\/28"}],"wp:attachment":[{"href":"https:\/\/www.pro-vo.at\/index.php\/wp-json\/wp\/v2\/media?parent=3152"}],"curies":[{"name":"wp","href":"https:\/\/api.w.org\/{rel}","templated":true}]}}