{"id":3140,"date":"2017-11-15T09:28:13","date_gmt":"2017-11-15T09:28:13","guid":{"rendered":"http:\/\/www.pro-vo.at\/?page_id=3140"},"modified":"2017-11-15T09:28:26","modified_gmt":"2017-11-15T09:28:26","slug":"videodancing","status":"publish","type":"page","link":"https:\/\/www.pro-vo.at\/index.php\/chronik\/videodancing\/","title":{"rendered":"Videodancing"},"content":{"rendered":"<h1>Videodancing<\/h1>\n<p>mit Jasmin Bilek<\/p>\n<p>19.11.2011<br \/>\ngro\u00dfer Veranstaltungsraum<\/p>\n<p>Es wird eine Performance zu Taio Cruz &#8211; Dynamite erarbeitet.<\/p>\n<p>Jasmin ist S\u00e4ngerin und Darstellerin der ersten \u00f6sterreichischen Band f\u00fcr Kids &#8222;ROSA&#8220; und als &#8222;Annabelle&#8220; in der<br \/>\nORF-Okidoki-Produktion &#8222;Freddy\u2019s Freunde&#8220; zu sehen.<br \/>\nSie hat Unterrichtserfahrungen im Tanz (Ballett, Jazz, Hip Hop, Cheer Dance) f\u00fcr Kinder, Jugendliche und Erwachsene im Fitness-Studio Manhatten,<br \/>\nals Trainerin der Nachwuchsgruppe der Milleniumdancers und im Performing Center Austria.<\/p>\n<p><a href=\"http:\/\/www.pro-vo.at\/wp-content\/uploads\/2017\/11\/Video_1.jpg\" data-rel=\"lightbox-gallery-VLMNwUcR\" data-rl_title=\"Video_1\" data-rl_caption=\"\" title=\"Video_1\"><img loading=\"lazy\" decoding=\"async\" class=\"alignnone size-thumbnail wp-image-3141\" src=\"http:\/\/www.pro-vo.at\/wp-content\/uploads\/2017\/11\/Video_1-150x150.jpg\" alt=\"\" width=\"150\" height=\"150\" \/><\/a> <a href=\"http:\/\/www.pro-vo.at\/wp-content\/uploads\/2017\/11\/Video_2.jpg\" data-rel=\"lightbox-gallery-VLMNwUcR\" data-rl_title=\"Video_2\" data-rl_caption=\"\" title=\"Video_2\"><img loading=\"lazy\" decoding=\"async\" class=\"alignnone size-thumbnail wp-image-3142\" src=\"http:\/\/www.pro-vo.at\/wp-content\/uploads\/2017\/11\/Video_2-150x150.jpg\" alt=\"\" width=\"150\" height=\"150\" \/><\/a> <a href=\"http:\/\/www.pro-vo.at\/wp-content\/uploads\/2017\/11\/Video_3.jpg\" data-rel=\"lightbox-gallery-VLMNwUcR\" data-rl_title=\"Video_3\" data-rl_caption=\"\" title=\"Video_3\"><img loading=\"lazy\" decoding=\"async\" class=\"alignnone size-thumbnail wp-image-3143\" src=\"http:\/\/www.pro-vo.at\/wp-content\/uploads\/2017\/11\/Video_3-150x150.jpg\" alt=\"\" width=\"150\" height=\"150\" \/><\/a> <a href=\"http:\/\/www.pro-vo.at\/wp-content\/uploads\/2017\/11\/Video_4.jpg\" data-rel=\"lightbox-gallery-VLMNwUcR\" data-rl_title=\"Video_4\" data-rl_caption=\"\" title=\"Video_4\"><img loading=\"lazy\" decoding=\"async\" class=\"alignnone size-thumbnail wp-image-3144\" src=\"http:\/\/www.pro-vo.at\/wp-content\/uploads\/2017\/11\/Video_4-150x150.jpg\" alt=\"\" width=\"150\" height=\"150\" \/><\/a> <a href=\"http:\/\/www.pro-vo.at\/wp-content\/uploads\/2017\/11\/Video_5.jpg\" data-rel=\"lightbox-gallery-VLMNwUcR\" data-rl_title=\"Video_5\" data-rl_caption=\"\" title=\"Video_5\"><img loading=\"lazy\" decoding=\"async\" class=\"alignnone size-thumbnail wp-image-3145\" src=\"http:\/\/www.pro-vo.at\/wp-content\/uploads\/2017\/11\/Video_5-150x150.jpg\" alt=\"\" width=\"150\" height=\"150\" \/><\/a> <a href=\"http:\/\/www.pro-vo.at\/wp-content\/uploads\/2017\/11\/Video_6.jpg\" data-rel=\"lightbox-gallery-VLMNwUcR\" data-rl_title=\"Video_6\" data-rl_caption=\"\" title=\"Video_6\"><img loading=\"lazy\" decoding=\"async\" class=\"alignnone size-thumbnail wp-image-3146\" src=\"http:\/\/www.pro-vo.at\/wp-content\/uploads\/2017\/11\/Video_6-150x150.jpg\" alt=\"\" width=\"150\" height=\"150\" \/><\/a> <a href=\"http:\/\/www.pro-vo.at\/wp-content\/uploads\/2017\/11\/Video_7.jpg\" data-rel=\"lightbox-gallery-VLMNwUcR\" data-rl_title=\"Video_7\" data-rl_caption=\"\" title=\"Video_7\"><img loading=\"lazy\" decoding=\"async\" class=\"alignnone size-thumbnail wp-image-3147\" src=\"http:\/\/www.pro-vo.at\/wp-content\/uploads\/2017\/11\/Video_7-150x150.jpg\" alt=\"\" width=\"150\" height=\"150\" \/><\/a> <a href=\"http:\/\/www.pro-vo.at\/wp-content\/uploads\/2017\/11\/Video_8.jpg\" data-rel=\"lightbox-gallery-VLMNwUcR\" data-rl_title=\"Video_8\" data-rl_caption=\"\" title=\"Video_8\"><img loading=\"lazy\" decoding=\"async\" class=\"alignnone size-thumbnail wp-image-3148\" src=\"http:\/\/www.pro-vo.at\/wp-content\/uploads\/2017\/11\/Video_8-150x150.jpg\" alt=\"\" width=\"150\" height=\"150\" \/><\/a> <a href=\"http:\/\/www.pro-vo.at\/wp-content\/uploads\/2017\/11\/Video_9.jpg\" data-rel=\"lightbox-gallery-VLMNwUcR\" data-rl_title=\"Video_9\" data-rl_caption=\"\" title=\"Video_9\"><img loading=\"lazy\" decoding=\"async\" class=\"alignnone size-thumbnail wp-image-3149\" src=\"http:\/\/www.pro-vo.at\/wp-content\/uploads\/2017\/11\/Video_9-150x150.jpg\" alt=\"\" width=\"150\" height=\"150\" \/><\/a><\/p>\n<p><a href=\"http:\/\/www.pro-vo.at\/index.php\/chronik\/\">Zur\u00fcck zur Chronik<\/a><\/p>\n","protected":false},"excerpt":{"rendered":"<p>Videodancing mit Jasmin Bilek 19.11.2011 gro\u00dfer Veranstaltungsraum Es wird eine Performance zu Taio Cruz &#8211; Dynamite erarbeitet. Jasmin ist S\u00e4ngerin und Darstellerin der ersten \u00f6sterreichischen Band f\u00fcr Kids &#8222;ROSA&#8220; und als &#8222;Annabelle&#8220; in der ORF-Okidoki-Produktion &#8222;Freddy\u2019s Freunde&#8220; zu sehen. Sie hat Unterrichtserfahrungen im Tanz (Ballett, Jazz, Hip Hop, Cheer Dance) f\u00fcr Kinder, Jugendliche und Erwachsene &#8230; <a title=\"Videodancing\" class=\"read-more\" href=\"https:\/\/www.pro-vo.at\/index.php\/chronik\/videodancing\/\" aria-label=\"Mehr Informationen \u00fcber Videodancing\">Weiterlesen<\/a><\/p>\n","protected":false},"author":1,"featured_media":0,"parent":28,"menu_order":0,"comment_status":"closed","ping_status":"closed","template":"","meta":{"footnotes":""},"class_list":["post-3140","page","type-page","status-publish"],"_links":{"self":[{"href":"https:\/\/www.pro-vo.at\/index.php\/wp-json\/wp\/v2\/pages\/3140","targetHints":{"allow":["GET"]}}],"collection":[{"href":"https:\/\/www.pro-vo.at\/index.php\/wp-json\/wp\/v2\/pages"}],"about":[{"href":"https:\/\/www.pro-vo.at\/index.php\/wp-json\/wp\/v2\/types\/page"}],"author":[{"embeddable":true,"href":"https:\/\/www.pro-vo.at\/index.php\/wp-json\/wp\/v2\/users\/1"}],"replies":[{"embeddable":true,"href":"https:\/\/www.pro-vo.at\/index.php\/wp-json\/wp\/v2\/comments?post=3140"}],"version-history":[{"count":1,"href":"https:\/\/www.pro-vo.at\/index.php\/wp-json\/wp\/v2\/pages\/3140\/revisions"}],"predecessor-version":[{"id":3150,"href":"https:\/\/www.pro-vo.at\/index.php\/wp-json\/wp\/v2\/pages\/3140\/revisions\/3150"}],"up":[{"embeddable":true,"href":"https:\/\/www.pro-vo.at\/index.php\/wp-json\/wp\/v2\/pages\/28"}],"wp:attachment":[{"href":"https:\/\/www.pro-vo.at\/index.php\/wp-json\/wp\/v2\/media?parent=3140"}],"curies":[{"name":"wp","href":"https:\/\/api.w.org\/{rel}","templated":true}]}}