{"id":3038,"date":"2017-11-14T19:27:33","date_gmt":"2017-11-14T19:27:33","guid":{"rendered":"http:\/\/www.pro-vo.at\/?page_id=3038"},"modified":"2017-11-14T19:29:50","modified_gmt":"2017-11-14T19:29:50","slug":"sommerfestival-2011","status":"publish","type":"page","link":"https:\/\/www.pro-vo.at\/index.php\/chronik\/sommerfestival-2011\/","title":{"rendered":"Sommerfestival 2011"},"content":{"rendered":"<h1>Sommerfestival 2011<\/h1>\n<p>Samstag, 18. Juni<br \/>\n17 Uhr<\/p>\n<p>Video:<br \/>\nJulian Hammerer \u00a0 \u00a0 \u00a0 \u00a0 \u00a0 \u00a0 \u00a0 \u00a0 \u00a0 \u00a0\u00a0 <a href=\"https:\/\/www.youtube.com\/watch?v=yvxFsRUyl-Y\">Video Sommerfestival 2011<\/a><\/p>\n<p><!-- x-tinymce\/html --><!-- x-tinymce\/html --><a href=\"http:\/\/www.pro-vo.at\/wp-content\/uploads\/2017\/11\/Plakat-Sommerfestival-2011.jpg\" data-rel=\"lightbox-gallery-rXUKxhIu\" data-rl_title=\"Plakat-Sommerfestival-2011\" data-rl_caption=\"\" title=\"Plakat-Sommerfestival-2011\"><img loading=\"lazy\" decoding=\"async\" class=\"alignnone size-thumbnail wp-image-3074\" src=\"http:\/\/www.pro-vo.at\/wp-content\/uploads\/2017\/11\/Plakat-Sommerfestival-2011-150x150.jpg\" alt=\"\" width=\"150\" height=\"150\" \/><\/a><\/p>\n<p>Fotos: Sylvester Wittmann<\/p>\n<p><a href=\"http:\/\/www.pro-vo.at\/wp-content\/uploads\/2017\/11\/01-1.jpg\" data-rel=\"lightbox-gallery-rXUKxhIu\" data-rl_title=\"01\" data-rl_caption=\"\" title=\"01\"><img loading=\"lazy\" decoding=\"async\" class=\"alignnone size-thumbnail wp-image-3039\" src=\"http:\/\/www.pro-vo.at\/wp-content\/uploads\/2017\/11\/01-1-150x150.jpg\" alt=\"\" width=\"150\" height=\"150\" \/><\/a> <a href=\"http:\/\/www.pro-vo.at\/wp-content\/uploads\/2017\/11\/02-1.jpg\" data-rel=\"lightbox-gallery-rXUKxhIu\" data-rl_title=\"02\" data-rl_caption=\"\" title=\"02\"><img loading=\"lazy\" decoding=\"async\" class=\"alignnone size-thumbnail wp-image-3040\" src=\"http:\/\/www.pro-vo.at\/wp-content\/uploads\/2017\/11\/02-1-150x150.jpg\" alt=\"\" width=\"150\" height=\"150\" \/><\/a> <a href=\"http:\/\/www.pro-vo.at\/wp-content\/uploads\/2017\/11\/03-1.jpg\" data-rel=\"lightbox-gallery-rXUKxhIu\" data-rl_title=\"03\" data-rl_caption=\"\" title=\"03\"><img loading=\"lazy\" decoding=\"async\" class=\"alignnone size-thumbnail wp-image-3041\" src=\"http:\/\/www.pro-vo.at\/wp-content\/uploads\/2017\/11\/03-1-150x150.jpg\" alt=\"\" width=\"150\" height=\"150\" \/><\/a> <a href=\"http:\/\/www.pro-vo.at\/wp-content\/uploads\/2017\/11\/04-1.jpg\" data-rel=\"lightbox-gallery-rXUKxhIu\" data-rl_title=\"04\" data-rl_caption=\"\" title=\"04\"><img loading=\"lazy\" decoding=\"async\" class=\"alignnone size-thumbnail wp-image-3042\" src=\"http:\/\/www.pro-vo.at\/wp-content\/uploads\/2017\/11\/04-1-150x150.jpg\" alt=\"\" width=\"150\" height=\"150\" \/><\/a> <a href=\"http:\/\/www.pro-vo.at\/wp-content\/uploads\/2017\/11\/05-1.jpg\" data-rel=\"lightbox-gallery-rXUKxhIu\" data-rl_title=\"05\" data-rl_caption=\"\" title=\"05\"><img loading=\"lazy\" decoding=\"async\" class=\"alignnone size-thumbnail wp-image-3043\" src=\"http:\/\/www.pro-vo.at\/wp-content\/uploads\/2017\/11\/05-1-150x150.jpg\" alt=\"\" width=\"150\" height=\"150\" \/><\/a> <a href=\"http:\/\/www.pro-vo.at\/wp-content\/uploads\/2017\/11\/06-1.jpg\" data-rel=\"lightbox-gallery-rXUKxhIu\" data-rl_title=\"06\" data-rl_caption=\"\" title=\"06\"><img loading=\"lazy\" decoding=\"async\" class=\"alignnone size-thumbnail wp-image-3044\" src=\"http:\/\/www.pro-vo.at\/wp-content\/uploads\/2017\/11\/06-1-150x150.jpg\" alt=\"\" width=\"150\" height=\"150\" \/><\/a> <a href=\"http:\/\/www.pro-vo.at\/wp-content\/uploads\/2017\/11\/07-1.jpg\" data-rel=\"lightbox-gallery-rXUKxhIu\" data-rl_title=\"07\" data-rl_caption=\"\" title=\"07\"><img loading=\"lazy\" decoding=\"async\" class=\"alignnone size-thumbnail wp-image-3045\" src=\"http:\/\/www.pro-vo.at\/wp-content\/uploads\/2017\/11\/07-1-150x150.jpg\" alt=\"\" width=\"150\" height=\"150\" \/><\/a> <a href=\"http:\/\/www.pro-vo.at\/wp-content\/uploads\/2017\/11\/08-1.jpg\" data-rel=\"lightbox-gallery-rXUKxhIu\" data-rl_title=\"08\" data-rl_caption=\"\" title=\"08\"><img loading=\"lazy\" decoding=\"async\" class=\"alignnone size-thumbnail wp-image-3046\" src=\"http:\/\/www.pro-vo.at\/wp-content\/uploads\/2017\/11\/08-1-150x150.jpg\" alt=\"\" width=\"150\" height=\"150\" \/><\/a> <a href=\"http:\/\/www.pro-vo.at\/wp-content\/uploads\/2017\/11\/09-1.jpg\" data-rel=\"lightbox-gallery-rXUKxhIu\" data-rl_title=\"09\" data-rl_caption=\"\" title=\"09\"><img loading=\"lazy\" decoding=\"async\" class=\"alignnone size-thumbnail wp-image-3047\" src=\"http:\/\/www.pro-vo.at\/wp-content\/uploads\/2017\/11\/09-1-150x150.jpg\" alt=\"\" width=\"150\" height=\"150\" \/><\/a> <a href=\"http:\/\/www.pro-vo.at\/wp-content\/uploads\/2017\/11\/10-5.jpg\" data-rel=\"lightbox-gallery-rXUKxhIu\" data-rl_title=\"10\" data-rl_caption=\"\" title=\"10\"><img loading=\"lazy\" decoding=\"async\" class=\"alignnone size-thumbnail wp-image-3048\" src=\"http:\/\/www.pro-vo.at\/wp-content\/uploads\/2017\/11\/10-5-150x150.jpg\" alt=\"\" width=\"150\" height=\"150\" \/><\/a> <a href=\"http:\/\/www.pro-vo.at\/wp-content\/uploads\/2017\/11\/11-4.jpg\" data-rel=\"lightbox-gallery-rXUKxhIu\" data-rl_title=\"11\" data-rl_caption=\"\" title=\"11\"><img loading=\"lazy\" decoding=\"async\" class=\"alignnone size-thumbnail wp-image-3049\" src=\"http:\/\/www.pro-vo.at\/wp-content\/uploads\/2017\/11\/11-4-150x150.jpg\" alt=\"\" width=\"150\" height=\"150\" \/><\/a> <a href=\"http:\/\/www.pro-vo.at\/wp-content\/uploads\/2017\/11\/12-4.jpg\" data-rel=\"lightbox-gallery-rXUKxhIu\" data-rl_title=\"12\" data-rl_caption=\"\" title=\"12\"><img loading=\"lazy\" decoding=\"async\" class=\"alignnone size-thumbnail wp-image-3050\" src=\"http:\/\/www.pro-vo.at\/wp-content\/uploads\/2017\/11\/12-4-150x150.jpg\" alt=\"\" width=\"150\" height=\"150\" \/><\/a> <a href=\"http:\/\/www.pro-vo.at\/wp-content\/uploads\/2017\/11\/13-3.jpg\" data-rel=\"lightbox-gallery-rXUKxhIu\" data-rl_title=\"13\" data-rl_caption=\"\" title=\"13\"><img loading=\"lazy\" decoding=\"async\" class=\"alignnone size-thumbnail wp-image-3051\" src=\"http:\/\/www.pro-vo.at\/wp-content\/uploads\/2017\/11\/13-3-150x150.jpg\" alt=\"\" width=\"150\" height=\"150\" \/><\/a> <a href=\"http:\/\/www.pro-vo.at\/wp-content\/uploads\/2017\/11\/14-3.jpg\" data-rel=\"lightbox-gallery-rXUKxhIu\" data-rl_title=\"14\" data-rl_caption=\"\" title=\"14\"><img loading=\"lazy\" decoding=\"async\" class=\"alignnone size-thumbnail wp-image-3052\" src=\"http:\/\/www.pro-vo.at\/wp-content\/uploads\/2017\/11\/14-3-150x150.jpg\" alt=\"\" width=\"150\" height=\"150\" \/><\/a> <a href=\"http:\/\/www.pro-vo.at\/wp-content\/uploads\/2017\/11\/15-3.jpg\" data-rel=\"lightbox-gallery-rXUKxhIu\" data-rl_title=\"15\" data-rl_caption=\"\" title=\"15\"><img loading=\"lazy\" decoding=\"async\" class=\"alignnone size-thumbnail wp-image-3053\" src=\"http:\/\/www.pro-vo.at\/wp-content\/uploads\/2017\/11\/15-3-150x150.jpg\" alt=\"\" width=\"150\" height=\"150\" \/><\/a> <a href=\"http:\/\/www.pro-vo.at\/wp-content\/uploads\/2017\/11\/16-1.jpg\" data-rel=\"lightbox-gallery-rXUKxhIu\" data-rl_title=\"16\" data-rl_caption=\"\" title=\"16\"><img loading=\"lazy\" decoding=\"async\" class=\"alignnone size-thumbnail wp-image-3054\" src=\"http:\/\/www.pro-vo.at\/wp-content\/uploads\/2017\/11\/16-1-150x150.jpg\" alt=\"\" width=\"150\" height=\"150\" \/><\/a> <a href=\"http:\/\/www.pro-vo.at\/wp-content\/uploads\/2017\/11\/17-1.jpg\" data-rel=\"lightbox-gallery-rXUKxhIu\" data-rl_title=\"17\" data-rl_caption=\"\" title=\"17\"><img loading=\"lazy\" decoding=\"async\" class=\"alignnone size-thumbnail wp-image-3055\" src=\"http:\/\/www.pro-vo.at\/wp-content\/uploads\/2017\/11\/17-1-150x150.jpg\" alt=\"\" width=\"150\" height=\"150\" \/><\/a> <a href=\"http:\/\/www.pro-vo.at\/wp-content\/uploads\/2017\/11\/18-1.jpg\" data-rel=\"lightbox-gallery-rXUKxhIu\" data-rl_title=\"18\" data-rl_caption=\"\" title=\"18\"><img loading=\"lazy\" decoding=\"async\" class=\"alignnone size-thumbnail wp-image-3056\" src=\"http:\/\/www.pro-vo.at\/wp-content\/uploads\/2017\/11\/18-1-150x150.jpg\" alt=\"\" width=\"150\" height=\"150\" \/><\/a> <a href=\"http:\/\/www.pro-vo.at\/wp-content\/uploads\/2017\/11\/19-1.jpg\" data-rel=\"lightbox-gallery-rXUKxhIu\" data-rl_title=\"19\" data-rl_caption=\"\" title=\"19\"><img loading=\"lazy\" decoding=\"async\" class=\"alignnone size-thumbnail wp-image-3057\" src=\"http:\/\/www.pro-vo.at\/wp-content\/uploads\/2017\/11\/19-1-150x150.jpg\" alt=\"\" width=\"150\" height=\"150\" \/><\/a> <a href=\"http:\/\/www.pro-vo.at\/wp-content\/uploads\/2017\/11\/20-1.jpg\" data-rel=\"lightbox-gallery-rXUKxhIu\" data-rl_title=\"20\" data-rl_caption=\"\" title=\"20\"><img loading=\"lazy\" decoding=\"async\" class=\"alignnone size-thumbnail wp-image-3058\" src=\"http:\/\/www.pro-vo.at\/wp-content\/uploads\/2017\/11\/20-1-150x150.jpg\" alt=\"\" width=\"150\" height=\"150\" \/><\/a> <a href=\"http:\/\/www.pro-vo.at\/wp-content\/uploads\/2017\/11\/21-1.jpg\" data-rel=\"lightbox-gallery-rXUKxhIu\" data-rl_title=\"21\" data-rl_caption=\"\" title=\"21\"><img loading=\"lazy\" decoding=\"async\" class=\"alignnone size-thumbnail wp-image-3059\" src=\"http:\/\/www.pro-vo.at\/wp-content\/uploads\/2017\/11\/21-1-150x150.jpg\" alt=\"\" width=\"150\" height=\"150\" \/><\/a> <a href=\"http:\/\/www.pro-vo.at\/wp-content\/uploads\/2017\/11\/22-1.jpg\" data-rel=\"lightbox-gallery-rXUKxhIu\" data-rl_title=\"22\" data-rl_caption=\"\" title=\"22\"><img loading=\"lazy\" decoding=\"async\" class=\"alignnone size-thumbnail wp-image-3060\" src=\"http:\/\/www.pro-vo.at\/wp-content\/uploads\/2017\/11\/22-1-150x150.jpg\" alt=\"\" width=\"150\" height=\"150\" \/><\/a> <a href=\"http:\/\/www.pro-vo.at\/wp-content\/uploads\/2017\/11\/23-1.jpg\" data-rel=\"lightbox-gallery-rXUKxhIu\" data-rl_title=\"23\" data-rl_caption=\"\" title=\"23\"><img loading=\"lazy\" decoding=\"async\" class=\"alignnone size-thumbnail wp-image-3061\" src=\"http:\/\/www.pro-vo.at\/wp-content\/uploads\/2017\/11\/23-1-150x150.jpg\" alt=\"\" width=\"150\" height=\"150\" \/><\/a> <a href=\"http:\/\/www.pro-vo.at\/wp-content\/uploads\/2017\/11\/24-1.jpg\" data-rel=\"lightbox-gallery-rXUKxhIu\" data-rl_title=\"24\" data-rl_caption=\"\" title=\"24\"><img loading=\"lazy\" decoding=\"async\" class=\"alignnone size-thumbnail wp-image-3062\" src=\"http:\/\/www.pro-vo.at\/wp-content\/uploads\/2017\/11\/24-1-150x150.jpg\" alt=\"\" width=\"150\" height=\"150\" \/><\/a> <a href=\"http:\/\/www.pro-vo.at\/wp-content\/uploads\/2017\/11\/25-1.jpg\" data-rel=\"lightbox-gallery-rXUKxhIu\" data-rl_title=\"25\" data-rl_caption=\"\" title=\"25\"><img loading=\"lazy\" decoding=\"async\" class=\"alignnone size-thumbnail wp-image-3063\" src=\"http:\/\/www.pro-vo.at\/wp-content\/uploads\/2017\/11\/25-1-150x150.jpg\" alt=\"\" width=\"150\" height=\"150\" \/><\/a> <a href=\"http:\/\/www.pro-vo.at\/wp-content\/uploads\/2017\/11\/26-1.jpg\" data-rel=\"lightbox-gallery-rXUKxhIu\" data-rl_title=\"26\" data-rl_caption=\"\" title=\"26\"><img loading=\"lazy\" decoding=\"async\" class=\"alignnone size-thumbnail wp-image-3064\" src=\"http:\/\/www.pro-vo.at\/wp-content\/uploads\/2017\/11\/26-1-150x150.jpg\" alt=\"\" width=\"150\" height=\"150\" \/><\/a> <a href=\"http:\/\/www.pro-vo.at\/wp-content\/uploads\/2017\/11\/27-1.jpg\" data-rel=\"lightbox-gallery-rXUKxhIu\" data-rl_title=\"27\" data-rl_caption=\"\" title=\"27\"><img loading=\"lazy\" decoding=\"async\" class=\"alignnone size-thumbnail wp-image-3065\" src=\"http:\/\/www.pro-vo.at\/wp-content\/uploads\/2017\/11\/27-1-150x150.jpg\" alt=\"\" width=\"150\" height=\"150\" \/><\/a> <a href=\"http:\/\/www.pro-vo.at\/wp-content\/uploads\/2017\/11\/28-1.jpg\" data-rel=\"lightbox-gallery-rXUKxhIu\" data-rl_title=\"28\" data-rl_caption=\"\" title=\"28\"><img loading=\"lazy\" decoding=\"async\" class=\"alignnone size-thumbnail wp-image-3066\" src=\"http:\/\/www.pro-vo.at\/wp-content\/uploads\/2017\/11\/28-1-150x150.jpg\" alt=\"\" width=\"150\" height=\"150\" \/><\/a> <a href=\"http:\/\/www.pro-vo.at\/wp-content\/uploads\/2017\/11\/29-1.jpg\" data-rel=\"lightbox-gallery-rXUKxhIu\" data-rl_title=\"29\" data-rl_caption=\"\" title=\"29\"><img loading=\"lazy\" decoding=\"async\" class=\"alignnone size-thumbnail wp-image-3067\" src=\"http:\/\/www.pro-vo.at\/wp-content\/uploads\/2017\/11\/29-1-150x150.jpg\" alt=\"\" width=\"150\" height=\"150\" \/><\/a> <a href=\"http:\/\/www.pro-vo.at\/wp-content\/uploads\/2017\/11\/30-1.jpg\" data-rel=\"lightbox-gallery-rXUKxhIu\" data-rl_title=\"30\" data-rl_caption=\"\" title=\"30\"><img loading=\"lazy\" decoding=\"async\" class=\"alignnone size-thumbnail wp-image-3068\" src=\"http:\/\/www.pro-vo.at\/wp-content\/uploads\/2017\/11\/30-1-150x150.jpg\" alt=\"\" width=\"150\" height=\"150\" \/><\/a> <a href=\"http:\/\/www.pro-vo.at\/wp-content\/uploads\/2017\/11\/31-1.jpg\" data-rel=\"lightbox-gallery-rXUKxhIu\" data-rl_title=\"31\" data-rl_caption=\"\" title=\"31\"><img loading=\"lazy\" decoding=\"async\" class=\"alignnone size-thumbnail wp-image-3069\" src=\"http:\/\/www.pro-vo.at\/wp-content\/uploads\/2017\/11\/31-1-150x150.jpg\" alt=\"\" width=\"150\" height=\"150\" \/><\/a> <a href=\"http:\/\/www.pro-vo.at\/wp-content\/uploads\/2017\/11\/32-1.jpg\" data-rel=\"lightbox-gallery-rXUKxhIu\" data-rl_title=\"32\" data-rl_caption=\"\" title=\"32\"><img loading=\"lazy\" decoding=\"async\" class=\"alignnone size-thumbnail wp-image-3070\" src=\"http:\/\/www.pro-vo.at\/wp-content\/uploads\/2017\/11\/32-1-150x150.jpg\" alt=\"\" width=\"150\" height=\"150\" \/><\/a> <a href=\"http:\/\/www.pro-vo.at\/wp-content\/uploads\/2017\/11\/34-1.jpg\" data-rel=\"lightbox-gallery-rXUKxhIu\" data-rl_title=\"34\" data-rl_caption=\"\" title=\"34\"><img loading=\"lazy\" decoding=\"async\" class=\"alignnone size-thumbnail wp-image-3072\" src=\"http:\/\/www.pro-vo.at\/wp-content\/uploads\/2017\/11\/34-1-150x150.jpg\" alt=\"\" width=\"150\" height=\"150\" \/><\/a> <a href=\"http:\/\/www.pro-vo.at\/wp-content\/uploads\/2017\/11\/35-1.jpg\" data-rel=\"lightbox-gallery-rXUKxhIu\" data-rl_title=\"35\" data-rl_caption=\"\" title=\"35\"><img loading=\"lazy\" decoding=\"async\" class=\"alignnone size-thumbnail wp-image-3073\" src=\"http:\/\/www.pro-vo.at\/wp-content\/uploads\/2017\/11\/35-1-150x150.jpg\" alt=\"\" width=\"150\" height=\"150\" \/><\/a><\/p>\n<p>Das Programm:<br \/>\nDie Kinder im Bus &#8211; Lara, Abby, Irem, Marina<br \/>\nKlasse Martha Hammerer<br \/>\nAbendlied &#8211; Temuulen<br \/>\nDieser Kuckuck, der mich neckt &#8211; Daniel, Temuulen<\/p>\n<p>Die M\u00fchle &#8211; Lara<br \/>\nAuf der Mauer, auf der Lauer &#8211; Linnea, Alma, Hannah<br \/>\nKlasse Elisabeth K\u00f6gler<\/p>\n<p>Spanische Romanze<br \/>\nSophie, Kati, Lukas, Philip,<br \/>\nMichi, Alexander, Aline,<br \/>\nLisa, Friederike<br \/>\nKlasse Martha Hammerer<\/p>\n<p>A Round of Three Country Dances in One<br \/>\nJohann, Brigitte, Franz, Elisabeth,<br \/>\nRegine, Magdalena, Marie und Veronika<br \/>\nChim Chim Cer-ee<br \/>\nJohann, Brigitte, Elisabeth,<br \/>\nRegine, Magdalena, Marie und Veronika<br \/>\nKlasse Cornelia Reutner<\/p>\n<p>Pippi Langstrumpf &#8211; Alice<br \/>\nMenuett J.S. Bach<br \/>\nSarah, Emilie, Alice, Felix, Monika<br \/>\nKlasse Lisa Stephanie Charvat<\/p>\n<p>Schluckauf &#8211; Elias<br \/>\nWellenmusik &#8211; Elias<br \/>\nWe are the Champions &#8211; Martin<br \/>\nKlasse Severin Chen<\/p>\n<p>(London Bridge Florine)<br \/>\nKlasse Elisabeth K\u00f6gler<\/p>\n<p>Der Clown &#8211; Felix und Danilo<br \/>\nKlasse Lisa Stephanie Charvat und Klasse Nina Haslmayer<\/p>\n<p>Sur le fil &#8211; Pia<br \/>\nComptine D&#8217;un Autre Ete &#8211; Victoria<br \/>\nKlasse Harry Hammerer<\/p>\n<p>Carnevalito &#8211; Johann, Emmi<br \/>\nEl rin del angelito<br \/>\nKlasse Christiam Jurado<\/p>\n<p>Welten &#8211; Babsi<br \/>\nKlasse Martha Hammerer<\/p>\n<p>Irisches Ensemble<br \/>\nNora<br \/>\nDrowsy Maggie<br \/>\nLeitung Lisa Stephanie Charvat<\/p>\n<p>S\u00fcdamerikanisches Ensemble<br \/>\nCompadre Pedro Juan<br \/>\nLeitung Christian Martinek<\/p>\n<p>Watermelon Man &#8211; Walter, Herbert<\/p>\n<p>Hombre Calvo &#8211; Markus, und Martin Sch\u00f6nlieb<br \/>\nMit dem S\u00fcdamerikanisches Ensemble &#8222;Maquiritare&#8220;<br \/>\nKlasse Martin Sch\u00f6nlieb<\/p>\n<p>Chirstiam Jurado \/ Gonzalo Manrique \/ Christian Martinek<br \/>\nTambor venezolano Se eleva la bomba<\/p>\n<p>Lisa Stephanie Charvat (Violine)\/ Veronika Tesar (Violoncello)<br \/>\nJoseph Haydn &#8222;Divertimento piccolo&#8220;<br \/>\nAllegro &#8211; Adagio &#8211; Menuet &#8211; Presto scherzando<\/p>\n<p>Elisabeth K\u00f6gler (Altfl\u00f6te) \/ Martha Hammerer (Gitarre)<br \/>\nG.F. H\u00e4ndel Sonate in a-Moll<\/p>\n<p>Gonzalo Manrique Vallier (Gitarre)<br \/>\nAgustin Barrios Choro da saudade<\/p>\n<p>Elisabeth K\u00f6gler (Orgel)<br \/>\nJ.S. Bach Kleines Pr\u00e4ludium G-Dur<\/p>\n<p>&#8212;-ooo\u2026xxx\u2026ooo&#8212;<\/p>\n<p>S\u00fcdamerikanisches Ensemble &#8222;Maquiritare&#8220;:<br \/>\nMartina, Walter, Heidemarie, Gabi<br \/>\nLeitung: Christian Martinek<\/p>\n<p>Irisches Ensemble \u201eJigs, Reels &amp; Hornpipes\u201c:<br \/>\nKarin, Fritz, Monika, Christian, Karin<br \/>\nLeitung: Lisa Stephanie Charvat<\/p>\n<p>&nbsp;<\/p>\n<p>Leider hat das Wetter &#8222;wieder&#8220; nicht mitgespielt, aber auch unter diesen widrigen Umst\u00e4nden haben wir ein sehr sch\u00f6nes Fest gefeiert<br \/>\nEin herzliches Dankesch\u00f6n an alle Sch\u00fcler und Lehrer f\u00fcr das Engagement und die Mithilfe bei diesem Festival.<\/p>\n<p>Die Technik lag wieder in den bew\u00e4hrten H\u00e4nden von Thomas Egger &#8211; <a href=\"http:\/\/www.dieklangschmiede.at\/\">Die Klangschmiede<\/a> &#8211; Danke Thomas!<br \/>\nUnd auch ein herzliches Danke an unsere Helfer beim Buffett: Bella, Conny, Dani und Karina &#8211; ihr habt es super gemacht!!<br \/>\nDie Gartengarnituren haben wir gemietet: Firma <a href=\"http:\/\/www.moebelverleih.at\/\">Suchy M\u00f6belverleih<\/a><\/p>\n<p>&nbsp;<\/p>\n<p><a href=\"http:\/\/www.pro-vo.at\/index.php\/chronik\/\">Zur\u00fcck zur Chronik<\/a><\/p>\n","protected":false},"excerpt":{"rendered":"<p>Sommerfestival 2011 Samstag, 18. Juni 17 Uhr Video: Julian Hammerer \u00a0 \u00a0 \u00a0 \u00a0 \u00a0 \u00a0 \u00a0 \u00a0 \u00a0 \u00a0\u00a0 Video Sommerfestival 2011 Fotos: Sylvester Wittmann Das Programm: Die Kinder im Bus &#8211; Lara, Abby, Irem, Marina Klasse Martha Hammerer Abendlied &#8211; Temuulen Dieser Kuckuck, der mich neckt &#8211; Daniel, Temuulen Die M\u00fchle &#8211; Lara &#8230; <a title=\"Sommerfestival 2011\" class=\"read-more\" href=\"https:\/\/www.pro-vo.at\/index.php\/chronik\/sommerfestival-2011\/\" aria-label=\"Mehr Informationen \u00fcber Sommerfestival 2011\">Weiterlesen<\/a><\/p>\n","protected":false},"author":1,"featured_media":0,"parent":28,"menu_order":0,"comment_status":"closed","ping_status":"closed","template":"","meta":{"footnotes":""},"class_list":["post-3038","page","type-page","status-publish"],"_links":{"self":[{"href":"https:\/\/www.pro-vo.at\/index.php\/wp-json\/wp\/v2\/pages\/3038","targetHints":{"allow":["GET"]}}],"collection":[{"href":"https:\/\/www.pro-vo.at\/index.php\/wp-json\/wp\/v2\/pages"}],"about":[{"href":"https:\/\/www.pro-vo.at\/index.php\/wp-json\/wp\/v2\/types\/page"}],"author":[{"embeddable":true,"href":"https:\/\/www.pro-vo.at\/index.php\/wp-json\/wp\/v2\/users\/1"}],"replies":[{"embeddable":true,"href":"https:\/\/www.pro-vo.at\/index.php\/wp-json\/wp\/v2\/comments?post=3038"}],"version-history":[{"count":3,"href":"https:\/\/www.pro-vo.at\/index.php\/wp-json\/wp\/v2\/pages\/3038\/revisions"}],"predecessor-version":[{"id":3077,"href":"https:\/\/www.pro-vo.at\/index.php\/wp-json\/wp\/v2\/pages\/3038\/revisions\/3077"}],"up":[{"embeddable":true,"href":"https:\/\/www.pro-vo.at\/index.php\/wp-json\/wp\/v2\/pages\/28"}],"wp:attachment":[{"href":"https:\/\/www.pro-vo.at\/index.php\/wp-json\/wp\/v2\/media?parent=3038"}],"curies":[{"name":"wp","href":"https:\/\/api.w.org\/{rel}","templated":true}]}}