{"id":3009,"date":"2017-11-14T19:16:09","date_gmt":"2017-11-14T19:16:09","guid":{"rendered":"http:\/\/www.pro-vo.at\/?page_id=3009"},"modified":"2017-11-14T19:16:09","modified_gmt":"2017-11-14T19:16:09","slug":"lisa-06-2011","status":"publish","type":"page","link":"https:\/\/www.pro-vo.at\/index.php\/chronik\/lisa-06-2011\/","title":{"rendered":"Lisa 06 2011"},"content":{"rendered":"<h1>\u00a0Vorspielabend<\/h1>\n<p>Sch\u00fclerinnen und Sch\u00fcler von<br \/>\nLisa Stephanie Charvat<\/p>\n<p>Donnerstag 9. Juni 2011, 19 Uhr<br \/>\nGro\u00dfer Veranstaltungsraum pro-vo<br \/>\n1150 Wien, Huglgasse 24<\/p>\n<p><a href=\"http:\/\/www.pro-vo.at\/wp-content\/uploads\/2017\/11\/1-3.jpg\" data-rel=\"lightbox-gallery-fCjIZUjg\" data-rl_title=\"1\" data-rl_caption=\"\" title=\"1\"><img loading=\"lazy\" decoding=\"async\" class=\"alignnone size-thumbnail wp-image-3010\" src=\"http:\/\/www.pro-vo.at\/wp-content\/uploads\/2017\/11\/1-3-150x150.jpg\" alt=\"\" width=\"150\" height=\"150\" \/><\/a> <a href=\"http:\/\/www.pro-vo.at\/wp-content\/uploads\/2017\/11\/2-3.jpg\" data-rel=\"lightbox-gallery-fCjIZUjg\" data-rl_title=\"2\" data-rl_caption=\"\" title=\"2\"><img loading=\"lazy\" decoding=\"async\" class=\"alignnone size-thumbnail wp-image-3011\" src=\"http:\/\/www.pro-vo.at\/wp-content\/uploads\/2017\/11\/2-3-150x150.jpg\" alt=\"\" width=\"150\" height=\"150\" \/><\/a> <a href=\"http:\/\/www.pro-vo.at\/wp-content\/uploads\/2017\/11\/3-3.jpg\" data-rel=\"lightbox-gallery-fCjIZUjg\" data-rl_title=\"3\" data-rl_caption=\"\" title=\"3\"><img loading=\"lazy\" decoding=\"async\" class=\"alignnone size-thumbnail wp-image-3012\" src=\"http:\/\/www.pro-vo.at\/wp-content\/uploads\/2017\/11\/3-3-150x150.jpg\" alt=\"\" width=\"150\" height=\"150\" \/><\/a> <a href=\"http:\/\/www.pro-vo.at\/wp-content\/uploads\/2017\/11\/4-3.jpg\" data-rel=\"lightbox-gallery-fCjIZUjg\" data-rl_title=\"4\" data-rl_caption=\"\" title=\"4\"><img loading=\"lazy\" decoding=\"async\" class=\"alignnone size-thumbnail wp-image-3013\" src=\"http:\/\/www.pro-vo.at\/wp-content\/uploads\/2017\/11\/4-3-150x150.jpg\" alt=\"\" width=\"150\" height=\"150\" \/><\/a> <a href=\"http:\/\/www.pro-vo.at\/wp-content\/uploads\/2017\/11\/5-3.jpg\" data-rel=\"lightbox-gallery-fCjIZUjg\" data-rl_title=\"5\" data-rl_caption=\"\" title=\"5\"><img loading=\"lazy\" decoding=\"async\" class=\"alignnone size-thumbnail wp-image-3014\" src=\"http:\/\/www.pro-vo.at\/wp-content\/uploads\/2017\/11\/5-3-150x150.jpg\" alt=\"\" width=\"150\" height=\"150\" \/><\/a> <a href=\"http:\/\/www.pro-vo.at\/wp-content\/uploads\/2017\/11\/6-3.jpg\" data-rel=\"lightbox-gallery-fCjIZUjg\" data-rl_title=\"6\" data-rl_caption=\"\" title=\"6\"><img loading=\"lazy\" decoding=\"async\" class=\"alignnone size-thumbnail wp-image-3015\" src=\"http:\/\/www.pro-vo.at\/wp-content\/uploads\/2017\/11\/6-3-150x150.jpg\" alt=\"\" width=\"150\" height=\"150\" \/><\/a> <a href=\"http:\/\/www.pro-vo.at\/wp-content\/uploads\/2017\/11\/7-3.jpg\" data-rel=\"lightbox-gallery-fCjIZUjg\" data-rl_title=\"7\" data-rl_caption=\"\" title=\"7\"><img loading=\"lazy\" decoding=\"async\" class=\"alignnone size-thumbnail wp-image-3016\" src=\"http:\/\/www.pro-vo.at\/wp-content\/uploads\/2017\/11\/7-3-150x150.jpg\" alt=\"\" width=\"150\" height=\"150\" \/><\/a> <a href=\"http:\/\/www.pro-vo.at\/wp-content\/uploads\/2017\/11\/8-3.jpg\" data-rel=\"lightbox-gallery-fCjIZUjg\" data-rl_title=\"8\" data-rl_caption=\"\" title=\"8\"><img loading=\"lazy\" decoding=\"async\" class=\"alignnone size-thumbnail wp-image-3017\" src=\"http:\/\/www.pro-vo.at\/wp-content\/uploads\/2017\/11\/8-3-150x150.jpg\" alt=\"\" width=\"150\" height=\"150\" \/><\/a> <a href=\"http:\/\/www.pro-vo.at\/wp-content\/uploads\/2017\/11\/9-3.jpg\" data-rel=\"lightbox-gallery-fCjIZUjg\" data-rl_title=\"9\" data-rl_caption=\"\" title=\"9\"><img loading=\"lazy\" decoding=\"async\" class=\"alignnone size-thumbnail wp-image-3018\" src=\"http:\/\/www.pro-vo.at\/wp-content\/uploads\/2017\/11\/9-3-150x150.jpg\" alt=\"\" width=\"150\" height=\"150\" \/><\/a> <a href=\"http:\/\/www.pro-vo.at\/wp-content\/uploads\/2017\/11\/10-4.jpg\" data-rel=\"lightbox-gallery-fCjIZUjg\" data-rl_title=\"10\" data-rl_caption=\"\" title=\"10\"><img loading=\"lazy\" decoding=\"async\" class=\"alignnone size-thumbnail wp-image-3019\" src=\"http:\/\/www.pro-vo.at\/wp-content\/uploads\/2017\/11\/10-4-150x150.jpg\" alt=\"\" width=\"150\" height=\"150\" \/><\/a> <a href=\"http:\/\/www.pro-vo.at\/wp-content\/uploads\/2017\/11\/11-3.jpg\" data-rel=\"lightbox-gallery-fCjIZUjg\" data-rl_title=\"11\" data-rl_caption=\"\" title=\"11\"><img loading=\"lazy\" decoding=\"async\" class=\"alignnone size-thumbnail wp-image-3020\" src=\"http:\/\/www.pro-vo.at\/wp-content\/uploads\/2017\/11\/11-3-150x150.jpg\" alt=\"\" width=\"150\" height=\"150\" \/><\/a> <a href=\"http:\/\/www.pro-vo.at\/wp-content\/uploads\/2017\/11\/12-3.jpg\" data-rel=\"lightbox-gallery-fCjIZUjg\" data-rl_title=\"12\" data-rl_caption=\"\" title=\"12\"><img loading=\"lazy\" decoding=\"async\" class=\"alignnone size-thumbnail wp-image-3021\" src=\"http:\/\/www.pro-vo.at\/wp-content\/uploads\/2017\/11\/12-3-150x150.jpg\" alt=\"\" width=\"150\" height=\"150\" \/><\/a> <a href=\"http:\/\/www.pro-vo.at\/wp-content\/uploads\/2017\/11\/13-2.jpg\" data-rel=\"lightbox-gallery-fCjIZUjg\" data-rl_title=\"13\" data-rl_caption=\"\" title=\"13\"><img loading=\"lazy\" decoding=\"async\" class=\"alignnone size-thumbnail wp-image-3022\" src=\"http:\/\/www.pro-vo.at\/wp-content\/uploads\/2017\/11\/13-2-150x150.jpg\" alt=\"\" width=\"150\" height=\"150\" \/><\/a> <a href=\"http:\/\/www.pro-vo.at\/wp-content\/uploads\/2017\/11\/14-2.jpg\" data-rel=\"lightbox-gallery-fCjIZUjg\" data-rl_title=\"14\" data-rl_caption=\"\" title=\"14\"><img loading=\"lazy\" decoding=\"async\" class=\"alignnone size-thumbnail wp-image-3023\" src=\"http:\/\/www.pro-vo.at\/wp-content\/uploads\/2017\/11\/14-2-150x150.jpg\" alt=\"\" width=\"150\" height=\"150\" \/><\/a> <a href=\"http:\/\/www.pro-vo.at\/wp-content\/uploads\/2017\/11\/15-2.jpg\" data-rel=\"lightbox-gallery-fCjIZUjg\" data-rl_title=\"15\" data-rl_caption=\"\" title=\"15\"><img loading=\"lazy\" decoding=\"async\" class=\"alignnone size-thumbnail wp-image-3024\" src=\"http:\/\/www.pro-vo.at\/wp-content\/uploads\/2017\/11\/15-2-150x150.jpg\" alt=\"\" width=\"150\" height=\"150\" \/><\/a><\/p>\n<p>Alice<br \/>\n&#8222;Eichh\u00f6rnchen&#8220;-Sonata von L. Rossa (f\u00fcr Vl. und Kl.)<br \/>\n&#8222;Pippi Langstrumpf&#8220;-Lied (Geigen-Duo)<\/p>\n<p>Felix<br \/>\n&#8222;Eisenbahn&#8220;-Sonata von L. Rossa (f\u00fcr Vl. und Kl.)<br \/>\n&#8222;Der Clown&#8220; von A. Holzer-Rhomberg (f\u00fcr Vl. und Kl.)<br \/>\nKlavier: Danilo Tepavcevic (Klasse Nina Haslmayer)<\/p>\n<p>Clara<br \/>\nViolinkonzert in G-Dur op.3, Nr.3 von A. Vivaldi, 1.Satz<br \/>\nAllegro (Klavier: Nina Haslmayr)<\/p>\n<p>Monika<br \/>\nZ wei Menuette von J.S.Bach und Duo Nr.2 aus 12 Duos von<br \/>\nW.A.Mozart (Geigen-Duo)<\/p>\n<p>Geigenensemble<br \/>\nMenuett von J.S.Bach<br \/>\nIrisches Ensemble: &#8222;Hunting the Hare&#8220; (Jig)<br \/>\n&#8222;Oh, Danny boy&#8220;<br \/>\n&#8222;Nora&#8220;<br \/>\n&#8222;Drowsy Maggie&#8220; (Reel)<br \/>\nGitarren: Karin , Karin , Christian ;<br \/>\nVioline: Monika ;<br \/>\nGesang und Akkordeon: Fritz<\/p>\n<p><a href=\"http:\/\/www.pro-vo.at\/index.php\/chronik\/\">Zur\u00fcck zur Chronik<\/a><\/p>\n","protected":false},"excerpt":{"rendered":"<p>\u00a0Vorspielabend Sch\u00fclerinnen und Sch\u00fcler von Lisa Stephanie Charvat Donnerstag 9. Juni 2011, 19 Uhr Gro\u00dfer Veranstaltungsraum pro-vo 1150 Wien, Huglgasse 24 Alice &#8222;Eichh\u00f6rnchen&#8220;-Sonata von L. Rossa (f\u00fcr Vl. und Kl.) &#8222;Pippi Langstrumpf&#8220;-Lied (Geigen-Duo) Felix &#8222;Eisenbahn&#8220;-Sonata von L. Rossa (f\u00fcr Vl. und Kl.) &#8222;Der Clown&#8220; von A. Holzer-Rhomberg (f\u00fcr Vl. und Kl.) Klavier: Danilo Tepavcevic (Klasse &#8230; <a title=\"Lisa 06 2011\" class=\"read-more\" href=\"https:\/\/www.pro-vo.at\/index.php\/chronik\/lisa-06-2011\/\" aria-label=\"Mehr Informationen \u00fcber Lisa 06 2011\">Weiterlesen<\/a><\/p>\n","protected":false},"author":1,"featured_media":0,"parent":28,"menu_order":0,"comment_status":"closed","ping_status":"closed","template":"","meta":{"footnotes":""},"class_list":["post-3009","page","type-page","status-publish"],"_links":{"self":[{"href":"https:\/\/www.pro-vo.at\/index.php\/wp-json\/wp\/v2\/pages\/3009","targetHints":{"allow":["GET"]}}],"collection":[{"href":"https:\/\/www.pro-vo.at\/index.php\/wp-json\/wp\/v2\/pages"}],"about":[{"href":"https:\/\/www.pro-vo.at\/index.php\/wp-json\/wp\/v2\/types\/page"}],"author":[{"embeddable":true,"href":"https:\/\/www.pro-vo.at\/index.php\/wp-json\/wp\/v2\/users\/1"}],"replies":[{"embeddable":true,"href":"https:\/\/www.pro-vo.at\/index.php\/wp-json\/wp\/v2\/comments?post=3009"}],"version-history":[{"count":1,"href":"https:\/\/www.pro-vo.at\/index.php\/wp-json\/wp\/v2\/pages\/3009\/revisions"}],"predecessor-version":[{"id":3025,"href":"https:\/\/www.pro-vo.at\/index.php\/wp-json\/wp\/v2\/pages\/3009\/revisions\/3025"}],"up":[{"embeddable":true,"href":"https:\/\/www.pro-vo.at\/index.php\/wp-json\/wp\/v2\/pages\/28"}],"wp:attachment":[{"href":"https:\/\/www.pro-vo.at\/index.php\/wp-json\/wp\/v2\/media?parent=3009"}],"curies":[{"name":"wp","href":"https:\/\/api.w.org\/{rel}","templated":true}]}}