{"id":2969,"date":"2017-11-14T19:07:51","date_gmt":"2017-11-14T19:07:51","guid":{"rendered":"http:\/\/www.pro-vo.at\/?page_id=2969"},"modified":"2017-11-14T19:07:51","modified_gmt":"2017-11-14T19:07:51","slug":"fest-mit-der-gitarre","status":"publish","type":"page","link":"https:\/\/www.pro-vo.at\/index.php\/chronik\/fest-mit-der-gitarre\/","title":{"rendered":"Fest mit der Gitarre"},"content":{"rendered":"<h1>Ein Fest mit der Gitarre<\/h1>\n<p>Klassenabend Martha Hammerer<br \/>\nFreitag, 13. Mai 2011<br \/>\n18:00<br \/>\nFestsaal der Bezirksvorstehung im 15. Bezirk, Gasgasse 8 &#8211; 10, 1150 Wien<\/p>\n<p>Die Sch\u00fcler und Sch\u00fclerinnen von Martha Hammerer aus dem Verein pro-vo treffen sich im Rahmen der Wiener Festwochen<br \/>\nzum Musizieren mit der Gitarre.<br \/>\nKinder und Jugendliche pr\u00e4sentieren ihre liebsten Musikst\u00fccke und Lieblingslieder, und f\u00fchren das Publikum auf eine Reise<br \/>\ndurch die vielf\u00e4ltige Welt der Gitarrenmusik!<\/p>\n<p>&nbsp;<\/p>\n<p>&nbsp;<\/p>\n<p>&nbsp;<\/p>\n<p><a href=\"http:\/\/www.pro-vo.at\/wp-content\/uploads\/2017\/11\/Harry-Kamera-010.jpg\" data-rel=\"lightbox-gallery-w3is2pKC\" data-rl_title=\"\" data-rl_caption=\"\" title=\"\"><img loading=\"lazy\" decoding=\"async\" class=\"alignnone  wp-image-2970\" src=\"http:\/\/www.pro-vo.at\/wp-content\/uploads\/2017\/11\/Harry-Kamera-010-150x150.jpg\" alt=\"\" width=\"150\" height=\"150\" \/><\/a> <a href=\"http:\/\/www.pro-vo.at\/wp-content\/uploads\/2017\/11\/Harry-Kamera-013.jpg\" data-rel=\"lightbox-gallery-w3is2pKC\" data-rl_title=\"\" data-rl_caption=\"\" title=\"\"><img loading=\"lazy\" decoding=\"async\" class=\"alignnone size-thumbnail wp-image-2971\" src=\"http:\/\/www.pro-vo.at\/wp-content\/uploads\/2017\/11\/Harry-Kamera-013-150x150.jpg\" alt=\"\" width=\"150\" height=\"150\" \/><\/a> <a href=\"http:\/\/www.pro-vo.at\/wp-content\/uploads\/2017\/11\/Harry-Kamera-015.jpg\" data-rel=\"lightbox-gallery-w3is2pKC\" data-rl_title=\"\" data-rl_caption=\"\" title=\"\"><img loading=\"lazy\" decoding=\"async\" class=\"alignnone size-thumbnail wp-image-2972\" src=\"http:\/\/www.pro-vo.at\/wp-content\/uploads\/2017\/11\/Harry-Kamera-015-150x150.jpg\" alt=\"\" width=\"150\" height=\"150\" \/><\/a> <a href=\"http:\/\/www.pro-vo.at\/wp-content\/uploads\/2017\/11\/Harry-Kamera-019.jpg\" data-rel=\"lightbox-gallery-w3is2pKC\" data-rl_title=\"\" data-rl_caption=\"\" title=\"\"><img loading=\"lazy\" decoding=\"async\" class=\"alignnone size-thumbnail wp-image-2973\" src=\"http:\/\/www.pro-vo.at\/wp-content\/uploads\/2017\/11\/Harry-Kamera-019-150x150.jpg\" alt=\"\" width=\"150\" height=\"150\" \/><\/a> <a href=\"http:\/\/www.pro-vo.at\/wp-content\/uploads\/2017\/11\/Harry-Kamera-024.jpg\" data-rel=\"lightbox-gallery-w3is2pKC\" data-rl_title=\"\" data-rl_caption=\"\" title=\"\"><img loading=\"lazy\" decoding=\"async\" class=\"alignnone size-thumbnail wp-image-2974\" src=\"http:\/\/www.pro-vo.at\/wp-content\/uploads\/2017\/11\/Harry-Kamera-024-150x150.jpg\" alt=\"\" width=\"150\" height=\"150\" \/><\/a> <a href=\"http:\/\/www.pro-vo.at\/wp-content\/uploads\/2017\/11\/Harry-Kamera-027.jpg\" data-rel=\"lightbox-gallery-w3is2pKC\" data-rl_title=\"\" data-rl_caption=\"\" title=\"\"><img loading=\"lazy\" decoding=\"async\" class=\"alignnone size-thumbnail wp-image-2975\" src=\"http:\/\/www.pro-vo.at\/wp-content\/uploads\/2017\/11\/Harry-Kamera-027-150x150.jpg\" alt=\"\" width=\"150\" height=\"150\" \/><\/a> <a href=\"http:\/\/www.pro-vo.at\/wp-content\/uploads\/2017\/11\/Harry-Kamera-029.jpg\" data-rel=\"lightbox-gallery-w3is2pKC\" data-rl_title=\"\" data-rl_caption=\"\" title=\"\"><img loading=\"lazy\" decoding=\"async\" class=\"alignnone size-thumbnail wp-image-2976\" src=\"http:\/\/www.pro-vo.at\/wp-content\/uploads\/2017\/11\/Harry-Kamera-029-150x150.jpg\" alt=\"\" width=\"150\" height=\"150\" \/><\/a> <a href=\"http:\/\/www.pro-vo.at\/wp-content\/uploads\/2017\/11\/Harry-Kamera-036.jpg\" data-rel=\"lightbox-gallery-w3is2pKC\" data-rl_title=\"\" data-rl_caption=\"\" title=\"\"><img loading=\"lazy\" decoding=\"async\" class=\"alignnone size-thumbnail wp-image-2977\" src=\"http:\/\/www.pro-vo.at\/wp-content\/uploads\/2017\/11\/Harry-Kamera-036-150x150.jpg\" alt=\"\" width=\"150\" height=\"150\" \/><\/a> <a href=\"http:\/\/www.pro-vo.at\/wp-content\/uploads\/2017\/11\/Harry-Kamera-038.jpg\" data-rel=\"lightbox-gallery-w3is2pKC\" data-rl_title=\"\" data-rl_caption=\"\" title=\"\"><img loading=\"lazy\" decoding=\"async\" class=\"alignnone size-thumbnail wp-image-2978\" src=\"http:\/\/www.pro-vo.at\/wp-content\/uploads\/2017\/11\/Harry-Kamera-038-150x150.jpg\" alt=\"\" width=\"150\" height=\"150\" \/><\/a> <a href=\"http:\/\/www.pro-vo.at\/wp-content\/uploads\/2017\/11\/Harry-Kamera-044.jpg\" data-rel=\"lightbox-gallery-w3is2pKC\" data-rl_title=\"\" data-rl_caption=\"\" title=\"\"><img loading=\"lazy\" decoding=\"async\" class=\"alignnone size-thumbnail wp-image-2979\" src=\"http:\/\/www.pro-vo.at\/wp-content\/uploads\/2017\/11\/Harry-Kamera-044-150x150.jpg\" alt=\"\" width=\"150\" height=\"150\" \/><\/a> <a href=\"http:\/\/www.pro-vo.at\/wp-content\/uploads\/2017\/11\/Harry-Kamera-052.jpg\" data-rel=\"lightbox-gallery-w3is2pKC\" data-rl_title=\"\" data-rl_caption=\"\" title=\"\"><img loading=\"lazy\" decoding=\"async\" class=\"alignnone size-thumbnail wp-image-2980\" src=\"http:\/\/www.pro-vo.at\/wp-content\/uploads\/2017\/11\/Harry-Kamera-052-150x150.jpg\" alt=\"\" width=\"150\" height=\"150\" \/><\/a> <a href=\"http:\/\/www.pro-vo.at\/wp-content\/uploads\/2017\/11\/Harry-Kamera-054.jpg\" data-rel=\"lightbox-gallery-w3is2pKC\" data-rl_title=\"\" data-rl_caption=\"\" title=\"\"><img loading=\"lazy\" decoding=\"async\" class=\"alignnone size-thumbnail wp-image-2981\" src=\"http:\/\/www.pro-vo.at\/wp-content\/uploads\/2017\/11\/Harry-Kamera-054-150x150.jpg\" alt=\"\" width=\"150\" height=\"150\" \/><\/a> <a href=\"http:\/\/www.pro-vo.at\/wp-content\/uploads\/2017\/11\/Harry-Kamera-062.jpg\" data-rel=\"lightbox-gallery-w3is2pKC\" data-rl_title=\"\" data-rl_caption=\"\" title=\"\"><img loading=\"lazy\" decoding=\"async\" class=\"alignnone size-thumbnail wp-image-2982\" src=\"http:\/\/www.pro-vo.at\/wp-content\/uploads\/2017\/11\/Harry-Kamera-062-150x150.jpg\" alt=\"\" width=\"150\" height=\"150\" \/><\/a> <a href=\"http:\/\/www.pro-vo.at\/wp-content\/uploads\/2017\/11\/Harry-Kamera-066.jpg\" data-rel=\"lightbox-gallery-w3is2pKC\" data-rl_title=\"\" data-rl_caption=\"\" title=\"\"><img loading=\"lazy\" decoding=\"async\" class=\"alignnone size-thumbnail wp-image-2983\" src=\"http:\/\/www.pro-vo.at\/wp-content\/uploads\/2017\/11\/Harry-Kamera-066-150x150.jpg\" alt=\"\" width=\"150\" height=\"150\" \/><\/a> <a href=\"http:\/\/www.pro-vo.at\/wp-content\/uploads\/2017\/11\/Harry-Kamera-076.jpg\" data-rel=\"lightbox-gallery-w3is2pKC\" data-rl_title=\"\" data-rl_caption=\"\" title=\"\"><img loading=\"lazy\" decoding=\"async\" class=\"alignnone size-thumbnail wp-image-2984\" src=\"http:\/\/www.pro-vo.at\/wp-content\/uploads\/2017\/11\/Harry-Kamera-076-150x150.jpg\" alt=\"\" width=\"150\" height=\"150\" \/><\/a> <a href=\"http:\/\/www.pro-vo.at\/wp-content\/uploads\/2017\/11\/Harry-Kamera-084.jpg\" data-rel=\"lightbox-gallery-w3is2pKC\" data-rl_title=\"\" data-rl_caption=\"\" title=\"\"><img loading=\"lazy\" decoding=\"async\" class=\"alignnone size-thumbnail wp-image-2985\" src=\"http:\/\/www.pro-vo.at\/wp-content\/uploads\/2017\/11\/Harry-Kamera-084-150x150.jpg\" alt=\"\" width=\"150\" height=\"150\" \/><\/a> <a href=\"http:\/\/www.pro-vo.at\/wp-content\/uploads\/2017\/11\/Harry-Kamera-090.jpg\" data-rel=\"lightbox-gallery-w3is2pKC\" data-rl_title=\"\" data-rl_caption=\"\" title=\"\"><img loading=\"lazy\" decoding=\"async\" class=\"alignnone size-thumbnail wp-image-2986\" src=\"http:\/\/www.pro-vo.at\/wp-content\/uploads\/2017\/11\/Harry-Kamera-090-150x150.jpg\" alt=\"\" width=\"150\" height=\"150\" \/><\/a> <a href=\"http:\/\/www.pro-vo.at\/wp-content\/uploads\/2017\/11\/Harry-Kamera-093.jpg\" data-rel=\"lightbox-gallery-w3is2pKC\" data-rl_title=\"\" data-rl_caption=\"\" title=\"\"><img loading=\"lazy\" decoding=\"async\" class=\"alignnone size-thumbnail wp-image-2987\" src=\"http:\/\/www.pro-vo.at\/wp-content\/uploads\/2017\/11\/Harry-Kamera-093-150x150.jpg\" alt=\"\" width=\"150\" height=\"150\" \/><\/a> <a href=\"http:\/\/www.pro-vo.at\/wp-content\/uploads\/2017\/11\/Harry-Kamera-100.jpg\" data-rel=\"lightbox-gallery-w3is2pKC\" data-rl_title=\"\" data-rl_caption=\"\" title=\"\"><img loading=\"lazy\" decoding=\"async\" class=\"alignnone size-thumbnail wp-image-2988\" src=\"http:\/\/www.pro-vo.at\/wp-content\/uploads\/2017\/11\/Harry-Kamera-100-150x150.jpg\" alt=\"\" width=\"150\" height=\"150\" \/><\/a> <a href=\"http:\/\/www.pro-vo.at\/wp-content\/uploads\/2017\/11\/Harry-Kamera-105.jpg\" data-rel=\"lightbox-gallery-w3is2pKC\" data-rl_title=\"\" data-rl_caption=\"\" title=\"\"><img loading=\"lazy\" decoding=\"async\" class=\"alignnone size-thumbnail wp-image-2989\" src=\"http:\/\/www.pro-vo.at\/wp-content\/uploads\/2017\/11\/Harry-Kamera-105-150x150.jpg\" alt=\"\" width=\"150\" height=\"150\" \/><\/a> <a href=\"http:\/\/www.pro-vo.at\/wp-content\/uploads\/2017\/11\/Harry-Kamera-109.jpg\" data-rel=\"lightbox-gallery-w3is2pKC\" data-rl_title=\"\" data-rl_caption=\"\" title=\"\"><img loading=\"lazy\" decoding=\"async\" class=\"alignnone size-thumbnail wp-image-2990\" src=\"http:\/\/www.pro-vo.at\/wp-content\/uploads\/2017\/11\/Harry-Kamera-109-150x150.jpg\" alt=\"\" width=\"150\" height=\"150\" \/><\/a> <a href=\"http:\/\/www.pro-vo.at\/wp-content\/uploads\/2017\/11\/Harry-Kamera-111.jpg\" data-rel=\"lightbox-gallery-w3is2pKC\" data-rl_title=\"\" data-rl_caption=\"\" title=\"\"><img loading=\"lazy\" decoding=\"async\" class=\"alignnone size-thumbnail wp-image-2991\" src=\"http:\/\/www.pro-vo.at\/wp-content\/uploads\/2017\/11\/Harry-Kamera-111-150x150.jpg\" alt=\"\" width=\"150\" height=\"150\" \/><\/a> <a href=\"http:\/\/www.pro-vo.at\/wp-content\/uploads\/2017\/11\/Harry-Kamera-115.jpg\" data-rel=\"lightbox-gallery-w3is2pKC\" data-rl_title=\"\" data-rl_caption=\"\" title=\"\"><img loading=\"lazy\" decoding=\"async\" class=\"alignnone size-thumbnail wp-image-2992\" src=\"http:\/\/www.pro-vo.at\/wp-content\/uploads\/2017\/11\/Harry-Kamera-115-150x150.jpg\" alt=\"\" width=\"150\" height=\"150\" \/><\/a> <a href=\"http:\/\/www.pro-vo.at\/wp-content\/uploads\/2017\/11\/Harry-Kamera-126.jpg\" data-rel=\"lightbox-gallery-w3is2pKC\" data-rl_title=\"\" data-rl_caption=\"\" title=\"\"><img loading=\"lazy\" decoding=\"async\" class=\"alignnone size-thumbnail wp-image-2993\" src=\"http:\/\/www.pro-vo.at\/wp-content\/uploads\/2017\/11\/Harry-Kamera-126-150x150.jpg\" alt=\"\" width=\"150\" height=\"150\" \/><\/a> <a href=\"http:\/\/www.pro-vo.at\/wp-content\/uploads\/2017\/11\/Harry-Kamera-133.jpg\" data-rel=\"lightbox-gallery-w3is2pKC\" data-rl_title=\"\" data-rl_caption=\"\" title=\"\"><img loading=\"lazy\" decoding=\"async\" class=\"alignnone size-thumbnail wp-image-2994\" src=\"http:\/\/www.pro-vo.at\/wp-content\/uploads\/2017\/11\/Harry-Kamera-133-150x150.jpg\" alt=\"\" width=\"150\" height=\"150\" \/><\/a><\/p>\n<p>Das Programm:<\/p>\n<p>Lara , Abby , Irem , Marina<br \/>\n3 Chinesen mit dem Kontrabass (trad.)<\/p>\n<p>Davy<br \/>\nMimi costum\u00e9e en marquise<br \/>\nLa marche de Sissi l&#8217;imp\u00e9ratrice (Kleynjans)<\/p>\n<p>Michi<br \/>\nOld Mac Donald (trad.)<\/p>\n<p>Matthias<br \/>\nAmadeus, Amadeus (Falco)<br \/>\nWenn ich mal ein Dino w\u00e4r (Langer\/Grabmayer)<br \/>\nBrachiosaurus (Langer\/Grabmayer)<\/p>\n<p>Lukas<br \/>\nJames Bond Thema (Norman)<\/p>\n<p>Antonio<br \/>\nNonesuch (Anon.)<\/p>\n<p>Alexander<br \/>\nAlexanders St\u00fcck<br \/>\nAlexanders zweites St\u00fcck (Odvarka)<\/p>\n<p>Philip , Alexander<br \/>\nBeat it (Jackson)<\/p>\n<p>Fabian<br \/>\nMalague\u00f1a (trad.)<\/p>\n<p>Kati<br \/>\nHokus Pokus (Langer\/Neges)<\/p>\n<p>Aline<br \/>\nGassenhauer (Neusiedler)<br \/>\nDonauwalzer (Strauss)<\/p>\n<p>Aline , Kati<br \/>\nUnsichtbar (Kiddy Contest)<\/p>\n<p>Sarah , Nemanja , Lidja<br \/>\nEine Gutenachtgeschichte (Muro)<br \/>\nI gotta feeling (Black eyed peas)<\/p>\n<p>Friederike<br \/>\nKleiner gelber Vogel (Schindler)<br \/>\nEspa\u00f1oleta (Sanz)<br \/>\nValse (Calatayud)<\/p>\n<p>Sophie<br \/>\nHarry Potter: Hedwigs Theme (Williams)<\/p>\n<p>Davy , Michi , Alexander , Matthias , Philip , Aline ,<br \/>\nManuela , Kati , Sophie , Sarah , Antonio , Lidija , Nemanja ,<br \/>\nLukas , Fabian , Friederike<br \/>\nIch und mein JJ (Pinguine aus Madagaskar)<\/p>\n<p><a href=\"http:\/\/www.pro-vo.at\/index.php\/chronik\/\">Zur\u00fcck zur Chronik<\/a><\/p>\n<p>&nbsp;<\/p>\n","protected":false},"excerpt":{"rendered":"<p>Ein Fest mit der Gitarre Klassenabend Martha Hammerer Freitag, 13. Mai 2011 18:00 Festsaal der Bezirksvorstehung im 15. Bezirk, Gasgasse 8 &#8211; 10, 1150 Wien Die Sch\u00fcler und Sch\u00fclerinnen von Martha Hammerer aus dem Verein pro-vo treffen sich im Rahmen der Wiener Festwochen zum Musizieren mit der Gitarre. Kinder und Jugendliche pr\u00e4sentieren ihre liebsten Musikst\u00fccke &#8230; <a title=\"Fest mit der Gitarre\" class=\"read-more\" href=\"https:\/\/www.pro-vo.at\/index.php\/chronik\/fest-mit-der-gitarre\/\" aria-label=\"Mehr Informationen \u00fcber Fest mit der Gitarre\">Weiterlesen<\/a><\/p>\n","protected":false},"author":1,"featured_media":0,"parent":28,"menu_order":0,"comment_status":"closed","ping_status":"closed","template":"","meta":{"footnotes":""},"class_list":["post-2969","page","type-page","status-publish"],"_links":{"self":[{"href":"https:\/\/www.pro-vo.at\/index.php\/wp-json\/wp\/v2\/pages\/2969","targetHints":{"allow":["GET"]}}],"collection":[{"href":"https:\/\/www.pro-vo.at\/index.php\/wp-json\/wp\/v2\/pages"}],"about":[{"href":"https:\/\/www.pro-vo.at\/index.php\/wp-json\/wp\/v2\/types\/page"}],"author":[{"embeddable":true,"href":"https:\/\/www.pro-vo.at\/index.php\/wp-json\/wp\/v2\/users\/1"}],"replies":[{"embeddable":true,"href":"https:\/\/www.pro-vo.at\/index.php\/wp-json\/wp\/v2\/comments?post=2969"}],"version-history":[{"count":1,"href":"https:\/\/www.pro-vo.at\/index.php\/wp-json\/wp\/v2\/pages\/2969\/revisions"}],"predecessor-version":[{"id":2995,"href":"https:\/\/www.pro-vo.at\/index.php\/wp-json\/wp\/v2\/pages\/2969\/revisions\/2995"}],"up":[{"embeddable":true,"href":"https:\/\/www.pro-vo.at\/index.php\/wp-json\/wp\/v2\/pages\/28"}],"wp:attachment":[{"href":"https:\/\/www.pro-vo.at\/index.php\/wp-json\/wp\/v2\/media?parent=2969"}],"curies":[{"name":"wp","href":"https:\/\/api.w.org\/{rel}","templated":true}]}}