{"id":2954,"date":"2017-11-14T13:25:28","date_gmt":"2017-11-14T13:25:28","guid":{"rendered":"http:\/\/www.pro-vo.at\/?page_id=2954"},"modified":"2017-11-14T13:25:28","modified_gmt":"2017-11-14T13:25:28","slug":"lisa-04-2011","status":"publish","type":"page","link":"https:\/\/www.pro-vo.at\/index.php\/chronik\/lisa-04-2011\/","title":{"rendered":"Lisa 04 2011"},"content":{"rendered":"<h1>Klassenabend\u00a0 Lisa Stephanie Charvat<\/h1>\n<p>9. April 2011<br \/>\n16 Uhr<br \/>\ngro\u00dfer Veranstaltungsraum pro-vo<br \/>\n1150 Wien, Huglgasse 24<\/p>\n<p><a href=\"http:\/\/www.pro-vo.at\/wp-content\/uploads\/2017\/11\/Lisa_1.jpg\" data-rel=\"lightbox-gallery-7jZZ4snd\" data-rl_title=\"Lisa_1\" data-rl_caption=\"\" title=\"Lisa_1\"><img loading=\"lazy\" decoding=\"async\" class=\"alignnone size-thumbnail wp-image-2955\" src=\"http:\/\/www.pro-vo.at\/wp-content\/uploads\/2017\/11\/Lisa_1-150x150.jpg\" alt=\"\" width=\"150\" height=\"150\" \/><\/a> <a href=\"http:\/\/www.pro-vo.at\/wp-content\/uploads\/2017\/11\/Lisa_2.jpg\" data-rel=\"lightbox-gallery-7jZZ4snd\" data-rl_title=\"Lisa_2\" data-rl_caption=\"\" title=\"Lisa_2\"><img loading=\"lazy\" decoding=\"async\" class=\"alignnone size-thumbnail wp-image-2956\" src=\"http:\/\/www.pro-vo.at\/wp-content\/uploads\/2017\/11\/Lisa_2-150x150.jpg\" alt=\"\" width=\"150\" height=\"150\" \/><\/a> <a href=\"http:\/\/www.pro-vo.at\/wp-content\/uploads\/2017\/11\/Lisa_3.jpg\" data-rel=\"lightbox-gallery-7jZZ4snd\" data-rl_title=\"Lisa_3\" data-rl_caption=\"\" title=\"Lisa_3\"><img loading=\"lazy\" decoding=\"async\" class=\"alignnone size-thumbnail wp-image-2957\" src=\"http:\/\/www.pro-vo.at\/wp-content\/uploads\/2017\/11\/Lisa_3-150x150.jpg\" alt=\"\" width=\"150\" height=\"150\" \/><\/a> <a href=\"http:\/\/www.pro-vo.at\/wp-content\/uploads\/2017\/11\/Lisa_4.jpg\" data-rel=\"lightbox-gallery-7jZZ4snd\" data-rl_title=\"Lisa_4\" data-rl_caption=\"\" title=\"Lisa_4\"><img loading=\"lazy\" decoding=\"async\" class=\"alignnone size-thumbnail wp-image-2958\" src=\"http:\/\/www.pro-vo.at\/wp-content\/uploads\/2017\/11\/Lisa_4-150x150.jpg\" alt=\"\" width=\"150\" height=\"150\" \/><\/a> <a href=\"http:\/\/www.pro-vo.at\/wp-content\/uploads\/2017\/11\/Lisa_5.jpg\" data-rel=\"lightbox-gallery-7jZZ4snd\" data-rl_title=\"Lisa_5\" data-rl_caption=\"\" title=\"Lisa_5\"><img loading=\"lazy\" decoding=\"async\" class=\"alignnone size-thumbnail wp-image-2959\" src=\"http:\/\/www.pro-vo.at\/wp-content\/uploads\/2017\/11\/Lisa_5-150x150.jpg\" alt=\"\" width=\"150\" height=\"150\" \/><\/a> <a href=\"http:\/\/www.pro-vo.at\/wp-content\/uploads\/2017\/11\/Lisa_6.jpg\" data-rel=\"lightbox-gallery-7jZZ4snd\" data-rl_title=\"Lisa_6\" data-rl_caption=\"\" title=\"Lisa_6\"><img loading=\"lazy\" decoding=\"async\" class=\"alignnone size-thumbnail wp-image-2960\" src=\"http:\/\/www.pro-vo.at\/wp-content\/uploads\/2017\/11\/Lisa_6-150x150.jpg\" alt=\"\" width=\"150\" height=\"150\" \/><\/a> <a href=\"http:\/\/www.pro-vo.at\/wp-content\/uploads\/2017\/11\/Lisa_7.jpg\" data-rel=\"lightbox-gallery-7jZZ4snd\" data-rl_title=\"Lisa_7\" data-rl_caption=\"\" title=\"Lisa_7\"><img loading=\"lazy\" decoding=\"async\" class=\"alignnone size-thumbnail wp-image-2961\" src=\"http:\/\/www.pro-vo.at\/wp-content\/uploads\/2017\/11\/Lisa_7-150x150.jpg\" alt=\"\" width=\"150\" height=\"150\" \/><\/a> <a href=\"http:\/\/www.pro-vo.at\/wp-content\/uploads\/2017\/11\/Lisa_8.jpg\" data-rel=\"lightbox-gallery-7jZZ4snd\" data-rl_title=\"Lisa_8\" data-rl_caption=\"\" title=\"Lisa_8\"><img loading=\"lazy\" decoding=\"async\" class=\"alignnone size-thumbnail wp-image-2962\" src=\"http:\/\/www.pro-vo.at\/wp-content\/uploads\/2017\/11\/Lisa_8-150x150.jpg\" alt=\"\" width=\"150\" height=\"150\" \/><\/a> <a href=\"http:\/\/www.pro-vo.at\/wp-content\/uploads\/2017\/11\/Lisa_9.jpg\" data-rel=\"lightbox-gallery-7jZZ4snd\" data-rl_title=\"Lisa_9\" data-rl_caption=\"\" title=\"Lisa_9\"><img loading=\"lazy\" decoding=\"async\" class=\"alignnone size-thumbnail wp-image-2963\" src=\"http:\/\/www.pro-vo.at\/wp-content\/uploads\/2017\/11\/Lisa_9-150x150.jpg\" alt=\"\" width=\"150\" height=\"150\" \/><\/a><\/p>\n<p>Emilie<br \/>\n&#8222;Was man in einer Geigenstunde macht&#8220;:<br \/>\nBegr\u00fc\u00dfungslied: &#8222;Hallo, liebe Geige&#8220;,<br \/>\nBogenspiel: &#8222;Zaubertrank r\u00fchren&#8220;,<br \/>\nRhythmuskarten raten,<br \/>\nLied &#8222;Sonne hoch&#8220; &#8211; singen und auf der Geige spielen.<\/p>\n<p>Alice<br \/>\n&#8222;P\u00fcppchen&#8220;-Lied (gesungen und gespielt);<br \/>\n&#8222;P\u00fcppchen&#8220;-Sonata von L. Rossa mit Klavier<\/p>\n<p>Felix<br \/>\n&#8222;Rinaldo Ringelwurm&#8220;<br \/>\n&#8222;Die alte Dampflok&#8220; von A. Holzer-Rhomberg (f\u00fcr Vl. und Kl.)<\/p>\n<p>Clara<br \/>\nConcertino in h-Moll op.35 von O. Rieding,<br \/>\n2. Satz &#8222;Andante&#8220; (Klavier: Nina Haslmayr)<\/p>\n<p>Geigenensemble<br \/>\n&#8222;Sonne, Mond und Sterne&#8220; von A.Holzer-Rhomberg<\/p>\n<p>Klavier:<br \/>\nNina Haslmayer<\/p>\n<p><a href=\"http:\/\/www.pro-vo.at\/index.php\/chronik\/\">Zur\u00fcck zur Chronik<\/a><\/p>\n","protected":false},"excerpt":{"rendered":"<p>Klassenabend\u00a0 Lisa Stephanie Charvat 9. April 2011 16 Uhr gro\u00dfer Veranstaltungsraum pro-vo 1150 Wien, Huglgasse 24 Emilie &#8222;Was man in einer Geigenstunde macht&#8220;: Begr\u00fc\u00dfungslied: &#8222;Hallo, liebe Geige&#8220;, Bogenspiel: &#8222;Zaubertrank r\u00fchren&#8220;, Rhythmuskarten raten, Lied &#8222;Sonne hoch&#8220; &#8211; singen und auf der Geige spielen. Alice &#8222;P\u00fcppchen&#8220;-Lied (gesungen und gespielt); &#8222;P\u00fcppchen&#8220;-Sonata von L. Rossa mit Klavier Felix &#8222;Rinaldo &#8230; <a title=\"Lisa 04 2011\" class=\"read-more\" href=\"https:\/\/www.pro-vo.at\/index.php\/chronik\/lisa-04-2011\/\" aria-label=\"Mehr Informationen \u00fcber Lisa 04 2011\">Weiterlesen<\/a><\/p>\n","protected":false},"author":1,"featured_media":0,"parent":28,"menu_order":0,"comment_status":"closed","ping_status":"closed","template":"","meta":{"footnotes":""},"class_list":["post-2954","page","type-page","status-publish"],"_links":{"self":[{"href":"https:\/\/www.pro-vo.at\/index.php\/wp-json\/wp\/v2\/pages\/2954","targetHints":{"allow":["GET"]}}],"collection":[{"href":"https:\/\/www.pro-vo.at\/index.php\/wp-json\/wp\/v2\/pages"}],"about":[{"href":"https:\/\/www.pro-vo.at\/index.php\/wp-json\/wp\/v2\/types\/page"}],"author":[{"embeddable":true,"href":"https:\/\/www.pro-vo.at\/index.php\/wp-json\/wp\/v2\/users\/1"}],"replies":[{"embeddable":true,"href":"https:\/\/www.pro-vo.at\/index.php\/wp-json\/wp\/v2\/comments?post=2954"}],"version-history":[{"count":1,"href":"https:\/\/www.pro-vo.at\/index.php\/wp-json\/wp\/v2\/pages\/2954\/revisions"}],"predecessor-version":[{"id":2964,"href":"https:\/\/www.pro-vo.at\/index.php\/wp-json\/wp\/v2\/pages\/2954\/revisions\/2964"}],"up":[{"embeddable":true,"href":"https:\/\/www.pro-vo.at\/index.php\/wp-json\/wp\/v2\/pages\/28"}],"wp:attachment":[{"href":"https:\/\/www.pro-vo.at\/index.php\/wp-json\/wp\/v2\/media?parent=2954"}],"curies":[{"name":"wp","href":"https:\/\/api.w.org\/{rel}","templated":true}]}}