{"id":2937,"date":"2017-11-14T13:21:32","date_gmt":"2017-11-14T13:21:32","guid":{"rendered":"http:\/\/www.pro-vo.at\/?page_id=2937"},"modified":"2017-11-14T13:21:32","modified_gmt":"2017-11-14T13:21:32","slug":"martin-01-2011","status":"publish","type":"page","link":"https:\/\/www.pro-vo.at\/index.php\/chronik\/martin-01-2011\/","title":{"rendered":"Martin 01 2011"},"content":{"rendered":"<h1>Klassenabend Klasse Martin Sch\u00f6nlieb<\/h1>\n<p>Freitag, 28. J\u00e4nner 2011<\/p>\n<p><a href=\"http:\/\/www.pro-vo.at\/wp-content\/uploads\/2017\/11\/IMG_8312.jpg\" data-rel=\"lightbox-gallery-IsMV5WgV\" data-rl_title=\"IMG_8312\" data-rl_caption=\"\" title=\"IMG_8312\"><img loading=\"lazy\" decoding=\"async\" class=\"alignnone size-thumbnail wp-image-2938\" src=\"http:\/\/www.pro-vo.at\/wp-content\/uploads\/2017\/11\/IMG_8312-150x150.jpg\" alt=\"\" width=\"150\" height=\"150\" \/><\/a> <a href=\"http:\/\/www.pro-vo.at\/wp-content\/uploads\/2017\/11\/martin_1.jpg\" data-rel=\"lightbox-gallery-IsMV5WgV\" data-rl_title=\"martin_1\" data-rl_caption=\"\" title=\"martin_1\"><img loading=\"lazy\" decoding=\"async\" class=\"alignnone size-thumbnail wp-image-2939\" src=\"http:\/\/www.pro-vo.at\/wp-content\/uploads\/2017\/11\/martin_1-150x150.jpg\" alt=\"\" width=\"150\" height=\"150\" \/><\/a> <a href=\"http:\/\/www.pro-vo.at\/wp-content\/uploads\/2017\/11\/martin_2.jpg\" data-rel=\"lightbox-gallery-IsMV5WgV\" data-rl_title=\"martin_2\" data-rl_caption=\"\" title=\"martin_2\"><img loading=\"lazy\" decoding=\"async\" class=\"alignnone size-thumbnail wp-image-2940\" src=\"http:\/\/www.pro-vo.at\/wp-content\/uploads\/2017\/11\/martin_2-150x150.jpg\" alt=\"\" width=\"150\" height=\"150\" \/><\/a> <a href=\"http:\/\/www.pro-vo.at\/wp-content\/uploads\/2017\/11\/martin_3.jpg\" data-rel=\"lightbox-gallery-IsMV5WgV\" data-rl_title=\"martin_3\" data-rl_caption=\"\" title=\"martin_3\"><img loading=\"lazy\" decoding=\"async\" class=\"alignnone size-thumbnail wp-image-2941\" src=\"http:\/\/www.pro-vo.at\/wp-content\/uploads\/2017\/11\/martin_3-150x150.jpg\" alt=\"\" width=\"150\" height=\"150\" \/><\/a> <a href=\"http:\/\/www.pro-vo.at\/wp-content\/uploads\/2017\/11\/martin_4.jpg\" data-rel=\"lightbox-gallery-IsMV5WgV\" data-rl_title=\"martin_4\" data-rl_caption=\"\" title=\"martin_4\"><img loading=\"lazy\" decoding=\"async\" class=\"alignnone size-thumbnail wp-image-2942\" src=\"http:\/\/www.pro-vo.at\/wp-content\/uploads\/2017\/11\/martin_4-150x150.jpg\" alt=\"\" width=\"150\" height=\"150\" \/><\/a> <a href=\"http:\/\/www.pro-vo.at\/wp-content\/uploads\/2017\/11\/martin_5h.jpg\" data-rel=\"lightbox-gallery-IsMV5WgV\" data-rl_title=\"martin_5h\" data-rl_caption=\"\" title=\"martin_5h\"><img loading=\"lazy\" decoding=\"async\" class=\"alignnone size-thumbnail wp-image-2943\" src=\"http:\/\/www.pro-vo.at\/wp-content\/uploads\/2017\/11\/martin_5h-150x150.jpg\" alt=\"\" width=\"150\" height=\"150\" \/><\/a> <a href=\"http:\/\/www.pro-vo.at\/wp-content\/uploads\/2017\/11\/martin_6h.jpg\" data-rel=\"lightbox-gallery-IsMV5WgV\" data-rl_title=\"martin_6h\" data-rl_caption=\"\" title=\"martin_6h\"><img loading=\"lazy\" decoding=\"async\" class=\"alignnone size-thumbnail wp-image-2944\" src=\"http:\/\/www.pro-vo.at\/wp-content\/uploads\/2017\/11\/martin_6h-150x150.jpg\" alt=\"\" width=\"150\" height=\"150\" \/><\/a> <a href=\"http:\/\/www.pro-vo.at\/wp-content\/uploads\/2017\/11\/martin_7h.jpg\" data-rel=\"lightbox-gallery-IsMV5WgV\" data-rl_title=\"martin_7h\" data-rl_caption=\"\" title=\"martin_7h\"><img loading=\"lazy\" decoding=\"async\" class=\"alignnone size-thumbnail wp-image-2945\" src=\"http:\/\/www.pro-vo.at\/wp-content\/uploads\/2017\/11\/martin_7h-150x150.jpg\" alt=\"\" width=\"150\" height=\"150\" \/><\/a> <a href=\"http:\/\/www.pro-vo.at\/wp-content\/uploads\/2017\/11\/martin_8.jpg\" data-rel=\"lightbox-gallery-IsMV5WgV\" data-rl_title=\"martin_8\" data-rl_caption=\"\" title=\"martin_8\"><img loading=\"lazy\" decoding=\"async\" class=\"alignnone size-thumbnail wp-image-2946\" src=\"http:\/\/www.pro-vo.at\/wp-content\/uploads\/2017\/11\/martin_8-150x150.jpg\" alt=\"\" width=\"150\" height=\"150\" \/><\/a> <a href=\"http:\/\/www.pro-vo.at\/wp-content\/uploads\/2017\/11\/martin_9.jpg\" data-rel=\"lightbox-gallery-IsMV5WgV\" data-rl_title=\"martin_9\" data-rl_caption=\"\" title=\"martin_9\"><img loading=\"lazy\" decoding=\"async\" class=\"alignnone size-thumbnail wp-image-2947\" src=\"http:\/\/www.pro-vo.at\/wp-content\/uploads\/2017\/11\/martin_9-150x150.jpg\" alt=\"\" width=\"150\" height=\"150\" \/><\/a> <a href=\"http:\/\/www.pro-vo.at\/wp-content\/uploads\/2017\/11\/martin_10.jpg\" data-rel=\"lightbox-gallery-IsMV5WgV\" data-rl_title=\"martin_10\" data-rl_caption=\"\" title=\"martin_10\"><img loading=\"lazy\" decoding=\"async\" class=\"alignnone size-thumbnail wp-image-2948\" src=\"http:\/\/www.pro-vo.at\/wp-content\/uploads\/2017\/11\/martin_10-150x150.jpg\" alt=\"\" width=\"150\" height=\"150\" \/><\/a> <a href=\"http:\/\/www.pro-vo.at\/wp-content\/uploads\/2017\/11\/martin_11.jpg\" data-rel=\"lightbox-gallery-IsMV5WgV\" data-rl_title=\"martin_11\" data-rl_caption=\"\" title=\"martin_11\"><img loading=\"lazy\" decoding=\"async\" class=\"alignnone size-thumbnail wp-image-2949\" src=\"http:\/\/www.pro-vo.at\/wp-content\/uploads\/2017\/11\/martin_11-150x150.jpg\" alt=\"\" width=\"150\" height=\"150\" \/><\/a> <a href=\"http:\/\/www.pro-vo.at\/wp-content\/uploads\/2017\/11\/martin_12.jpg\" data-rel=\"lightbox-gallery-IsMV5WgV\" data-rl_title=\"martin_12\" data-rl_caption=\"\" title=\"martin_12\"><img loading=\"lazy\" decoding=\"async\" class=\"alignnone size-thumbnail wp-image-2950\" src=\"http:\/\/www.pro-vo.at\/wp-content\/uploads\/2017\/11\/martin_12-150x150.jpg\" alt=\"\" width=\"150\" height=\"150\" \/><\/a> <a href=\"http:\/\/www.pro-vo.at\/wp-content\/uploads\/2017\/11\/martin_13.jpg\" data-rel=\"lightbox-gallery-IsMV5WgV\" data-rl_title=\"martin_13\" data-rl_caption=\"\" title=\"martin_13\"><img loading=\"lazy\" decoding=\"async\" class=\"alignnone size-thumbnail wp-image-2951\" src=\"http:\/\/www.pro-vo.at\/wp-content\/uploads\/2017\/11\/martin_13-150x150.jpg\" alt=\"\" width=\"150\" height=\"150\" \/><\/a><\/p>\n<p>Das Programm:<\/p>\n<p>Jan<br \/>\n&#8222;Nebel, Nebel, wei\u00dfer Hauch&#8220; (W.Pudelko)<br \/>\n&#8222;Tom Dooley&#8220; (Trad.)<\/p>\n<p>Andreas<br \/>\n&#8222;My life&#8220; (Adreas Ott)<\/p>\n<p>Marcus<br \/>\n&#8222;The man who sold the world&#8220; (David Bowie)<br \/>\n&#8222;Hombre Calvo&#8220; (J.Peretz)<\/p>\n<p>Simon<br \/>\n&#8222;Tears in heaven&#8220; (Eric Clapton)<\/p>\n<p>Michael<br \/>\n&#8222;Eleanor Rigby&#8220; (J.Lennon, P.McCartney)<\/p>\n<p>Walter, Michael, Herbert<br \/>\n&#8222;By myself&#8220; (J.Kumlehn)<br \/>\n&#8222;As you &#8211; as me&#8220; (J.M.Borner)<\/p>\n<p><a href=\"http:\/\/www.pro-vo.at\/index.php\/chronik\/\">Zur\u00fcck zur Chronik<\/a><\/p>\n<p>&nbsp;<\/p>\n","protected":false},"excerpt":{"rendered":"<p>Klassenabend Klasse Martin Sch\u00f6nlieb Freitag, 28. J\u00e4nner 2011 Das Programm: Jan &#8222;Nebel, Nebel, wei\u00dfer Hauch&#8220; (W.Pudelko) &#8222;Tom Dooley&#8220; (Trad.) Andreas &#8222;My life&#8220; (Adreas Ott) Marcus &#8222;The man who sold the world&#8220; (David Bowie) &#8222;Hombre Calvo&#8220; (J.Peretz) Simon &#8222;Tears in heaven&#8220; (Eric Clapton) Michael &#8222;Eleanor Rigby&#8220; (J.Lennon, P.McCartney) Walter, Michael, Herbert &#8222;By myself&#8220; (J.Kumlehn) &#8222;As you &#8230; <a title=\"Martin 01 2011\" class=\"read-more\" href=\"https:\/\/www.pro-vo.at\/index.php\/chronik\/martin-01-2011\/\" aria-label=\"Mehr Informationen \u00fcber Martin 01 2011\">Weiterlesen<\/a><\/p>\n","protected":false},"author":1,"featured_media":0,"parent":28,"menu_order":0,"comment_status":"closed","ping_status":"closed","template":"","meta":{"footnotes":""},"class_list":["post-2937","page","type-page","status-publish"],"_links":{"self":[{"href":"https:\/\/www.pro-vo.at\/index.php\/wp-json\/wp\/v2\/pages\/2937","targetHints":{"allow":["GET"]}}],"collection":[{"href":"https:\/\/www.pro-vo.at\/index.php\/wp-json\/wp\/v2\/pages"}],"about":[{"href":"https:\/\/www.pro-vo.at\/index.php\/wp-json\/wp\/v2\/types\/page"}],"author":[{"embeddable":true,"href":"https:\/\/www.pro-vo.at\/index.php\/wp-json\/wp\/v2\/users\/1"}],"replies":[{"embeddable":true,"href":"https:\/\/www.pro-vo.at\/index.php\/wp-json\/wp\/v2\/comments?post=2937"}],"version-history":[{"count":1,"href":"https:\/\/www.pro-vo.at\/index.php\/wp-json\/wp\/v2\/pages\/2937\/revisions"}],"predecessor-version":[{"id":2952,"href":"https:\/\/www.pro-vo.at\/index.php\/wp-json\/wp\/v2\/pages\/2937\/revisions\/2952"}],"up":[{"embeddable":true,"href":"https:\/\/www.pro-vo.at\/index.php\/wp-json\/wp\/v2\/pages\/28"}],"wp:attachment":[{"href":"https:\/\/www.pro-vo.at\/index.php\/wp-json\/wp\/v2\/media?parent=2937"}],"curies":[{"name":"wp","href":"https:\/\/api.w.org\/{rel}","templated":true}]}}