{"id":2904,"date":"2017-11-14T13:13:15","date_gmt":"2017-11-14T13:13:15","guid":{"rendered":"http:\/\/www.pro-vo.at\/?page_id=2904"},"modified":"2017-11-14T13:13:15","modified_gmt":"2017-11-14T13:13:15","slug":"ungaros","status":"publish","type":"page","link":"https:\/\/www.pro-vo.at\/index.php\/chronik\/ungaros\/","title":{"rendered":"Ungaros"},"content":{"rendered":"<h1>Konzert Los Ungaros<\/h1>\n<p>Gitarre Trio<br \/>\nKONZERT am Samstag, 16. Oktober<br \/>\n15:00 Uhr<\/p>\n<p>Veranstaltungsraum Verein pro-vo<br \/>\nHuglgasse 24, 1150 Wien<\/p>\n<p><a href=\"http:\/\/www.pro-vo.at\/wp-content\/uploads\/2017\/11\/los_ungaros_1.jpg\" data-rel=\"lightbox-gallery-7zJEpTIn\" data-rl_title=\"los_ungaros_1\" data-rl_caption=\"\" title=\"los_ungaros_1\"><img loading=\"lazy\" decoding=\"async\" class=\"alignnone size-thumbnail wp-image-2905\" src=\"http:\/\/www.pro-vo.at\/wp-content\/uploads\/2017\/11\/los_ungaros_1-150x150.jpg\" alt=\"\" width=\"150\" height=\"150\" \/><\/a> <a href=\"http:\/\/www.pro-vo.at\/wp-content\/uploads\/2017\/11\/los_ungaros_2.jpg\" data-rel=\"lightbox-gallery-7zJEpTIn\" data-rl_title=\"los_ungaros_2\" data-rl_caption=\"\" title=\"los_ungaros_2\"><img loading=\"lazy\" decoding=\"async\" class=\"alignnone size-thumbnail wp-image-2906\" src=\"http:\/\/www.pro-vo.at\/wp-content\/uploads\/2017\/11\/los_ungaros_2-150x150.jpg\" alt=\"\" width=\"150\" height=\"150\" \/><\/a> <a href=\"http:\/\/www.pro-vo.at\/wp-content\/uploads\/2017\/11\/los_ungaros_3.jpg\" data-rel=\"lightbox-gallery-7zJEpTIn\" data-rl_title=\"los_ungaros_3\" data-rl_caption=\"\" title=\"los_ungaros_3\"><img loading=\"lazy\" decoding=\"async\" class=\"alignnone size-thumbnail wp-image-2907\" src=\"http:\/\/www.pro-vo.at\/wp-content\/uploads\/2017\/11\/los_ungaros_3-150x150.jpg\" alt=\"\" width=\"150\" height=\"150\" \/><\/a> <a href=\"http:\/\/www.pro-vo.at\/wp-content\/uploads\/2017\/11\/los_ungaros_4.jpg\" data-rel=\"lightbox-gallery-7zJEpTIn\" data-rl_title=\"los_ungaros_4\" data-rl_caption=\"\" title=\"los_ungaros_4\"><img loading=\"lazy\" decoding=\"async\" class=\"alignnone size-thumbnail wp-image-2908\" src=\"http:\/\/www.pro-vo.at\/wp-content\/uploads\/2017\/11\/los_ungaros_4-150x150.jpg\" alt=\"\" width=\"150\" height=\"150\" \/><\/a> <a href=\"http:\/\/www.pro-vo.at\/wp-content\/uploads\/2017\/11\/los_ungaros_5.jpg\" data-rel=\"lightbox-gallery-7zJEpTIn\" data-rl_title=\"los_ungaros_5\" data-rl_caption=\"\" title=\"los_ungaros_5\"><img loading=\"lazy\" decoding=\"async\" class=\"alignnone size-thumbnail wp-image-2909\" src=\"http:\/\/www.pro-vo.at\/wp-content\/uploads\/2017\/11\/los_ungaros_5-150x150.jpg\" alt=\"\" width=\"150\" height=\"150\" \/><\/a> <a href=\"http:\/\/www.pro-vo.at\/wp-content\/uploads\/2017\/11\/los_ungaros_6.jpg\" data-rel=\"lightbox-gallery-7zJEpTIn\" data-rl_title=\"los_ungaros_6\" data-rl_caption=\"\" title=\"los_ungaros_6\"><img loading=\"lazy\" decoding=\"async\" class=\"alignnone size-thumbnail wp-image-2910\" src=\"http:\/\/www.pro-vo.at\/wp-content\/uploads\/2017\/11\/los_ungaros_6-150x150.jpg\" alt=\"\" width=\"150\" height=\"150\" \/><\/a> <a href=\"http:\/\/www.pro-vo.at\/wp-content\/uploads\/2017\/11\/los_ungaros_7.jpg\" data-rel=\"lightbox-gallery-7zJEpTIn\" data-rl_title=\"los_ungaros_7\" data-rl_caption=\"\" title=\"los_ungaros_7\"><img loading=\"lazy\" decoding=\"async\" class=\"alignnone size-thumbnail wp-image-2911\" src=\"http:\/\/www.pro-vo.at\/wp-content\/uploads\/2017\/11\/los_ungaros_7-150x150.jpg\" alt=\"\" width=\"150\" height=\"150\" \/><\/a> <a href=\"http:\/\/www.pro-vo.at\/wp-content\/uploads\/2017\/11\/los_ungaros_8.jpg\" data-rel=\"lightbox-gallery-7zJEpTIn\" data-rl_title=\"los_ungaros_8\" data-rl_caption=\"\" title=\"los_ungaros_8\"><img loading=\"lazy\" decoding=\"async\" class=\"alignnone size-thumbnail wp-image-2912\" src=\"http:\/\/www.pro-vo.at\/wp-content\/uploads\/2017\/11\/los_ungaros_8-150x150.jpg\" alt=\"\" width=\"150\" height=\"150\" \/><\/a> <a href=\"http:\/\/www.pro-vo.at\/wp-content\/uploads\/2017\/11\/Ungaros-1.jpg\" data-rel=\"lightbox-gallery-7zJEpTIn\" data-rl_title=\"Ungaros 1\" data-rl_caption=\"\" title=\"Ungaros 1\"><img loading=\"lazy\" decoding=\"async\" class=\"alignnone size-thumbnail wp-image-2913\" src=\"http:\/\/www.pro-vo.at\/wp-content\/uploads\/2017\/11\/Ungaros-1-150x150.jpg\" alt=\"\" width=\"150\" height=\"150\" \/><\/a> <a href=\"http:\/\/www.pro-vo.at\/wp-content\/uploads\/2017\/11\/Ungaros-2.jpg\" data-rel=\"lightbox-gallery-7zJEpTIn\" data-rl_title=\"Ungaros 2\" data-rl_caption=\"\" title=\"Ungaros 2\"><img loading=\"lazy\" decoding=\"async\" class=\"alignnone size-thumbnail wp-image-2914\" src=\"http:\/\/www.pro-vo.at\/wp-content\/uploads\/2017\/11\/Ungaros-2-150x150.jpg\" alt=\"\" width=\"150\" height=\"150\" \/><\/a> <a href=\"http:\/\/www.pro-vo.at\/wp-content\/uploads\/2017\/11\/Ungaros-3.jpg\" data-rel=\"lightbox-gallery-7zJEpTIn\" data-rl_title=\"Ungaros 3\" data-rl_caption=\"\" title=\"Ungaros 3\"><img loading=\"lazy\" decoding=\"async\" class=\"alignnone size-thumbnail wp-image-2915\" src=\"http:\/\/www.pro-vo.at\/wp-content\/uploads\/2017\/11\/Ungaros-3-150x114.jpg\" alt=\"\" width=\"150\" height=\"114\" \/><\/a> <a href=\"http:\/\/www.pro-vo.at\/wp-content\/uploads\/2017\/11\/Ungaros-4.jpg\" data-rel=\"lightbox-gallery-7zJEpTIn\" data-rl_title=\"Ungaros 4\" data-rl_caption=\"\" title=\"Ungaros 4\"><img loading=\"lazy\" decoding=\"async\" class=\"alignnone size-thumbnail wp-image-2916\" src=\"http:\/\/www.pro-vo.at\/wp-content\/uploads\/2017\/11\/Ungaros-4-150x150.jpg\" alt=\"\" width=\"150\" height=\"150\" srcset=\"https:\/\/www.pro-vo.at\/wp-content\/uploads\/2017\/11\/Ungaros-4-150x150.jpg 150w, https:\/\/www.pro-vo.at\/wp-content\/uploads\/2017\/11\/Ungaros-4-300x300.jpg 300w, https:\/\/www.pro-vo.at\/wp-content\/uploads\/2017\/11\/Ungaros-4.jpg 449w\" sizes=\"auto, (max-width: 150px) 100vw, 150px\" \/><\/a><\/p>\n<p>Lajos Horv\u00e1th, Gitarre<br \/>\nGonzalo Manrique, Gitarre<br \/>\nL\u00e1szl\u00f3 Szab\u00f3, Gitarre, Kontrabass Gitarre<br \/>\n<a href=\"http:\/\/losungaros.com\/\">Website Los Ungaros<\/a><\/p>\n<p>Werke von Bach, Mozart, Beethoven, Alb\u00e9niz, Cervantes, Borne, Espinel und Szab\u00f3<br \/>\nEintritt frei \/ freie Spende<\/p>\n<p>Los Ungaros wurde 2006 in Wien gegr\u00fcndet.<br \/>\nDie Mitglieder des Ensembles stammen \u2013 worauf der Name humoristisch hinweist &#8211;<br \/>\naus Ungarn und Peru.<br \/>\nZiel der 3 Musiker ist es, das Kammermusik-Repertoire<br \/>\nder Gitarre zu erweitern und durch den Einsatz einer Kontrabassgitarre<br \/>\nals zus\u00e4tzliches Register neue technische und musikalische M\u00f6glichkeiten zu erschlie\u00dfen.<\/p>\n<p>Das Ensemble er\u00f6ffnet ein f\u00fcr die klassische Gitarre einzigartiges Repertoire,<br \/>\nbestehend aus eigenen Bearbeitungen ber\u00fchmter klassischer Meisterwerke,<br \/>\nausgew\u00e4hlten popul\u00e4ren St\u00fccken und Eigenkompositionen.<br \/>\nDas Trio hat bereits zahlreiche Konzerte gespielt,<br \/>\nwo unter anderem auch erstmals die Sonate Pathetique von Beethoven<br \/>\nin der eigenen Bearbeitung<br \/>\nf\u00fcr 2 Prim- und eine Kontrabassgitarre zur Auff\u00fchrung gelangte<br \/>\nund vom Publikum begeistert aufgenommen wurde.<br \/>\nDurch die kontinuierliche Transkriptions- und Kompositionsarbeit bieten<br \/>\nLos Ungaros ein faszinierendes, virtuoses und vielf\u00e4ltiges Konzertprogramm<\/p>\n<p><a href=\"http:\/\/www.pro-vo.at\/index.php\/chronik\/\">http:\/\/www.pro-vo.at\/index.php\/chronik\/<\/a><\/p>\n","protected":false},"excerpt":{"rendered":"<p>Konzert Los Ungaros Gitarre Trio KONZERT am Samstag, 16. Oktober 15:00 Uhr Veranstaltungsraum Verein pro-vo Huglgasse 24, 1150 Wien Lajos Horv\u00e1th, Gitarre Gonzalo Manrique, Gitarre L\u00e1szl\u00f3 Szab\u00f3, Gitarre, Kontrabass Gitarre Website Los Ungaros Werke von Bach, Mozart, Beethoven, Alb\u00e9niz, Cervantes, Borne, Espinel und Szab\u00f3 Eintritt frei \/ freie Spende Los Ungaros wurde 2006 in Wien &#8230; <a title=\"Ungaros\" class=\"read-more\" href=\"https:\/\/www.pro-vo.at\/index.php\/chronik\/ungaros\/\" aria-label=\"Mehr Informationen \u00fcber Ungaros\">Weiterlesen<\/a><\/p>\n","protected":false},"author":1,"featured_media":0,"parent":28,"menu_order":0,"comment_status":"closed","ping_status":"closed","template":"","meta":{"footnotes":""},"class_list":["post-2904","page","type-page","status-publish"],"_links":{"self":[{"href":"https:\/\/www.pro-vo.at\/index.php\/wp-json\/wp\/v2\/pages\/2904","targetHints":{"allow":["GET"]}}],"collection":[{"href":"https:\/\/www.pro-vo.at\/index.php\/wp-json\/wp\/v2\/pages"}],"about":[{"href":"https:\/\/www.pro-vo.at\/index.php\/wp-json\/wp\/v2\/types\/page"}],"author":[{"embeddable":true,"href":"https:\/\/www.pro-vo.at\/index.php\/wp-json\/wp\/v2\/users\/1"}],"replies":[{"embeddable":true,"href":"https:\/\/www.pro-vo.at\/index.php\/wp-json\/wp\/v2\/comments?post=2904"}],"version-history":[{"count":1,"href":"https:\/\/www.pro-vo.at\/index.php\/wp-json\/wp\/v2\/pages\/2904\/revisions"}],"predecessor-version":[{"id":2917,"href":"https:\/\/www.pro-vo.at\/index.php\/wp-json\/wp\/v2\/pages\/2904\/revisions\/2917"}],"up":[{"embeddable":true,"href":"https:\/\/www.pro-vo.at\/index.php\/wp-json\/wp\/v2\/pages\/28"}],"wp:attachment":[{"href":"https:\/\/www.pro-vo.at\/index.php\/wp-json\/wp\/v2\/media?parent=2904"}],"curies":[{"name":"wp","href":"https:\/\/api.w.org\/{rel}","templated":true}]}}