{"id":2872,"date":"2017-11-14T13:04:11","date_gmt":"2017-11-14T13:04:11","guid":{"rendered":"http:\/\/www.pro-vo.at\/?page_id=2872"},"modified":"2017-11-14T13:04:11","modified_gmt":"2017-11-14T13:04:11","slug":"ottakring","status":"publish","type":"page","link":"https:\/\/www.pro-vo.at\/index.php\/chronik\/ottakring\/","title":{"rendered":"Ottakring"},"content":{"rendered":"<h1>Wir in Ottakring<\/h1>\n<p>Die Ottakringer und Penzinger Vereine stellen sich vor<br \/>\nSamstag, 19. Juni 2010<br \/>\n14:00 &#8211; 20:00<\/p>\n<p>Platz vor der U3 Endstelle Ottakring, inkl. Paltaufgasse<\/p>\n<p>Die pro-vo ist mit einem Informationsstand vertreten,<br \/>\nB\u00fchnenprogramm von 15:00 &#8211; 17:30<br \/>\nDie pro-vo hat um 16:20 auf der gro\u00dfen B\u00fchne einen Auftritt, es musizieren Lehrerinnen und Lehrer der pro-vo.<br \/>\nModeration: Jazz Gitti<\/p>\n<p><a href=\"http:\/\/www.pro-vo.at\/wp-content\/uploads\/2017\/11\/1-2.jpg\" data-rel=\"lightbox-gallery-A5m4L6aa\" data-rl_title=\"1\" data-rl_caption=\"\" title=\"1\"><img loading=\"lazy\" decoding=\"async\" class=\"alignnone size-thumbnail wp-image-2873\" src=\"http:\/\/www.pro-vo.at\/wp-content\/uploads\/2017\/11\/1-2-150x150.jpg\" alt=\"\" width=\"150\" height=\"150\" \/><\/a> <a href=\"http:\/\/www.pro-vo.at\/wp-content\/uploads\/2017\/11\/2-2.jpg\" data-rel=\"lightbox-gallery-A5m4L6aa\" data-rl_title=\"2\" data-rl_caption=\"\" title=\"2\"><img loading=\"lazy\" decoding=\"async\" class=\"alignnone size-thumbnail wp-image-2874\" src=\"http:\/\/www.pro-vo.at\/wp-content\/uploads\/2017\/11\/2-2-150x150.jpg\" alt=\"\" width=\"150\" height=\"150\" \/><\/a> <a href=\"http:\/\/www.pro-vo.at\/wp-content\/uploads\/2017\/11\/3-2.jpg\" data-rel=\"lightbox-gallery-A5m4L6aa\" data-rl_title=\"3\" data-rl_caption=\"\" title=\"3\"><img loading=\"lazy\" decoding=\"async\" class=\"alignnone size-thumbnail wp-image-2875\" src=\"http:\/\/www.pro-vo.at\/wp-content\/uploads\/2017\/11\/3-2-150x150.jpg\" alt=\"\" width=\"150\" height=\"150\" \/><\/a> <a href=\"http:\/\/www.pro-vo.at\/wp-content\/uploads\/2017\/11\/4-2.jpg\" data-rel=\"lightbox-gallery-A5m4L6aa\" data-rl_title=\"4\" data-rl_caption=\"\" title=\"4\"><img loading=\"lazy\" decoding=\"async\" class=\"alignnone size-thumbnail wp-image-2876\" src=\"http:\/\/www.pro-vo.at\/wp-content\/uploads\/2017\/11\/4-2-150x150.jpg\" alt=\"\" width=\"150\" height=\"150\" \/><\/a> <a href=\"http:\/\/www.pro-vo.at\/wp-content\/uploads\/2017\/11\/5-2.jpg\" data-rel=\"lightbox-gallery-A5m4L6aa\" data-rl_title=\"5\" data-rl_caption=\"\" title=\"5\"><img loading=\"lazy\" decoding=\"async\" class=\"alignnone size-thumbnail wp-image-2877\" src=\"http:\/\/www.pro-vo.at\/wp-content\/uploads\/2017\/11\/5-2-150x150.jpg\" alt=\"\" width=\"150\" height=\"150\" \/><\/a> <a href=\"http:\/\/www.pro-vo.at\/wp-content\/uploads\/2017\/11\/6-2.jpg\" data-rel=\"lightbox-gallery-A5m4L6aa\" data-rl_title=\"6\" data-rl_caption=\"\" title=\"6\"><img loading=\"lazy\" decoding=\"async\" class=\"alignnone size-thumbnail wp-image-2878\" src=\"http:\/\/www.pro-vo.at\/wp-content\/uploads\/2017\/11\/6-2-150x150.jpg\" alt=\"\" width=\"150\" height=\"150\" \/><\/a> <a href=\"http:\/\/www.pro-vo.at\/wp-content\/uploads\/2017\/11\/7-2.jpg\" data-rel=\"lightbox-gallery-A5m4L6aa\" data-rl_title=\"7\" data-rl_caption=\"\" title=\"7\"><img loading=\"lazy\" decoding=\"async\" class=\"alignnone size-thumbnail wp-image-2879\" src=\"http:\/\/www.pro-vo.at\/wp-content\/uploads\/2017\/11\/7-2-150x150.jpg\" alt=\"\" width=\"150\" height=\"150\" \/><\/a> <a href=\"http:\/\/www.pro-vo.at\/wp-content\/uploads\/2017\/11\/8-2.jpg\" data-rel=\"lightbox-gallery-A5m4L6aa\" data-rl_title=\"8\" data-rl_caption=\"\" title=\"8\"><img loading=\"lazy\" decoding=\"async\" class=\"alignnone size-thumbnail wp-image-2880\" src=\"http:\/\/www.pro-vo.at\/wp-content\/uploads\/2017\/11\/8-2-150x150.jpg\" alt=\"\" width=\"150\" height=\"150\" \/><\/a> <a href=\"http:\/\/www.pro-vo.at\/wp-content\/uploads\/2017\/11\/9-2.jpg\" data-rel=\"lightbox-gallery-A5m4L6aa\" data-rl_title=\"9\" data-rl_caption=\"\" title=\"9\"><img loading=\"lazy\" decoding=\"async\" class=\"alignnone size-thumbnail wp-image-2881\" src=\"http:\/\/www.pro-vo.at\/wp-content\/uploads\/2017\/11\/9-2-150x150.jpg\" alt=\"\" width=\"150\" height=\"150\" \/><\/a> <a href=\"http:\/\/www.pro-vo.at\/wp-content\/uploads\/2017\/11\/10-3.jpg\" data-rel=\"lightbox-gallery-A5m4L6aa\" data-rl_title=\"10\" data-rl_caption=\"\" title=\"10\"><img loading=\"lazy\" decoding=\"async\" class=\"alignnone size-thumbnail wp-image-2882\" src=\"http:\/\/www.pro-vo.at\/wp-content\/uploads\/2017\/11\/10-3-150x150.jpg\" alt=\"\" width=\"150\" height=\"150\" \/><\/a> <a href=\"http:\/\/www.pro-vo.at\/wp-content\/uploads\/2017\/11\/11-2.jpg\" data-rel=\"lightbox-gallery-A5m4L6aa\" data-rl_title=\"11\" data-rl_caption=\"\" title=\"11\"><img loading=\"lazy\" decoding=\"async\" class=\"alignnone size-thumbnail wp-image-2883\" src=\"http:\/\/www.pro-vo.at\/wp-content\/uploads\/2017\/11\/11-2-150x150.jpg\" alt=\"\" width=\"150\" height=\"150\" \/><\/a> <a href=\"http:\/\/www.pro-vo.at\/wp-content\/uploads\/2017\/11\/12-2.jpg\" data-rel=\"lightbox-gallery-A5m4L6aa\" data-rl_title=\"12\" data-rl_caption=\"\" title=\"12\"><img loading=\"lazy\" decoding=\"async\" class=\"alignnone size-thumbnail wp-image-2884\" src=\"http:\/\/www.pro-vo.at\/wp-content\/uploads\/2017\/11\/12-2-150x150.jpg\" alt=\"\" width=\"150\" height=\"150\" \/><\/a> <a href=\"http:\/\/www.pro-vo.at\/wp-content\/uploads\/2017\/11\/Poster_Ottakring.jpg\" data-rel=\"lightbox-gallery-A5m4L6aa\" data-rl_title=\"Poster_Ottakring\" data-rl_caption=\"\" title=\"Poster_Ottakring\"><img loading=\"lazy\" decoding=\"async\" class=\"alignnone size-thumbnail wp-image-2885\" src=\"http:\/\/www.pro-vo.at\/wp-content\/uploads\/2017\/11\/Poster_Ottakring-150x150.jpg\" alt=\"\" width=\"150\" height=\"150\" \/><\/a><\/p>\n<p><a href=\"http:\/\/www.pro-vo.at\/index.php\/chronik\/\">Zur\u00fcck zur Chronik<\/a><\/p>\n","protected":false},"excerpt":{"rendered":"<p>Wir in Ottakring Die Ottakringer und Penzinger Vereine stellen sich vor Samstag, 19. Juni 2010 14:00 &#8211; 20:00 Platz vor der U3 Endstelle Ottakring, inkl. Paltaufgasse Die pro-vo ist mit einem Informationsstand vertreten, B\u00fchnenprogramm von 15:00 &#8211; 17:30 Die pro-vo hat um 16:20 auf der gro\u00dfen B\u00fchne einen Auftritt, es musizieren Lehrerinnen und Lehrer der &#8230; <a title=\"Ottakring\" class=\"read-more\" href=\"https:\/\/www.pro-vo.at\/index.php\/chronik\/ottakring\/\" aria-label=\"Mehr Informationen \u00fcber Ottakring\">Weiterlesen<\/a><\/p>\n","protected":false},"author":1,"featured_media":0,"parent":28,"menu_order":0,"comment_status":"closed","ping_status":"closed","template":"","meta":{"footnotes":""},"class_list":["post-2872","page","type-page","status-publish"],"_links":{"self":[{"href":"https:\/\/www.pro-vo.at\/index.php\/wp-json\/wp\/v2\/pages\/2872","targetHints":{"allow":["GET"]}}],"collection":[{"href":"https:\/\/www.pro-vo.at\/index.php\/wp-json\/wp\/v2\/pages"}],"about":[{"href":"https:\/\/www.pro-vo.at\/index.php\/wp-json\/wp\/v2\/types\/page"}],"author":[{"embeddable":true,"href":"https:\/\/www.pro-vo.at\/index.php\/wp-json\/wp\/v2\/users\/1"}],"replies":[{"embeddable":true,"href":"https:\/\/www.pro-vo.at\/index.php\/wp-json\/wp\/v2\/comments?post=2872"}],"version-history":[{"count":1,"href":"https:\/\/www.pro-vo.at\/index.php\/wp-json\/wp\/v2\/pages\/2872\/revisions"}],"predecessor-version":[{"id":2886,"href":"https:\/\/www.pro-vo.at\/index.php\/wp-json\/wp\/v2\/pages\/2872\/revisions\/2886"}],"up":[{"embeddable":true,"href":"https:\/\/www.pro-vo.at\/index.php\/wp-json\/wp\/v2\/pages\/28"}],"wp:attachment":[{"href":"https:\/\/www.pro-vo.at\/index.php\/wp-json\/wp\/v2\/media?parent=2872"}],"curies":[{"name":"wp","href":"https:\/\/api.w.org\/{rel}","templated":true}]}}