{"id":2796,"date":"2017-11-13T16:57:13","date_gmt":"2017-11-13T16:57:13","guid":{"rendered":"http:\/\/www.pro-vo.at\/?page_id=2796"},"modified":"2017-11-13T16:57:13","modified_gmt":"2017-11-13T16:57:13","slug":"advent-2009","status":"publish","type":"page","link":"https:\/\/www.pro-vo.at\/index.php\/chronik\/advent-2009\/","title":{"rendered":"Advent 2009"},"content":{"rendered":"<h1>Advent-Event<\/h1>\n<p>12. Dezember 2009<br \/>\n16 Uhr<\/p>\n<p>Das diesj\u00e4hrige Advent-Event stand unter dem Zeichen:<br \/>\n&#8222;Es ist eisig kalt!!!&#8220;<\/p>\n<p>Dies konnte aber der guten Stimmung und den hervorragenden musikalischen Darbietungen nichts anhaben,<br \/>\nwir haben uns bei Punsch und Heizstrahlern gew\u00e4rmt und das wundersch\u00f6ne Fest sehr genossen.<br \/>\nEin herzliches Dankesch\u00f6n an alle beteiligten LehrerInnen und Sch\u00fclerInnen<br \/>\nund an unsere lieben G\u00e4ste, die trotz der eisigen Temperaturen zum Gelingen dieses Abend beigetragen haben.<\/p>\n<p>&nbsp;<\/p>\n<p><a href=\"http:\/\/www.pro-vo.at\/wp-content\/uploads\/2017\/11\/adv1-1.jpg\" data-rel=\"lightbox-gallery-6KdTBEWX\" data-rl_title=\"adv1\" data-rl_caption=\"\" title=\"adv1\"><img loading=\"lazy\" decoding=\"async\" class=\"alignnone size-thumbnail wp-image-2797\" src=\"http:\/\/www.pro-vo.at\/wp-content\/uploads\/2017\/11\/adv1-1-150x150.jpg\" alt=\"\" width=\"150\" height=\"150\" \/><\/a> <a href=\"http:\/\/www.pro-vo.at\/wp-content\/uploads\/2017\/11\/adv2-1.jpg\" data-rel=\"lightbox-gallery-6KdTBEWX\" data-rl_title=\"adv2\" data-rl_caption=\"\" title=\"adv2\"><img loading=\"lazy\" decoding=\"async\" class=\"alignnone size-thumbnail wp-image-2798\" src=\"http:\/\/www.pro-vo.at\/wp-content\/uploads\/2017\/11\/adv2-1-150x150.jpg\" alt=\"\" width=\"150\" height=\"150\" \/><\/a> <a href=\"http:\/\/www.pro-vo.at\/wp-content\/uploads\/2017\/11\/adv3-1.jpg\" data-rel=\"lightbox-gallery-6KdTBEWX\" data-rl_title=\"adv3\" data-rl_caption=\"\" title=\"adv3\"><img loading=\"lazy\" decoding=\"async\" class=\"alignnone size-thumbnail wp-image-2799\" src=\"http:\/\/www.pro-vo.at\/wp-content\/uploads\/2017\/11\/adv3-1-150x150.jpg\" alt=\"\" width=\"150\" height=\"150\" \/><\/a> <a href=\"http:\/\/www.pro-vo.at\/wp-content\/uploads\/2017\/11\/adv4-1.jpg\" data-rel=\"lightbox-gallery-6KdTBEWX\" data-rl_title=\"adv4\" data-rl_caption=\"\" title=\"adv4\"><img loading=\"lazy\" decoding=\"async\" class=\"alignnone size-thumbnail wp-image-2800\" src=\"http:\/\/www.pro-vo.at\/wp-content\/uploads\/2017\/11\/adv4-1-150x150.jpg\" alt=\"\" width=\"150\" height=\"150\" \/><\/a> <a href=\"http:\/\/www.pro-vo.at\/wp-content\/uploads\/2017\/11\/adv5-1.jpg\" data-rel=\"lightbox-gallery-6KdTBEWX\" data-rl_title=\"adv5\" data-rl_caption=\"\" title=\"adv5\"><img loading=\"lazy\" decoding=\"async\" class=\"alignnone size-thumbnail wp-image-2801\" src=\"http:\/\/www.pro-vo.at\/wp-content\/uploads\/2017\/11\/adv5-1-150x150.jpg\" alt=\"\" width=\"150\" height=\"150\" \/><\/a> <a href=\"http:\/\/www.pro-vo.at\/wp-content\/uploads\/2017\/11\/adv6-1.jpg\" data-rel=\"lightbox-gallery-6KdTBEWX\" data-rl_title=\"adv6\" data-rl_caption=\"\" title=\"adv6\"><img loading=\"lazy\" decoding=\"async\" class=\"alignnone size-thumbnail wp-image-2802\" src=\"http:\/\/www.pro-vo.at\/wp-content\/uploads\/2017\/11\/adv6-1-150x150.jpg\" alt=\"\" width=\"150\" height=\"150\" \/><\/a> <a href=\"http:\/\/www.pro-vo.at\/wp-content\/uploads\/2017\/11\/adv7-1.jpg\" data-rel=\"lightbox-gallery-6KdTBEWX\" data-rl_title=\"adv7\" data-rl_caption=\"\" title=\"adv7\"><img loading=\"lazy\" decoding=\"async\" class=\"alignnone size-thumbnail wp-image-2803\" src=\"http:\/\/www.pro-vo.at\/wp-content\/uploads\/2017\/11\/adv7-1-150x150.jpg\" alt=\"\" width=\"150\" height=\"150\" \/><\/a> <a href=\"http:\/\/www.pro-vo.at\/wp-content\/uploads\/2017\/11\/adv8-1.jpg\" data-rel=\"lightbox-gallery-6KdTBEWX\" data-rl_title=\"adv8\" data-rl_caption=\"\" title=\"adv8\"><img loading=\"lazy\" decoding=\"async\" class=\"alignnone size-thumbnail wp-image-2804\" src=\"http:\/\/www.pro-vo.at\/wp-content\/uploads\/2017\/11\/adv8-1-150x150.jpg\" alt=\"\" width=\"150\" height=\"150\" \/><\/a> <a href=\"http:\/\/www.pro-vo.at\/wp-content\/uploads\/2017\/11\/adv9-1.jpg\" data-rel=\"lightbox-gallery-6KdTBEWX\" data-rl_title=\"adv9\" data-rl_caption=\"\" title=\"adv9\"><img loading=\"lazy\" decoding=\"async\" class=\"alignnone size-thumbnail wp-image-2805\" src=\"http:\/\/www.pro-vo.at\/wp-content\/uploads\/2017\/11\/adv9-1-150x150.jpg\" alt=\"\" width=\"150\" height=\"150\" \/><\/a> <a href=\"http:\/\/www.pro-vo.at\/wp-content\/uploads\/2017\/11\/adv10-1.jpg\" data-rel=\"lightbox-gallery-6KdTBEWX\" data-rl_title=\"adv10\" data-rl_caption=\"\" title=\"adv10\"><img loading=\"lazy\" decoding=\"async\" class=\"alignnone size-thumbnail wp-image-2806\" src=\"http:\/\/www.pro-vo.at\/wp-content\/uploads\/2017\/11\/adv10-1-150x150.jpg\" alt=\"\" width=\"150\" height=\"150\" \/><\/a> <a href=\"http:\/\/www.pro-vo.at\/wp-content\/uploads\/2017\/11\/adv11-1.jpg\" data-rel=\"lightbox-gallery-6KdTBEWX\" data-rl_title=\"adv11\" data-rl_caption=\"\" title=\"adv11\"><img loading=\"lazy\" decoding=\"async\" class=\"alignnone size-thumbnail wp-image-2807\" src=\"http:\/\/www.pro-vo.at\/wp-content\/uploads\/2017\/11\/adv11-1-150x150.jpg\" alt=\"\" width=\"150\" height=\"150\" \/><\/a> <a href=\"http:\/\/www.pro-vo.at\/wp-content\/uploads\/2017\/11\/adv12-1.jpg\" data-rel=\"lightbox-gallery-6KdTBEWX\" data-rl_title=\"adv12\" data-rl_caption=\"\" title=\"adv12\"><img loading=\"lazy\" decoding=\"async\" class=\"alignnone size-thumbnail wp-image-2808\" src=\"http:\/\/www.pro-vo.at\/wp-content\/uploads\/2017\/11\/adv12-1-150x150.jpg\" alt=\"\" width=\"150\" height=\"150\" \/><\/a> <a href=\"http:\/\/www.pro-vo.at\/wp-content\/uploads\/2017\/11\/adv13-1.jpg\" data-rel=\"lightbox-gallery-6KdTBEWX\" data-rl_title=\"adv13\" data-rl_caption=\"\" title=\"adv13\"><img loading=\"lazy\" decoding=\"async\" class=\"alignnone size-thumbnail wp-image-2809\" src=\"http:\/\/www.pro-vo.at\/wp-content\/uploads\/2017\/11\/adv13-1-150x150.jpg\" alt=\"\" width=\"150\" height=\"150\" \/><\/a> <a href=\"http:\/\/www.pro-vo.at\/wp-content\/uploads\/2017\/11\/adv14-1.jpg\" data-rel=\"lightbox-gallery-6KdTBEWX\" data-rl_title=\"adv14\" data-rl_caption=\"\" title=\"adv14\"><img loading=\"lazy\" decoding=\"async\" class=\"alignnone size-thumbnail wp-image-2810\" src=\"http:\/\/www.pro-vo.at\/wp-content\/uploads\/2017\/11\/adv14-1-150x150.jpg\" alt=\"\" width=\"150\" height=\"150\" \/><\/a> <a href=\"http:\/\/www.pro-vo.at\/wp-content\/uploads\/2017\/11\/adv15-1.jpg\" data-rel=\"lightbox-gallery-6KdTBEWX\" data-rl_title=\"adv15\" data-rl_caption=\"\" title=\"adv15\"><img loading=\"lazy\" decoding=\"async\" class=\"alignnone size-thumbnail wp-image-2811\" src=\"http:\/\/www.pro-vo.at\/wp-content\/uploads\/2017\/11\/adv15-1-150x150.jpg\" alt=\"\" width=\"150\" height=\"150\" \/><\/a> <a href=\"http:\/\/www.pro-vo.at\/wp-content\/uploads\/2017\/11\/adv16.jpg\" data-rel=\"lightbox-gallery-6KdTBEWX\" data-rl_title=\"adv16\" data-rl_caption=\"\" title=\"adv16\"><img loading=\"lazy\" decoding=\"async\" class=\"alignnone size-thumbnail wp-image-2812\" src=\"http:\/\/www.pro-vo.at\/wp-content\/uploads\/2017\/11\/adv16-150x150.jpg\" alt=\"\" width=\"150\" height=\"150\" \/><\/a> <a href=\"http:\/\/www.pro-vo.at\/wp-content\/uploads\/2017\/11\/adv17.jpg\" data-rel=\"lightbox-gallery-6KdTBEWX\" data-rl_title=\"adv17\" data-rl_caption=\"\" title=\"adv17\"><img loading=\"lazy\" decoding=\"async\" class=\"alignnone size-thumbnail wp-image-2813\" src=\"http:\/\/www.pro-vo.at\/wp-content\/uploads\/2017\/11\/adv17-150x150.jpg\" alt=\"\" width=\"150\" height=\"150\" \/><\/a> <a href=\"http:\/\/www.pro-vo.at\/wp-content\/uploads\/2017\/11\/adv18.jpg\" data-rel=\"lightbox-gallery-6KdTBEWX\" data-rl_title=\"adv18\" data-rl_caption=\"\" title=\"adv18\"><img loading=\"lazy\" decoding=\"async\" class=\"alignnone size-thumbnail wp-image-2814\" src=\"http:\/\/www.pro-vo.at\/wp-content\/uploads\/2017\/11\/adv18-150x150.jpg\" alt=\"\" width=\"150\" height=\"150\" \/><\/a> <a href=\"http:\/\/www.pro-vo.at\/wp-content\/uploads\/2017\/11\/adv19.jpg\" data-rel=\"lightbox-gallery-6KdTBEWX\" data-rl_title=\"adv19\" data-rl_caption=\"\" title=\"adv19\"><img loading=\"lazy\" decoding=\"async\" class=\"alignnone size-thumbnail wp-image-2815\" src=\"http:\/\/www.pro-vo.at\/wp-content\/uploads\/2017\/11\/adv19-150x150.jpg\" alt=\"\" width=\"150\" height=\"150\" \/><\/a> <a href=\"http:\/\/www.pro-vo.at\/wp-content\/uploads\/2017\/11\/adv20.jpg\" data-rel=\"lightbox-gallery-6KdTBEWX\" data-rl_title=\"adv20\" data-rl_caption=\"\" title=\"adv20\"><img loading=\"lazy\" decoding=\"async\" class=\"alignnone size-thumbnail wp-image-2816\" src=\"http:\/\/www.pro-vo.at\/wp-content\/uploads\/2017\/11\/adv20-150x150.jpg\" alt=\"\" width=\"150\" height=\"150\" \/><\/a> <a href=\"http:\/\/www.pro-vo.at\/wp-content\/uploads\/2017\/11\/adv21.jpg\" data-rel=\"lightbox-gallery-6KdTBEWX\" data-rl_title=\"adv21\" data-rl_caption=\"\" title=\"adv21\"><img loading=\"lazy\" decoding=\"async\" class=\"alignnone size-thumbnail wp-image-2817\" src=\"http:\/\/www.pro-vo.at\/wp-content\/uploads\/2017\/11\/adv21-150x150.jpg\" alt=\"\" width=\"150\" height=\"150\" \/><\/a> <a href=\"http:\/\/www.pro-vo.at\/wp-content\/uploads\/2017\/11\/adv22.jpg\" data-rel=\"lightbox-gallery-6KdTBEWX\" data-rl_title=\"adv22\" data-rl_caption=\"\" title=\"adv22\"><img loading=\"lazy\" decoding=\"async\" class=\"alignnone size-thumbnail wp-image-2818\" src=\"http:\/\/www.pro-vo.at\/wp-content\/uploads\/2017\/11\/adv22-150x150.jpg\" alt=\"\" width=\"150\" height=\"150\" \/><\/a> <a href=\"http:\/\/www.pro-vo.at\/wp-content\/uploads\/2017\/11\/adv23.jpg\" data-rel=\"lightbox-gallery-6KdTBEWX\" data-rl_title=\"adv23\" data-rl_caption=\"\" title=\"adv23\"><img loading=\"lazy\" decoding=\"async\" class=\"alignnone size-thumbnail wp-image-2819\" src=\"http:\/\/www.pro-vo.at\/wp-content\/uploads\/2017\/11\/adv23-150x150.jpg\" alt=\"\" width=\"150\" height=\"150\" \/><\/a><\/p>\n<p><a href=\"http:\/\/www.pro-vo.at\/index.php\/chronik\/\">Zur\u00fcck zur Chronik<\/a><\/p>\n","protected":false},"excerpt":{"rendered":"<p>Advent-Event 12. Dezember 2009 16 Uhr Das diesj\u00e4hrige Advent-Event stand unter dem Zeichen: &#8222;Es ist eisig kalt!!!&#8220; Dies konnte aber der guten Stimmung und den hervorragenden musikalischen Darbietungen nichts anhaben, wir haben uns bei Punsch und Heizstrahlern gew\u00e4rmt und das wundersch\u00f6ne Fest sehr genossen. Ein herzliches Dankesch\u00f6n an alle beteiligten LehrerInnen und Sch\u00fclerInnen und an &#8230; <a title=\"Advent 2009\" class=\"read-more\" href=\"https:\/\/www.pro-vo.at\/index.php\/chronik\/advent-2009\/\" aria-label=\"Mehr Informationen \u00fcber Advent 2009\">Weiterlesen<\/a><\/p>\n","protected":false},"author":1,"featured_media":0,"parent":28,"menu_order":0,"comment_status":"closed","ping_status":"closed","template":"","meta":{"footnotes":""},"class_list":["post-2796","page","type-page","status-publish"],"_links":{"self":[{"href":"https:\/\/www.pro-vo.at\/index.php\/wp-json\/wp\/v2\/pages\/2796","targetHints":{"allow":["GET"]}}],"collection":[{"href":"https:\/\/www.pro-vo.at\/index.php\/wp-json\/wp\/v2\/pages"}],"about":[{"href":"https:\/\/www.pro-vo.at\/index.php\/wp-json\/wp\/v2\/types\/page"}],"author":[{"embeddable":true,"href":"https:\/\/www.pro-vo.at\/index.php\/wp-json\/wp\/v2\/users\/1"}],"replies":[{"embeddable":true,"href":"https:\/\/www.pro-vo.at\/index.php\/wp-json\/wp\/v2\/comments?post=2796"}],"version-history":[{"count":1,"href":"https:\/\/www.pro-vo.at\/index.php\/wp-json\/wp\/v2\/pages\/2796\/revisions"}],"predecessor-version":[{"id":2820,"href":"https:\/\/www.pro-vo.at\/index.php\/wp-json\/wp\/v2\/pages\/2796\/revisions\/2820"}],"up":[{"embeddable":true,"href":"https:\/\/www.pro-vo.at\/index.php\/wp-json\/wp\/v2\/pages\/28"}],"wp:attachment":[{"href":"https:\/\/www.pro-vo.at\/index.php\/wp-json\/wp\/v2\/media?parent=2796"}],"curies":[{"name":"wp","href":"https:\/\/api.w.org\/{rel}","templated":true}]}}