{"id":2778,"date":"2017-11-13T16:50:38","date_gmt":"2017-11-13T16:50:38","guid":{"rendered":"http:\/\/www.pro-vo.at\/?page_id=2778"},"modified":"2017-11-13T16:50:38","modified_gmt":"2017-11-13T16:50:38","slug":"halloween-2009","status":"publish","type":"page","link":"https:\/\/www.pro-vo.at\/index.php\/chronik\/halloween-2009\/","title":{"rendered":"Halloween 2009"},"content":{"rendered":"<h1>Halloween Konzert<\/h1>\n<p>Martha Maria Hammerer<br \/>\n31. Oktober 2009<br \/>\n14 Uhr<\/p>\n<p>&nbsp;<\/p>\n<p>Alexander<br \/>\nS\u00fc\u00dfes oder Saures<br \/>\nWe will rock you<\/p>\n<p>Margareta<br \/>\nHei hei Hexe Wackelzahn<\/p>\n<p>Aline und Lukas<br \/>\nHe-ho spann den Wagen an<\/p>\n<p>Friederike<br \/>\nEne mene mur<br \/>\nDas land des gro\u00dfen B\u00e4ren<\/p>\n<p>Fabian Tastel<br \/>\nDas Monster um 12 Uhr<\/p>\n<p><a href=\"http:\/\/www.pro-vo.at\/wp-content\/uploads\/2017\/11\/1-1.jpg\" data-rel=\"lightbox-gallery-DyxOzjOT\" data-rl_title=\"1\" data-rl_caption=\"\" title=\"1\"><img loading=\"lazy\" decoding=\"async\" class=\"alignnone size-thumbnail wp-image-2779\" src=\"http:\/\/www.pro-vo.at\/wp-content\/uploads\/2017\/11\/1-1-150x150.jpg\" alt=\"\" width=\"150\" height=\"150\" \/><\/a> <a href=\"http:\/\/www.pro-vo.at\/wp-content\/uploads\/2017\/11\/2-1.jpg\" data-rel=\"lightbox-gallery-DyxOzjOT\" data-rl_title=\"2\" data-rl_caption=\"\" title=\"2\"><img loading=\"lazy\" decoding=\"async\" class=\"alignnone size-thumbnail wp-image-2780\" src=\"http:\/\/www.pro-vo.at\/wp-content\/uploads\/2017\/11\/2-1-150x150.jpg\" alt=\"\" width=\"150\" height=\"150\" \/><\/a> <a href=\"http:\/\/www.pro-vo.at\/wp-content\/uploads\/2017\/11\/3-1.jpg\" data-rel=\"lightbox-gallery-DyxOzjOT\" data-rl_title=\"3\" data-rl_caption=\"\" title=\"3\"><img loading=\"lazy\" decoding=\"async\" class=\"alignnone size-thumbnail wp-image-2781\" src=\"http:\/\/www.pro-vo.at\/wp-content\/uploads\/2017\/11\/3-1-150x150.jpg\" alt=\"\" width=\"150\" height=\"150\" \/><\/a> <a href=\"http:\/\/www.pro-vo.at\/wp-content\/uploads\/2017\/11\/4-1.jpg\" data-rel=\"lightbox-gallery-DyxOzjOT\" data-rl_title=\"4\" data-rl_caption=\"\" title=\"4\"><img loading=\"lazy\" decoding=\"async\" class=\"alignnone size-thumbnail wp-image-2782\" src=\"http:\/\/www.pro-vo.at\/wp-content\/uploads\/2017\/11\/4-1-150x150.jpg\" alt=\"\" width=\"150\" height=\"150\" \/><\/a> <a href=\"http:\/\/www.pro-vo.at\/wp-content\/uploads\/2017\/11\/5-1.jpg\" data-rel=\"lightbox-gallery-DyxOzjOT\" data-rl_title=\"5\" data-rl_caption=\"\" title=\"5\"><img loading=\"lazy\" decoding=\"async\" class=\"alignnone size-thumbnail wp-image-2783\" src=\"http:\/\/www.pro-vo.at\/wp-content\/uploads\/2017\/11\/5-1-150x150.jpg\" alt=\"\" width=\"150\" height=\"150\" \/><\/a> <a href=\"http:\/\/www.pro-vo.at\/wp-content\/uploads\/2017\/11\/6-1.jpg\" data-rel=\"lightbox-gallery-DyxOzjOT\" data-rl_title=\"6\" data-rl_caption=\"\" title=\"6\"><img loading=\"lazy\" decoding=\"async\" class=\"alignnone size-thumbnail wp-image-2784\" src=\"http:\/\/www.pro-vo.at\/wp-content\/uploads\/2017\/11\/6-1-150x150.jpg\" alt=\"\" width=\"150\" height=\"150\" \/><\/a> <a href=\"http:\/\/www.pro-vo.at\/wp-content\/uploads\/2017\/11\/7-1.jpg\" data-rel=\"lightbox-gallery-DyxOzjOT\" data-rl_title=\"7\" data-rl_caption=\"\" title=\"7\"><img loading=\"lazy\" decoding=\"async\" class=\"alignnone size-thumbnail wp-image-2785\" src=\"http:\/\/www.pro-vo.at\/wp-content\/uploads\/2017\/11\/7-1-150x150.jpg\" alt=\"\" width=\"150\" height=\"150\" \/><\/a> <a href=\"http:\/\/www.pro-vo.at\/wp-content\/uploads\/2017\/11\/8-1.jpg\" data-rel=\"lightbox-gallery-DyxOzjOT\" data-rl_title=\"8\" data-rl_caption=\"\" title=\"8\"><img loading=\"lazy\" decoding=\"async\" class=\"alignnone size-thumbnail wp-image-2786\" src=\"http:\/\/www.pro-vo.at\/wp-content\/uploads\/2017\/11\/8-1-150x150.jpg\" alt=\"\" width=\"150\" height=\"150\" \/><\/a> <a href=\"http:\/\/www.pro-vo.at\/wp-content\/uploads\/2017\/11\/9-1.jpg\" data-rel=\"lightbox-gallery-DyxOzjOT\" data-rl_title=\"9\" data-rl_caption=\"\" title=\"9\"><img loading=\"lazy\" decoding=\"async\" class=\"alignnone size-thumbnail wp-image-2787\" src=\"http:\/\/www.pro-vo.at\/wp-content\/uploads\/2017\/11\/9-1-150x150.jpg\" alt=\"\" width=\"150\" height=\"150\" \/><\/a> <a href=\"http:\/\/www.pro-vo.at\/wp-content\/uploads\/2017\/11\/10-1.jpg\" data-rel=\"lightbox-gallery-DyxOzjOT\" data-rl_title=\"10\" data-rl_caption=\"\" title=\"10\"><img loading=\"lazy\" decoding=\"async\" class=\"alignnone size-thumbnail wp-image-2788\" src=\"http:\/\/www.pro-vo.at\/wp-content\/uploads\/2017\/11\/10-1-150x150.jpg\" alt=\"\" width=\"150\" height=\"150\" \/><\/a><\/p>\n<p><a href=\"http:\/\/www.pro-vo.at\/index.php\/chronik\/\">Zur\u00fcck zur Chronik<\/a><\/p>\n","protected":false},"excerpt":{"rendered":"<p>Halloween Konzert Martha Maria Hammerer 31. Oktober 2009 14 Uhr &nbsp; Alexander S\u00fc\u00dfes oder Saures We will rock you Margareta Hei hei Hexe Wackelzahn Aline und Lukas He-ho spann den Wagen an Friederike Ene mene mur Das land des gro\u00dfen B\u00e4ren Fabian Tastel Das Monster um 12 Uhr Zur\u00fcck zur Chronik<\/p>\n","protected":false},"author":1,"featured_media":0,"parent":28,"menu_order":0,"comment_status":"closed","ping_status":"closed","template":"","meta":{"footnotes":""},"class_list":["post-2778","page","type-page","status-publish"],"_links":{"self":[{"href":"https:\/\/www.pro-vo.at\/index.php\/wp-json\/wp\/v2\/pages\/2778","targetHints":{"allow":["GET"]}}],"collection":[{"href":"https:\/\/www.pro-vo.at\/index.php\/wp-json\/wp\/v2\/pages"}],"about":[{"href":"https:\/\/www.pro-vo.at\/index.php\/wp-json\/wp\/v2\/types\/page"}],"author":[{"embeddable":true,"href":"https:\/\/www.pro-vo.at\/index.php\/wp-json\/wp\/v2\/users\/1"}],"replies":[{"embeddable":true,"href":"https:\/\/www.pro-vo.at\/index.php\/wp-json\/wp\/v2\/comments?post=2778"}],"version-history":[{"count":1,"href":"https:\/\/www.pro-vo.at\/index.php\/wp-json\/wp\/v2\/pages\/2778\/revisions"}],"predecessor-version":[{"id":2789,"href":"https:\/\/www.pro-vo.at\/index.php\/wp-json\/wp\/v2\/pages\/2778\/revisions\/2789"}],"up":[{"embeddable":true,"href":"https:\/\/www.pro-vo.at\/index.php\/wp-json\/wp\/v2\/pages\/28"}],"wp:attachment":[{"href":"https:\/\/www.pro-vo.at\/index.php\/wp-json\/wp\/v2\/media?parent=2778"}],"curies":[{"name":"wp","href":"https:\/\/api.w.org\/{rel}","templated":true}]}}