{"id":2758,"date":"2017-11-13T16:47:06","date_gmt":"2017-11-13T16:47:06","guid":{"rendered":"http:\/\/www.pro-vo.at\/?page_id=2758"},"modified":"2017-11-13T16:59:38","modified_gmt":"2017-11-13T16:59:38","slug":"martha-2009","status":"publish","type":"page","link":"https:\/\/www.pro-vo.at\/index.php\/chronik\/martha-2009\/","title":{"rendered":"Martha 2009"},"content":{"rendered":"<h1>Klassenabend<\/h1>\n<p>Martha Maria Hammerer<br \/>\n20. Juni 2009<br \/>\n16 Uhr<\/p>\n<p><a href=\"http:\/\/www.pro-vo.at\/wp-content\/uploads\/2017\/11\/IMG_8401.jpg\" data-rel=\"lightbox-gallery-RZTH9b5O\" data-rl_title=\"IMG_8401\" data-rl_caption=\"\" title=\"IMG_8401\"><img loading=\"lazy\" decoding=\"async\" class=\"alignnone size-thumbnail wp-image-2759\" src=\"http:\/\/www.pro-vo.at\/wp-content\/uploads\/2017\/11\/IMG_8401-150x150.jpg\" alt=\"\" width=\"150\" height=\"150\" \/><\/a> <a href=\"http:\/\/www.pro-vo.at\/wp-content\/uploads\/2017\/11\/IMG_8403.jpg\" data-rel=\"lightbox-gallery-RZTH9b5O\" data-rl_title=\"IMG_8403\" data-rl_caption=\"\" title=\"IMG_8403\"><img loading=\"lazy\" decoding=\"async\" class=\"alignnone size-thumbnail wp-image-2760\" src=\"http:\/\/www.pro-vo.at\/wp-content\/uploads\/2017\/11\/IMG_8403-150x150.jpg\" alt=\"\" width=\"150\" height=\"150\" \/><\/a> <a href=\"http:\/\/www.pro-vo.at\/wp-content\/uploads\/2017\/11\/IMG_8407.jpg\" data-rel=\"lightbox-gallery-RZTH9b5O\" data-rl_title=\"IMG_8407\" data-rl_caption=\"\" title=\"IMG_8407\"><img loading=\"lazy\" decoding=\"async\" class=\"alignnone size-thumbnail wp-image-2761\" src=\"http:\/\/www.pro-vo.at\/wp-content\/uploads\/2017\/11\/IMG_8407-150x150.jpg\" alt=\"\" width=\"150\" height=\"150\" \/><\/a> <a href=\"http:\/\/www.pro-vo.at\/wp-content\/uploads\/2017\/11\/IMG_8413.jpg\" data-rel=\"lightbox-gallery-RZTH9b5O\" data-rl_title=\"IMG_8413\" data-rl_caption=\"\" title=\"IMG_8413\"><img loading=\"lazy\" decoding=\"async\" class=\"alignnone size-thumbnail wp-image-2762\" src=\"http:\/\/www.pro-vo.at\/wp-content\/uploads\/2017\/11\/IMG_8413-150x150.jpg\" alt=\"\" width=\"150\" height=\"150\" \/><\/a> <a href=\"http:\/\/www.pro-vo.at\/wp-content\/uploads\/2017\/11\/IMG_8423.jpg\" data-rel=\"lightbox-gallery-RZTH9b5O\" data-rl_title=\"IMG_8423\" data-rl_caption=\"\" title=\"IMG_8423\"><img loading=\"lazy\" decoding=\"async\" class=\"alignnone size-thumbnail wp-image-2763\" src=\"http:\/\/www.pro-vo.at\/wp-content\/uploads\/2017\/11\/IMG_8423-150x150.jpg\" alt=\"\" width=\"150\" height=\"150\" \/><\/a> <a href=\"http:\/\/www.pro-vo.at\/wp-content\/uploads\/2017\/11\/IMG_8427.jpg\" data-rel=\"lightbox-gallery-RZTH9b5O\" data-rl_title=\"IMG_8427\" data-rl_caption=\"\" title=\"IMG_8427\"><img loading=\"lazy\" decoding=\"async\" class=\"alignnone size-thumbnail wp-image-2764\" src=\"http:\/\/www.pro-vo.at\/wp-content\/uploads\/2017\/11\/IMG_8427-150x150.jpg\" alt=\"\" width=\"150\" height=\"150\" \/><\/a> <a href=\"http:\/\/www.pro-vo.at\/wp-content\/uploads\/2017\/11\/IMG_8429.jpg\" data-rel=\"lightbox-gallery-RZTH9b5O\" data-rl_title=\"IMG_8429\" data-rl_caption=\"\" title=\"IMG_8429\"><img loading=\"lazy\" decoding=\"async\" class=\"alignnone size-thumbnail wp-image-2765\" src=\"http:\/\/www.pro-vo.at\/wp-content\/uploads\/2017\/11\/IMG_8429-150x150.jpg\" alt=\"\" width=\"150\" height=\"150\" \/><\/a> <a href=\"http:\/\/www.pro-vo.at\/wp-content\/uploads\/2017\/11\/IMG_8430.jpg\" data-rel=\"lightbox-gallery-RZTH9b5O\" data-rl_title=\"IMG_8430\" data-rl_caption=\"\" title=\"IMG_8430\"><img loading=\"lazy\" decoding=\"async\" class=\"alignnone size-thumbnail wp-image-2766\" src=\"http:\/\/www.pro-vo.at\/wp-content\/uploads\/2017\/11\/IMG_8430-150x150.jpg\" alt=\"\" width=\"150\" height=\"150\" \/><\/a> <a href=\"http:\/\/www.pro-vo.at\/wp-content\/uploads\/2017\/11\/IMG_8431.jpg\" data-rel=\"lightbox-gallery-RZTH9b5O\" data-rl_title=\"IMG_8431\" data-rl_caption=\"\" title=\"IMG_8431\"><img loading=\"lazy\" decoding=\"async\" class=\"alignnone size-thumbnail wp-image-2767\" src=\"http:\/\/www.pro-vo.at\/wp-content\/uploads\/2017\/11\/IMG_8431-150x150.jpg\" alt=\"\" width=\"150\" height=\"150\" \/><\/a> <a href=\"http:\/\/www.pro-vo.at\/wp-content\/uploads\/2017\/11\/IMG_8435.jpg\" data-rel=\"lightbox-gallery-RZTH9b5O\" data-rl_title=\"IMG_8435\" data-rl_caption=\"\" title=\"IMG_8435\"><img loading=\"lazy\" decoding=\"async\" class=\"alignnone size-thumbnail wp-image-2768\" src=\"http:\/\/www.pro-vo.at\/wp-content\/uploads\/2017\/11\/IMG_8435-150x150.jpg\" alt=\"\" width=\"150\" height=\"150\" \/><\/a> <a href=\"http:\/\/www.pro-vo.at\/wp-content\/uploads\/2017\/11\/IMG_8436.jpg\" data-rel=\"lightbox-gallery-RZTH9b5O\" data-rl_title=\"IMG_8436\" data-rl_caption=\"\" title=\"IMG_8436\"><img loading=\"lazy\" decoding=\"async\" class=\"alignnone size-thumbnail wp-image-2769\" src=\"http:\/\/www.pro-vo.at\/wp-content\/uploads\/2017\/11\/IMG_8436-150x150.jpg\" alt=\"\" width=\"150\" height=\"150\" \/><\/a> <a href=\"http:\/\/www.pro-vo.at\/wp-content\/uploads\/2017\/11\/IMG_8444.jpg\" data-rel=\"lightbox-gallery-RZTH9b5O\" data-rl_title=\"IMG_8444\" data-rl_caption=\"\" title=\"IMG_8444\"><img loading=\"lazy\" decoding=\"async\" class=\"alignnone size-thumbnail wp-image-2770\" src=\"http:\/\/www.pro-vo.at\/wp-content\/uploads\/2017\/11\/IMG_8444-150x150.jpg\" alt=\"\" width=\"150\" height=\"150\" \/><\/a> <a href=\"http:\/\/www.pro-vo.at\/wp-content\/uploads\/2017\/11\/IMG_8446.jpg\" data-rel=\"lightbox-gallery-RZTH9b5O\" data-rl_title=\"IMG_8446\" data-rl_caption=\"\" title=\"IMG_8446\"><img loading=\"lazy\" decoding=\"async\" class=\"alignnone size-thumbnail wp-image-2771\" src=\"http:\/\/www.pro-vo.at\/wp-content\/uploads\/2017\/11\/IMG_8446-150x150.jpg\" alt=\"\" width=\"150\" height=\"150\" \/><\/a> <a href=\"http:\/\/www.pro-vo.at\/wp-content\/uploads\/2017\/11\/IMG_8451.jpg\" data-rel=\"lightbox-gallery-RZTH9b5O\" data-rl_title=\"IMG_8451\" data-rl_caption=\"\" title=\"IMG_8451\"><img loading=\"lazy\" decoding=\"async\" class=\"alignnone size-thumbnail wp-image-2772\" src=\"http:\/\/www.pro-vo.at\/wp-content\/uploads\/2017\/11\/IMG_8451-150x150.jpg\" alt=\"\" width=\"150\" height=\"150\" \/><\/a> <a href=\"http:\/\/www.pro-vo.at\/wp-content\/uploads\/2017\/11\/IMG_8467.jpg\" data-rel=\"lightbox-gallery-RZTH9b5O\" data-rl_title=\"IMG_8467\" data-rl_caption=\"\" title=\"IMG_8467\"><img loading=\"lazy\" decoding=\"async\" class=\"alignnone size-thumbnail wp-image-2773\" src=\"http:\/\/www.pro-vo.at\/wp-content\/uploads\/2017\/11\/IMG_8467-150x150.jpg\" alt=\"\" width=\"150\" height=\"150\" \/><\/a> <a href=\"http:\/\/www.pro-vo.at\/wp-content\/uploads\/2017\/11\/IMG_8471.jpg\" data-rel=\"lightbox-gallery-RZTH9b5O\" data-rl_title=\"IMG_8471\" data-rl_caption=\"\" title=\"IMG_8471\"><img loading=\"lazy\" decoding=\"async\" class=\"alignnone size-thumbnail wp-image-2774\" src=\"http:\/\/www.pro-vo.at\/wp-content\/uploads\/2017\/11\/IMG_8471-150x150.jpg\" alt=\"\" width=\"150\" height=\"150\" \/><\/a> <a href=\"http:\/\/www.pro-vo.at\/wp-content\/uploads\/2017\/11\/IMG_8486.jpg\" data-rel=\"lightbox-gallery-RZTH9b5O\" data-rl_title=\"IMG_8486\" data-rl_caption=\"\" title=\"IMG_8486\"><img loading=\"lazy\" decoding=\"async\" class=\"alignnone size-thumbnail wp-image-2775\" src=\"http:\/\/www.pro-vo.at\/wp-content\/uploads\/2017\/11\/IMG_8486-150x150.jpg\" alt=\"\" width=\"150\" height=\"150\" \/><\/a><br \/>\nAline, Andreas, Barbara, Christian, Corina, Fabian, Lukas, Patricia, Vito\u00a0 und Werner<\/p>\n<p>Lukas<br \/>\nSascha liebt nicht gro\u00dfe Worte<\/p>\n<p>Lukas \/ Aline<br \/>\nEs ist so hei\u00df hei\u00df hei\u00df<\/p>\n<p>Christian<br \/>\nAlmond trees<\/p>\n<p>Fabian<br \/>\nFolia und Variationen<\/p>\n<p>Aline<br \/>\nMary had a little lamb<\/p>\n<p>Vito und Werner<br \/>\nSkateboard Rock<br \/>\nFernweh<br \/>\nEne mene munkel<\/p>\n<p>Andreas<br \/>\nCanon Rock<\/p>\n<p>Babsi<br \/>\nLa noche<br \/>\nBetter together<br \/>\nBabsi \/ Corina \/ Fabian \/ Patricia<br \/>\nI&#8217;m yours .<\/p>\n<p>&nbsp;<\/p>\n<p><a href=\"http:\/\/www.pro-vo.at\/index.php\/chronik\/\">Zur\u00fcck zur Chronik<\/a><\/p>\n","protected":false},"excerpt":{"rendered":"<p>Klassenabend Martha Maria Hammerer 20. Juni 2009 16 Uhr Aline, Andreas, Barbara, Christian, Corina, Fabian, Lukas, Patricia, Vito\u00a0 und Werner Lukas Sascha liebt nicht gro\u00dfe Worte Lukas \/ Aline Es ist so hei\u00df hei\u00df hei\u00df Christian Almond trees Fabian Folia und Variationen Aline Mary had a little lamb Vito und Werner Skateboard Rock Fernweh Ene &#8230; <a title=\"Martha 2009\" class=\"read-more\" href=\"https:\/\/www.pro-vo.at\/index.php\/chronik\/martha-2009\/\" aria-label=\"Mehr Informationen \u00fcber Martha 2009\">Weiterlesen<\/a><\/p>\n","protected":false},"author":1,"featured_media":0,"parent":28,"menu_order":0,"comment_status":"closed","ping_status":"closed","template":"","meta":{"footnotes":""},"class_list":["post-2758","page","type-page","status-publish"],"_links":{"self":[{"href":"https:\/\/www.pro-vo.at\/index.php\/wp-json\/wp\/v2\/pages\/2758","targetHints":{"allow":["GET"]}}],"collection":[{"href":"https:\/\/www.pro-vo.at\/index.php\/wp-json\/wp\/v2\/pages"}],"about":[{"href":"https:\/\/www.pro-vo.at\/index.php\/wp-json\/wp\/v2\/types\/page"}],"author":[{"embeddable":true,"href":"https:\/\/www.pro-vo.at\/index.php\/wp-json\/wp\/v2\/users\/1"}],"replies":[{"embeddable":true,"href":"https:\/\/www.pro-vo.at\/index.php\/wp-json\/wp\/v2\/comments?post=2758"}],"version-history":[{"count":1,"href":"https:\/\/www.pro-vo.at\/index.php\/wp-json\/wp\/v2\/pages\/2758\/revisions"}],"predecessor-version":[{"id":2776,"href":"https:\/\/www.pro-vo.at\/index.php\/wp-json\/wp\/v2\/pages\/2758\/revisions\/2776"}],"up":[{"embeddable":true,"href":"https:\/\/www.pro-vo.at\/index.php\/wp-json\/wp\/v2\/pages\/28"}],"wp:attachment":[{"href":"https:\/\/www.pro-vo.at\/index.php\/wp-json\/wp\/v2\/media?parent=2758"}],"curies":[{"name":"wp","href":"https:\/\/api.w.org\/{rel}","templated":true}]}}