{"id":2743,"date":"2017-11-13T16:42:45","date_gmt":"2017-11-13T16:42:45","guid":{"rendered":"http:\/\/www.pro-vo.at\/?page_id=2743"},"modified":"2017-11-13T16:42:45","modified_gmt":"2017-11-13T16:42:45","slug":"martin-2009","status":"publish","type":"page","link":"https:\/\/www.pro-vo.at\/index.php\/chronik\/martin-2009\/","title":{"rendered":"Martin 2009"},"content":{"rendered":"<h1>My guitar gently weeps<\/h1>\n<p>Konzertabend E-Gitarre<br \/>\nMartin Sch\u00f6nlieb<br \/>\nFreitag, 19.06.2009,<br \/>\n18:30<br \/>\nmit<br \/>\nFlorian, Lorenz, Markus und<br \/>\nMartin Sch\u00f6nlieb<\/p>\n<p>Lorenz<br \/>\n&#8218;Nebel, Nebel, wei\u00dfer Hauch&#8216; (W.Pudelko\/A.Blume)<br \/>\n&#8218;Bile them cabbage down&#8216; (trad.\/USA)<\/p>\n<p>Florian<br \/>\n&#8218;Nothing else matters&#8216; (Metallica)<\/p>\n<p>Marcus , Florian (perc)<br \/>\n&#8218;Hotel California&#8216; (Eagles)<\/p>\n<p>Marcus , Florian<br \/>\n&#8218;Behind Blue Eyes&#8216; (Limp Bizkit)<br \/>\n&#8218;Misirlou&#8216; (trad.\/Griechenland)<\/p>\n<p>&nbsp;<\/p>\n<p><a href=\"http:\/\/www.pro-vo.at\/wp-content\/uploads\/2017\/11\/IMG_5798web.jpg\" data-rel=\"lightbox-gallery-x64kzq87\" data-rl_title=\"IMG_5798web\" data-rl_caption=\"\" title=\"IMG_5798web\"><img loading=\"lazy\" decoding=\"async\" class=\"alignnone size-thumbnail wp-image-2744\" src=\"http:\/\/www.pro-vo.at\/wp-content\/uploads\/2017\/11\/IMG_5798web-150x150.jpg\" alt=\"\" width=\"150\" height=\"150\" \/><\/a> <a href=\"http:\/\/www.pro-vo.at\/wp-content\/uploads\/2017\/11\/IMG_5802web.jpg\" data-rel=\"lightbox-gallery-x64kzq87\" data-rl_title=\"IMG_5802web\" data-rl_caption=\"\" title=\"IMG_5802web\"><img loading=\"lazy\" decoding=\"async\" class=\"alignnone size-thumbnail wp-image-2745\" src=\"http:\/\/www.pro-vo.at\/wp-content\/uploads\/2017\/11\/IMG_5802web-150x150.jpg\" alt=\"\" width=\"150\" height=\"150\" \/><\/a> <a href=\"http:\/\/www.pro-vo.at\/wp-content\/uploads\/2017\/11\/IMG_5803web.jpg\" data-rel=\"lightbox-gallery-x64kzq87\" data-rl_title=\"IMG_5803web\" data-rl_caption=\"\" title=\"IMG_5803web\"><img loading=\"lazy\" decoding=\"async\" class=\"alignnone size-thumbnail wp-image-2746\" src=\"http:\/\/www.pro-vo.at\/wp-content\/uploads\/2017\/11\/IMG_5803web-150x150.jpg\" alt=\"\" width=\"150\" height=\"150\" \/><\/a> <a href=\"http:\/\/www.pro-vo.at\/wp-content\/uploads\/2017\/11\/IMG_5805web.jpg\" data-rel=\"lightbox-gallery-x64kzq87\" data-rl_title=\"IMG_5805web\" data-rl_caption=\"\" title=\"IMG_5805web\"><img loading=\"lazy\" decoding=\"async\" class=\"alignnone size-thumbnail wp-image-2747\" src=\"http:\/\/www.pro-vo.at\/wp-content\/uploads\/2017\/11\/IMG_5805web-150x150.jpg\" alt=\"\" width=\"150\" height=\"150\" \/><\/a> <a href=\"http:\/\/www.pro-vo.at\/wp-content\/uploads\/2017\/11\/IMG_5808web.jpg\" data-rel=\"lightbox-gallery-x64kzq87\" data-rl_title=\"IMG_5808web\" data-rl_caption=\"\" title=\"IMG_5808web\"><img loading=\"lazy\" decoding=\"async\" class=\"alignnone size-thumbnail wp-image-2748\" src=\"http:\/\/www.pro-vo.at\/wp-content\/uploads\/2017\/11\/IMG_5808web-150x150.jpg\" alt=\"\" width=\"150\" height=\"150\" \/><\/a> <a href=\"http:\/\/www.pro-vo.at\/wp-content\/uploads\/2017\/11\/IMG_5814web.jpg\" data-rel=\"lightbox-gallery-x64kzq87\" data-rl_title=\"IMG_5814web\" data-rl_caption=\"\" title=\"IMG_5814web\"><img loading=\"lazy\" decoding=\"async\" class=\"alignnone size-thumbnail wp-image-2749\" src=\"http:\/\/www.pro-vo.at\/wp-content\/uploads\/2017\/11\/IMG_5814web-150x150.jpg\" alt=\"\" width=\"150\" height=\"150\" \/><\/a> <a href=\"http:\/\/www.pro-vo.at\/wp-content\/uploads\/2017\/11\/IMG_5818web.jpg\" data-rel=\"lightbox-gallery-x64kzq87\" data-rl_title=\"IMG_5818web\" data-rl_caption=\"\" title=\"IMG_5818web\"><img loading=\"lazy\" decoding=\"async\" class=\"alignnone size-thumbnail wp-image-2750\" src=\"http:\/\/www.pro-vo.at\/wp-content\/uploads\/2017\/11\/IMG_5818web-150x150.jpg\" alt=\"\" width=\"150\" height=\"150\" \/><\/a> <a href=\"http:\/\/www.pro-vo.at\/wp-content\/uploads\/2017\/11\/IMG_5824web.jpg\" data-rel=\"lightbox-gallery-x64kzq87\" data-rl_title=\"IMG_5824web\" data-rl_caption=\"\" title=\"IMG_5824web\"><img loading=\"lazy\" decoding=\"async\" class=\"alignnone size-thumbnail wp-image-2751\" src=\"http:\/\/www.pro-vo.at\/wp-content\/uploads\/2017\/11\/IMG_5824web-150x150.jpg\" alt=\"\" width=\"150\" height=\"150\" \/><\/a> <a href=\"http:\/\/www.pro-vo.at\/wp-content\/uploads\/2017\/11\/IMG_5826web.jpg\" data-rel=\"lightbox-gallery-x64kzq87\" data-rl_title=\"IMG_5826web\" data-rl_caption=\"\" title=\"IMG_5826web\"><img loading=\"lazy\" decoding=\"async\" class=\"alignnone size-thumbnail wp-image-2752\" src=\"http:\/\/www.pro-vo.at\/wp-content\/uploads\/2017\/11\/IMG_5826web-150x150.jpg\" alt=\"\" width=\"150\" height=\"150\" \/><\/a> <a href=\"http:\/\/www.pro-vo.at\/wp-content\/uploads\/2017\/11\/IMG_5830web.jpg\" data-rel=\"lightbox-gallery-x64kzq87\" data-rl_title=\"IMG_5830web\" data-rl_caption=\"\" title=\"IMG_5830web\"><img loading=\"lazy\" decoding=\"async\" class=\"alignnone size-thumbnail wp-image-2753\" src=\"http:\/\/www.pro-vo.at\/wp-content\/uploads\/2017\/11\/IMG_5830web-150x150.jpg\" alt=\"\" width=\"150\" height=\"150\" \/><\/a> <a href=\"http:\/\/www.pro-vo.at\/wp-content\/uploads\/2017\/11\/IMG_5832web.jpg\" data-rel=\"lightbox-gallery-x64kzq87\" data-rl_title=\"IMG_5832web\" data-rl_caption=\"\" title=\"IMG_5832web\"><img loading=\"lazy\" decoding=\"async\" class=\"alignnone size-thumbnail wp-image-2754\" src=\"http:\/\/www.pro-vo.at\/wp-content\/uploads\/2017\/11\/IMG_5832web-150x150.jpg\" alt=\"\" width=\"150\" height=\"150\" \/><\/a> <a href=\"http:\/\/www.pro-vo.at\/wp-content\/uploads\/2017\/11\/IMG_5833web.jpg\" data-rel=\"lightbox-gallery-x64kzq87\" data-rl_title=\"IMG_5833web\" data-rl_caption=\"\" title=\"IMG_5833web\"><img loading=\"lazy\" decoding=\"async\" class=\"alignnone size-thumbnail wp-image-2755\" src=\"http:\/\/www.pro-vo.at\/wp-content\/uploads\/2017\/11\/IMG_5833web-150x150.jpg\" alt=\"\" width=\"150\" height=\"150\" \/><\/a><\/p>\n<p><a href=\"http:\/\/www.pro-vo.at\/index.php\/chronik\/\">Zur\u00fcck zur Chronik<\/a><\/p>\n","protected":false},"excerpt":{"rendered":"<p>My guitar gently weeps Konzertabend E-Gitarre Martin Sch\u00f6nlieb Freitag, 19.06.2009, 18:30 mit Florian, Lorenz, Markus und Martin Sch\u00f6nlieb Lorenz &#8218;Nebel, Nebel, wei\u00dfer Hauch&#8216; (W.Pudelko\/A.Blume) &#8218;Bile them cabbage down&#8216; (trad.\/USA) Florian &#8218;Nothing else matters&#8216; (Metallica) Marcus , Florian (perc) &#8218;Hotel California&#8216; (Eagles) Marcus , Florian &#8218;Behind Blue Eyes&#8216; (Limp Bizkit) &#8218;Misirlou&#8216; (trad.\/Griechenland) &nbsp; Zur\u00fcck zur Chronik<\/p>\n","protected":false},"author":1,"featured_media":0,"parent":28,"menu_order":0,"comment_status":"closed","ping_status":"closed","template":"","meta":{"footnotes":""},"class_list":["post-2743","page","type-page","status-publish"],"_links":{"self":[{"href":"https:\/\/www.pro-vo.at\/index.php\/wp-json\/wp\/v2\/pages\/2743","targetHints":{"allow":["GET"]}}],"collection":[{"href":"https:\/\/www.pro-vo.at\/index.php\/wp-json\/wp\/v2\/pages"}],"about":[{"href":"https:\/\/www.pro-vo.at\/index.php\/wp-json\/wp\/v2\/types\/page"}],"author":[{"embeddable":true,"href":"https:\/\/www.pro-vo.at\/index.php\/wp-json\/wp\/v2\/users\/1"}],"replies":[{"embeddable":true,"href":"https:\/\/www.pro-vo.at\/index.php\/wp-json\/wp\/v2\/comments?post=2743"}],"version-history":[{"count":1,"href":"https:\/\/www.pro-vo.at\/index.php\/wp-json\/wp\/v2\/pages\/2743\/revisions"}],"predecessor-version":[{"id":2756,"href":"https:\/\/www.pro-vo.at\/index.php\/wp-json\/wp\/v2\/pages\/2743\/revisions\/2756"}],"up":[{"embeddable":true,"href":"https:\/\/www.pro-vo.at\/index.php\/wp-json\/wp\/v2\/pages\/28"}],"wp:attachment":[{"href":"https:\/\/www.pro-vo.at\/index.php\/wp-json\/wp\/v2\/media?parent=2743"}],"curies":[{"name":"wp","href":"https:\/\/api.w.org\/{rel}","templated":true}]}}