{"id":2730,"date":"2017-11-13T16:36:07","date_gmt":"2017-11-13T16:36:07","guid":{"rendered":"http:\/\/www.pro-vo.at\/?page_id=2730"},"modified":"2017-11-13T16:36:07","modified_gmt":"2017-11-13T16:36:07","slug":"stadthalle","status":"publish","type":"page","link":"https:\/\/www.pro-vo.at\/index.php\/chronik\/stadthalle\/","title":{"rendered":"Stadthalle"},"content":{"rendered":"<h1>Bezirksfestwochen<\/h1>\n<p>Montag, 15. Juni 2009<br \/>\nab 17 Uhr<br \/>\nWegen des angesagten (und dann nicht gekommenen) schlechten Wetters,<br \/>\nfand die Veranstaltung zum gro\u00dfen Teil im Foyer der Wiener Stadthalle statt.<br \/>\n<a href=\"http:\/\/www.pro-vo.at\/wp-content\/uploads\/2017\/11\/StH_1.jpg\" data-rel=\"lightbox-gallery-5gBpPrIw\" data-rl_title=\"StH_1\" data-rl_caption=\"\" title=\"StH_1\"><img loading=\"lazy\" decoding=\"async\" class=\"alignnone size-thumbnail wp-image-2731\" src=\"http:\/\/www.pro-vo.at\/wp-content\/uploads\/2017\/11\/StH_1-150x150.jpg\" alt=\"\" width=\"150\" height=\"150\" \/><\/a> <a href=\"http:\/\/www.pro-vo.at\/wp-content\/uploads\/2017\/11\/StH_2.jpg\" data-rel=\"lightbox-gallery-5gBpPrIw\" data-rl_title=\"StH_2\" data-rl_caption=\"\" title=\"StH_2\"><img loading=\"lazy\" decoding=\"async\" class=\"alignnone size-thumbnail wp-image-2732\" src=\"http:\/\/www.pro-vo.at\/wp-content\/uploads\/2017\/11\/StH_2-150x150.jpg\" alt=\"\" width=\"150\" height=\"150\" \/><\/a> <a href=\"http:\/\/www.pro-vo.at\/wp-content\/uploads\/2017\/11\/StH_3.jpg\" data-rel=\"lightbox-gallery-5gBpPrIw\" data-rl_title=\"StH_3\" data-rl_caption=\"\" title=\"StH_3\"><img loading=\"lazy\" decoding=\"async\" class=\"alignnone size-thumbnail wp-image-2733\" src=\"http:\/\/www.pro-vo.at\/wp-content\/uploads\/2017\/11\/StH_3-150x150.jpg\" alt=\"\" width=\"150\" height=\"150\" \/><\/a><br \/>\n<a href=\"http:\/\/www.pro-vo.at\/wp-content\/uploads\/2017\/11\/StH_4.jpg\" data-rel=\"lightbox-gallery-5gBpPrIw\" data-rl_title=\"StH_4\" data-rl_caption=\"\" title=\"StH_4\"><img loading=\"lazy\" decoding=\"async\" class=\"alignnone size-thumbnail wp-image-2734\" src=\"http:\/\/www.pro-vo.at\/wp-content\/uploads\/2017\/11\/StH_4-150x150.jpg\" alt=\"\" width=\"150\" height=\"150\" \/><\/a> <a href=\"http:\/\/www.pro-vo.at\/wp-content\/uploads\/2017\/11\/StH_5.jpg\" data-rel=\"lightbox-gallery-5gBpPrIw\" data-rl_title=\"StH_5\" data-rl_caption=\"\" title=\"StH_5\"><img loading=\"lazy\" decoding=\"async\" class=\"alignnone size-thumbnail wp-image-2735\" src=\"http:\/\/www.pro-vo.at\/wp-content\/uploads\/2017\/11\/StH_5-150x150.jpg\" alt=\"\" width=\"150\" height=\"150\" \/><\/a> <a href=\"http:\/\/www.pro-vo.at\/wp-content\/uploads\/2017\/11\/StH_6.jpg\" data-rel=\"lightbox-gallery-5gBpPrIw\" data-rl_title=\"StH_6\" data-rl_caption=\"\" title=\"StH_6\"><img loading=\"lazy\" decoding=\"async\" class=\"alignnone size-thumbnail wp-image-2736\" src=\"http:\/\/www.pro-vo.at\/wp-content\/uploads\/2017\/11\/StH_6-150x150.jpg\" alt=\"\" width=\"150\" height=\"150\" \/><\/a><br \/>\n<a href=\"http:\/\/www.pro-vo.at\/wp-content\/uploads\/2017\/11\/StH_7.jpg\" data-rel=\"lightbox-gallery-5gBpPrIw\" data-rl_title=\"StH_7\" data-rl_caption=\"\" title=\"StH_7\"><img loading=\"lazy\" decoding=\"async\" class=\"alignnone size-thumbnail wp-image-2737\" src=\"http:\/\/www.pro-vo.at\/wp-content\/uploads\/2017\/11\/StH_7-150x150.jpg\" alt=\"\" width=\"150\" height=\"150\" \/><\/a> <a href=\"http:\/\/www.pro-vo.at\/wp-content\/uploads\/2017\/11\/StH_8.jpg\" data-rel=\"lightbox-gallery-5gBpPrIw\" data-rl_title=\"StH_8\" data-rl_caption=\"\" title=\"StH_8\"><img loading=\"lazy\" decoding=\"async\" class=\"alignnone size-thumbnail wp-image-2738\" src=\"http:\/\/www.pro-vo.at\/wp-content\/uploads\/2017\/11\/StH_8-150x150.jpg\" alt=\"\" width=\"150\" height=\"150\" \/><\/a> <a href=\"http:\/\/www.pro-vo.at\/wp-content\/uploads\/2017\/11\/StH_9.jpg\" data-rel=\"lightbox-gallery-5gBpPrIw\" data-rl_title=\"StH_9\" data-rl_caption=\"\" title=\"StH_9\"><img loading=\"lazy\" decoding=\"async\" class=\"alignnone size-thumbnail wp-image-2739\" src=\"http:\/\/www.pro-vo.at\/wp-content\/uploads\/2017\/11\/StH_9-150x150.jpg\" alt=\"\" width=\"150\" height=\"150\" \/><\/a><br \/>\n<a href=\"http:\/\/www.pro-vo.at\/wp-content\/uploads\/2017\/11\/StH_10.jpg\" data-rel=\"lightbox-gallery-5gBpPrIw\" data-rl_title=\"StH_10\" data-rl_caption=\"\" title=\"StH_10\"><img loading=\"lazy\" decoding=\"async\" class=\"alignnone size-thumbnail wp-image-2740\" src=\"http:\/\/www.pro-vo.at\/wp-content\/uploads\/2017\/11\/StH_10-150x150.jpg\" alt=\"\" width=\"150\" height=\"150\" \/><\/a><\/p>\n<p>Auftritt auf der gro\u00dfen B\u00fchne:<br \/>\nv.l.n.r.: Robert Walter, Harry Hammerer, Andi Menrath, Paul \u00d6ller<br \/>\nmit zwei Kompositionen von Andi Menrath<\/p>\n<p><a href=\"http:\/\/www.pro-vo.at\/index.php\/chronik\/\">Zur\u00fcck zur Chronik<\/a><\/p>\n","protected":false},"excerpt":{"rendered":"<p>Bezirksfestwochen Montag, 15. Juni 2009 ab 17 Uhr Wegen des angesagten (und dann nicht gekommenen) schlechten Wetters, fand die Veranstaltung zum gro\u00dfen Teil im Foyer der Wiener Stadthalle statt. Auftritt auf der gro\u00dfen B\u00fchne: v.l.n.r.: Robert Walter, Harry Hammerer, Andi Menrath, Paul \u00d6ller mit zwei Kompositionen von Andi Menrath Zur\u00fcck zur Chronik<\/p>\n","protected":false},"author":1,"featured_media":0,"parent":28,"menu_order":0,"comment_status":"closed","ping_status":"closed","template":"","meta":{"footnotes":""},"class_list":["post-2730","page","type-page","status-publish"],"_links":{"self":[{"href":"https:\/\/www.pro-vo.at\/index.php\/wp-json\/wp\/v2\/pages\/2730","targetHints":{"allow":["GET"]}}],"collection":[{"href":"https:\/\/www.pro-vo.at\/index.php\/wp-json\/wp\/v2\/pages"}],"about":[{"href":"https:\/\/www.pro-vo.at\/index.php\/wp-json\/wp\/v2\/types\/page"}],"author":[{"embeddable":true,"href":"https:\/\/www.pro-vo.at\/index.php\/wp-json\/wp\/v2\/users\/1"}],"replies":[{"embeddable":true,"href":"https:\/\/www.pro-vo.at\/index.php\/wp-json\/wp\/v2\/comments?post=2730"}],"version-history":[{"count":1,"href":"https:\/\/www.pro-vo.at\/index.php\/wp-json\/wp\/v2\/pages\/2730\/revisions"}],"predecessor-version":[{"id":2741,"href":"https:\/\/www.pro-vo.at\/index.php\/wp-json\/wp\/v2\/pages\/2730\/revisions\/2741"}],"up":[{"embeddable":true,"href":"https:\/\/www.pro-vo.at\/index.php\/wp-json\/wp\/v2\/pages\/28"}],"wp:attachment":[{"href":"https:\/\/www.pro-vo.at\/index.php\/wp-json\/wp\/v2\/media?parent=2730"}],"curies":[{"name":"wp","href":"https:\/\/api.w.org\/{rel}","templated":true}]}}