{"id":2659,"date":"2017-11-13T12:54:58","date_gmt":"2017-11-13T12:54:58","guid":{"rendered":"http:\/\/www.pro-vo.at\/?page_id=2659"},"modified":"2017-11-13T12:54:58","modified_gmt":"2017-11-13T12:54:58","slug":"advent-2008","status":"publish","type":"page","link":"https:\/\/www.pro-vo.at\/index.php\/chronik\/advent-2008\/","title":{"rendered":"Advent 2008"},"content":{"rendered":"<h1>Advent-Event in der pro-vo<\/h1>\n<p>Samstag, 13. Dezember 2008<br \/>\nab 16 Uhr<\/p>\n<p>Bei Punsch und weihnachtlichen Leckereien<br \/>\nspielten die Sch\u00fclerinnen und Sch\u00fcler, sowie Lehrerinnen der pro-vo<br \/>\nein adventliches Programm<\/p>\n<p><a href=\"http:\/\/www.pro-vo.at\/wp-content\/uploads\/2017\/11\/advent081.jpg\" data-rel=\"lightbox-gallery-d6fX3QPv\" data-rl_title=\"advent081\" data-rl_caption=\"\" title=\"advent081\"><img loading=\"lazy\" decoding=\"async\" class=\"alignnone size-thumbnail wp-image-2660\" src=\"http:\/\/www.pro-vo.at\/wp-content\/uploads\/2017\/11\/advent081-150x150.jpg\" alt=\"\" width=\"150\" height=\"150\" \/><\/a> <a href=\"http:\/\/www.pro-vo.at\/wp-content\/uploads\/2017\/11\/advent082.jpg\" data-rel=\"lightbox-gallery-d6fX3QPv\" data-rl_title=\"advent082\" data-rl_caption=\"\" title=\"advent082\"><img loading=\"lazy\" decoding=\"async\" class=\"alignnone size-thumbnail wp-image-2661\" src=\"http:\/\/www.pro-vo.at\/wp-content\/uploads\/2017\/11\/advent082-150x150.jpg\" alt=\"\" width=\"150\" height=\"150\" \/><\/a> <a href=\"http:\/\/www.pro-vo.at\/wp-content\/uploads\/2017\/11\/advent083.jpg\" data-rel=\"lightbox-gallery-d6fX3QPv\" data-rl_title=\"advent083\" data-rl_caption=\"\" title=\"advent083\"><img loading=\"lazy\" decoding=\"async\" class=\"alignnone size-thumbnail wp-image-2662\" src=\"http:\/\/www.pro-vo.at\/wp-content\/uploads\/2017\/11\/advent083-150x150.jpg\" alt=\"\" width=\"150\" height=\"150\" \/><\/a> <a href=\"http:\/\/www.pro-vo.at\/wp-content\/uploads\/2017\/11\/advent084.jpg\" data-rel=\"lightbox-gallery-d6fX3QPv\" data-rl_title=\"advent084\" data-rl_caption=\"\" title=\"advent084\"><img loading=\"lazy\" decoding=\"async\" class=\"alignnone size-thumbnail wp-image-2663\" src=\"http:\/\/www.pro-vo.at\/wp-content\/uploads\/2017\/11\/advent084-150x150.jpg\" alt=\"\" width=\"150\" height=\"150\" \/><\/a> <a href=\"http:\/\/www.pro-vo.at\/wp-content\/uploads\/2017\/11\/advent085.jpg\" data-rel=\"lightbox-gallery-d6fX3QPv\" data-rl_title=\"advent085\" data-rl_caption=\"\" title=\"advent085\"><img loading=\"lazy\" decoding=\"async\" class=\"alignnone size-thumbnail wp-image-2664\" src=\"http:\/\/www.pro-vo.at\/wp-content\/uploads\/2017\/11\/advent085-150x150.jpg\" alt=\"\" width=\"150\" height=\"150\" \/><\/a> <a href=\"http:\/\/www.pro-vo.at\/wp-content\/uploads\/2017\/11\/advent086.jpg\" data-rel=\"lightbox-gallery-d6fX3QPv\" data-rl_title=\"advent086\" data-rl_caption=\"\" title=\"advent086\"><img loading=\"lazy\" decoding=\"async\" class=\"alignnone size-thumbnail wp-image-2665\" src=\"http:\/\/www.pro-vo.at\/wp-content\/uploads\/2017\/11\/advent086-150x150.jpg\" alt=\"\" width=\"150\" height=\"150\" \/><\/a> <a href=\"http:\/\/www.pro-vo.at\/wp-content\/uploads\/2017\/11\/advent087.jpg\" data-rel=\"lightbox-gallery-d6fX3QPv\" data-rl_title=\"advent087\" data-rl_caption=\"\" title=\"advent087\"><img loading=\"lazy\" decoding=\"async\" class=\"alignnone size-thumbnail wp-image-2666\" src=\"http:\/\/www.pro-vo.at\/wp-content\/uploads\/2017\/11\/advent087-150x150.jpg\" alt=\"\" width=\"150\" height=\"150\" \/><\/a> <a href=\"http:\/\/www.pro-vo.at\/wp-content\/uploads\/2017\/11\/advent088.jpg\" data-rel=\"lightbox-gallery-d6fX3QPv\" data-rl_title=\"advent088\" data-rl_caption=\"\" title=\"advent088\"><img loading=\"lazy\" decoding=\"async\" class=\"alignnone size-thumbnail wp-image-2667\" src=\"http:\/\/www.pro-vo.at\/wp-content\/uploads\/2017\/11\/advent088-150x150.jpg\" alt=\"\" width=\"150\" height=\"150\" \/><\/a> <a href=\"http:\/\/www.pro-vo.at\/wp-content\/uploads\/2017\/11\/advent089.jpg\" data-rel=\"lightbox-gallery-d6fX3QPv\" data-rl_title=\"advent089\" data-rl_caption=\"\" title=\"advent089\"><img loading=\"lazy\" decoding=\"async\" class=\"alignnone size-thumbnail wp-image-2668\" src=\"http:\/\/www.pro-vo.at\/wp-content\/uploads\/2017\/11\/advent089-150x150.jpg\" alt=\"\" width=\"150\" height=\"150\" \/><\/a> <a href=\"http:\/\/www.pro-vo.at\/wp-content\/uploads\/2017\/11\/advent0810.jpg\" data-rel=\"lightbox-gallery-d6fX3QPv\" data-rl_title=\"advent0810\" data-rl_caption=\"\" title=\"advent0810\"><img loading=\"lazy\" decoding=\"async\" class=\"alignnone size-thumbnail wp-image-2669\" src=\"http:\/\/www.pro-vo.at\/wp-content\/uploads\/2017\/11\/advent0810-150x150.jpg\" alt=\"\" width=\"150\" height=\"150\" \/><\/a> <a href=\"http:\/\/www.pro-vo.at\/wp-content\/uploads\/2017\/11\/advent0811.jpg\" data-rel=\"lightbox-gallery-d6fX3QPv\" data-rl_title=\"advent0811\" data-rl_caption=\"\" title=\"advent0811\"><img loading=\"lazy\" decoding=\"async\" class=\"alignnone size-thumbnail wp-image-2670\" src=\"http:\/\/www.pro-vo.at\/wp-content\/uploads\/2017\/11\/advent0811-150x150.jpg\" alt=\"\" width=\"150\" height=\"150\" \/><\/a> <a href=\"http:\/\/www.pro-vo.at\/wp-content\/uploads\/2017\/11\/advent0812.jpg\" data-rel=\"lightbox-gallery-d6fX3QPv\" data-rl_title=\"advent0812\" data-rl_caption=\"\" title=\"advent0812\"><img loading=\"lazy\" decoding=\"async\" class=\"alignnone size-thumbnail wp-image-2671\" src=\"http:\/\/www.pro-vo.at\/wp-content\/uploads\/2017\/11\/advent0812-150x150.jpg\" alt=\"\" width=\"150\" height=\"150\" \/><\/a> <a href=\"http:\/\/www.pro-vo.at\/wp-content\/uploads\/2017\/11\/advent0813.jpg\" data-rel=\"lightbox-gallery-d6fX3QPv\" data-rl_title=\"advent0813\" data-rl_caption=\"\" title=\"advent0813\"><img loading=\"lazy\" decoding=\"async\" class=\"alignnone size-thumbnail wp-image-2672\" src=\"http:\/\/www.pro-vo.at\/wp-content\/uploads\/2017\/11\/advent0813-150x150.jpg\" alt=\"\" width=\"150\" height=\"150\" \/><\/a> <a href=\"http:\/\/www.pro-vo.at\/wp-content\/uploads\/2017\/11\/advent0814.jpg\" data-rel=\"lightbox-gallery-d6fX3QPv\" data-rl_title=\"advent0814\" data-rl_caption=\"\" title=\"advent0814\"><img loading=\"lazy\" decoding=\"async\" class=\"alignnone size-thumbnail wp-image-2673\" src=\"http:\/\/www.pro-vo.at\/wp-content\/uploads\/2017\/11\/advent0814-150x150.jpg\" alt=\"\" width=\"150\" height=\"150\" \/><\/a> <a href=\"http:\/\/www.pro-vo.at\/wp-content\/uploads\/2017\/11\/advent0815.jpg\" data-rel=\"lightbox-gallery-d6fX3QPv\" data-rl_title=\"advent0815\" data-rl_caption=\"\" title=\"advent0815\"><img loading=\"lazy\" decoding=\"async\" class=\"alignnone size-thumbnail wp-image-2674\" src=\"http:\/\/www.pro-vo.at\/wp-content\/uploads\/2017\/11\/advent0815-150x150.jpg\" alt=\"\" width=\"150\" height=\"150\" \/><\/a> <a href=\"http:\/\/www.pro-vo.at\/wp-content\/uploads\/2017\/11\/advent0816.jpg\" data-rel=\"lightbox-gallery-d6fX3QPv\" data-rl_title=\"advent0816\" data-rl_caption=\"\" title=\"advent0816\"><img loading=\"lazy\" decoding=\"async\" class=\"alignnone size-thumbnail wp-image-2675\" src=\"http:\/\/www.pro-vo.at\/wp-content\/uploads\/2017\/11\/advent0816-150x150.jpg\" alt=\"\" width=\"150\" height=\"150\" \/><\/a><\/p>\n<p><a href=\"http:\/\/www.pro-vo.at\/index.php\/chronik\/\">Zur\u00fcck zur Chronik<\/a><\/p>\n","protected":false},"excerpt":{"rendered":"<p>Advent-Event in der pro-vo Samstag, 13. Dezember 2008 ab 16 Uhr Bei Punsch und weihnachtlichen Leckereien spielten die Sch\u00fclerinnen und Sch\u00fcler, sowie Lehrerinnen der pro-vo ein adventliches Programm Zur\u00fcck zur Chronik<\/p>\n","protected":false},"author":1,"featured_media":0,"parent":28,"menu_order":0,"comment_status":"closed","ping_status":"closed","template":"","meta":{"footnotes":""},"class_list":["post-2659","page","type-page","status-publish"],"_links":{"self":[{"href":"https:\/\/www.pro-vo.at\/index.php\/wp-json\/wp\/v2\/pages\/2659","targetHints":{"allow":["GET"]}}],"collection":[{"href":"https:\/\/www.pro-vo.at\/index.php\/wp-json\/wp\/v2\/pages"}],"about":[{"href":"https:\/\/www.pro-vo.at\/index.php\/wp-json\/wp\/v2\/types\/page"}],"author":[{"embeddable":true,"href":"https:\/\/www.pro-vo.at\/index.php\/wp-json\/wp\/v2\/users\/1"}],"replies":[{"embeddable":true,"href":"https:\/\/www.pro-vo.at\/index.php\/wp-json\/wp\/v2\/comments?post=2659"}],"version-history":[{"count":1,"href":"https:\/\/www.pro-vo.at\/index.php\/wp-json\/wp\/v2\/pages\/2659\/revisions"}],"predecessor-version":[{"id":2676,"href":"https:\/\/www.pro-vo.at\/index.php\/wp-json\/wp\/v2\/pages\/2659\/revisions\/2676"}],"up":[{"embeddable":true,"href":"https:\/\/www.pro-vo.at\/index.php\/wp-json\/wp\/v2\/pages\/28"}],"wp:attachment":[{"href":"https:\/\/www.pro-vo.at\/index.php\/wp-json\/wp\/v2\/media?parent=2659"}],"curies":[{"name":"wp","href":"https:\/\/api.w.org\/{rel}","templated":true}]}}