{"id":2617,"date":"2017-11-13T12:51:39","date_gmt":"2017-11-13T12:51:39","guid":{"rendered":"http:\/\/www.pro-vo.at\/?page_id=2617"},"modified":"2017-11-13T12:51:39","modified_gmt":"2017-11-13T12:51:39","slug":"sommerfestival-2008","status":"publish","type":"page","link":"https:\/\/www.pro-vo.at\/index.php\/chronik\/advent-2015\/sommerfestival-2008\/","title":{"rendered":"Sommerfestival 2008"},"content":{"rendered":"<h1>Sommerfest 2008<\/h1>\n<p>Samstag, 21. Juni 2008<br \/>\n17 Uhr<\/p>\n<p>Eine Veranstaltung der pro-vo<br \/>\nund der Sektion Musizieren &amp; Malen des Freizeit- und Sportvereins der Erste Bank.<br \/>\nEs musizierten Sch\u00fclerinnen, Sch\u00fcler, Lehrerinnen und Lehrer<br \/>\nder pro-vo in ungezwungener Atmosph\u00e4re.<\/p>\n<p>Ausstellung:<br \/>\nWerke der Teilnehmer des Kurses: Portraitmalen<\/p>\n<p>Fotos: Elisabeth Hammerer<\/p>\n<p><a href=\"http:\/\/www.pro-vo.at\/wp-content\/uploads\/2017\/11\/1.jpg\" data-rel=\"lightbox-gallery-yz55yao5\" data-rl_title=\"1\" data-rl_caption=\"\" title=\"1\"><img loading=\"lazy\" decoding=\"async\" class=\"alignnone size-thumbnail wp-image-2618\" src=\"http:\/\/www.pro-vo.at\/wp-content\/uploads\/2017\/11\/1-150x150.jpg\" alt=\"\" width=\"150\" height=\"150\" \/><\/a> <a href=\"http:\/\/www.pro-vo.at\/wp-content\/uploads\/2017\/11\/2.jpg\" data-rel=\"lightbox-gallery-yz55yao5\" data-rl_title=\"2\" data-rl_caption=\"\" title=\"2\"><img loading=\"lazy\" decoding=\"async\" class=\"alignnone size-thumbnail wp-image-2619\" src=\"http:\/\/www.pro-vo.at\/wp-content\/uploads\/2017\/11\/2-150x150.jpg\" alt=\"\" width=\"150\" height=\"150\" \/><\/a> <a href=\"http:\/\/www.pro-vo.at\/wp-content\/uploads\/2017\/11\/3.jpg\" data-rel=\"lightbox-gallery-yz55yao5\" data-rl_title=\"3\" data-rl_caption=\"\" title=\"3\"><img loading=\"lazy\" decoding=\"async\" class=\"alignnone size-thumbnail wp-image-2620\" src=\"http:\/\/www.pro-vo.at\/wp-content\/uploads\/2017\/11\/3-150x150.jpg\" alt=\"\" width=\"150\" height=\"150\" \/><\/a> <a href=\"http:\/\/www.pro-vo.at\/wp-content\/uploads\/2017\/11\/4.jpg\" data-rel=\"lightbox-gallery-yz55yao5\" data-rl_title=\"4\" data-rl_caption=\"\" title=\"4\"><img loading=\"lazy\" decoding=\"async\" class=\"alignnone size-thumbnail wp-image-2621\" src=\"http:\/\/www.pro-vo.at\/wp-content\/uploads\/2017\/11\/4-150x150.jpg\" alt=\"\" width=\"150\" height=\"150\" \/><\/a> <a href=\"http:\/\/www.pro-vo.at\/wp-content\/uploads\/2017\/11\/5.jpg\" data-rel=\"lightbox-gallery-yz55yao5\" data-rl_title=\"5\" data-rl_caption=\"\" title=\"5\"><img loading=\"lazy\" decoding=\"async\" class=\"alignnone size-thumbnail wp-image-2622\" src=\"http:\/\/www.pro-vo.at\/wp-content\/uploads\/2017\/11\/5-150x150.jpg\" alt=\"\" width=\"150\" height=\"150\" \/><\/a> <a href=\"http:\/\/www.pro-vo.at\/wp-content\/uploads\/2017\/11\/6.jpg\" data-rel=\"lightbox-gallery-yz55yao5\" data-rl_title=\"6\" data-rl_caption=\"\" title=\"6\"><img loading=\"lazy\" decoding=\"async\" class=\"alignnone size-thumbnail wp-image-2623\" src=\"http:\/\/www.pro-vo.at\/wp-content\/uploads\/2017\/11\/6-150x150.jpg\" alt=\"\" width=\"150\" height=\"150\" \/><\/a> <a href=\"http:\/\/www.pro-vo.at\/wp-content\/uploads\/2017\/11\/7.jpg\" data-rel=\"lightbox-gallery-yz55yao5\" data-rl_title=\"7\" data-rl_caption=\"\" title=\"7\"><img loading=\"lazy\" decoding=\"async\" class=\"alignnone size-thumbnail wp-image-2624\" src=\"http:\/\/www.pro-vo.at\/wp-content\/uploads\/2017\/11\/7-150x150.jpg\" alt=\"\" width=\"150\" height=\"150\" \/><\/a> <a href=\"http:\/\/www.pro-vo.at\/wp-content\/uploads\/2017\/11\/8.jpg\" data-rel=\"lightbox-gallery-yz55yao5\" data-rl_title=\"8\" data-rl_caption=\"\" title=\"8\"><img loading=\"lazy\" decoding=\"async\" class=\"alignnone size-thumbnail wp-image-2625\" src=\"http:\/\/www.pro-vo.at\/wp-content\/uploads\/2017\/11\/8-150x150.jpg\" alt=\"\" width=\"150\" height=\"150\" \/><\/a> <a href=\"http:\/\/www.pro-vo.at\/wp-content\/uploads\/2017\/11\/9.jpg\" data-rel=\"lightbox-gallery-yz55yao5\" data-rl_title=\"9\" data-rl_caption=\"\" title=\"9\"><img loading=\"lazy\" decoding=\"async\" class=\"alignnone size-thumbnail wp-image-2626\" src=\"http:\/\/www.pro-vo.at\/wp-content\/uploads\/2017\/11\/9-150x150.jpg\" alt=\"\" width=\"150\" height=\"150\" \/><\/a> <a href=\"http:\/\/www.pro-vo.at\/wp-content\/uploads\/2017\/11\/10.jpg\" data-rel=\"lightbox-gallery-yz55yao5\" data-rl_title=\"10\" data-rl_caption=\"\" title=\"10\"><img loading=\"lazy\" decoding=\"async\" class=\"alignnone size-thumbnail wp-image-2627\" src=\"http:\/\/www.pro-vo.at\/wp-content\/uploads\/2017\/11\/10-150x150.jpg\" alt=\"\" width=\"150\" height=\"150\" \/><\/a> <a href=\"http:\/\/www.pro-vo.at\/wp-content\/uploads\/2017\/11\/11.jpg\" data-rel=\"lightbox-gallery-yz55yao5\" data-rl_title=\"11\" data-rl_caption=\"\" title=\"11\"><img loading=\"lazy\" decoding=\"async\" class=\"alignnone size-thumbnail wp-image-2628\" src=\"http:\/\/www.pro-vo.at\/wp-content\/uploads\/2017\/11\/11-150x150.jpg\" alt=\"\" width=\"150\" height=\"150\" \/><\/a> <a href=\"http:\/\/www.pro-vo.at\/wp-content\/uploads\/2017\/11\/12.jpg\" data-rel=\"lightbox-gallery-yz55yao5\" data-rl_title=\"12\" data-rl_caption=\"\" title=\"12\"><img loading=\"lazy\" decoding=\"async\" class=\"alignnone size-thumbnail wp-image-2629\" src=\"http:\/\/www.pro-vo.at\/wp-content\/uploads\/2017\/11\/12-150x150.jpg\" alt=\"\" width=\"150\" height=\"150\" \/><\/a> <a href=\"http:\/\/www.pro-vo.at\/wp-content\/uploads\/2017\/11\/13.jpg\" data-rel=\"lightbox-gallery-yz55yao5\" data-rl_title=\"13\" data-rl_caption=\"\" title=\"13\"><img loading=\"lazy\" decoding=\"async\" class=\"alignnone size-thumbnail wp-image-2630\" src=\"http:\/\/www.pro-vo.at\/wp-content\/uploads\/2017\/11\/13-150x150.jpg\" alt=\"\" width=\"150\" height=\"150\" \/><\/a> <a href=\"http:\/\/www.pro-vo.at\/wp-content\/uploads\/2017\/11\/14.jpg\" data-rel=\"lightbox-gallery-yz55yao5\" data-rl_title=\"14\" data-rl_caption=\"\" title=\"14\"><img loading=\"lazy\" decoding=\"async\" class=\"alignnone size-thumbnail wp-image-2631\" src=\"http:\/\/www.pro-vo.at\/wp-content\/uploads\/2017\/11\/14-150x150.jpg\" alt=\"\" width=\"150\" height=\"150\" \/><\/a> <img loading=\"lazy\" decoding=\"async\" class=\"alignnone size-thumbnail wp-image-2632\" src=\"http:\/\/www.pro-vo.at\/wp-content\/uploads\/2017\/11\/15-150x150.jpg\" alt=\"\" width=\"150\" height=\"150\" \/><\/p>\n<p>Fotos: Julian Hammerer<br \/>\n<a href=\"http:\/\/www.pro-vo.at\/wp-content\/uploads\/2017\/11\/1j.jpg\" data-rel=\"lightbox-gallery-yz55yao5\" data-rl_title=\"1j\" data-rl_caption=\"\" title=\"1j\"><img loading=\"lazy\" decoding=\"async\" class=\"alignnone size-thumbnail wp-image-2633\" src=\"http:\/\/www.pro-vo.at\/wp-content\/uploads\/2017\/11\/1j-150x150.jpg\" alt=\"\" width=\"150\" height=\"150\" \/><\/a> <a href=\"http:\/\/www.pro-vo.at\/wp-content\/uploads\/2017\/11\/2j.jpg\" data-rel=\"lightbox-gallery-yz55yao5\" data-rl_title=\"2j\" data-rl_caption=\"\" title=\"2j\"><img loading=\"lazy\" decoding=\"async\" class=\"alignnone size-thumbnail wp-image-2634\" src=\"http:\/\/www.pro-vo.at\/wp-content\/uploads\/2017\/11\/2j-150x150.jpg\" alt=\"\" width=\"150\" height=\"150\" \/><\/a> <a href=\"http:\/\/www.pro-vo.at\/wp-content\/uploads\/2017\/11\/3j.jpg\" data-rel=\"lightbox-gallery-yz55yao5\" data-rl_title=\"3j\" data-rl_caption=\"\" title=\"3j\"><img loading=\"lazy\" decoding=\"async\" class=\"alignnone size-thumbnail wp-image-2635\" src=\"http:\/\/www.pro-vo.at\/wp-content\/uploads\/2017\/11\/3j-150x150.jpg\" alt=\"\" width=\"150\" height=\"150\" \/><\/a> <a href=\"http:\/\/www.pro-vo.at\/wp-content\/uploads\/2017\/11\/4j.jpg\" data-rel=\"lightbox-gallery-yz55yao5\" data-rl_title=\"4j\" data-rl_caption=\"\" title=\"4j\"><img loading=\"lazy\" decoding=\"async\" class=\"alignnone size-thumbnail wp-image-2636\" src=\"http:\/\/www.pro-vo.at\/wp-content\/uploads\/2017\/11\/4j-150x150.jpg\" alt=\"\" width=\"150\" height=\"150\" \/><\/a> <a href=\"http:\/\/www.pro-vo.at\/wp-content\/uploads\/2017\/11\/5j.jpg\" data-rel=\"lightbox-gallery-yz55yao5\" data-rl_title=\"5j\" data-rl_caption=\"\" title=\"5j\"><img loading=\"lazy\" decoding=\"async\" class=\"alignnone size-thumbnail wp-image-2637\" src=\"http:\/\/www.pro-vo.at\/wp-content\/uploads\/2017\/11\/5j-150x150.jpg\" alt=\"\" width=\"150\" height=\"150\" \/><\/a> <a href=\"http:\/\/www.pro-vo.at\/wp-content\/uploads\/2017\/11\/6j.jpg\" data-rel=\"lightbox-gallery-yz55yao5\" data-rl_title=\"6j\" data-rl_caption=\"\" title=\"6j\"><img loading=\"lazy\" decoding=\"async\" class=\"alignnone size-thumbnail wp-image-2638\" src=\"http:\/\/www.pro-vo.at\/wp-content\/uploads\/2017\/11\/6j-150x150.jpg\" alt=\"\" width=\"150\" height=\"150\" \/><\/a> <a href=\"http:\/\/www.pro-vo.at\/wp-content\/uploads\/2017\/11\/7j.jpg\" data-rel=\"lightbox-gallery-yz55yao5\" data-rl_title=\"7j\" data-rl_caption=\"\" title=\"7j\"><img loading=\"lazy\" decoding=\"async\" class=\"alignnone size-thumbnail wp-image-2639\" src=\"http:\/\/www.pro-vo.at\/wp-content\/uploads\/2017\/11\/7j-150x150.jpg\" alt=\"\" width=\"150\" height=\"150\" \/><\/a> <a href=\"http:\/\/www.pro-vo.at\/wp-content\/uploads\/2017\/11\/8j.jpg\" data-rel=\"lightbox-gallery-yz55yao5\" data-rl_title=\"8j\" data-rl_caption=\"\" title=\"8j\"><img loading=\"lazy\" decoding=\"async\" class=\"alignnone size-thumbnail wp-image-2640\" src=\"http:\/\/www.pro-vo.at\/wp-content\/uploads\/2017\/11\/8j-150x150.jpg\" alt=\"\" width=\"150\" height=\"150\" \/><\/a> <a href=\"http:\/\/www.pro-vo.at\/wp-content\/uploads\/2017\/11\/9j.jpg\" data-rel=\"lightbox-gallery-yz55yao5\" data-rl_title=\"9j\" data-rl_caption=\"\" title=\"9j\"><img loading=\"lazy\" decoding=\"async\" class=\"alignnone size-thumbnail wp-image-2641\" src=\"http:\/\/www.pro-vo.at\/wp-content\/uploads\/2017\/11\/9j-150x150.jpg\" alt=\"\" width=\"150\" height=\"150\" \/><\/a> <a href=\"http:\/\/www.pro-vo.at\/wp-content\/uploads\/2017\/11\/10j.jpg\" data-rel=\"lightbox-gallery-yz55yao5\" data-rl_title=\"10j\" data-rl_caption=\"\" title=\"10j\"><img loading=\"lazy\" decoding=\"async\" class=\"alignnone size-thumbnail wp-image-2642\" src=\"http:\/\/www.pro-vo.at\/wp-content\/uploads\/2017\/11\/10j-150x150.jpg\" alt=\"\" width=\"150\" height=\"150\" \/><\/a> <a href=\"http:\/\/www.pro-vo.at\/wp-content\/uploads\/2017\/11\/11j.jpg\" data-rel=\"lightbox-gallery-yz55yao5\" data-rl_title=\"11j\" data-rl_caption=\"\" title=\"11j\"><img loading=\"lazy\" decoding=\"async\" class=\"alignnone size-thumbnail wp-image-2643\" src=\"http:\/\/www.pro-vo.at\/wp-content\/uploads\/2017\/11\/11j-150x150.jpg\" alt=\"\" width=\"150\" height=\"150\" \/><\/a> <a href=\"http:\/\/www.pro-vo.at\/wp-content\/uploads\/2017\/11\/12j.jpg\" data-rel=\"lightbox-gallery-yz55yao5\" data-rl_title=\"12j\" data-rl_caption=\"\" title=\"12j\"><img loading=\"lazy\" decoding=\"async\" class=\"alignnone size-thumbnail wp-image-2644\" src=\"http:\/\/www.pro-vo.at\/wp-content\/uploads\/2017\/11\/12j-150x150.jpg\" alt=\"\" width=\"150\" height=\"150\" \/><\/a><\/p>\n<p>Fotos: Michael Sauer<br \/>\n<a href=\"http:\/\/www.pro-vo.at\/wp-content\/uploads\/2017\/11\/1m.jpg\" data-rel=\"lightbox-gallery-yz55yao5\" data-rl_title=\"1m\" data-rl_caption=\"\" title=\"1m\"><img loading=\"lazy\" decoding=\"async\" class=\"alignnone size-thumbnail wp-image-2645\" src=\"http:\/\/www.pro-vo.at\/wp-content\/uploads\/2017\/11\/1m-150x150.jpg\" alt=\"\" width=\"150\" height=\"150\" \/><\/a> <a href=\"http:\/\/www.pro-vo.at\/wp-content\/uploads\/2017\/11\/2m.jpg\" data-rel=\"lightbox-gallery-yz55yao5\" data-rl_title=\"2m\" data-rl_caption=\"\" title=\"2m\"><img loading=\"lazy\" decoding=\"async\" class=\"alignnone size-thumbnail wp-image-2646\" src=\"http:\/\/www.pro-vo.at\/wp-content\/uploads\/2017\/11\/2m-150x150.jpg\" alt=\"\" width=\"150\" height=\"150\" \/><\/a> <a href=\"http:\/\/www.pro-vo.at\/wp-content\/uploads\/2017\/11\/3m.jpg\" data-rel=\"lightbox-gallery-yz55yao5\" data-rl_title=\"3m\" data-rl_caption=\"\" title=\"3m\"><img loading=\"lazy\" decoding=\"async\" class=\"alignnone size-thumbnail wp-image-2647\" src=\"http:\/\/www.pro-vo.at\/wp-content\/uploads\/2017\/11\/3m-150x150.jpg\" alt=\"\" width=\"150\" height=\"150\" \/><\/a> <a href=\"http:\/\/www.pro-vo.at\/wp-content\/uploads\/2017\/11\/4m.jpg\" data-rel=\"lightbox-gallery-yz55yao5\" data-rl_title=\"4m\" data-rl_caption=\"\" title=\"4m\"><img loading=\"lazy\" decoding=\"async\" class=\"alignnone size-thumbnail wp-image-2648\" src=\"http:\/\/www.pro-vo.at\/wp-content\/uploads\/2017\/11\/4m-150x150.jpg\" alt=\"\" width=\"150\" height=\"150\" \/><\/a> <a href=\"http:\/\/www.pro-vo.at\/wp-content\/uploads\/2017\/11\/5m.jpg\" data-rel=\"lightbox-gallery-yz55yao5\" data-rl_title=\"5m\" data-rl_caption=\"\" title=\"5m\"><img loading=\"lazy\" decoding=\"async\" class=\"alignnone size-thumbnail wp-image-2649\" src=\"http:\/\/www.pro-vo.at\/wp-content\/uploads\/2017\/11\/5m-150x150.jpg\" alt=\"\" width=\"150\" height=\"150\" \/><\/a> <a href=\"http:\/\/www.pro-vo.at\/wp-content\/uploads\/2017\/11\/6m.jpg\" data-rel=\"lightbox-gallery-yz55yao5\" data-rl_title=\"6m\" data-rl_caption=\"\" title=\"6m\"><img loading=\"lazy\" decoding=\"async\" class=\"alignnone size-thumbnail wp-image-2650\" src=\"http:\/\/www.pro-vo.at\/wp-content\/uploads\/2017\/11\/6m-150x150.jpg\" alt=\"\" width=\"150\" height=\"150\" \/><\/a> <a href=\"http:\/\/www.pro-vo.at\/wp-content\/uploads\/2017\/11\/7m.jpg\" data-rel=\"lightbox-gallery-yz55yao5\" data-rl_title=\"7m\" data-rl_caption=\"\" title=\"7m\"><img loading=\"lazy\" decoding=\"async\" class=\"alignnone size-thumbnail wp-image-2651\" src=\"http:\/\/www.pro-vo.at\/wp-content\/uploads\/2017\/11\/7m-150x150.jpg\" alt=\"\" width=\"150\" height=\"150\" \/><\/a> <a href=\"http:\/\/www.pro-vo.at\/wp-content\/uploads\/2017\/11\/8m.jpg\" data-rel=\"lightbox-gallery-yz55yao5\" data-rl_title=\"8m\" data-rl_caption=\"\" title=\"8m\"><img loading=\"lazy\" decoding=\"async\" class=\"alignnone size-thumbnail wp-image-2652\" src=\"http:\/\/www.pro-vo.at\/wp-content\/uploads\/2017\/11\/8m-150x150.jpg\" alt=\"\" width=\"150\" height=\"150\" \/><\/a> <a href=\"http:\/\/www.pro-vo.at\/wp-content\/uploads\/2017\/11\/9m.jpg\" data-rel=\"lightbox-gallery-yz55yao5\" data-rl_title=\"9m\" data-rl_caption=\"\" title=\"9m\"><img loading=\"lazy\" decoding=\"async\" class=\"alignnone size-thumbnail wp-image-2653\" src=\"http:\/\/www.pro-vo.at\/wp-content\/uploads\/2017\/11\/9m-150x150.jpg\" alt=\"\" width=\"150\" height=\"150\" \/><\/a> <a href=\"http:\/\/www.pro-vo.at\/wp-content\/uploads\/2017\/11\/10m.jpg\" data-rel=\"lightbox-gallery-yz55yao5\" data-rl_title=\"10m\" data-rl_caption=\"\" title=\"10m\"><img loading=\"lazy\" decoding=\"async\" class=\"alignnone size-thumbnail wp-image-2654\" src=\"http:\/\/www.pro-vo.at\/wp-content\/uploads\/2017\/11\/10m-150x150.jpg\" alt=\"\" width=\"150\" height=\"150\" \/><\/a> <a href=\"http:\/\/www.pro-vo.at\/wp-content\/uploads\/2017\/11\/11m.jpg\" data-rel=\"lightbox-gallery-yz55yao5\" data-rl_title=\"11m\" data-rl_caption=\"\" title=\"11m\"><img loading=\"lazy\" decoding=\"async\" class=\"alignnone size-thumbnail wp-image-2655\" src=\"http:\/\/www.pro-vo.at\/wp-content\/uploads\/2017\/11\/11m-150x150.jpg\" alt=\"\" width=\"150\" height=\"150\" \/><\/a> <a href=\"http:\/\/www.pro-vo.at\/wp-content\/uploads\/2017\/11\/12m.jpg\" data-rel=\"lightbox-gallery-yz55yao5\" data-rl_title=\"12m\" data-rl_caption=\"\" title=\"12m\"><img loading=\"lazy\" decoding=\"async\" class=\"alignnone size-thumbnail wp-image-2656\" src=\"http:\/\/www.pro-vo.at\/wp-content\/uploads\/2017\/11\/12m-150x150.jpg\" alt=\"\" width=\"150\" height=\"150\" \/><\/a><\/p>\n<p><a href=\"http:\/\/www.pro-vo.at\/index.php\/chronik\/\">Zur\u00fcck zur Chronik<\/a><\/p>\n","protected":false},"excerpt":{"rendered":"<p>Sommerfest 2008 Samstag, 21. Juni 2008 17 Uhr Eine Veranstaltung der pro-vo und der Sektion Musizieren &amp; Malen des Freizeit- und Sportvereins der Erste Bank. Es musizierten Sch\u00fclerinnen, Sch\u00fcler, Lehrerinnen und Lehrer der pro-vo in ungezwungener Atmosph\u00e4re. Ausstellung: Werke der Teilnehmer des Kurses: Portraitmalen Fotos: Elisabeth Hammerer Fotos: Julian Hammerer Fotos: Michael Sauer Zur\u00fcck zur &#8230; <a title=\"Sommerfestival 2008\" class=\"read-more\" href=\"https:\/\/www.pro-vo.at\/index.php\/chronik\/advent-2015\/sommerfestival-2008\/\" aria-label=\"Mehr Informationen \u00fcber Sommerfestival 2008\">Weiterlesen<\/a><\/p>\n","protected":false},"author":1,"featured_media":0,"parent":1427,"menu_order":0,"comment_status":"closed","ping_status":"closed","template":"","meta":{"footnotes":""},"class_list":["post-2617","page","type-page","status-publish"],"_links":{"self":[{"href":"https:\/\/www.pro-vo.at\/index.php\/wp-json\/wp\/v2\/pages\/2617","targetHints":{"allow":["GET"]}}],"collection":[{"href":"https:\/\/www.pro-vo.at\/index.php\/wp-json\/wp\/v2\/pages"}],"about":[{"href":"https:\/\/www.pro-vo.at\/index.php\/wp-json\/wp\/v2\/types\/page"}],"author":[{"embeddable":true,"href":"https:\/\/www.pro-vo.at\/index.php\/wp-json\/wp\/v2\/users\/1"}],"replies":[{"embeddable":true,"href":"https:\/\/www.pro-vo.at\/index.php\/wp-json\/wp\/v2\/comments?post=2617"}],"version-history":[{"count":1,"href":"https:\/\/www.pro-vo.at\/index.php\/wp-json\/wp\/v2\/pages\/2617\/revisions"}],"predecessor-version":[{"id":2657,"href":"https:\/\/www.pro-vo.at\/index.php\/wp-json\/wp\/v2\/pages\/2617\/revisions\/2657"}],"up":[{"embeddable":true,"href":"https:\/\/www.pro-vo.at\/index.php\/wp-json\/wp\/v2\/pages\/1427"}],"wp:attachment":[{"href":"https:\/\/www.pro-vo.at\/index.php\/wp-json\/wp\/v2\/media?parent=2617"}],"curies":[{"name":"wp","href":"https:\/\/api.w.org\/{rel}","templated":true}]}}